{"id":10998,"date":"2020-02-03T16:23:28","date_gmt":"2020-02-03T16:23:28","guid":{"rendered":"https:\/\/anmp.pt\/?page_id=10998"},"modified":"2020-05-04T15:37:23","modified_gmt":"2020-05-04T14:37:23","slug":"contratadas","status":"publish","type":"page","link":"https:\/\/anmp.pt\/en\/municipios-inteligentes\/entidades\/contratadas\/","title":{"rendered":"(Portugu\u00eas) Contratadas"},"content":{"rendered":"<p class=\"qtranxs-available-languages-message qtranxs-available-languages-message-en\">Sorry, this entry is only available in <a href=\"https:\/\/anmp.pt\/pt\/wp-json\/wp\/v2\/pages\/10998\" class=\"qtranxs-available-language-link qtranxs-available-language-link-pt\" title=\"Portugu\u00eas\">Portugu\u00eas<\/a>.<\/p><p>Entre as entidades contratadas no \u00e2mbito do projeto Munic\u00edpios + Inteligentes, destacamos a Nova Information Management School da Universidade Nova de Lisboa (NOVA IMS) e a Ernest&amp;Young (EY), mais diretamente envolvidas no desenvolvimento do objetivo central do projeto.<\/p>\n<p><img loading=\"lazy\" decoding=\"async\" class=\"alignnone wp-image-20173 size-medium\" src=\"https:\/\/anmp.pt\/wp-content\/uploads\/2020\/04\/nova-ims-logo500-288x300.png\" alt=\"NOVA IMS\" width=\"288\" height=\"300\" srcset=\"https:\/\/anmp.pt\/wp-content\/uploads\/2020\/04\/nova-ims-logo500-288x300.png 288w, https:\/\/anmp.pt\/wp-content\/uploads\/2020\/04\/nova-ims-logo500-220x230.png 220w, https:\/\/anmp.pt\/wp-content\/uploads\/2020\/04\/nova-ims-logo500.png 500w\" sizes=\"auto, (max-width: 288px) 100vw, 288px\" \/><\/p>\n<p>::\u00a0No \u00e2mbito deste projeto, a ANMP assinou um contrato de coopera\u00e7\u00e3o com a NOVA IMS, entidade que promove atividades para a cria\u00e7\u00e3o e transfer\u00eancia de conhecimento aplicado no contexto da intelig\u00eancia urbana.<br \/>\nOs objetivos gerais do contrato s\u00e3o (i) a coordena\u00e7\u00e3o do projeto de uma forma transversal; (ii) o apoio nos processos de contrata\u00e7\u00e3o de prestadores de servi\u00e7os; e (iii) o acompanhamento e valida\u00e7\u00e3o t\u00e9cnico-cient\u00edfica dos trabalhos desenvolvidos.<\/p>\n<p>Saiba mais sobre a NOVA IMS em <a href=\"http:\/\/www.novaims.unl.pt\" target=\"_blank\" rel=\"noopener\">www.novaims.unl.pt<\/a>.<\/p>\n<p>&nbsp;<\/p>\n<p><img loading=\"lazy\" decoding=\"async\" class=\"alignnone wp-image-20170 size-medium\" src=\"https:\/\/anmp.pt\/wp-content\/uploads\/2020\/04\/EY500-256x300.jpg\" alt=\"EY\" width=\"256\" height=\"300\" srcset=\"https:\/\/anmp.pt\/wp-content\/uploads\/2020\/04\/EY500-256x300.jpg 256w, https:\/\/anmp.pt\/wp-content\/uploads\/2020\/04\/EY500.jpg 500w\" sizes=\"auto, (max-width: 256px) 100vw, 256px\" \/><\/p>\n<p>::\u00a0A EY foi a empresa selecionada para a realiza\u00e7\u00e3o do estudo propriamente dito.<br \/>\n\u00c9 uma consultora com uma network diversificada de profissionais de Governo e Setor P\u00fablico (GPS), que conta com mais de 20.000 pessoas, e est\u00e1 presente em mais de 100 pa\u00edses, espalhada em mercados desenvolvidos e emergentes, prestando servi\u00e7os de Advisory, Assurance, Transactions e Tax a clientes do setor p\u00fablico a n\u00edvel nacional, regional e municipal.<\/p>\n<p>Saiba mais sobre a EY em <a href=\"https:\/\/www.ey.com\/pt\" target=\"_blank\" rel=\"noopener\">https:\/\/www.ey.com\/pt<\/a>.<\/p>\n<p>&nbsp;<\/p>\n<p>&nbsp;<\/p>","protected":false},"excerpt":{"rendered":"<p>Sorry, this entry is only available in Portugu\u00eas.Entre as entidades contratadas no \u00e2mbito do projeto Munic\u00edpios + Inteligentes, destacamos a Nova Information Management School da Universidade Nova de Lisboa (NOVA IMS) e a Ernest&amp;Young (EY), mais diretamente envolvidas no desenvolvimento do objetivo central do projeto. ::\u00a0No \u00e2mbito deste projeto, a ANMP assinou um contrato de [&hellip;]<\/p>\n","protected":false},"author":1,"featured_media":0,"parent":10976,"menu_order":61,"comment_status":"closed","ping_status":"closed","template":"templates-map\/component-inteligent-mun-layout2.php","meta":{"_acf_changed":false,"_exactmetrics_skip_tracking":false,"_exactmetrics_sitenote_active":false,"_exactmetrics_sitenote_note":"","_exactmetrics_sitenote_category":0,"footnotes":""},"class_list":["post-10998","page","type-page","status-publish","hentry"],"acf":[],"yoast_head":"<!-- This site is optimized with the Yoast SEO plugin v23.9 - https:\/\/yoast.com\/wordpress\/plugins\/seo\/ -->\n<title><\/title>\n<meta name=\"robots\" content=\"index, follow, max-snippet:-1, max-image-preview:large, max-video-preview:-1\" \/>\n<link rel=\"canonical\" href=\"https:\/\/anmp.pt\/municipios-inteligentes\/entidades\/contratadas\/\" \/>\n<meta property=\"og:locale\" content=\"en_US\" \/>\n<meta property=\"og:type\" content=\"article\" \/>\n<meta property=\"og:title\" content=\"[:pt]Contratadas[:] - Portal Institucional\" \/>\n<meta property=\"og:description\" content=\"Sorry, this entry is only available in Portugu\u00eas.Entre as entidades contratadas no \u00e2mbito do projeto Munic\u00edpios + Inteligentes, destacamos a Nova Information Management School da Universidade Nova de Lisboa (NOVA IMS) e a Ernest&amp;Young (EY), mais diretamente envolvidas no desenvolvimento do objetivo central do projeto. ::\u00a0No \u00e2mbito deste projeto, a ANMP assinou um contrato de [&hellip;]\" \/>\n<meta property=\"og:url\" content=\"https:\/\/anmp.pt\/municipios-inteligentes\/entidades\/contratadas\/\" \/>\n<meta property=\"og:site_name\" content=\"Portal Institucional\" \/>\n<meta property=\"article:publisher\" content=\"https:\/\/www.facebook.com\/ANMP.PT\" \/>\n<meta property=\"article:modified_time\" content=\"2020-05-04T14:37:23+00:00\" \/>\n<meta property=\"og:image\" content=\"https:\/\/anmp.pt\/wp-content\/uploads\/2020\/04\/nova-ims-logo500.png\" \/>\n\t<meta property=\"og:image:width\" content=\"500\" \/>\n\t<meta property=\"og:image:height\" content=\"520\" \/>\n\t<meta property=\"og:image:type\" content=\"image\/png\" \/>\n<meta name=\"twitter:card\" content=\"summary_large_image\" \/>\n<script type=\"application\/ld+json\" class=\"yoast-schema-graph\">{\"@context\":\"https:\/\/schema.org\",\"@graph\":[{\"@type\":\"WebPage\",\"@id\":\"https:\/\/anmp.pt\/municipios-inteligentes\/entidades\/contratadas\/\",\"url\":\"https:\/\/anmp.pt\/municipios-inteligentes\/entidades\/contratadas\/\",\"name\":\"[:pt]Contratadas[:] - Portal Institucional\",\"isPartOf\":{\"@id\":\"https:\/\/anmp.pt\/#website\"},\"primaryImageOfPage\":{\"@id\":\"https:\/\/anmp.pt\/municipios-inteligentes\/entidades\/contratadas\/#primaryimage\"},\"image\":{\"@id\":\"https:\/\/anmp.pt\/municipios-inteligentes\/entidades\/contratadas\/#primaryimage\"},\"thumbnailUrl\":\"https:\/\/anmp.pt\/wp-content\/uploads\/2020\/04\/nova-ims-logo500-288x300.png\",\"datePublished\":\"2020-02-03T16:23:28+00:00\",\"dateModified\":\"2020-05-04T14:37:23+00:00\",\"breadcrumb\":{\"@id\":\"https:\/\/anmp.pt\/municipios-inteligentes\/entidades\/contratadas\/#breadcrumb\"},\"inLanguage\":\"en-US\",\"potentialAction\":[{\"@type\":\"ReadAction\",\"target\":[\"https:\/\/anmp.pt\/municipios-inteligentes\/entidades\/contratadas\/\"]}]},{\"@type\":\"ImageObject\",\"inLanguage\":\"en-US\",\"@id\":\"https:\/\/anmp.pt\/municipios-inteligentes\/entidades\/contratadas\/#primaryimage\",\"url\":\"https:\/\/anmp.pt\/wp-content\/uploads\/2020\/04\/nova-ims-logo500-288x300.png\",\"contentUrl\":\"https:\/\/anmp.pt\/wp-content\/uploads\/2020\/04\/nova-ims-logo500-288x300.png\"},{\"@type\":\"BreadcrumbList\",\"@id\":\"https:\/\/anmp.pt\/municipios-inteligentes\/entidades\/contratadas\/#breadcrumb\",\"itemListElement\":[{\"@type\":\"ListItem\",\"position\":1,\"name\":\"In\u00edcio\",\"item\":\"https:\/\/anmp.pt\/\"},{\"@type\":\"ListItem\",\"position\":2,\"name\":\"Munic\u00edpios + inteligentes\",\"item\":\"https:\/\/anmp.pt\/municipios-inteligentes\/\"},{\"@type\":\"ListItem\",\"position\":3,\"name\":\"Entidades\",\"item\":\"https:\/\/anmp.pt\/municipios-inteligentes\/entidades\/\"},{\"@type\":\"ListItem\",\"position\":4,\"name\":\"Contratadas\"}]},{\"@type\":\"WebSite\",\"@id\":\"https:\/\/anmp.pt\/#website\",\"url\":\"https:\/\/anmp.pt\/\",\"name\":\"Associa\u00e7\u00e3o Nacional de Munic\u00edpios Portugueses\",\"description\":\"Portal Institucional\",\"publisher\":{\"@id\":\"https:\/\/anmp.pt\/#organization\"},\"potentialAction\":[{\"@type\":\"SearchAction\",\"target\":{\"@type\":\"EntryPoint\",\"urlTemplate\":\"https:\/\/anmp.pt\/?s={search_term_string}\"},\"query-input\":{\"@type\":\"PropertyValueSpecification\",\"valueRequired\":true,\"valueName\":\"search_term_string\"}}],\"inLanguage\":\"en-US\"},{\"@type\":\"Organization\",\"@id\":\"https:\/\/anmp.pt\/#organization\",\"name\":\"Associa\u00e7\u00e3o Nacional de Munic\u00edpios Portugueses\",\"url\":\"https:\/\/anmp.pt\/\",\"logo\":{\"@type\":\"ImageObject\",\"inLanguage\":\"en-US\",\"@id\":\"https:\/\/anmp.pt\/#\/schema\/logo\/image\/\",\"url\":\"https:\/\/anmp.pt\/wp-content\/uploads\/2020\/06\/logo980400.png\",\"contentUrl\":\"https:\/\/anmp.pt\/wp-content\/uploads\/2020\/06\/logo980400.png\",\"width\":980,\"height\":400,\"caption\":\"Associa\u00e7\u00e3o Nacional de Munic\u00edpios Portugueses\"},\"image\":{\"@id\":\"https:\/\/anmp.pt\/#\/schema\/logo\/image\/\"},\"sameAs\":[\"https:\/\/www.facebook.com\/ANMP.PT\"]}]}<\/script>\n<!-- \/ Yoast SEO plugin. -->","yoast_head_json":{"title":"[:pt]Contratadas[:] - Portal Institucional","robots":{"index":"index","follow":"follow","max-snippet":"max-snippet:-1","max-image-preview":"max-image-preview:large","max-video-preview":"max-video-preview:-1"},"canonical":"https:\/\/anmp.pt\/municipios-inteligentes\/entidades\/contratadas\/","og_locale":"en_US","og_type":"article","og_title":"[:pt]Contratadas[:] - Portal Institucional","og_description":"Sorry, this entry is only available in Portugu\u00eas.Entre as entidades contratadas no \u00e2mbito do projeto Munic\u00edpios + Inteligentes, destacamos a Nova Information Management School da Universidade Nova de Lisboa (NOVA IMS) e a Ernest&amp;Young (EY), mais diretamente envolvidas no desenvolvimento do objetivo central do projeto. ::\u00a0No \u00e2mbito deste projeto, a ANMP assinou um contrato de [&hellip;]","og_url":"https:\/\/anmp.pt\/municipios-inteligentes\/entidades\/contratadas\/","og_site_name":"Portal Institucional","article_publisher":"https:\/\/www.facebook.com\/ANMP.PT","article_modified_time":"2020-05-04T14:37:23+00:00","og_image":[{"width":500,"height":520,"url":"https:\/\/anmp.pt\/wp-content\/uploads\/2020\/04\/nova-ims-logo500.png","type":"image\/png"}],"twitter_card":"summary_large_image","schema":{"@context":"https:\/\/schema.org","@graph":[{"@type":"WebPage","@id":"https:\/\/anmp.pt\/municipios-inteligentes\/entidades\/contratadas\/","url":"https:\/\/anmp.pt\/municipios-inteligentes\/entidades\/contratadas\/","name":"[:pt]Contratadas[:] - Portal Institucional","isPartOf":{"@id":"https:\/\/anmp.pt\/#website"},"primaryImageOfPage":{"@id":"https:\/\/anmp.pt\/municipios-inteligentes\/entidades\/contratadas\/#primaryimage"},"image":{"@id":"https:\/\/anmp.pt\/municipios-inteligentes\/entidades\/contratadas\/#primaryimage"},"thumbnailUrl":"https:\/\/anmp.pt\/wp-content\/uploads\/2020\/04\/nova-ims-logo500-288x300.png","datePublished":"2020-02-03T16:23:28+00:00","dateModified":"2020-05-04T14:37:23+00:00","breadcrumb":{"@id":"https:\/\/anmp.pt\/municipios-inteligentes\/entidades\/contratadas\/#breadcrumb"},"inLanguage":"en-US","potentialAction":[{"@type":"ReadAction","target":["https:\/\/anmp.pt\/municipios-inteligentes\/entidades\/contratadas\/"]}]},{"@type":"ImageObject","inLanguage":"en-US","@id":"https:\/\/anmp.pt\/municipios-inteligentes\/entidades\/contratadas\/#primaryimage","url":"https:\/\/anmp.pt\/wp-content\/uploads\/2020\/04\/nova-ims-logo500-288x300.png","contentUrl":"https:\/\/anmp.pt\/wp-content\/uploads\/2020\/04\/nova-ims-logo500-288x300.png"},{"@type":"BreadcrumbList","@id":"https:\/\/anmp.pt\/municipios-inteligentes\/entidades\/contratadas\/#breadcrumb","itemListElement":[{"@type":"ListItem","position":1,"name":"In\u00edcio","item":"https:\/\/anmp.pt\/"},{"@type":"ListItem","position":2,"name":"Munic\u00edpios + inteligentes","item":"https:\/\/anmp.pt\/municipios-inteligentes\/"},{"@type":"ListItem","position":3,"name":"Entidades","item":"https:\/\/anmp.pt\/municipios-inteligentes\/entidades\/"},{"@type":"ListItem","position":4,"name":"Contratadas"}]},{"@type":"WebSite","@id":"https:\/\/anmp.pt\/#website","url":"https:\/\/anmp.pt\/","name":"Associa\u00e7\u00e3o Nacional de Munic\u00edpios Portugueses","description":"Portal Institucional","publisher":{"@id":"https:\/\/anmp.pt\/#organization"},"potentialAction":[{"@type":"SearchAction","target":{"@type":"EntryPoint","urlTemplate":"https:\/\/anmp.pt\/?s={search_term_string}"},"query-input":{"@type":"PropertyValueSpecification","valueRequired":true,"valueName":"search_term_string"}}],"inLanguage":"en-US"},{"@type":"Organization","@id":"https:\/\/anmp.pt\/#organization","name":"Associa\u00e7\u00e3o Nacional de Munic\u00edpios Portugueses","url":"https:\/\/anmp.pt\/","logo":{"@type":"ImageObject","inLanguage":"en-US","@id":"https:\/\/anmp.pt\/#\/schema\/logo\/image\/","url":"https:\/\/anmp.pt\/wp-content\/uploads\/2020\/06\/logo980400.png","contentUrl":"https:\/\/anmp.pt\/wp-content\/uploads\/2020\/06\/logo980400.png","width":980,"height":400,"caption":"Associa\u00e7\u00e3o Nacional de Munic\u00edpios Portugueses"},"image":{"@id":"https:\/\/anmp.pt\/#\/schema\/logo\/image\/"},"sameAs":["https:\/\/www.facebook.com\/ANMP.PT"]}]}},"_links":{"self":[{"href":"https:\/\/anmp.pt\/en\/wp-json\/wp\/v2\/pages\/10998","targetHints":{"allow":["GET"]}}],"collection":[{"href":"https:\/\/anmp.pt\/en\/wp-json\/wp\/v2\/pages"}],"about":[{"href":"https:\/\/anmp.pt\/en\/wp-json\/wp\/v2\/types\/page"}],"author":[{"embeddable":true,"href":"https:\/\/anmp.pt\/en\/wp-json\/wp\/v2\/users\/1"}],"replies":[{"embeddable":true,"href":"https:\/\/anmp.pt\/en\/wp-json\/wp\/v2\/comments?post=10998"}],"version-history":[{"count":0,"href":"https:\/\/anmp.pt\/en\/wp-json\/wp\/v2\/pages\/10998\/revisions"}],"up":[{"embeddable":true,"href":"https:\/\/anmp.pt\/en\/wp-json\/wp\/v2\/pages\/10976"}],"wp:attachment":[{"href":"https:\/\/anmp.pt\/en\/wp-json\/wp\/v2\/media?parent=10998"}],"curies":[{"name":"wp","href":"https:\/\/api.w.org\/{rel}","templated":true}]}}