{"id":1419,"date":"2019-08-09T12:19:35","date_gmt":"2019-08-09T11:19:35","guid":{"rendered":"https:\/\/anmp.pt\/?page_id=1419"},"modified":"2026-01-22T16:01:53","modified_gmt":"2026-01-22T16:01:53","slug":"politica-de-privacidade","status":"publish","type":"page","link":"https:\/\/anmp.pt\/en\/politica-de-privacidade\/","title":{"rendered":"Privacy Policy"},"content":{"rendered":"<p><\/p>\n<p><span class=\"Y2IQFc\" lang=\"en\">Legal Issues Regarding the Use of Photos and Website Content.<\/span><\/p>\n<p class=\"tw-data-text tw-text-large tw-ta\" dir=\"ltr\" role=\"text\" data-placeholder=\"Translation\" data-ved=\"2ahUKEwiYq6qEuZySAxUETaQEHRrCAkEQ3ewLegQIERAV\" aria-label=\"Translated text: Legal Issues Regarding the Use of Photos and Website Content\nThe use of photos and website content in works or publications is subject to authorization from ANMP.\nThe ANMP logo may be used by its members and other entities or individuals, provided that explicit authorization is obtained from ANMP.\n\nPrivacy and Security\n\nANMP, the entity responsible for the website, seeks to ensure the rigorous treatment of data collected by it or provided by third-party entities (Municipalities, CIM, Associations of Municipalities, Parishes, and other entities).\n\nAs a rule, this website does not aim to collect personal data, but rather to process and systematize general information that we consider useful. Even so, the legitimate holders of the information disseminated will be guaranteed the right to provide requested clarifications, as well as the right to access, rectify, or delete the data posted here.\n\nLinks\n\nOur website contains links to other websites. ANMP is not responsible for the privacy policies or content of these websites. Suggestions, complaints, and opinions can be sent to the ANMP address: anmp@anmp.pt\"><span class=\"Y2IQFc\" lang=\"en\">The use of photos and website content in works or publications is subject to authorization from ANMP.<\/span><\/p>\n<p class=\"tw-data-text tw-text-large tw-ta\" dir=\"ltr\" role=\"text\" data-placeholder=\"Translation\" data-ved=\"2ahUKEwiYq6qEuZySAxUETaQEHRrCAkEQ3ewLegQIERAV\" aria-label=\"Translated text: Legal Issues Regarding the Use of Photos and Website Content\nThe use of photos and website content in works or publications is subject to authorization from ANMP.\nThe ANMP logo may be used by its members and other entities or individuals, provided that explicit authorization is obtained from ANMP.\n\nPrivacy and Security\n\nANMP, the entity responsible for the website, seeks to ensure the rigorous treatment of data collected by it or provided by third-party entities (Municipalities, CIM, Associations of Municipalities, Parishes, and other entities).\n\nAs a rule, this website does not aim to collect personal data, but rather to process and systematize general information that we consider useful. Even so, the legitimate holders of the information disseminated will be guaranteed the right to provide requested clarifications, as well as the right to access, rectify, or delete the data posted here.\n\nLinks\n\nOur website contains links to other websites. ANMP is not responsible for the privacy policies or content of these websites. Suggestions, complaints, and opinions can be sent to the ANMP address: anmp@anmp.pt\"><span class=\"Y2IQFc\" lang=\"en\">The ANMP logo may be used by its members and other entities or individuals, provided that explicit authorization is obtained from ANMP.<\/span><\/p>\n<h3 class=\"tw-data-text tw-text-large tw-ta\" dir=\"ltr\" role=\"text\" data-placeholder=\"Translation\" data-ved=\"2ahUKEwiYq6qEuZySAxUETaQEHRrCAkEQ3ewLegQIERAV\" aria-label=\"Translated text: Legal Issues Regarding the Use of Photos and Website Content\nThe use of photos and website content in works or publications is subject to authorization from ANMP.\nThe ANMP logo may be used by its members and other entities or individuals, provided that explicit authorization is obtained from ANMP.\n\nPrivacy and Security\n\nANMP, the entity responsible for the website, seeks to ensure the rigorous treatment of data collected by it or provided by third-party entities (Municipalities, CIM, Associations of Municipalities, Parishes, and other entities).\n\nAs a rule, this website does not aim to collect personal data, but rather to process and systematize general information that we consider useful. Even so, the legitimate holders of the information disseminated will be guaranteed the right to provide requested clarifications, as well as the right to access, rectify, or delete the data posted here.\n\nLinks\n\nOur website contains links to other websites. ANMP is not responsible for the privacy policies or content of these websites. Suggestions, complaints, and opinions can be sent to the ANMP address: anmp@anmp.pt\"><span class=\"Y2IQFc\" lang=\"en\">Privacy and Security<\/span><\/h3>\n<p class=\"tw-data-text tw-text-large tw-ta\" dir=\"ltr\" role=\"text\" data-placeholder=\"Translation\" data-ved=\"2ahUKEwiYq6qEuZySAxUETaQEHRrCAkEQ3ewLegQIERAV\" aria-label=\"Translated text: Legal Issues Regarding the Use of Photos and Website Content\nThe use of photos and website content in works or publications is subject to authorization from ANMP.\nThe ANMP logo may be used by its members and other entities or individuals, provided that explicit authorization is obtained from ANMP.\n\nPrivacy and Security\n\nANMP, the entity responsible for the website, seeks to ensure the rigorous treatment of data collected by it or provided by third-party entities (Municipalities, CIM, Associations of Municipalities, Parishes, and other entities).\n\nAs a rule, this website does not aim to collect personal data, but rather to process and systematize general information that we consider useful. Even so, the legitimate holders of the information disseminated will be guaranteed the right to provide requested clarifications, as well as the right to access, rectify, or delete the data posted here.\n\nLinks\n\nOur website contains links to other websites. ANMP is not responsible for the privacy policies or content of these websites. Suggestions, complaints, and opinions can be sent to the ANMP address: anmp@anmp.pt\"><span class=\"Y2IQFc\" lang=\"en\">ANMP, the entity responsible for the website, seeks to ensure the rigorous treatment of data collected by it or provided by third-party entities (Municipalities, CIM, Associations of Municipalities, Parishes, and other entities).<\/span><\/p>\n<p class=\"tw-data-text tw-text-large tw-ta\" dir=\"ltr\" role=\"text\" data-placeholder=\"Translation\" data-ved=\"2ahUKEwiYq6qEuZySAxUETaQEHRrCAkEQ3ewLegQIERAV\" aria-label=\"Translated text: Legal Issues Regarding the Use of Photos and Website Content\nThe use of photos and website content in works or publications is subject to authorization from ANMP.\nThe ANMP logo may be used by its members and other entities or individuals, provided that explicit authorization is obtained from ANMP.\n\nPrivacy and Security\n\nANMP, the entity responsible for the website, seeks to ensure the rigorous treatment of data collected by it or provided by third-party entities (Municipalities, CIM, Associations of Municipalities, Parishes, and other entities).\n\nAs a rule, this website does not aim to collect personal data, but rather to process and systematize general information that we consider useful. Even so, the legitimate holders of the information disseminated will be guaranteed the right to provide requested clarifications, as well as the right to access, rectify, or delete the data posted here.\n\nLinks\n\nOur website contains links to other websites. ANMP is not responsible for the privacy policies or content of these websites. Suggestions, complaints, and opinions can be sent to the ANMP address: anmp@anmp.pt\"><span class=\"Y2IQFc\" lang=\"en\">As a rule, this website does not aim to collect personal data, but rather to process and systematize general information that we consider useful. Even so, the legitimate holders of the information disseminated will be guaranteed the right to provide requested clarifications, as well as the right to access, rectify, or delete the data posted here.<\/span><\/p>\n<h3 class=\"tw-data-text tw-text-large tw-ta\" dir=\"ltr\" role=\"text\" data-placeholder=\"Translation\" data-ved=\"2ahUKEwiYq6qEuZySAxUETaQEHRrCAkEQ3ewLegQIERAV\" aria-label=\"Translated text: Legal Issues Regarding the Use of Photos and Website Content\nThe use of photos and website content in works or publications is subject to authorization from ANMP.\nThe ANMP logo may be used by its members and other entities or individuals, provided that explicit authorization is obtained from ANMP.\n\nPrivacy and Security\n\nANMP, the entity responsible for the website, seeks to ensure the rigorous treatment of data collected by it or provided by third-party entities (Municipalities, CIM, Associations of Municipalities, Parishes, and other entities).\n\nAs a rule, this website does not aim to collect personal data, but rather to process and systematize general information that we consider useful. Even so, the legitimate holders of the information disseminated will be guaranteed the right to provide requested clarifications, as well as the right to access, rectify, or delete the data posted here.\n\nLinks\n\nOur website contains links to other websites. ANMP is not responsible for the privacy policies or content of these websites. Suggestions, complaints, and opinions can be sent to the ANMP address: anmp@anmp.pt\"><span class=\"Y2IQFc\" lang=\"en\">Links<\/span><\/h3>\n<p class=\"tw-data-text tw-text-large tw-ta\" dir=\"ltr\" role=\"text\" data-placeholder=\"Translation\" data-ved=\"2ahUKEwiYq6qEuZySAxUETaQEHRrCAkEQ3ewLegQIERAV\" aria-label=\"Translated text: Legal Issues Regarding the Use of Photos and Website Content\nThe use of photos and website content in works or publications is subject to authorization from ANMP.\nThe ANMP logo may be used by its members and other entities or individuals, provided that explicit authorization is obtained from ANMP.\n\nPrivacy and Security\n\nANMP, the entity responsible for the website, seeks to ensure the rigorous treatment of data collected by it or provided by third-party entities (Municipalities, CIM, Associations of Municipalities, Parishes, and other entities).\n\nAs a rule, this website does not aim to collect personal data, but rather to process and systematize general information that we consider useful. Even so, the legitimate holders of the information disseminated will be guaranteed the right to provide requested clarifications, as well as the right to access, rectify, or delete the data posted here.\n\nLinks\n\nOur website contains links to other websites. ANMP is not responsible for the privacy policies or content of these websites. Suggestions, complaints, and opinions can be sent to the ANMP address: anmp@anmp.pt\"><span class=\"Y2IQFc\" lang=\"en\">Our website contains links to other websites. ANMP is not responsible for the privacy policies or content of these websites. Suggestions, complaints, and opinions can be sent to the ANMP address: anmp@anmp.pt<\/span><\/p>\n<p><\/p>\n<p><\/p>","protected":false},"excerpt":{"rendered":"<p>Legal Issues Regarding the Use of Photos and Website Content. The use of photos and website content in works or publications is subject to authorization from ANMP. The ANMP logo may be used by its members and other entities or individuals, provided that explicit authorization is obtained from ANMP. Privacy and Security ANMP, the entity [&hellip;]<\/p>\n","protected":false},"author":1,"featured_media":0,"parent":0,"menu_order":162,"comment_status":"closed","ping_status":"closed","template":"templates-map\/component-text-layout1.php","meta":{"_acf_changed":false,"_exactmetrics_skip_tracking":false,"_exactmetrics_sitenote_active":false,"_exactmetrics_sitenote_note":"","_exactmetrics_sitenote_category":0,"footnotes":""},"class_list":["post-1419","page","type-page","status-publish","hentry"],"acf":[],"yoast_head":"<!-- This site is optimized with the Yoast SEO plugin v23.9 - https:\/\/yoast.com\/wordpress\/plugins\/seo\/ -->\n<title>Privacy Policy - Portal Institucional<\/title>\n<meta name=\"robots\" content=\"index, follow, max-snippet:-1, max-image-preview:large, max-video-preview:-1\" \/>\n<link rel=\"canonical\" href=\"https:\/\/anmp.pt\/politica-de-privacidade\/\" \/>\n<meta property=\"og:locale\" content=\"en_US\" \/>\n<meta property=\"og:type\" content=\"article\" \/>\n<meta property=\"og:title\" content=\"[:pt]Pol\u00edtica de Privacidade[:en]Privacy Policy[:fr]Politique de confidentialit\u00e9[:es]Pol\u00edtica de privacidad[:] - Portal Institucional\" \/>\n<meta property=\"og:description\" content=\"Legal Issues Regarding the Use of Photos and Website Content. The use of photos and website content in works or publications is subject to authorization from ANMP. The ANMP logo may be used by its members and other entities or individuals, provided that explicit authorization is obtained from ANMP. Privacy and Security ANMP, the entity [&hellip;]\" \/>\n<meta property=\"og:url\" content=\"https:\/\/anmp.pt\/politica-de-privacidade\/\" \/>\n<meta property=\"og:site_name\" content=\"Portal Institucional\" \/>\n<meta property=\"article:publisher\" content=\"https:\/\/www.facebook.com\/ANMP.PT\" \/>\n<meta property=\"article:modified_time\" content=\"2026-01-22T16:01:53+00:00\" \/>\n<meta name=\"twitter:card\" content=\"summary_large_image\" \/>\n<script type=\"application\/ld+json\" class=\"yoast-schema-graph\">{\"@context\":\"https:\/\/schema.org\",\"@graph\":[{\"@type\":\"WebPage\",\"@id\":\"https:\/\/anmp.pt\/politica-de-privacidade\/\",\"url\":\"https:\/\/anmp.pt\/politica-de-privacidade\/\",\"name\":\"[:pt]Pol\u00edtica de Privacidade[:en]Privacy Policy[:fr]Politique de confidentialit\u00e9[:es]Pol\u00edtica de privacidad[:] - Portal Institucional\",\"isPartOf\":{\"@id\":\"https:\/\/anmp.pt\/#website\"},\"datePublished\":\"2019-08-09T11:19:35+00:00\",\"dateModified\":\"2026-01-22T16:01:53+00:00\",\"breadcrumb\":{\"@id\":\"https:\/\/anmp.pt\/politica-de-privacidade\/#breadcrumb\"},\"inLanguage\":\"en-US\",\"potentialAction\":[{\"@type\":\"ReadAction\",\"target\":[\"https:\/\/anmp.pt\/politica-de-privacidade\/\"]}]},{\"@type\":\"BreadcrumbList\",\"@id\":\"https:\/\/anmp.pt\/politica-de-privacidade\/#breadcrumb\",\"itemListElement\":[{\"@type\":\"ListItem\",\"position\":1,\"name\":\"In\u00edcio\",\"item\":\"https:\/\/anmp.pt\/\"},{\"@type\":\"ListItem\",\"position\":2,\"name\":\"Pol\u00edtica de Privacidade\"}]},{\"@type\":\"WebSite\",\"@id\":\"https:\/\/anmp.pt\/#website\",\"url\":\"https:\/\/anmp.pt\/\",\"name\":\"Associa\u00e7\u00e3o Nacional de Munic\u00edpios Portugueses\",\"description\":\"Portal Institucional\",\"publisher\":{\"@id\":\"https:\/\/anmp.pt\/#organization\"},\"potentialAction\":[{\"@type\":\"SearchAction\",\"target\":{\"@type\":\"EntryPoint\",\"urlTemplate\":\"https:\/\/anmp.pt\/?s={search_term_string}\"},\"query-input\":{\"@type\":\"PropertyValueSpecification\",\"valueRequired\":true,\"valueName\":\"search_term_string\"}}],\"inLanguage\":\"en-US\"},{\"@type\":\"Organization\",\"@id\":\"https:\/\/anmp.pt\/#organization\",\"name\":\"Associa\u00e7\u00e3o Nacional de Munic\u00edpios Portugueses\",\"url\":\"https:\/\/anmp.pt\/\",\"logo\":{\"@type\":\"ImageObject\",\"inLanguage\":\"en-US\",\"@id\":\"https:\/\/anmp.pt\/#\/schema\/logo\/image\/\",\"url\":\"https:\/\/anmp.pt\/wp-content\/uploads\/2020\/06\/logo980400.png\",\"contentUrl\":\"https:\/\/anmp.pt\/wp-content\/uploads\/2020\/06\/logo980400.png\",\"width\":980,\"height\":400,\"caption\":\"Associa\u00e7\u00e3o Nacional de Munic\u00edpios Portugueses\"},\"image\":{\"@id\":\"https:\/\/anmp.pt\/#\/schema\/logo\/image\/\"},\"sameAs\":[\"https:\/\/www.facebook.com\/ANMP.PT\"]}]}<\/script>\n<!-- \/ Yoast SEO plugin. -->","yoast_head_json":{"title":"[:pt]Pol\u00edtica de Privacidade[:en]Privacy Policy[:fr]Politique de confidentialit\u00e9[:es]Pol\u00edtica de privacidad[:] - Portal Institucional","robots":{"index":"index","follow":"follow","max-snippet":"max-snippet:-1","max-image-preview":"max-image-preview:large","max-video-preview":"max-video-preview:-1"},"canonical":"https:\/\/anmp.pt\/politica-de-privacidade\/","og_locale":"en_US","og_type":"article","og_title":"[:pt]Pol\u00edtica de Privacidade[:en]Privacy Policy[:fr]Politique de confidentialit\u00e9[:es]Pol\u00edtica de privacidad[:] - Portal Institucional","og_description":"Legal Issues Regarding the Use of Photos and Website Content. The use of photos and website content in works or publications is subject to authorization from ANMP. The ANMP logo may be used by its members and other entities or individuals, provided that explicit authorization is obtained from ANMP. Privacy and Security ANMP, the entity [&hellip;]","og_url":"https:\/\/anmp.pt\/politica-de-privacidade\/","og_site_name":"Portal Institucional","article_publisher":"https:\/\/www.facebook.com\/ANMP.PT","article_modified_time":"2026-01-22T16:01:53+00:00","twitter_card":"summary_large_image","schema":{"@context":"https:\/\/schema.org","@graph":[{"@type":"WebPage","@id":"https:\/\/anmp.pt\/politica-de-privacidade\/","url":"https:\/\/anmp.pt\/politica-de-privacidade\/","name":"[:pt]Pol\u00edtica de Privacidade[:en]Privacy Policy[:fr]Politique de confidentialit\u00e9[:es]Pol\u00edtica de privacidad[:] - Portal Institucional","isPartOf":{"@id":"https:\/\/anmp.pt\/#website"},"datePublished":"2019-08-09T11:19:35+00:00","dateModified":"2026-01-22T16:01:53+00:00","breadcrumb":{"@id":"https:\/\/anmp.pt\/politica-de-privacidade\/#breadcrumb"},"inLanguage":"en-US","potentialAction":[{"@type":"ReadAction","target":["https:\/\/anmp.pt\/politica-de-privacidade\/"]}]},{"@type":"BreadcrumbList","@id":"https:\/\/anmp.pt\/politica-de-privacidade\/#breadcrumb","itemListElement":[{"@type":"ListItem","position":1,"name":"In\u00edcio","item":"https:\/\/anmp.pt\/"},{"@type":"ListItem","position":2,"name":"Pol\u00edtica de Privacidade"}]},{"@type":"WebSite","@id":"https:\/\/anmp.pt\/#website","url":"https:\/\/anmp.pt\/","name":"Associa\u00e7\u00e3o Nacional de Munic\u00edpios Portugueses","description":"Portal Institucional","publisher":{"@id":"https:\/\/anmp.pt\/#organization"},"potentialAction":[{"@type":"SearchAction","target":{"@type":"EntryPoint","urlTemplate":"https:\/\/anmp.pt\/?s={search_term_string}"},"query-input":{"@type":"PropertyValueSpecification","valueRequired":true,"valueName":"search_term_string"}}],"inLanguage":"en-US"},{"@type":"Organization","@id":"https:\/\/anmp.pt\/#organization","name":"Associa\u00e7\u00e3o Nacional de Munic\u00edpios Portugueses","url":"https:\/\/anmp.pt\/","logo":{"@type":"ImageObject","inLanguage":"en-US","@id":"https:\/\/anmp.pt\/#\/schema\/logo\/image\/","url":"https:\/\/anmp.pt\/wp-content\/uploads\/2020\/06\/logo980400.png","contentUrl":"https:\/\/anmp.pt\/wp-content\/uploads\/2020\/06\/logo980400.png","width":980,"height":400,"caption":"Associa\u00e7\u00e3o Nacional de Munic\u00edpios Portugueses"},"image":{"@id":"https:\/\/anmp.pt\/#\/schema\/logo\/image\/"},"sameAs":["https:\/\/www.facebook.com\/ANMP.PT"]}]}},"_links":{"self":[{"href":"https:\/\/anmp.pt\/en\/wp-json\/wp\/v2\/pages\/1419","targetHints":{"allow":["GET"]}}],"collection":[{"href":"https:\/\/anmp.pt\/en\/wp-json\/wp\/v2\/pages"}],"about":[{"href":"https:\/\/anmp.pt\/en\/wp-json\/wp\/v2\/types\/page"}],"author":[{"embeddable":true,"href":"https:\/\/anmp.pt\/en\/wp-json\/wp\/v2\/users\/1"}],"replies":[{"embeddable":true,"href":"https:\/\/anmp.pt\/en\/wp-json\/wp\/v2\/comments?post=1419"}],"version-history":[{"count":2,"href":"https:\/\/anmp.pt\/en\/wp-json\/wp\/v2\/pages\/1419\/revisions"}],"predecessor-version":[{"id":73755,"href":"https:\/\/anmp.pt\/en\/wp-json\/wp\/v2\/pages\/1419\/revisions\/73755"}],"wp:attachment":[{"href":"https:\/\/anmp.pt\/en\/wp-json\/wp\/v2\/media?parent=1419"}],"curies":[{"name":"wp","href":"https:\/\/api.w.org\/{rel}","templated":true}]}}