{"id":1918,"date":"2019-09-06T16:07:03","date_gmt":"2019-09-06T15:07:03","guid":{"rendered":"https:\/\/anmp.pt\/?page_id=1918"},"modified":"2026-01-27T16:19:36","modified_gmt":"2026-01-27T16:19:36","slug":"apresentacao","status":"publish","type":"page","link":"https:\/\/anmp.pt\/en\/fefal\/apresentacao\/","title":{"rendered":"Presentation"},"content":{"rendered":"<p><\/p>\n<p><span class=\"Y2IQFc\" lang=\"en\">The FEFAL Foundation, Foundation for Studies and Training in Local Authorities, which succeeded the Center for Studies and Training in Local Government (CEFA), was established on July 28, 2018 and began operating on January 1, 2019, in Coimbra. FEFAL carries out information sessions, training courses, research activities, technical advice, international technical cooperation, and promotes the publication of specialized studies on topics relevant to the development and innovation in local authorities.<\/span><\/p>\n<p><\/p>\n<p><\/p>","protected":false},"excerpt":{"rendered":"<p>The FEFAL Foundation, Foundation for Studies and Training in Local Authorities, which succeeded the Center for Studies and Training in Local Government (CEFA), was established on July 28, 2018 and began operating on January 1, 2019, in Coimbra. FEFAL carries out information sessions, training courses, research activities, technical advice, international technical cooperation, and promotes the [&hellip;]<\/p>\n","protected":false},"author":1,"featured_media":0,"parent":1916,"menu_order":217,"comment_status":"closed","ping_status":"closed","template":"templates-map\/component-text-layout1.php","meta":{"_acf_changed":false,"_exactmetrics_skip_tracking":false,"_exactmetrics_sitenote_active":false,"_exactmetrics_sitenote_note":"","_exactmetrics_sitenote_category":0,"footnotes":""},"class_list":["post-1918","page","type-page","status-publish","hentry"],"acf":[],"yoast_head":"<!-- This site is optimized with the Yoast SEO plugin v23.9 - https:\/\/yoast.com\/wordpress\/plugins\/seo\/ -->\n<title>Presentation - Portal Institucional<\/title>\n<meta name=\"robots\" content=\"index, follow, max-snippet:-1, max-image-preview:large, max-video-preview:-1\" \/>\n<link rel=\"canonical\" href=\"https:\/\/anmp.pt\/fefal\/apresentacao\/\" \/>\n<meta property=\"og:locale\" content=\"en_US\" \/>\n<meta property=\"og:type\" content=\"article\" \/>\n<meta property=\"og:title\" content=\"[:pt]Apresenta\u00e7\u00e3o[:en]Presentation[:fr]Pr\u00e9sentation[:es]Presentaci\u00f3n[:] - Portal Institucional\" \/>\n<meta property=\"og:description\" content=\"The FEFAL Foundation, Foundation for Studies and Training in Local Authorities, which succeeded the Center for Studies and Training in Local Government (CEFA), was established on July 28, 2018 and began operating on January 1, 2019, in Coimbra. FEFAL carries out information sessions, training courses, research activities, technical advice, international technical cooperation, and promotes the [&hellip;]\" \/>\n<meta property=\"og:url\" content=\"https:\/\/anmp.pt\/fefal\/apresentacao\/\" \/>\n<meta property=\"og:site_name\" content=\"Portal Institucional\" \/>\n<meta property=\"article:publisher\" content=\"https:\/\/www.facebook.com\/ANMP.PT\" \/>\n<meta property=\"article:modified_time\" content=\"2026-01-27T16:19:36+00:00\" \/>\n<meta name=\"twitter:card\" content=\"summary_large_image\" \/>\n<script type=\"application\/ld+json\" class=\"yoast-schema-graph\">{\"@context\":\"https:\/\/schema.org\",\"@graph\":[{\"@type\":\"WebPage\",\"@id\":\"https:\/\/anmp.pt\/fefal\/apresentacao\/\",\"url\":\"https:\/\/anmp.pt\/fefal\/apresentacao\/\",\"name\":\"[:pt]Apresenta\u00e7\u00e3o[:en]Presentation[:fr]Pr\u00e9sentation[:es]Presentaci\u00f3n[:] - Portal Institucional\",\"isPartOf\":{\"@id\":\"https:\/\/anmp.pt\/#website\"},\"datePublished\":\"2019-09-06T15:07:03+00:00\",\"dateModified\":\"2026-01-27T16:19:36+00:00\",\"breadcrumb\":{\"@id\":\"https:\/\/anmp.pt\/fefal\/apresentacao\/#breadcrumb\"},\"inLanguage\":\"en-US\",\"potentialAction\":[{\"@type\":\"ReadAction\",\"target\":[\"https:\/\/anmp.pt\/fefal\/apresentacao\/\"]}]},{\"@type\":\"BreadcrumbList\",\"@id\":\"https:\/\/anmp.pt\/fefal\/apresentacao\/#breadcrumb\",\"itemListElement\":[{\"@type\":\"ListItem\",\"position\":1,\"name\":\"In\u00edcio\",\"item\":\"https:\/\/anmp.pt\/\"},{\"@type\":\"ListItem\",\"position\":2,\"name\":\"FEFAL\",\"item\":\"https:\/\/anmp.pt\/fefal\/\"},{\"@type\":\"ListItem\",\"position\":3,\"name\":\"Apresenta\u00e7\u00e3o\"}]},{\"@type\":\"WebSite\",\"@id\":\"https:\/\/anmp.pt\/#website\",\"url\":\"https:\/\/anmp.pt\/\",\"name\":\"Associa\u00e7\u00e3o Nacional de Munic\u00edpios Portugueses\",\"description\":\"Portal Institucional\",\"publisher\":{\"@id\":\"https:\/\/anmp.pt\/#organization\"},\"potentialAction\":[{\"@type\":\"SearchAction\",\"target\":{\"@type\":\"EntryPoint\",\"urlTemplate\":\"https:\/\/anmp.pt\/?s={search_term_string}\"},\"query-input\":{\"@type\":\"PropertyValueSpecification\",\"valueRequired\":true,\"valueName\":\"search_term_string\"}}],\"inLanguage\":\"en-US\"},{\"@type\":\"Organization\",\"@id\":\"https:\/\/anmp.pt\/#organization\",\"name\":\"Associa\u00e7\u00e3o Nacional de Munic\u00edpios Portugueses\",\"url\":\"https:\/\/anmp.pt\/\",\"logo\":{\"@type\":\"ImageObject\",\"inLanguage\":\"en-US\",\"@id\":\"https:\/\/anmp.pt\/#\/schema\/logo\/image\/\",\"url\":\"https:\/\/anmp.pt\/wp-content\/uploads\/2020\/06\/logo980400.png\",\"contentUrl\":\"https:\/\/anmp.pt\/wp-content\/uploads\/2020\/06\/logo980400.png\",\"width\":980,\"height\":400,\"caption\":\"Associa\u00e7\u00e3o Nacional de Munic\u00edpios Portugueses\"},\"image\":{\"@id\":\"https:\/\/anmp.pt\/#\/schema\/logo\/image\/\"},\"sameAs\":[\"https:\/\/www.facebook.com\/ANMP.PT\"]}]}<\/script>\n<!-- \/ Yoast SEO plugin. -->","yoast_head_json":{"title":"[:pt]Apresenta\u00e7\u00e3o[:en]Presentation[:fr]Pr\u00e9sentation[:es]Presentaci\u00f3n[:] - Portal Institucional","robots":{"index":"index","follow":"follow","max-snippet":"max-snippet:-1","max-image-preview":"max-image-preview:large","max-video-preview":"max-video-preview:-1"},"canonical":"https:\/\/anmp.pt\/fefal\/apresentacao\/","og_locale":"en_US","og_type":"article","og_title":"[:pt]Apresenta\u00e7\u00e3o[:en]Presentation[:fr]Pr\u00e9sentation[:es]Presentaci\u00f3n[:] - Portal Institucional","og_description":"The FEFAL Foundation, Foundation for Studies and Training in Local Authorities, which succeeded the Center for Studies and Training in Local Government (CEFA), was established on July 28, 2018 and began operating on January 1, 2019, in Coimbra. FEFAL carries out information sessions, training courses, research activities, technical advice, international technical cooperation, and promotes the [&hellip;]","og_url":"https:\/\/anmp.pt\/fefal\/apresentacao\/","og_site_name":"Portal Institucional","article_publisher":"https:\/\/www.facebook.com\/ANMP.PT","article_modified_time":"2026-01-27T16:19:36+00:00","twitter_card":"summary_large_image","schema":{"@context":"https:\/\/schema.org","@graph":[{"@type":"WebPage","@id":"https:\/\/anmp.pt\/fefal\/apresentacao\/","url":"https:\/\/anmp.pt\/fefal\/apresentacao\/","name":"[:pt]Apresenta\u00e7\u00e3o[:en]Presentation[:fr]Pr\u00e9sentation[:es]Presentaci\u00f3n[:] - Portal Institucional","isPartOf":{"@id":"https:\/\/anmp.pt\/#website"},"datePublished":"2019-09-06T15:07:03+00:00","dateModified":"2026-01-27T16:19:36+00:00","breadcrumb":{"@id":"https:\/\/anmp.pt\/fefal\/apresentacao\/#breadcrumb"},"inLanguage":"en-US","potentialAction":[{"@type":"ReadAction","target":["https:\/\/anmp.pt\/fefal\/apresentacao\/"]}]},{"@type":"BreadcrumbList","@id":"https:\/\/anmp.pt\/fefal\/apresentacao\/#breadcrumb","itemListElement":[{"@type":"ListItem","position":1,"name":"In\u00edcio","item":"https:\/\/anmp.pt\/"},{"@type":"ListItem","position":2,"name":"FEFAL","item":"https:\/\/anmp.pt\/fefal\/"},{"@type":"ListItem","position":3,"name":"Apresenta\u00e7\u00e3o"}]},{"@type":"WebSite","@id":"https:\/\/anmp.pt\/#website","url":"https:\/\/anmp.pt\/","name":"Associa\u00e7\u00e3o Nacional de Munic\u00edpios Portugueses","description":"Portal Institucional","publisher":{"@id":"https:\/\/anmp.pt\/#organization"},"potentialAction":[{"@type":"SearchAction","target":{"@type":"EntryPoint","urlTemplate":"https:\/\/anmp.pt\/?s={search_term_string}"},"query-input":{"@type":"PropertyValueSpecification","valueRequired":true,"valueName":"search_term_string"}}],"inLanguage":"en-US"},{"@type":"Organization","@id":"https:\/\/anmp.pt\/#organization","name":"Associa\u00e7\u00e3o Nacional de Munic\u00edpios Portugueses","url":"https:\/\/anmp.pt\/","logo":{"@type":"ImageObject","inLanguage":"en-US","@id":"https:\/\/anmp.pt\/#\/schema\/logo\/image\/","url":"https:\/\/anmp.pt\/wp-content\/uploads\/2020\/06\/logo980400.png","contentUrl":"https:\/\/anmp.pt\/wp-content\/uploads\/2020\/06\/logo980400.png","width":980,"height":400,"caption":"Associa\u00e7\u00e3o Nacional de Munic\u00edpios Portugueses"},"image":{"@id":"https:\/\/anmp.pt\/#\/schema\/logo\/image\/"},"sameAs":["https:\/\/www.facebook.com\/ANMP.PT"]}]}},"_links":{"self":[{"href":"https:\/\/anmp.pt\/en\/wp-json\/wp\/v2\/pages\/1918","targetHints":{"allow":["GET"]}}],"collection":[{"href":"https:\/\/anmp.pt\/en\/wp-json\/wp\/v2\/pages"}],"about":[{"href":"https:\/\/anmp.pt\/en\/wp-json\/wp\/v2\/types\/page"}],"author":[{"embeddable":true,"href":"https:\/\/anmp.pt\/en\/wp-json\/wp\/v2\/users\/1"}],"replies":[{"embeddable":true,"href":"https:\/\/anmp.pt\/en\/wp-json\/wp\/v2\/comments?post=1918"}],"version-history":[{"count":1,"href":"https:\/\/anmp.pt\/en\/wp-json\/wp\/v2\/pages\/1918\/revisions"}],"predecessor-version":[{"id":73998,"href":"https:\/\/anmp.pt\/en\/wp-json\/wp\/v2\/pages\/1918\/revisions\/73998"}],"up":[{"embeddable":true,"href":"https:\/\/anmp.pt\/en\/wp-json\/wp\/v2\/pages\/1916"}],"wp:attachment":[{"href":"https:\/\/anmp.pt\/en\/wp-json\/wp\/v2\/media?parent=1918"}],"curies":[{"name":"wp","href":"https:\/\/api.w.org\/{rel}","templated":true}]}}