{"id":1986,"date":"2019-09-06T17:13:42","date_gmt":"2019-09-06T16:13:42","guid":{"rendered":"https:\/\/anmp.pt\/?page_id=1986"},"modified":"2026-01-27T16:04:58","modified_gmt":"2026-01-27T16:04:58","slug":"premio-anmp-de-jornalismo-e-poder-local","status":"publish","type":"page","link":"https:\/\/anmp.pt\/en\/comunicacao\/premio-anmp-de-jornalismo-e-poder-local\/","title":{"rendered":"ANMP Award for Journalism and Local Government"},"content":{"rendered":"<div id=\"tw-target-text-container\" class=\"tw-ta-container tw-nfl\" role=\"text\">\n<p id=\"tw-target-text\" class=\"tw-data-text tw-text-large tw-ta\" dir=\"ltr\" role=\"text\" data-placeholder=\"Translation\" data-ved=\"2ahUKEwiYq6qEuZySAxUETaQEHRrCAkEQ3ewLegQIERAV\" aria-label=\"Translated text: O &quot;Pr\u00e9mio ANMP de Jornalismo e Poder Local&quot; visa reconhecer o trabalho jornal\u00edstico (nas categorias de Imprensa, R\u00e1dio, Televis\u00e3o e Fotojornalismo) sobre o Poder Local, a gest\u00e3o municipal e a din\u00e2mica do poder local que contribuem para o desenvolvimento local e regional e para o bem-estar da popula\u00e7\u00e3o.\"><span class=\"Y2IQFc\" lang=\"pt-PT\"><span class=\"Y2IQFc\" lang=\"en\"><\/span><\/span><\/h2>\n<\/div>\n<p><span class=\"Y2IQFc\" lang=\"en\">The &#8220;ANMP Journalism and Local Government Award&#8221; aims to recognize journalistic work (in the categories of Print, Radio, Television and Photojournalism) on Local Government, municipal management and the dynamics of local government that contribute to local and regional development and the well-being of the population.<\/span><\/p>\n<p><a href=\"https:\/\/anmp.pt\/wp-content\/uploads\/2026\/01\/Premio-ANMP-de-Jornalismo-e-Poder-Local-2026.pdf\"><span class=\"Y2IQFc\" lang=\"en\">Regulation in Portuguese<\/span><\/a><span class=\"Y2IQFc\" lang=\"en\"><\/span><\/p>\n<p><\/p>\n<p><\/p>","protected":false},"excerpt":{"rendered":"<p>The &#8220;ANMP Journalism and Local Government Award&#8221; aims to recognize journalistic work (in the categories of Print, Radio, Television and Photojournalism) on Local Government, municipal management and the dynamics of local government that contribute to local and regional development and the well-being of the population. Regulation in Portuguese<\/p>\n","protected":false},"author":1,"featured_media":0,"parent":1964,"menu_order":288,"comment_status":"closed","ping_status":"closed","template":"templates-map\/component-text-layout1.php","meta":{"_acf_changed":false,"_exactmetrics_skip_tracking":false,"_exactmetrics_sitenote_active":false,"_exactmetrics_sitenote_note":"","_exactmetrics_sitenote_category":0,"footnotes":""},"class_list":["post-1986","page","type-page","status-publish","hentry"],"acf":[],"yoast_head":"<!-- This site is optimized with the Yoast SEO plugin v23.9 - https:\/\/yoast.com\/wordpress\/plugins\/seo\/ -->\n<title>ANMP Award for Journalism and Local Government - Portal Institucional<\/title>\n<meta name=\"robots\" content=\"index, follow, max-snippet:-1, max-image-preview:large, max-video-preview:-1\" \/>\n<link rel=\"canonical\" href=\"https:\/\/anmp.pt\/comunicacao\/premio-anmp-de-jornalismo-e-poder-local\/\" \/>\n<meta property=\"og:locale\" content=\"en_US\" \/>\n<meta property=\"og:type\" content=\"article\" \/>\n<meta property=\"og:title\" content=\"[:pt]Pr\u00e9mio ANMP de jornalismo e poder local[:en]ANMP Award for Journalism and Local Government[:fr]Prix \u200b\u200bANMP du journalisme et du pouvoir local[:es]Premio ANMP de Periodismo y Gobierno Local[:] - Portal Institucional\" \/>\n<meta property=\"og:description\" content=\"The &#8220;ANMP Journalism and Local Government Award&#8221; aims to recognize journalistic work (in the categories of Print, Radio, Television and Photojournalism) on Local Government, municipal management and the dynamics of local government that contribute to local and regional development and the well-being of the population. Regulation in Portuguese\" \/>\n<meta property=\"og:url\" content=\"https:\/\/anmp.pt\/comunicacao\/premio-anmp-de-jornalismo-e-poder-local\/\" \/>\n<meta property=\"og:site_name\" content=\"Portal Institucional\" \/>\n<meta property=\"article:publisher\" content=\"https:\/\/www.facebook.com\/ANMP.PT\" \/>\n<meta property=\"article:modified_time\" content=\"2026-01-27T16:04:58+00:00\" \/>\n<meta name=\"twitter:card\" content=\"summary_large_image\" \/>\n<script type=\"application\/ld+json\" class=\"yoast-schema-graph\">{\"@context\":\"https:\/\/schema.org\",\"@graph\":[{\"@type\":\"WebPage\",\"@id\":\"https:\/\/anmp.pt\/comunicacao\/premio-anmp-de-jornalismo-e-poder-local\/\",\"url\":\"https:\/\/anmp.pt\/comunicacao\/premio-anmp-de-jornalismo-e-poder-local\/\",\"name\":\"[:pt]Pr\u00e9mio ANMP de jornalismo e poder local[:en]ANMP Award for Journalism and Local Government[:fr]Prix \u200b\u200bANMP du journalisme et du pouvoir local[:es]Premio ANMP de Periodismo y Gobierno Local[:] - Portal Institucional\",\"isPartOf\":{\"@id\":\"https:\/\/anmp.pt\/#website\"},\"datePublished\":\"2019-09-06T16:13:42+00:00\",\"dateModified\":\"2026-01-27T16:04:58+00:00\",\"breadcrumb\":{\"@id\":\"https:\/\/anmp.pt\/comunicacao\/premio-anmp-de-jornalismo-e-poder-local\/#breadcrumb\"},\"inLanguage\":\"en-US\",\"potentialAction\":[{\"@type\":\"ReadAction\",\"target\":[\"https:\/\/anmp.pt\/comunicacao\/premio-anmp-de-jornalismo-e-poder-local\/\"]}]},{\"@type\":\"BreadcrumbList\",\"@id\":\"https:\/\/anmp.pt\/comunicacao\/premio-anmp-de-jornalismo-e-poder-local\/#breadcrumb\",\"itemListElement\":[{\"@type\":\"ListItem\",\"position\":1,\"name\":\"In\u00edcio\",\"item\":\"https:\/\/anmp.pt\/\"},{\"@type\":\"ListItem\",\"position\":2,\"name\":\"Comunica\u00e7\u00e3o\",\"item\":\"https:\/\/anmp.pt\/comunicacao\/\"},{\"@type\":\"ListItem\",\"position\":3,\"name\":\"Pr\u00e9mio ANMP de jornalismo e poder local\"}]},{\"@type\":\"WebSite\",\"@id\":\"https:\/\/anmp.pt\/#website\",\"url\":\"https:\/\/anmp.pt\/\",\"name\":\"Associa\u00e7\u00e3o Nacional de Munic\u00edpios Portugueses\",\"description\":\"Portal Institucional\",\"publisher\":{\"@id\":\"https:\/\/anmp.pt\/#organization\"},\"potentialAction\":[{\"@type\":\"SearchAction\",\"target\":{\"@type\":\"EntryPoint\",\"urlTemplate\":\"https:\/\/anmp.pt\/?s={search_term_string}\"},\"query-input\":{\"@type\":\"PropertyValueSpecification\",\"valueRequired\":true,\"valueName\":\"search_term_string\"}}],\"inLanguage\":\"en-US\"},{\"@type\":\"Organization\",\"@id\":\"https:\/\/anmp.pt\/#organization\",\"name\":\"Associa\u00e7\u00e3o Nacional de Munic\u00edpios Portugueses\",\"url\":\"https:\/\/anmp.pt\/\",\"logo\":{\"@type\":\"ImageObject\",\"inLanguage\":\"en-US\",\"@id\":\"https:\/\/anmp.pt\/#\/schema\/logo\/image\/\",\"url\":\"https:\/\/anmp.pt\/wp-content\/uploads\/2020\/06\/logo980400.png\",\"contentUrl\":\"https:\/\/anmp.pt\/wp-content\/uploads\/2020\/06\/logo980400.png\",\"width\":980,\"height\":400,\"caption\":\"Associa\u00e7\u00e3o Nacional de Munic\u00edpios Portugueses\"},\"image\":{\"@id\":\"https:\/\/anmp.pt\/#\/schema\/logo\/image\/\"},\"sameAs\":[\"https:\/\/www.facebook.com\/ANMP.PT\"]}]}<\/script>\n<!-- \/ Yoast SEO plugin. -->","yoast_head_json":{"title":"[:pt]Pr\u00e9mio ANMP de jornalismo e poder local[:en]ANMP Award for Journalism and Local Government[:fr]Prix \u200b\u200bANMP du journalisme et du pouvoir local[:es]Premio ANMP de Periodismo y Gobierno Local[:] - Portal Institucional","robots":{"index":"index","follow":"follow","max-snippet":"max-snippet:-1","max-image-preview":"max-image-preview:large","max-video-preview":"max-video-preview:-1"},"canonical":"https:\/\/anmp.pt\/comunicacao\/premio-anmp-de-jornalismo-e-poder-local\/","og_locale":"en_US","og_type":"article","og_title":"[:pt]Pr\u00e9mio ANMP de jornalismo e poder local[:en]ANMP Award for Journalism and Local Government[:fr]Prix \u200b\u200bANMP du journalisme et du pouvoir local[:es]Premio ANMP de Periodismo y Gobierno Local[:] - Portal Institucional","og_description":"The &#8220;ANMP Journalism and Local Government Award&#8221; aims to recognize journalistic work (in the categories of Print, Radio, Television and Photojournalism) on Local Government, municipal management and the dynamics of local government that contribute to local and regional development and the well-being of the population. Regulation in Portuguese","og_url":"https:\/\/anmp.pt\/comunicacao\/premio-anmp-de-jornalismo-e-poder-local\/","og_site_name":"Portal Institucional","article_publisher":"https:\/\/www.facebook.com\/ANMP.PT","article_modified_time":"2026-01-27T16:04:58+00:00","twitter_card":"summary_large_image","schema":{"@context":"https:\/\/schema.org","@graph":[{"@type":"WebPage","@id":"https:\/\/anmp.pt\/comunicacao\/premio-anmp-de-jornalismo-e-poder-local\/","url":"https:\/\/anmp.pt\/comunicacao\/premio-anmp-de-jornalismo-e-poder-local\/","name":"[:pt]Pr\u00e9mio ANMP de jornalismo e poder local[:en]ANMP Award for Journalism and Local Government[:fr]Prix \u200b\u200bANMP du journalisme et du pouvoir local[:es]Premio ANMP de Periodismo y Gobierno Local[:] - Portal Institucional","isPartOf":{"@id":"https:\/\/anmp.pt\/#website"},"datePublished":"2019-09-06T16:13:42+00:00","dateModified":"2026-01-27T16:04:58+00:00","breadcrumb":{"@id":"https:\/\/anmp.pt\/comunicacao\/premio-anmp-de-jornalismo-e-poder-local\/#breadcrumb"},"inLanguage":"en-US","potentialAction":[{"@type":"ReadAction","target":["https:\/\/anmp.pt\/comunicacao\/premio-anmp-de-jornalismo-e-poder-local\/"]}]},{"@type":"BreadcrumbList","@id":"https:\/\/anmp.pt\/comunicacao\/premio-anmp-de-jornalismo-e-poder-local\/#breadcrumb","itemListElement":[{"@type":"ListItem","position":1,"name":"In\u00edcio","item":"https:\/\/anmp.pt\/"},{"@type":"ListItem","position":2,"name":"Comunica\u00e7\u00e3o","item":"https:\/\/anmp.pt\/comunicacao\/"},{"@type":"ListItem","position":3,"name":"Pr\u00e9mio ANMP de jornalismo e poder local"}]},{"@type":"WebSite","@id":"https:\/\/anmp.pt\/#website","url":"https:\/\/anmp.pt\/","name":"Associa\u00e7\u00e3o Nacional de Munic\u00edpios Portugueses","description":"Portal Institucional","publisher":{"@id":"https:\/\/anmp.pt\/#organization"},"potentialAction":[{"@type":"SearchAction","target":{"@type":"EntryPoint","urlTemplate":"https:\/\/anmp.pt\/?s={search_term_string}"},"query-input":{"@type":"PropertyValueSpecification","valueRequired":true,"valueName":"search_term_string"}}],"inLanguage":"en-US"},{"@type":"Organization","@id":"https:\/\/anmp.pt\/#organization","name":"Associa\u00e7\u00e3o Nacional de Munic\u00edpios Portugueses","url":"https:\/\/anmp.pt\/","logo":{"@type":"ImageObject","inLanguage":"en-US","@id":"https:\/\/anmp.pt\/#\/schema\/logo\/image\/","url":"https:\/\/anmp.pt\/wp-content\/uploads\/2020\/06\/logo980400.png","contentUrl":"https:\/\/anmp.pt\/wp-content\/uploads\/2020\/06\/logo980400.png","width":980,"height":400,"caption":"Associa\u00e7\u00e3o Nacional de Munic\u00edpios Portugueses"},"image":{"@id":"https:\/\/anmp.pt\/#\/schema\/logo\/image\/"},"sameAs":["https:\/\/www.facebook.com\/ANMP.PT"]}]}},"_links":{"self":[{"href":"https:\/\/anmp.pt\/en\/wp-json\/wp\/v2\/pages\/1986","targetHints":{"allow":["GET"]}}],"collection":[{"href":"https:\/\/anmp.pt\/en\/wp-json\/wp\/v2\/pages"}],"about":[{"href":"https:\/\/anmp.pt\/en\/wp-json\/wp\/v2\/types\/page"}],"author":[{"embeddable":true,"href":"https:\/\/anmp.pt\/en\/wp-json\/wp\/v2\/users\/1"}],"replies":[{"embeddable":true,"href":"https:\/\/anmp.pt\/en\/wp-json\/wp\/v2\/comments?post=1986"}],"version-history":[{"count":7,"href":"https:\/\/anmp.pt\/en\/wp-json\/wp\/v2\/pages\/1986\/revisions"}],"predecessor-version":[{"id":73987,"href":"https:\/\/anmp.pt\/en\/wp-json\/wp\/v2\/pages\/1986\/revisions\/73987"}],"up":[{"embeddable":true,"href":"https:\/\/anmp.pt\/en\/wp-json\/wp\/v2\/pages\/1964"}],"wp:attachment":[{"href":"https:\/\/anmp.pt\/en\/wp-json\/wp\/v2\/media?parent=1986"}],"curies":[{"name":"wp","href":"https:\/\/api.w.org\/{rel}","templated":true}]}}