{"id":22029,"date":"2020-06-08T11:52:07","date_gmt":"2020-06-08T10:52:07","guid":{"rendered":"https:\/\/anmp.pt\/?page_id=22029"},"modified":"2020-07-29T10:25:45","modified_gmt":"2020-07-29T09:25:45","slug":"portugal-2020-aurelia","status":"publish","type":"page","link":"https:\/\/anmp.pt\/en\/areas-tematicas\/fundos-comunitarios\/portugal-2020-aurelia\/","title":{"rendered":"(Portugu\u00eas) Portugal 2020"},"content":{"rendered":"<p class=\"qtranxs-available-languages-message qtranxs-available-languages-message-en\">Sorry, this entry is only available in <a href=\"https:\/\/anmp.pt\/pt\/wp-json\/wp\/v2\/pages\/22029\" class=\"qtranxs-available-language-link qtranxs-available-language-link-pt\" title=\"Portugu\u00eas\">Portugu\u00eas<\/a>.<\/p><p>No atual per\u00edodo de programa\u00e7\u00e3o (2014-2020), o nosso pa\u00eds beneficia de uma dota\u00e7\u00e3o global de cerca de 25 mil milh\u00f5es de euros no conjunto dos fundos.<\/p>\n<p>Este montante encontra-se distribu\u00eddo, em termos tem\u00e1ticos, por 4 grandes dom\u00ednios; em termos operacionais, em 16 Programas Operacionais (PO); e, em termos financeiros, por 5 fundos da Pol\u00edtica de Coes\u00e3o.<\/p>\n<p>A ANMP assume um papel essencial:<\/p>\n<ul>\n<li>No levantamento dos principais constrangimentos e preocupa\u00e7\u00f5es por parte dos munic\u00edpios, procurando identificar solu\u00e7\u00f5es de melhoria;<\/li>\n<li>Na necess\u00e1ria articula\u00e7\u00e3o com as Entidades Intermunicipais, atrav\u00e9s do Conselho Consultivo da ANMP;<\/li>\n<li>Na participa\u00e7\u00e3o nas Comiss\u00f5es Diretivas dos Programas Operacionais Regionais do continente, com vogais executivos nas regi\u00f5es de converg\u00eancia e n\u00e3o executivos nas restantes;<\/li>\n<li>No acompanhamento da execu\u00e7\u00e3o do quadro e respetivos ajustamentos, sobretudo no \u00e2mbito do Grupo de Trabalho para Monitoriza\u00e7\u00e3o do Investimento Municipal no Portugal 2020.<\/li>\n<\/ul>\n<p>Toda a informa\u00e7\u00e3o sobre o Portugal 2020, incluindo avisos de abertura de candidatura e dados sobre execu\u00e7\u00e3o e resultados, por ser consultada em <strong>Portugal 2020<\/strong> <em>( <\/em><a href=\"https:\/\/www.portugal2020.pt\/\" target=\"_blank\" rel=\"noopener\"><em>https:\/\/www.portugal2020.pt\/<\/em><\/a><em>)<\/em> e nas p\u00e1ginas dos diversos programas operacionais.<\/p>","protected":false},"excerpt":{"rendered":"<p>Sorry, this entry is only available in Portugu\u00eas.No atual per\u00edodo de programa\u00e7\u00e3o (2014-2020), o nosso pa\u00eds beneficia de uma dota\u00e7\u00e3o global de cerca de 25 mil milh\u00f5es de euros no conjunto dos fundos. Este montante encontra-se distribu\u00eddo, em termos tem\u00e1ticos, por 4 grandes dom\u00ednios; em termos operacionais, em 16 Programas Operacionais (PO); e, em termos [&hellip;]<\/p>\n","protected":false},"author":37,"featured_media":0,"parent":1781,"menu_order":164,"comment_status":"closed","ping_status":"closed","template":"templates-map\/component-file-gallery-layout3.php","meta":{"_acf_changed":false,"_exactmetrics_skip_tracking":false,"_exactmetrics_sitenote_active":false,"_exactmetrics_sitenote_note":"","_exactmetrics_sitenote_category":0,"footnotes":""},"class_list":["post-22029","page","type-page","status-publish","hentry"],"acf":[],"yoast_head":"<!-- This site is optimized with the Yoast SEO plugin v23.9 - https:\/\/yoast.com\/wordpress\/plugins\/seo\/ -->\n<title><\/title>\n<meta name=\"robots\" content=\"index, follow, max-snippet:-1, max-image-preview:large, max-video-preview:-1\" \/>\n<link rel=\"canonical\" href=\"https:\/\/anmp.pt\/areas-tematicas\/fundos-comunitarios\/portugal-2020-aurelia\/\" \/>\n<meta property=\"og:locale\" content=\"en_US\" \/>\n<meta property=\"og:type\" content=\"article\" \/>\n<meta property=\"og:title\" content=\"[:pt]Portugal 2020[:] - Portal Institucional\" \/>\n<meta property=\"og:description\" content=\"Sorry, this entry is only available in Portugu\u00eas.No atual per\u00edodo de programa\u00e7\u00e3o (2014-2020), o nosso pa\u00eds beneficia de uma dota\u00e7\u00e3o global de cerca de 25 mil milh\u00f5es de euros no conjunto dos fundos. Este montante encontra-se distribu\u00eddo, em termos tem\u00e1ticos, por 4 grandes dom\u00ednios; em termos operacionais, em 16 Programas Operacionais (PO); e, em termos [&hellip;]\" \/>\n<meta property=\"og:url\" content=\"https:\/\/anmp.pt\/areas-tematicas\/fundos-comunitarios\/portugal-2020-aurelia\/\" \/>\n<meta property=\"og:site_name\" content=\"Portal Institucional\" \/>\n<meta property=\"article:publisher\" content=\"https:\/\/www.facebook.com\/ANMP.PT\" \/>\n<meta property=\"article:modified_time\" content=\"2020-07-29T09:25:45+00:00\" \/>\n<meta name=\"twitter:card\" content=\"summary_large_image\" \/>\n<script type=\"application\/ld+json\" class=\"yoast-schema-graph\">{\"@context\":\"https:\/\/schema.org\",\"@graph\":[{\"@type\":\"WebPage\",\"@id\":\"https:\/\/anmp.pt\/areas-tematicas\/fundos-comunitarios\/portugal-2020-aurelia\/\",\"url\":\"https:\/\/anmp.pt\/areas-tematicas\/fundos-comunitarios\/portugal-2020-aurelia\/\",\"name\":\"[:pt]Portugal 2020[:] - Portal Institucional\",\"isPartOf\":{\"@id\":\"https:\/\/anmp.pt\/#website\"},\"datePublished\":\"2020-06-08T10:52:07+00:00\",\"dateModified\":\"2020-07-29T09:25:45+00:00\",\"breadcrumb\":{\"@id\":\"https:\/\/anmp.pt\/areas-tematicas\/fundos-comunitarios\/portugal-2020-aurelia\/#breadcrumb\"},\"inLanguage\":\"en-US\",\"potentialAction\":[{\"@type\":\"ReadAction\",\"target\":[\"https:\/\/anmp.pt\/areas-tematicas\/fundos-comunitarios\/portugal-2020-aurelia\/\"]}]},{\"@type\":\"BreadcrumbList\",\"@id\":\"https:\/\/anmp.pt\/areas-tematicas\/fundos-comunitarios\/portugal-2020-aurelia\/#breadcrumb\",\"itemListElement\":[{\"@type\":\"ListItem\",\"position\":1,\"name\":\"In\u00edcio\",\"item\":\"https:\/\/anmp.pt\/\"},{\"@type\":\"ListItem\",\"position\":2,\"name\":\"\u00c1reas Tem\u00e1ticas\",\"item\":\"https:\/\/anmp.pt\/areas-tematicas\/\"},{\"@type\":\"ListItem\",\"position\":3,\"name\":\"Fundos Comunit\u00e1rios\",\"item\":\"https:\/\/anmp.pt\/areas-tematicas\/fundos-comunitarios\/\"},{\"@type\":\"ListItem\",\"position\":4,\"name\":\"Portugal 2020\"}]},{\"@type\":\"WebSite\",\"@id\":\"https:\/\/anmp.pt\/#website\",\"url\":\"https:\/\/anmp.pt\/\",\"name\":\"Associa\u00e7\u00e3o Nacional de Munic\u00edpios Portugueses\",\"description\":\"Portal Institucional\",\"publisher\":{\"@id\":\"https:\/\/anmp.pt\/#organization\"},\"potentialAction\":[{\"@type\":\"SearchAction\",\"target\":{\"@type\":\"EntryPoint\",\"urlTemplate\":\"https:\/\/anmp.pt\/?s={search_term_string}\"},\"query-input\":{\"@type\":\"PropertyValueSpecification\",\"valueRequired\":true,\"valueName\":\"search_term_string\"}}],\"inLanguage\":\"en-US\"},{\"@type\":\"Organization\",\"@id\":\"https:\/\/anmp.pt\/#organization\",\"name\":\"Associa\u00e7\u00e3o Nacional de Munic\u00edpios Portugueses\",\"url\":\"https:\/\/anmp.pt\/\",\"logo\":{\"@type\":\"ImageObject\",\"inLanguage\":\"en-US\",\"@id\":\"https:\/\/anmp.pt\/#\/schema\/logo\/image\/\",\"url\":\"https:\/\/anmp.pt\/wp-content\/uploads\/2020\/06\/logo980400.png\",\"contentUrl\":\"https:\/\/anmp.pt\/wp-content\/uploads\/2020\/06\/logo980400.png\",\"width\":980,\"height\":400,\"caption\":\"Associa\u00e7\u00e3o Nacional de Munic\u00edpios Portugueses\"},\"image\":{\"@id\":\"https:\/\/anmp.pt\/#\/schema\/logo\/image\/\"},\"sameAs\":[\"https:\/\/www.facebook.com\/ANMP.PT\"]}]}<\/script>\n<!-- \/ Yoast SEO plugin. -->","yoast_head_json":{"title":"[:pt]Portugal 2020[:] - Portal Institucional","robots":{"index":"index","follow":"follow","max-snippet":"max-snippet:-1","max-image-preview":"max-image-preview:large","max-video-preview":"max-video-preview:-1"},"canonical":"https:\/\/anmp.pt\/areas-tematicas\/fundos-comunitarios\/portugal-2020-aurelia\/","og_locale":"en_US","og_type":"article","og_title":"[:pt]Portugal 2020[:] - Portal Institucional","og_description":"Sorry, this entry is only available in Portugu\u00eas.No atual per\u00edodo de programa\u00e7\u00e3o (2014-2020), o nosso pa\u00eds beneficia de uma dota\u00e7\u00e3o global de cerca de 25 mil milh\u00f5es de euros no conjunto dos fundos. Este montante encontra-se distribu\u00eddo, em termos tem\u00e1ticos, por 4 grandes dom\u00ednios; em termos operacionais, em 16 Programas Operacionais (PO); e, em termos [&hellip;]","og_url":"https:\/\/anmp.pt\/areas-tematicas\/fundos-comunitarios\/portugal-2020-aurelia\/","og_site_name":"Portal Institucional","article_publisher":"https:\/\/www.facebook.com\/ANMP.PT","article_modified_time":"2020-07-29T09:25:45+00:00","twitter_card":"summary_large_image","schema":{"@context":"https:\/\/schema.org","@graph":[{"@type":"WebPage","@id":"https:\/\/anmp.pt\/areas-tematicas\/fundos-comunitarios\/portugal-2020-aurelia\/","url":"https:\/\/anmp.pt\/areas-tematicas\/fundos-comunitarios\/portugal-2020-aurelia\/","name":"[:pt]Portugal 2020[:] - Portal Institucional","isPartOf":{"@id":"https:\/\/anmp.pt\/#website"},"datePublished":"2020-06-08T10:52:07+00:00","dateModified":"2020-07-29T09:25:45+00:00","breadcrumb":{"@id":"https:\/\/anmp.pt\/areas-tematicas\/fundos-comunitarios\/portugal-2020-aurelia\/#breadcrumb"},"inLanguage":"en-US","potentialAction":[{"@type":"ReadAction","target":["https:\/\/anmp.pt\/areas-tematicas\/fundos-comunitarios\/portugal-2020-aurelia\/"]}]},{"@type":"BreadcrumbList","@id":"https:\/\/anmp.pt\/areas-tematicas\/fundos-comunitarios\/portugal-2020-aurelia\/#breadcrumb","itemListElement":[{"@type":"ListItem","position":1,"name":"In\u00edcio","item":"https:\/\/anmp.pt\/"},{"@type":"ListItem","position":2,"name":"\u00c1reas Tem\u00e1ticas","item":"https:\/\/anmp.pt\/areas-tematicas\/"},{"@type":"ListItem","position":3,"name":"Fundos Comunit\u00e1rios","item":"https:\/\/anmp.pt\/areas-tematicas\/fundos-comunitarios\/"},{"@type":"ListItem","position":4,"name":"Portugal 2020"}]},{"@type":"WebSite","@id":"https:\/\/anmp.pt\/#website","url":"https:\/\/anmp.pt\/","name":"Associa\u00e7\u00e3o Nacional de Munic\u00edpios Portugueses","description":"Portal Institucional","publisher":{"@id":"https:\/\/anmp.pt\/#organization"},"potentialAction":[{"@type":"SearchAction","target":{"@type":"EntryPoint","urlTemplate":"https:\/\/anmp.pt\/?s={search_term_string}"},"query-input":{"@type":"PropertyValueSpecification","valueRequired":true,"valueName":"search_term_string"}}],"inLanguage":"en-US"},{"@type":"Organization","@id":"https:\/\/anmp.pt\/#organization","name":"Associa\u00e7\u00e3o Nacional de Munic\u00edpios Portugueses","url":"https:\/\/anmp.pt\/","logo":{"@type":"ImageObject","inLanguage":"en-US","@id":"https:\/\/anmp.pt\/#\/schema\/logo\/image\/","url":"https:\/\/anmp.pt\/wp-content\/uploads\/2020\/06\/logo980400.png","contentUrl":"https:\/\/anmp.pt\/wp-content\/uploads\/2020\/06\/logo980400.png","width":980,"height":400,"caption":"Associa\u00e7\u00e3o Nacional de Munic\u00edpios Portugueses"},"image":{"@id":"https:\/\/anmp.pt\/#\/schema\/logo\/image\/"},"sameAs":["https:\/\/www.facebook.com\/ANMP.PT"]}]}},"_links":{"self":[{"href":"https:\/\/anmp.pt\/en\/wp-json\/wp\/v2\/pages\/22029","targetHints":{"allow":["GET"]}}],"collection":[{"href":"https:\/\/anmp.pt\/en\/wp-json\/wp\/v2\/pages"}],"about":[{"href":"https:\/\/anmp.pt\/en\/wp-json\/wp\/v2\/types\/page"}],"author":[{"embeddable":true,"href":"https:\/\/anmp.pt\/en\/wp-json\/wp\/v2\/users\/37"}],"replies":[{"embeddable":true,"href":"https:\/\/anmp.pt\/en\/wp-json\/wp\/v2\/comments?post=22029"}],"version-history":[{"count":0,"href":"https:\/\/anmp.pt\/en\/wp-json\/wp\/v2\/pages\/22029\/revisions"}],"up":[{"embeddable":true,"href":"https:\/\/anmp.pt\/en\/wp-json\/wp\/v2\/pages\/1781"}],"wp:attachment":[{"href":"https:\/\/anmp.pt\/en\/wp-json\/wp\/v2\/media?parent=22029"}],"curies":[{"name":"wp","href":"https:\/\/api.w.org\/{rel}","templated":true}]}}