{"id":25942,"date":"2020-09-09T17:32:06","date_gmt":"2020-09-09T16:32:06","guid":{"rendered":"https:\/\/www.anmp.pt\/?page_id=25942"},"modified":"2020-11-13T16:59:37","modified_gmt":"2020-11-13T16:59:37","slug":"afc-iframe","status":"publish","type":"page","link":"https:\/\/anmp.pt\/en\/afc-iframe\/","title":{"rendered":"(Portugu\u00eas) AFC iframe"},"content":{"rendered":"<p class=\"qtranxs-available-languages-message qtranxs-available-languages-message-en\">Sorry, this entry is only available in <a href=\"https:\/\/anmp.pt\/pt\/wp-json\/wp\/v2\/pages\/25942\" class=\"qtranxs-available-language-link qtranxs-available-language-link-pt\" title=\"Portugu\u00eas\">Portugu\u00eas<\/a>.<\/p><p><!-- In\u00edcio da inclus\u00e3o do iframe --><\/p>\n<div class=\"myDiv\" style=\"width: 600px; height: 375px; background-color: white;\" id=\"myContainer\">\n\t\t<iframe class=\"myIframe\" style=\"width: 100%; height: 100%; border: none;\" src=\"https:\/\/app.powerbi.com\/view?r=eyJrIjoiM2NlNTIyN2YtY2M3Ni00NTc1LWE1ZjYtOTFkMzYxMzJjOTg3IiwidCI6IjAwMzQzMzhhLWZkM2YtNDRmMC04MTZjLTQ3MjNhODE1MmU4ZSIsImMiOjl9&#038;filterPaneEnabled=false&#038;navContentPaneEnabled=false\"><\/iframe>\t\t<\/p>\n<p class=\"myP\" style=\"height: 10%; margin: 0%; background-color: white; transform: translateY(-111%);\" id=\"p\">\n<p>\t\t<button class=\"myExpand\" style=\"width: 5%; height: 50%; margin: 0% 0% 0% 93.1%; border: none; color: #666666; background-color: transparent; font-size: 14px; cursor: pointer; transform: translate(-21%, -102.5%);\" id=\"Expand\" onclick=\"toggleFullScreen()\"><b id=\"boldExpand\">&#038;#10530<\/b><\/button>\n\t<\/div>\n<p>\t<script type=\"text\/javascript\">\n\t\/* <![CDATA[ *\/\n\t\t  var doc = window.document;\n\t\t  var docEl = document.getElementById(\"myContainer\"); \n\t\t  var myP = document.getElementById(\"p\");\n\t\t  var E = document.getElementById(\"Expand\");\n\t\t  var logo = document.getElementById(\"boldExpand\");\n\t\t  var requestFullScreen = docEl.requestFullscreen || docEl.mozRequestFullScreen || docEl.webkitRequestFullScreen || docEl.msRequestFullscreen;\n\t\t  var cancelFullScreen = doc.exitFullscreen || doc.mozCancelFullScreen || doc.webkitExitFullscreen || doc.msExitFullscreen;\n\t\t  \n\t\t  document.addEventListener('fullscreenchange', exitHandler);\n\t\t  document.addEventListener('webkitfullscreenchange', exitHandler);\n\t\t  document.addEventListener('mozfullscreenchange', exitHandler);\n\t\t  document.addEventListener('MSFullscreenChange', exitHandler);\n\n\t\t  function exitHandler() {\n\t\t\tif (!document.fullscreenElement &#038;&#038; !document.webkitIsFullScreen &#038;&#038; !document.mozFullScreen &#038;&#038; !document.msFullscreenElement) {\n\t\t\t  myP.style.height = \"10%\";\n\t\t\t  E.style.marginLeft = \"91%\";\n\t\t\t  E.style.transform = \"translateY(-102.5%)\";\n\t\t\t  logo.innerHTML = \"&#038;#10530\";\n\t\t\t  logo.style.fontSize = \"14px\";\n\t\t\t} else {\n\t\t\t  myP.style.height = \"5%\";\n\t\t\t  E.style.marginLeft = \"87.3%\";\n\t\t\t  E.style.transform = \"translateY(-80%)\";\n\t\t\t  logo.innerHTML = \"&#038;#8601\";\n\t\t\t  logo.style.fontSize = \"35px\";\n\t\t\t}\n\t\t  }  \n\n\t\t  function toggleFullScreen() {\n\t\t\tif(!doc.fullscreenElement &#038;&#038; !doc.mozFullScreenElement &#038;&#038; !doc.webkitFullscreenElement &#038;&#038; !doc.msFullscreenElement) {\n\t\t\t  requestFullScreen.call(docEl);\n\t\t\t}\n\t\t\telse {\n\t\t\t  cancelFullScreen.call(doc);\n\t\t\t}\n\t\t  }\n\t\/* ]]> *\/\n\t<\/script><\/p>\n<p>\t<!-- <script> -->\n\t\t  <!-- var doc = window.document; -->\n\t\t  <!-- var docEl = document.getElementById(\"myContainer\");  -->\n\t\t  <!-- var myP = document.getElementById(\"p\"); -->\n\t\t  <!-- var E = document.getElementById(\"Expand\"); -->\n\t\t  <!-- var logo = document.getElementById(\"boldExpand\"); -->\n\t\t  <!-- var requestFullScreen = docEl.requestFullscreen || docEl.mozRequestFullScreen || docEl.webkitRequestFullScreen || docEl.msRequestFullscreen; -->\n\t\t  <!-- var cancelFullScreen = doc.exitFullscreen || doc.mozCancelFullScreen || doc.webkitExitFullscreen || doc.msExitFullscreen; --><\/p>\n<p>\t\t  <!-- document.addEventListener('fullscreenchange', exitHandler); -->\n\t\t  <!-- document.addEventListener('webkitfullscreenchange', exitHandler); -->\n\t\t  <!-- document.addEventListener('mozfullscreenchange', exitHandler); -->\n\t\t  <!-- document.addEventListener('MSFullscreenChange', exitHandler); --><\/p>\n<p>\t\t  <!-- function exitHandler() { -->\n\t\t\t<!-- if (!document.fullscreenElement && !document.webkitIsFullScreen && !document.mozFullScreen && !document.msFullscreenElement) { -->\n\t\t\t  <!-- myP.style.height = \"10%\"; -->\n\t\t\t  <!-- E.style.marginLeft = \"91%\"; -->\n\t\t\t  <!-- E.style.transform = \"translateY(-102.5%)\"; -->\n\t\t\t  <!-- logo.innerHTML = \"&#10530\"; -->\n\t\t\t  <!-- logo.style.fontSize = \"14px\"; -->\n\t\t\t<!-- } else { -->\n\t\t\t  <!-- myP.style.height = \"5%\"; -->\n\t\t\t  <!-- E.style.marginLeft = \"87.3%\"; -->\n\t\t\t  <!-- E.style.transform = \"translateY(-80%)\"; -->\n\t\t\t  <!-- logo.innerHTML = \"&#8601\"; -->\n\t\t\t  <!-- logo.style.fontSize = \"35px\"; -->\n\t\t\t<!-- } -->\n\t\t  <!-- }   --><\/p>\n<p>\t\t  <!-- function toggleFullScreen() { -->\n\t\t\t<!-- if(!doc.fullscreenElement && !doc.mozFullScreenElement && !doc.webkitFullscreenElement && !doc.msFullscreenElement) { -->\n\t\t\t  <!-- requestFullScreen.call(docEl); -->\n\t\t\t<!-- } -->\n\t\t\t<!-- else { -->\n\t\t\t  <!-- cancelFullScreen.call(doc); -->\n\t\t\t<!-- } -->\n\t\t  <!-- } -->\n\t<!-- <\/script> --><\/p>\n<p><!-- Fim da inclus\u00e3o do iframe --><\/p>","protected":false},"excerpt":{"rendered":"<p>Sorry, this entry is only available in Portugu\u00eas. &#038;#10530<\/p>\n","protected":false},"author":34,"featured_media":0,"parent":0,"menu_order":13,"comment_status":"closed","ping_status":"closed","template":"templates-map\/component-inteligent-mun-layout2.php","meta":{"_acf_changed":false,"_exactmetrics_skip_tracking":false,"_exactmetrics_sitenote_active":false,"_exactmetrics_sitenote_note":"","_exactmetrics_sitenote_category":0,"footnotes":""},"class_list":["post-25942","page","type-page","status-publish","hentry"],"acf":[],"yoast_head":"<!-- This site is optimized with the Yoast SEO plugin v23.9 - https:\/\/yoast.com\/wordpress\/plugins\/seo\/ -->\n<title><\/title>\n<meta name=\"robots\" content=\"index, follow, max-snippet:-1, max-image-preview:large, max-video-preview:-1\" \/>\n<link rel=\"canonical\" href=\"https:\/\/anmp.pt\/afc-iframe\/\" \/>\n<meta property=\"og:locale\" content=\"en_US\" \/>\n<meta property=\"og:type\" content=\"article\" \/>\n<meta property=\"og:title\" content=\"[:pt]AFC iframe[:] - Portal Institucional\" \/>\n<meta property=\"og:description\" content=\"Sorry, this entry is only available in Portugu\u00eas. &#038;#10530\" \/>\n<meta property=\"og:url\" content=\"https:\/\/anmp.pt\/afc-iframe\/\" \/>\n<meta property=\"og:site_name\" content=\"Portal Institucional\" \/>\n<meta property=\"article:publisher\" content=\"https:\/\/www.facebook.com\/ANMP.PT\" \/>\n<meta property=\"article:modified_time\" content=\"2020-11-13T16:59:37+00:00\" \/>\n<meta name=\"twitter:card\" content=\"summary_large_image\" \/>\n<script type=\"application\/ld+json\" class=\"yoast-schema-graph\">{\"@context\":\"https:\/\/schema.org\",\"@graph\":[{\"@type\":\"WebPage\",\"@id\":\"https:\/\/anmp.pt\/afc-iframe\/\",\"url\":\"https:\/\/anmp.pt\/afc-iframe\/\",\"name\":\"[:pt]AFC iframe[:] - Portal Institucional\",\"isPartOf\":{\"@id\":\"https:\/\/anmp.pt\/#website\"},\"datePublished\":\"2020-09-09T16:32:06+00:00\",\"dateModified\":\"2020-11-13T16:59:37+00:00\",\"breadcrumb\":{\"@id\":\"https:\/\/anmp.pt\/afc-iframe\/#breadcrumb\"},\"inLanguage\":\"en-US\",\"potentialAction\":[{\"@type\":\"ReadAction\",\"target\":[\"https:\/\/anmp.pt\/afc-iframe\/\"]}]},{\"@type\":\"BreadcrumbList\",\"@id\":\"https:\/\/anmp.pt\/afc-iframe\/#breadcrumb\",\"itemListElement\":[{\"@type\":\"ListItem\",\"position\":1,\"name\":\"In\u00edcio\",\"item\":\"https:\/\/anmp.pt\/\"},{\"@type\":\"ListItem\",\"position\":2,\"name\":\"AFC iframe\"}]},{\"@type\":\"WebSite\",\"@id\":\"https:\/\/anmp.pt\/#website\",\"url\":\"https:\/\/anmp.pt\/\",\"name\":\"Associa\u00e7\u00e3o Nacional de Munic\u00edpios Portugueses\",\"description\":\"Portal Institucional\",\"publisher\":{\"@id\":\"https:\/\/anmp.pt\/#organization\"},\"potentialAction\":[{\"@type\":\"SearchAction\",\"target\":{\"@type\":\"EntryPoint\",\"urlTemplate\":\"https:\/\/anmp.pt\/?s={search_term_string}\"},\"query-input\":{\"@type\":\"PropertyValueSpecification\",\"valueRequired\":true,\"valueName\":\"search_term_string\"}}],\"inLanguage\":\"en-US\"},{\"@type\":\"Organization\",\"@id\":\"https:\/\/anmp.pt\/#organization\",\"name\":\"Associa\u00e7\u00e3o Nacional de Munic\u00edpios Portugueses\",\"url\":\"https:\/\/anmp.pt\/\",\"logo\":{\"@type\":\"ImageObject\",\"inLanguage\":\"en-US\",\"@id\":\"https:\/\/anmp.pt\/#\/schema\/logo\/image\/\",\"url\":\"https:\/\/anmp.pt\/wp-content\/uploads\/2020\/06\/logo980400.png\",\"contentUrl\":\"https:\/\/anmp.pt\/wp-content\/uploads\/2020\/06\/logo980400.png\",\"width\":980,\"height\":400,\"caption\":\"Associa\u00e7\u00e3o Nacional de Munic\u00edpios Portugueses\"},\"image\":{\"@id\":\"https:\/\/anmp.pt\/#\/schema\/logo\/image\/\"},\"sameAs\":[\"https:\/\/www.facebook.com\/ANMP.PT\"]}]}<\/script>\n<!-- \/ Yoast SEO plugin. -->","yoast_head_json":{"title":"[:pt]AFC iframe[:] - Portal Institucional","robots":{"index":"index","follow":"follow","max-snippet":"max-snippet:-1","max-image-preview":"max-image-preview:large","max-video-preview":"max-video-preview:-1"},"canonical":"https:\/\/anmp.pt\/afc-iframe\/","og_locale":"en_US","og_type":"article","og_title":"[:pt]AFC iframe[:] - Portal Institucional","og_description":"Sorry, this entry is only available in Portugu\u00eas. &#038;#10530","og_url":"https:\/\/anmp.pt\/afc-iframe\/","og_site_name":"Portal Institucional","article_publisher":"https:\/\/www.facebook.com\/ANMP.PT","article_modified_time":"2020-11-13T16:59:37+00:00","twitter_card":"summary_large_image","schema":{"@context":"https:\/\/schema.org","@graph":[{"@type":"WebPage","@id":"https:\/\/anmp.pt\/afc-iframe\/","url":"https:\/\/anmp.pt\/afc-iframe\/","name":"[:pt]AFC iframe[:] - Portal Institucional","isPartOf":{"@id":"https:\/\/anmp.pt\/#website"},"datePublished":"2020-09-09T16:32:06+00:00","dateModified":"2020-11-13T16:59:37+00:00","breadcrumb":{"@id":"https:\/\/anmp.pt\/afc-iframe\/#breadcrumb"},"inLanguage":"en-US","potentialAction":[{"@type":"ReadAction","target":["https:\/\/anmp.pt\/afc-iframe\/"]}]},{"@type":"BreadcrumbList","@id":"https:\/\/anmp.pt\/afc-iframe\/#breadcrumb","itemListElement":[{"@type":"ListItem","position":1,"name":"In\u00edcio","item":"https:\/\/anmp.pt\/"},{"@type":"ListItem","position":2,"name":"AFC iframe"}]},{"@type":"WebSite","@id":"https:\/\/anmp.pt\/#website","url":"https:\/\/anmp.pt\/","name":"Associa\u00e7\u00e3o Nacional de Munic\u00edpios Portugueses","description":"Portal Institucional","publisher":{"@id":"https:\/\/anmp.pt\/#organization"},"potentialAction":[{"@type":"SearchAction","target":{"@type":"EntryPoint","urlTemplate":"https:\/\/anmp.pt\/?s={search_term_string}"},"query-input":{"@type":"PropertyValueSpecification","valueRequired":true,"valueName":"search_term_string"}}],"inLanguage":"en-US"},{"@type":"Organization","@id":"https:\/\/anmp.pt\/#organization","name":"Associa\u00e7\u00e3o Nacional de Munic\u00edpios Portugueses","url":"https:\/\/anmp.pt\/","logo":{"@type":"ImageObject","inLanguage":"en-US","@id":"https:\/\/anmp.pt\/#\/schema\/logo\/image\/","url":"https:\/\/anmp.pt\/wp-content\/uploads\/2020\/06\/logo980400.png","contentUrl":"https:\/\/anmp.pt\/wp-content\/uploads\/2020\/06\/logo980400.png","width":980,"height":400,"caption":"Associa\u00e7\u00e3o Nacional de Munic\u00edpios Portugueses"},"image":{"@id":"https:\/\/anmp.pt\/#\/schema\/logo\/image\/"},"sameAs":["https:\/\/www.facebook.com\/ANMP.PT"]}]}},"_links":{"self":[{"href":"https:\/\/anmp.pt\/en\/wp-json\/wp\/v2\/pages\/25942","targetHints":{"allow":["GET"]}}],"collection":[{"href":"https:\/\/anmp.pt\/en\/wp-json\/wp\/v2\/pages"}],"about":[{"href":"https:\/\/anmp.pt\/en\/wp-json\/wp\/v2\/types\/page"}],"author":[{"embeddable":true,"href":"https:\/\/anmp.pt\/en\/wp-json\/wp\/v2\/users\/34"}],"replies":[{"embeddable":true,"href":"https:\/\/anmp.pt\/en\/wp-json\/wp\/v2\/comments?post=25942"}],"version-history":[{"count":0,"href":"https:\/\/anmp.pt\/en\/wp-json\/wp\/v2\/pages\/25942\/revisions"}],"wp:attachment":[{"href":"https:\/\/anmp.pt\/en\/wp-json\/wp\/v2\/media?parent=25942"}],"curies":[{"name":"wp","href":"https:\/\/api.w.org\/{rel}","templated":true}]}}