{"id":26362,"date":"2020-09-18T11:44:42","date_gmt":"2020-09-18T10:44:42","guid":{"rendered":"https:\/\/www.anmp.pt\/?page_id=26362"},"modified":"2020-09-18T11:45:14","modified_gmt":"2020-09-18T10:45:14","slug":"inquerito2008","status":"publish","type":"page","link":"https:\/\/anmp.pt\/en\/inquerito\/transferencia-de-competencias\/inquerito2008\/","title":{"rendered":"(Portugu\u00eas) Inqu\u00e9rito \u2013 Acompanhamento do processo de transfer\u00eancia de compet\u00eancias para os munic\u00edpios | 08"},"content":{"rendered":"<p class=\"qtranxs-available-languages-message qtranxs-available-languages-message-en\">Sorry, this entry is only available in <a href=\"https:\/\/anmp.pt\/pt\/wp-json\/wp\/v2\/pages\/26362\" class=\"qtranxs-available-language-link qtranxs-available-language-link-pt\" title=\"Portugu\u00eas\">Portugu\u00eas<\/a>.<\/p><p><\/p>\n<h2>\u00c1REAS PORTU\u00c1RIO-MAR\u00cdTIMAS e \u00e1reas urbanas de desenvolvimento tur\u00edstico e econ\u00f3mico n\u00e3o afetas \u00e0 atividade portu\u00e1ria (DL 72\/2019, de 28\/05)<\/h2>\n<h4>Inqu\u00e9rito on line \u2013 setembro 2020<\/h4>\n<p><\/p>","protected":false},"excerpt":{"rendered":"<p>Sorry, this entry is only available in Portugu\u00eas. \u00c1REAS PORTU\u00c1RIO-MAR\u00cdTIMAS e \u00e1reas urbanas de desenvolvimento tur\u00edstico e econ\u00f3mico n\u00e3o afetas \u00e0 atividade portu\u00e1ria (DL 72\/2019, de 28\/05) Inqu\u00e9rito on line \u2013 setembro 2020<\/p>\n","protected":false},"author":34,"featured_media":0,"parent":26306,"menu_order":96,"comment_status":"closed","ping_status":"closed","template":"templates-map\/component-form-layout1.php","meta":{"_acf_changed":false,"_exactmetrics_skip_tracking":false,"_exactmetrics_sitenote_active":false,"_exactmetrics_sitenote_note":"","_exactmetrics_sitenote_category":0,"footnotes":""},"class_list":["post-26362","page","type-page","status-publish","hentry"],"acf":[],"yoast_head":"<!-- This site is optimized with the Yoast SEO plugin v23.9 - https:\/\/yoast.com\/wordpress\/plugins\/seo\/ -->\n<title><\/title>\n<meta name=\"robots\" content=\"index, follow, max-snippet:-1, max-image-preview:large, max-video-preview:-1\" \/>\n<link rel=\"canonical\" href=\"https:\/\/anmp.pt\/inquerito\/transferencia-de-competencias\/inquerito2008\/\" \/>\n<meta property=\"og:locale\" content=\"en_US\" \/>\n<meta property=\"og:type\" content=\"article\" \/>\n<meta property=\"og:title\" content=\"[:pt]Inqu\u00e9rito \u2013 Acompanhamento do processo de transfer\u00eancia de compet\u00eancias para os munic\u00edpios | 08[:] - Portal Institucional\" \/>\n<meta property=\"og:description\" content=\"Sorry, this entry is only available in Portugu\u00eas. \u00c1REAS PORTU\u00c1RIO-MAR\u00cdTIMAS e \u00e1reas urbanas de desenvolvimento tur\u00edstico e econ\u00f3mico n\u00e3o afetas \u00e0 atividade portu\u00e1ria (DL 72\/2019, de 28\/05) Inqu\u00e9rito on line \u2013 setembro 2020\" \/>\n<meta property=\"og:url\" content=\"https:\/\/anmp.pt\/inquerito\/transferencia-de-competencias\/inquerito2008\/\" \/>\n<meta property=\"og:site_name\" content=\"Portal Institucional\" \/>\n<meta property=\"article:publisher\" content=\"https:\/\/www.facebook.com\/ANMP.PT\" \/>\n<meta property=\"article:modified_time\" content=\"2020-09-18T10:45:14+00:00\" \/>\n<meta name=\"twitter:card\" content=\"summary_large_image\" \/>\n<script type=\"application\/ld+json\" class=\"yoast-schema-graph\">{\"@context\":\"https:\/\/schema.org\",\"@graph\":[{\"@type\":\"WebPage\",\"@id\":\"https:\/\/anmp.pt\/inquerito\/transferencia-de-competencias\/inquerito2008\/\",\"url\":\"https:\/\/anmp.pt\/inquerito\/transferencia-de-competencias\/inquerito2008\/\",\"name\":\"[:pt]Inqu\u00e9rito \u2013 Acompanhamento do processo de transfer\u00eancia de compet\u00eancias para os munic\u00edpios | 08[:] - Portal Institucional\",\"isPartOf\":{\"@id\":\"https:\/\/anmp.pt\/#website\"},\"datePublished\":\"2020-09-18T10:44:42+00:00\",\"dateModified\":\"2020-09-18T10:45:14+00:00\",\"breadcrumb\":{\"@id\":\"https:\/\/anmp.pt\/inquerito\/transferencia-de-competencias\/inquerito2008\/#breadcrumb\"},\"inLanguage\":\"en-US\",\"potentialAction\":[{\"@type\":\"ReadAction\",\"target\":[\"https:\/\/anmp.pt\/inquerito\/transferencia-de-competencias\/inquerito2008\/\"]}]},{\"@type\":\"BreadcrumbList\",\"@id\":\"https:\/\/anmp.pt\/inquerito\/transferencia-de-competencias\/inquerito2008\/#breadcrumb\",\"itemListElement\":[{\"@type\":\"ListItem\",\"position\":1,\"name\":\"In\u00edcio\",\"item\":\"https:\/\/anmp.pt\/\"},{\"@type\":\"ListItem\",\"position\":2,\"name\":\"Inquerito\",\"item\":\"https:\/\/anmp.pt\/inquerito\/\"},{\"@type\":\"ListItem\",\"position\":3,\"name\":\"Transfer\u00eancia de compet\u00eancias\",\"item\":\"https:\/\/anmp.pt\/inquerito\/transferencia-de-competencias\/\"},{\"@type\":\"ListItem\",\"position\":4,\"name\":\"Inqu\u00e9rito \u2013 Acompanhamento do processo de transfer\u00eancia de compet\u00eancias para os munic\u00edpios | 08\"}]},{\"@type\":\"WebSite\",\"@id\":\"https:\/\/anmp.pt\/#website\",\"url\":\"https:\/\/anmp.pt\/\",\"name\":\"Associa\u00e7\u00e3o Nacional de Munic\u00edpios Portugueses\",\"description\":\"Portal Institucional\",\"publisher\":{\"@id\":\"https:\/\/anmp.pt\/#organization\"},\"potentialAction\":[{\"@type\":\"SearchAction\",\"target\":{\"@type\":\"EntryPoint\",\"urlTemplate\":\"https:\/\/anmp.pt\/?s={search_term_string}\"},\"query-input\":{\"@type\":\"PropertyValueSpecification\",\"valueRequired\":true,\"valueName\":\"search_term_string\"}}],\"inLanguage\":\"en-US\"},{\"@type\":\"Organization\",\"@id\":\"https:\/\/anmp.pt\/#organization\",\"name\":\"Associa\u00e7\u00e3o Nacional de Munic\u00edpios Portugueses\",\"url\":\"https:\/\/anmp.pt\/\",\"logo\":{\"@type\":\"ImageObject\",\"inLanguage\":\"en-US\",\"@id\":\"https:\/\/anmp.pt\/#\/schema\/logo\/image\/\",\"url\":\"https:\/\/anmp.pt\/wp-content\/uploads\/2020\/06\/logo980400.png\",\"contentUrl\":\"https:\/\/anmp.pt\/wp-content\/uploads\/2020\/06\/logo980400.png\",\"width\":980,\"height\":400,\"caption\":\"Associa\u00e7\u00e3o Nacional de Munic\u00edpios Portugueses\"},\"image\":{\"@id\":\"https:\/\/anmp.pt\/#\/schema\/logo\/image\/\"},\"sameAs\":[\"https:\/\/www.facebook.com\/ANMP.PT\"]}]}<\/script>\n<!-- \/ Yoast SEO plugin. -->","yoast_head_json":{"title":"[:pt]Inqu\u00e9rito \u2013 Acompanhamento do processo de transfer\u00eancia de compet\u00eancias para os munic\u00edpios | 08[:] - Portal Institucional","robots":{"index":"index","follow":"follow","max-snippet":"max-snippet:-1","max-image-preview":"max-image-preview:large","max-video-preview":"max-video-preview:-1"},"canonical":"https:\/\/anmp.pt\/inquerito\/transferencia-de-competencias\/inquerito2008\/","og_locale":"en_US","og_type":"article","og_title":"[:pt]Inqu\u00e9rito \u2013 Acompanhamento do processo de transfer\u00eancia de compet\u00eancias para os munic\u00edpios | 08[:] - Portal Institucional","og_description":"Sorry, this entry is only available in Portugu\u00eas. \u00c1REAS PORTU\u00c1RIO-MAR\u00cdTIMAS e \u00e1reas urbanas de desenvolvimento tur\u00edstico e econ\u00f3mico n\u00e3o afetas \u00e0 atividade portu\u00e1ria (DL 72\/2019, de 28\/05) Inqu\u00e9rito on line \u2013 setembro 2020","og_url":"https:\/\/anmp.pt\/inquerito\/transferencia-de-competencias\/inquerito2008\/","og_site_name":"Portal Institucional","article_publisher":"https:\/\/www.facebook.com\/ANMP.PT","article_modified_time":"2020-09-18T10:45:14+00:00","twitter_card":"summary_large_image","schema":{"@context":"https:\/\/schema.org","@graph":[{"@type":"WebPage","@id":"https:\/\/anmp.pt\/inquerito\/transferencia-de-competencias\/inquerito2008\/","url":"https:\/\/anmp.pt\/inquerito\/transferencia-de-competencias\/inquerito2008\/","name":"[:pt]Inqu\u00e9rito \u2013 Acompanhamento do processo de transfer\u00eancia de compet\u00eancias para os munic\u00edpios | 08[:] - Portal Institucional","isPartOf":{"@id":"https:\/\/anmp.pt\/#website"},"datePublished":"2020-09-18T10:44:42+00:00","dateModified":"2020-09-18T10:45:14+00:00","breadcrumb":{"@id":"https:\/\/anmp.pt\/inquerito\/transferencia-de-competencias\/inquerito2008\/#breadcrumb"},"inLanguage":"en-US","potentialAction":[{"@type":"ReadAction","target":["https:\/\/anmp.pt\/inquerito\/transferencia-de-competencias\/inquerito2008\/"]}]},{"@type":"BreadcrumbList","@id":"https:\/\/anmp.pt\/inquerito\/transferencia-de-competencias\/inquerito2008\/#breadcrumb","itemListElement":[{"@type":"ListItem","position":1,"name":"In\u00edcio","item":"https:\/\/anmp.pt\/"},{"@type":"ListItem","position":2,"name":"Inquerito","item":"https:\/\/anmp.pt\/inquerito\/"},{"@type":"ListItem","position":3,"name":"Transfer\u00eancia de compet\u00eancias","item":"https:\/\/anmp.pt\/inquerito\/transferencia-de-competencias\/"},{"@type":"ListItem","position":4,"name":"Inqu\u00e9rito \u2013 Acompanhamento do processo de transfer\u00eancia de compet\u00eancias para os munic\u00edpios | 08"}]},{"@type":"WebSite","@id":"https:\/\/anmp.pt\/#website","url":"https:\/\/anmp.pt\/","name":"Associa\u00e7\u00e3o Nacional de Munic\u00edpios Portugueses","description":"Portal Institucional","publisher":{"@id":"https:\/\/anmp.pt\/#organization"},"potentialAction":[{"@type":"SearchAction","target":{"@type":"EntryPoint","urlTemplate":"https:\/\/anmp.pt\/?s={search_term_string}"},"query-input":{"@type":"PropertyValueSpecification","valueRequired":true,"valueName":"search_term_string"}}],"inLanguage":"en-US"},{"@type":"Organization","@id":"https:\/\/anmp.pt\/#organization","name":"Associa\u00e7\u00e3o Nacional de Munic\u00edpios Portugueses","url":"https:\/\/anmp.pt\/","logo":{"@type":"ImageObject","inLanguage":"en-US","@id":"https:\/\/anmp.pt\/#\/schema\/logo\/image\/","url":"https:\/\/anmp.pt\/wp-content\/uploads\/2020\/06\/logo980400.png","contentUrl":"https:\/\/anmp.pt\/wp-content\/uploads\/2020\/06\/logo980400.png","width":980,"height":400,"caption":"Associa\u00e7\u00e3o Nacional de Munic\u00edpios Portugueses"},"image":{"@id":"https:\/\/anmp.pt\/#\/schema\/logo\/image\/"},"sameAs":["https:\/\/www.facebook.com\/ANMP.PT"]}]}},"_links":{"self":[{"href":"https:\/\/anmp.pt\/en\/wp-json\/wp\/v2\/pages\/26362","targetHints":{"allow":["GET"]}}],"collection":[{"href":"https:\/\/anmp.pt\/en\/wp-json\/wp\/v2\/pages"}],"about":[{"href":"https:\/\/anmp.pt\/en\/wp-json\/wp\/v2\/types\/page"}],"author":[{"embeddable":true,"href":"https:\/\/anmp.pt\/en\/wp-json\/wp\/v2\/users\/34"}],"replies":[{"embeddable":true,"href":"https:\/\/anmp.pt\/en\/wp-json\/wp\/v2\/comments?post=26362"}],"version-history":[{"count":0,"href":"https:\/\/anmp.pt\/en\/wp-json\/wp\/v2\/pages\/26362\/revisions"}],"up":[{"embeddable":true,"href":"https:\/\/anmp.pt\/en\/wp-json\/wp\/v2\/pages\/26306"}],"wp:attachment":[{"href":"https:\/\/anmp.pt\/en\/wp-json\/wp\/v2\/media?parent=26362"}],"curies":[{"name":"wp","href":"https:\/\/api.w.org\/{rel}","templated":true}]}}