{"id":30714,"date":"2020-10-28T17:30:46","date_gmt":"2020-10-28T17:30:46","guid":{"rendered":"https:\/\/www.anmp.pt\/?page_id=30714"},"modified":"2020-10-29T14:59:36","modified_gmt":"2020-10-29T14:59:36","slug":"dashboard-com-indicadores-pgi","status":"publish","type":"page","link":"https:\/\/anmp.pt\/en\/municipios-inteligentes\/resultados\/dashboard-com-indicadores-pgi\/","title":{"rendered":"(Portugu\u00eas) Dashboard com indicadores de Plataforma de Gest\u00e3o de Informa\u00e7\u00e3o (PGI)"},"content":{"rendered":"<p class=\"qtranxs-available-languages-message qtranxs-available-languages-message-en\">Sorry, this entry is only available in <a href=\"https:\/\/anmp.pt\/pt\/wp-json\/wp\/v2\/pages\/30714\" class=\"qtranxs-available-language-link qtranxs-available-language-link-pt\" title=\"Portugu\u00eas\">Portugu\u00eas<\/a>.<\/p><p><\/p>\n<p style=\"text-align: justify;\">A constru\u00e7\u00e3o do modelo da PGI, em contexto real, deve ser <strong>adaptada \u00e0s necessidades de cada munic\u00edpio<\/strong>, envolvendo para o efeito todas as entidades que produzam dados de interesse para o pr\u00f3prio munic\u00edpio.<\/p>\n<p style=\"text-align: justify;\">As principais camadas existentes na plataforma s\u00e3o o territ\u00f3rio, as infraestruturas, os servi\u00e7os e a comunidade. Partindo desta base, devem ser identificadas em detalhe todas as componentes relevantes e organizadas de forma a que possa haver um m\u00e1ximo de interoperabilidade na informa\u00e7\u00e3o que \u00e9 gerada.<\/p>\n<p style=\"text-align: justify;\">No \u00e2mbito do projeto, <strong>foi elaborado um <em>dashboard<\/em> interativo com todos os indicadores, organizados por dom\u00ednios, bem como as diferentes rela\u00e7\u00f5es e associa\u00e7\u00f5es entre si<\/strong>. Este trabalho teve por base a Norma Portuguesa NP ISO 37120\/2017, que procura tornar os indicadores de desempenho dos munic\u00edpios normalizados, consistentes e compar\u00e1veis ao longo do tempo e entre territ\u00f3rios.<\/p>\n<p style=\"text-align: justify;\">Para facilitar a interpreta\u00e7\u00e3o dos diagramas, existem algumas <strong>considera\u00e7\u00f5es a ter em conta<\/strong>:<\/p>\n<ul>\n<li style=\"text-align: justify;\">O tamanho de cada dom\u00ednio est\u00e1 diretamente relacionado com o n\u00famero de indicadores que pertencem a esse dom\u00ednio e que t\u00eam liga\u00e7\u00f5es a outros;<\/li>\n<li style=\"text-align: justify;\">A dimens\u00e3o de cada liga\u00e7\u00e3o \u00e9 ponderada de acordo com o n\u00famero de indicadores que liga os diferentes dom\u00ednios;<\/li>\n<li style=\"text-align: justify;\">Existem indicadores que apenas est\u00e3o associados ao dom\u00ednio base, n\u00e3o afetando nenhum outro dom\u00ednio. Uma vez que este \u00e9 um modelo associativo entre dom\u00ednios, estes indicadores n\u00e3o influenciam o diagrama de cordas;<\/li>\n<li style=\"text-align: justify;\">Os diagramas s\u00e3o direcionais, tendo por base o dom\u00ednio que est\u00e1 a ser caraterizado.<\/li>\n<\/ul>\n<p>:: <a href=\"https:\/\/www.anmp.pt\/anmp\/municipios-inteligentes\/ANMP-MMI-ModeloTeorico-PGI.html\" target=\"_blank\" rel=\"noopener\">Dashboard interativo<\/a><\/p>","protected":false},"excerpt":{"rendered":"<p>Sorry, this entry is only available in Portugu\u00eas. A constru\u00e7\u00e3o do modelo da PGI, em contexto real, deve ser adaptada \u00e0s necessidades de cada munic\u00edpio, envolvendo para o efeito todas as entidades que produzam dados de interesse para o pr\u00f3prio munic\u00edpio. As principais camadas existentes na plataforma s\u00e3o o territ\u00f3rio, as infraestruturas, os servi\u00e7os e [&hellip;]<\/p>\n","protected":false},"author":34,"featured_media":0,"parent":10974,"menu_order":64,"comment_status":"closed","ping_status":"closed","template":"templates-map\/component-inteligent-mun-layout2.php","meta":{"_acf_changed":false,"_exactmetrics_skip_tracking":false,"_exactmetrics_sitenote_active":false,"_exactmetrics_sitenote_note":"","_exactmetrics_sitenote_category":0,"footnotes":""},"class_list":["post-30714","page","type-page","status-publish","hentry"],"acf":[],"yoast_head":"<!-- This site is optimized with the Yoast SEO plugin v23.9 - https:\/\/yoast.com\/wordpress\/plugins\/seo\/ -->\n<title><\/title>\n<meta name=\"robots\" content=\"index, follow, max-snippet:-1, max-image-preview:large, max-video-preview:-1\" \/>\n<link rel=\"canonical\" href=\"https:\/\/anmp.pt\/municipios-inteligentes\/resultados\/dashboard-com-indicadores-pgi\/\" \/>\n<meta property=\"og:locale\" content=\"en_US\" \/>\n<meta property=\"og:type\" content=\"article\" \/>\n<meta property=\"og:title\" content=\"[:pt]Dashboard com indicadores de Plataforma de Gest\u00e3o de Informa\u00e7\u00e3o (PGI)[:] - Portal Institucional\" \/>\n<meta property=\"og:description\" content=\"Sorry, this entry is only available in Portugu\u00eas. A constru\u00e7\u00e3o do modelo da PGI, em contexto real, deve ser adaptada \u00e0s necessidades de cada munic\u00edpio, envolvendo para o efeito todas as entidades que produzam dados de interesse para o pr\u00f3prio munic\u00edpio. As principais camadas existentes na plataforma s\u00e3o o territ\u00f3rio, as infraestruturas, os servi\u00e7os e [&hellip;]\" \/>\n<meta property=\"og:url\" content=\"https:\/\/anmp.pt\/municipios-inteligentes\/resultados\/dashboard-com-indicadores-pgi\/\" \/>\n<meta property=\"og:site_name\" content=\"Portal Institucional\" \/>\n<meta property=\"article:publisher\" content=\"https:\/\/www.facebook.com\/ANMP.PT\" \/>\n<meta property=\"article:modified_time\" content=\"2020-10-29T14:59:36+00:00\" \/>\n<meta name=\"twitter:card\" content=\"summary_large_image\" \/>\n<script type=\"application\/ld+json\" class=\"yoast-schema-graph\">{\"@context\":\"https:\/\/schema.org\",\"@graph\":[{\"@type\":\"WebPage\",\"@id\":\"https:\/\/anmp.pt\/municipios-inteligentes\/resultados\/dashboard-com-indicadores-pgi\/\",\"url\":\"https:\/\/anmp.pt\/municipios-inteligentes\/resultados\/dashboard-com-indicadores-pgi\/\",\"name\":\"[:pt]Dashboard com indicadores de Plataforma de Gest\u00e3o de Informa\u00e7\u00e3o (PGI)[:] - Portal Institucional\",\"isPartOf\":{\"@id\":\"https:\/\/anmp.pt\/#website\"},\"datePublished\":\"2020-10-28T17:30:46+00:00\",\"dateModified\":\"2020-10-29T14:59:36+00:00\",\"breadcrumb\":{\"@id\":\"https:\/\/anmp.pt\/municipios-inteligentes\/resultados\/dashboard-com-indicadores-pgi\/#breadcrumb\"},\"inLanguage\":\"en-US\",\"potentialAction\":[{\"@type\":\"ReadAction\",\"target\":[\"https:\/\/anmp.pt\/municipios-inteligentes\/resultados\/dashboard-com-indicadores-pgi\/\"]}]},{\"@type\":\"BreadcrumbList\",\"@id\":\"https:\/\/anmp.pt\/municipios-inteligentes\/resultados\/dashboard-com-indicadores-pgi\/#breadcrumb\",\"itemListElement\":[{\"@type\":\"ListItem\",\"position\":1,\"name\":\"In\u00edcio\",\"item\":\"https:\/\/anmp.pt\/\"},{\"@type\":\"ListItem\",\"position\":2,\"name\":\"Munic\u00edpios + inteligentes\",\"item\":\"https:\/\/anmp.pt\/municipios-inteligentes\/\"},{\"@type\":\"ListItem\",\"position\":3,\"name\":\"Resultados\",\"item\":\"https:\/\/anmp.pt\/municipios-inteligentes\/resultados\/\"},{\"@type\":\"ListItem\",\"position\":4,\"name\":\"Dashboard com indicadores de Plataforma de Gest\u00e3o de Informa\u00e7\u00e3o (PGI)\"}]},{\"@type\":\"WebSite\",\"@id\":\"https:\/\/anmp.pt\/#website\",\"url\":\"https:\/\/anmp.pt\/\",\"name\":\"Associa\u00e7\u00e3o Nacional de Munic\u00edpios Portugueses\",\"description\":\"Portal Institucional\",\"publisher\":{\"@id\":\"https:\/\/anmp.pt\/#organization\"},\"potentialAction\":[{\"@type\":\"SearchAction\",\"target\":{\"@type\":\"EntryPoint\",\"urlTemplate\":\"https:\/\/anmp.pt\/?s={search_term_string}\"},\"query-input\":{\"@type\":\"PropertyValueSpecification\",\"valueRequired\":true,\"valueName\":\"search_term_string\"}}],\"inLanguage\":\"en-US\"},{\"@type\":\"Organization\",\"@id\":\"https:\/\/anmp.pt\/#organization\",\"name\":\"Associa\u00e7\u00e3o Nacional de Munic\u00edpios Portugueses\",\"url\":\"https:\/\/anmp.pt\/\",\"logo\":{\"@type\":\"ImageObject\",\"inLanguage\":\"en-US\",\"@id\":\"https:\/\/anmp.pt\/#\/schema\/logo\/image\/\",\"url\":\"https:\/\/anmp.pt\/wp-content\/uploads\/2020\/06\/logo980400.png\",\"contentUrl\":\"https:\/\/anmp.pt\/wp-content\/uploads\/2020\/06\/logo980400.png\",\"width\":980,\"height\":400,\"caption\":\"Associa\u00e7\u00e3o Nacional de Munic\u00edpios Portugueses\"},\"image\":{\"@id\":\"https:\/\/anmp.pt\/#\/schema\/logo\/image\/\"},\"sameAs\":[\"https:\/\/www.facebook.com\/ANMP.PT\"]}]}<\/script>\n<!-- \/ Yoast SEO plugin. -->","yoast_head_json":{"title":"[:pt]Dashboard com indicadores de Plataforma de Gest\u00e3o de Informa\u00e7\u00e3o (PGI)[:] - Portal Institucional","robots":{"index":"index","follow":"follow","max-snippet":"max-snippet:-1","max-image-preview":"max-image-preview:large","max-video-preview":"max-video-preview:-1"},"canonical":"https:\/\/anmp.pt\/municipios-inteligentes\/resultados\/dashboard-com-indicadores-pgi\/","og_locale":"en_US","og_type":"article","og_title":"[:pt]Dashboard com indicadores de Plataforma de Gest\u00e3o de Informa\u00e7\u00e3o (PGI)[:] - Portal Institucional","og_description":"Sorry, this entry is only available in Portugu\u00eas. A constru\u00e7\u00e3o do modelo da PGI, em contexto real, deve ser adaptada \u00e0s necessidades de cada munic\u00edpio, envolvendo para o efeito todas as entidades que produzam dados de interesse para o pr\u00f3prio munic\u00edpio. As principais camadas existentes na plataforma s\u00e3o o territ\u00f3rio, as infraestruturas, os servi\u00e7os e [&hellip;]","og_url":"https:\/\/anmp.pt\/municipios-inteligentes\/resultados\/dashboard-com-indicadores-pgi\/","og_site_name":"Portal Institucional","article_publisher":"https:\/\/www.facebook.com\/ANMP.PT","article_modified_time":"2020-10-29T14:59:36+00:00","twitter_card":"summary_large_image","schema":{"@context":"https:\/\/schema.org","@graph":[{"@type":"WebPage","@id":"https:\/\/anmp.pt\/municipios-inteligentes\/resultados\/dashboard-com-indicadores-pgi\/","url":"https:\/\/anmp.pt\/municipios-inteligentes\/resultados\/dashboard-com-indicadores-pgi\/","name":"[:pt]Dashboard com indicadores de Plataforma de Gest\u00e3o de Informa\u00e7\u00e3o (PGI)[:] - Portal Institucional","isPartOf":{"@id":"https:\/\/anmp.pt\/#website"},"datePublished":"2020-10-28T17:30:46+00:00","dateModified":"2020-10-29T14:59:36+00:00","breadcrumb":{"@id":"https:\/\/anmp.pt\/municipios-inteligentes\/resultados\/dashboard-com-indicadores-pgi\/#breadcrumb"},"inLanguage":"en-US","potentialAction":[{"@type":"ReadAction","target":["https:\/\/anmp.pt\/municipios-inteligentes\/resultados\/dashboard-com-indicadores-pgi\/"]}]},{"@type":"BreadcrumbList","@id":"https:\/\/anmp.pt\/municipios-inteligentes\/resultados\/dashboard-com-indicadores-pgi\/#breadcrumb","itemListElement":[{"@type":"ListItem","position":1,"name":"In\u00edcio","item":"https:\/\/anmp.pt\/"},{"@type":"ListItem","position":2,"name":"Munic\u00edpios + inteligentes","item":"https:\/\/anmp.pt\/municipios-inteligentes\/"},{"@type":"ListItem","position":3,"name":"Resultados","item":"https:\/\/anmp.pt\/municipios-inteligentes\/resultados\/"},{"@type":"ListItem","position":4,"name":"Dashboard com indicadores de Plataforma de Gest\u00e3o de Informa\u00e7\u00e3o (PGI)"}]},{"@type":"WebSite","@id":"https:\/\/anmp.pt\/#website","url":"https:\/\/anmp.pt\/","name":"Associa\u00e7\u00e3o Nacional de Munic\u00edpios Portugueses","description":"Portal Institucional","publisher":{"@id":"https:\/\/anmp.pt\/#organization"},"potentialAction":[{"@type":"SearchAction","target":{"@type":"EntryPoint","urlTemplate":"https:\/\/anmp.pt\/?s={search_term_string}"},"query-input":{"@type":"PropertyValueSpecification","valueRequired":true,"valueName":"search_term_string"}}],"inLanguage":"en-US"},{"@type":"Organization","@id":"https:\/\/anmp.pt\/#organization","name":"Associa\u00e7\u00e3o Nacional de Munic\u00edpios Portugueses","url":"https:\/\/anmp.pt\/","logo":{"@type":"ImageObject","inLanguage":"en-US","@id":"https:\/\/anmp.pt\/#\/schema\/logo\/image\/","url":"https:\/\/anmp.pt\/wp-content\/uploads\/2020\/06\/logo980400.png","contentUrl":"https:\/\/anmp.pt\/wp-content\/uploads\/2020\/06\/logo980400.png","width":980,"height":400,"caption":"Associa\u00e7\u00e3o Nacional de Munic\u00edpios Portugueses"},"image":{"@id":"https:\/\/anmp.pt\/#\/schema\/logo\/image\/"},"sameAs":["https:\/\/www.facebook.com\/ANMP.PT"]}]}},"_links":{"self":[{"href":"https:\/\/anmp.pt\/en\/wp-json\/wp\/v2\/pages\/30714","targetHints":{"allow":["GET"]}}],"collection":[{"href":"https:\/\/anmp.pt\/en\/wp-json\/wp\/v2\/pages"}],"about":[{"href":"https:\/\/anmp.pt\/en\/wp-json\/wp\/v2\/types\/page"}],"author":[{"embeddable":true,"href":"https:\/\/anmp.pt\/en\/wp-json\/wp\/v2\/users\/34"}],"replies":[{"embeddable":true,"href":"https:\/\/anmp.pt\/en\/wp-json\/wp\/v2\/comments?post=30714"}],"version-history":[{"count":0,"href":"https:\/\/anmp.pt\/en\/wp-json\/wp\/v2\/pages\/30714\/revisions"}],"up":[{"embeddable":true,"href":"https:\/\/anmp.pt\/en\/wp-json\/wp\/v2\/pages\/10974"}],"wp:attachment":[{"href":"https:\/\/anmp.pt\/en\/wp-json\/wp\/v2\/media?parent=30714"}],"curies":[{"name":"wp","href":"https:\/\/api.w.org\/{rel}","templated":true}]}}