{"id":45329,"date":"2022-05-10T14:47:33","date_gmt":"2022-05-10T13:47:33","guid":{"rendered":"https:\/\/www.anmp.pt\/?page_id=45329"},"modified":"2023-01-05T15:25:20","modified_gmt":"2023-01-05T15:25:20","slug":"mandato-2017-2021","status":"publish","type":"page","link":"https:\/\/anmp.pt\/en\/anmport\/orgaos\/conselho-geral\/mandato-2017-2021\/","title":{"rendered":"(Portugu\u00eas) Reuni\u00f5es do Conselho Geral &#8211; Mandato 2017-2021"},"content":{"rendered":"<p class=\"qtranxs-available-languages-message qtranxs-available-languages-message-en\">Sorry, this entry is only available in <a href=\"https:\/\/anmp.pt\/pt\/wp-json\/wp\/v2\/pages\/45329\" class=\"qtranxs-available-language-link qtranxs-available-language-link-pt\" title=\"Portugu\u00eas\">Portugu\u00eas<\/a>.<\/p><p>Coimbra, 26 de outubro de 2021 &#8211; <a href=\"https:\/\/www.anmp.pt\/wp-content\/uploads\/2023\/01\/Ata12_26-10-2021.pdf\" target=\"_blank\" rel=\"noopener noreferrer\">Ata<\/a><br \/>\nCoimbra, 22 de junho de 2021 \u2013 <a href=\"https:\/\/www.anmp.pt\/file-viewer\/?pstid=45312\" target=\"_blank\" rel=\"noopener noreferrer\">Ata <\/a>\u2013 <a href=\"https:\/\/www.anmp.pt\/conselho-geral-aprova-relatorio-e-contas-2020\/\" target=\"_blank\" rel=\"noopener noreferrer\">Fotos\/not\u00edcia<\/a><br \/>\nCoimbra, 9 de fevereiro de 2021 \u2013 <a href=\"https:\/\/www.anmp.pt\/file-viewer\/?pstid=45311\" target=\"_blank\" rel=\"noopener noreferrer\">Ata <\/a>\u2013 <a href=\"https:\/\/www.anmp.pt\/conselho-diretivo-e-conselho-geral-combate-a-covid-19-e-prioridade-dos-municipios\/\" target=\"_blank\" rel=\"noopener noreferrer\">Fotos\/not\u00edcia<\/a><br \/>\nCoimbra, 27 de outubro 2020 \u2013 <a href=\"https:\/\/www.anmp.pt\/file-viewer\/?pstid=45310\" target=\"_blank\" rel=\"noopener noreferrer\">Ata<\/a> \u2013 <a href=\"https:\/\/www.anmp.pt\/oe-2021-conselho-geral-aprovou-parecer-proposto-pelo-conselho-diretivo\/\" target=\"_blank\" rel=\"noopener noreferrer\">Fotos\/not\u00edcia<\/a><br \/>\nCoimbra, 23 de junho de 2020 \u2013 <a href=\"https:\/\/www.anmp.pt\/file-viewer\/?pstid=45309\" target=\"_blank\" rel=\"noopener noreferrer\">Ata<\/a> \u2013 <a href=\"https:\/\/www.anmp.pt\/conselho-diretivo-e-conselho-geral-reunioes-realizaram-se-em-coimbra\/\" target=\"_blank\" rel=\"noopener noreferrer\">Fotos\/not\u00edcia<\/a><br \/>\nCoimbra, 21 de janeiro de 2020 \u2013 <a href=\"https:\/\/www.anmp.pt\/file-viewer\/?pstid=33474\" target=\"_blank\" rel=\"noopener noreferrer\">Ata<\/a>\u00a0\u2013 <a href=\"https:\/\/www.anmp.pt\/conselho-geral-aprovou-parecer-do-conselho-diretivo\/\" target=\"_blank\" rel=\"noopener noreferrer\">Fotos\/not\u00edcia<\/a><br \/>\nCoimbra, 11 de outubro de 2019 \u2013 <a href=\"https:\/\/www.anmp.pt\/file-viewer\/?pstid=33473\" target=\"_blank\" rel=\"noopener noreferrer\">Ata<\/a>\u00a0 \u2013\u00a0 <a href=\"https:\/\/www.anmp.pt\/cg-analisou-a-preparacao-do-xxiv-congresso-da-anmp\/\" target=\"_blank\" rel=\"noopener noreferrer\">Fotos\/not\u00edcia<\/a><br \/>\nCoimbra, 16 de abril de 2019 \u2013 <a href=\"https:\/\/www.anmp.pt\/file-viewer\/?pstid=33472\" target=\"_blank\" rel=\"noopener noreferrer\">Ata<\/a>\u00a0 \u2013\u00a0 <a href=\"https:\/\/www.anmp.pt\/substituicao-de-alvaro-amaro-presidente-da-camara-municipal-de-santarem-ricardo-goncalves-preside-ao-conselho-geral\/\" target=\"_blank\" rel=\"noopener noreferrer\">Fotos\/not\u00edcia<\/a><br \/>\nCoimbra, 22 de janeiro de 2019 \u2013 <a href=\"https:\/\/www.anmp.pt\/file-viewer\/?pstid=33471\" target=\"_blank\" rel=\"noopener noreferrer\">Ata<\/a>\u00a0 \u2013\u00a0 <a href=\"https:\/\/www.anmp.pt\/conselho-geral-analisou-descentralizacao-e-aprovou-plano-de-atividades-e-contas-para-2019\/\" target=\"_blank\" rel=\"noopener noreferrer\">Fotos\/not\u00edcia<\/a><br \/>\nCoimbra, 6 de novembro de 2018 \u2013 <a href=\"https:\/\/www.anmp.pt\/file-viewer\/?pstid=33470\" target=\"_blank\" rel=\"noopener noreferrer\">Ata<\/a>\u00a0 \u2013\u00a0 <a href=\"https:\/\/www.anmp.pt\/reuniao-na-sede-da-anmp-conselho-geral-aprovou-resolucao-relativa-a-proposta-de-lei-do-orcamento-do-estado-para-2019\/\" target=\"_blank\" rel=\"noopener noreferrer\">Fotos\/not\u00edcia<\/a><br \/>\nCoimbra, 26 de junho de 2018 \u2013 <a href=\"https:\/\/www.anmp.pt\/file-viewer\/?pstid=33469\" target=\"_blank\" rel=\"noopener noreferrer\">Ata<\/a>\u00a0 \u2013\u00a0 <a href=\"https:\/\/www.anmp.pt\/resolucao-relativa-as-financas-locais-foi-aprovada-pelo-conselho-geral-por-proposta-do-conselho-diretivo\/\" target=\"_blank\" rel=\"noopener noreferrer\">Fotos\/not\u00edcia<\/a><br \/>\nLisboa, 27 de mar\u00e7o de 2018 \u2013 <a href=\"https:\/\/www.anmp.pt\/file-viewer\/?pstid=33468\" target=\"_blank\" rel=\"noopener noreferrer\">Ata<\/a>\u00a0 \u2013 <a href=\"https:\/\/www.anmp.pt\/conselho-diretivo-e-conselho-geral-reuniram-em-lisboa\/\" target=\"_blank\" rel=\"noopener noreferrer\">Fotos\/not\u00edcia<\/a><\/p>","protected":false},"excerpt":{"rendered":"<p>Sorry, this entry is only available in Portugu\u00eas.Coimbra, 26 de outubro de 2021 &#8211; Ata Coimbra, 22 de junho de 2021 \u2013 Ata \u2013 Fotos\/not\u00edcia Coimbra, 9 de fevereiro de 2021 \u2013 Ata \u2013 Fotos\/not\u00edcia Coimbra, 27 de outubro 2020 \u2013 Ata \u2013 Fotos\/not\u00edcia Coimbra, 23 de junho de 2020 \u2013 Ata \u2013 Fotos\/not\u00edcia Coimbra, [&hellip;]<\/p>\n","protected":false},"author":37,"featured_media":0,"parent":1620,"menu_order":188,"comment_status":"closed","ping_status":"closed","template":"templates-map\/component-text-layout1.php","meta":{"_acf_changed":false,"_exactmetrics_skip_tracking":false,"_exactmetrics_sitenote_active":false,"_exactmetrics_sitenote_note":"","_exactmetrics_sitenote_category":0,"footnotes":""},"class_list":["post-45329","page","type-page","status-publish","hentry"],"acf":[],"yoast_head":"<!-- This site is optimized with the Yoast SEO plugin v23.9 - https:\/\/yoast.com\/wordpress\/plugins\/seo\/ -->\n<title><\/title>\n<meta name=\"robots\" content=\"index, follow, max-snippet:-1, max-image-preview:large, max-video-preview:-1\" \/>\n<link rel=\"canonical\" href=\"https:\/\/anmp.pt\/anmport\/orgaos\/conselho-geral\/mandato-2017-2021\/\" \/>\n<meta property=\"og:locale\" content=\"en_US\" \/>\n<meta property=\"og:type\" content=\"article\" \/>\n<meta property=\"og:title\" content=\"[:pt]Reuni\u00f5es do Conselho Geral - Mandato 2017-2021[:] - Portal Institucional\" \/>\n<meta property=\"og:description\" content=\"Sorry, this entry is only available in Portugu\u00eas.Coimbra, 26 de outubro de 2021 &#8211; Ata Coimbra, 22 de junho de 2021 \u2013 Ata \u2013 Fotos\/not\u00edcia Coimbra, 9 de fevereiro de 2021 \u2013 Ata \u2013 Fotos\/not\u00edcia Coimbra, 27 de outubro 2020 \u2013 Ata \u2013 Fotos\/not\u00edcia Coimbra, 23 de junho de 2020 \u2013 Ata \u2013 Fotos\/not\u00edcia Coimbra, [&hellip;]\" \/>\n<meta property=\"og:url\" content=\"https:\/\/anmp.pt\/anmport\/orgaos\/conselho-geral\/mandato-2017-2021\/\" \/>\n<meta property=\"og:site_name\" content=\"Portal Institucional\" \/>\n<meta property=\"article:publisher\" content=\"https:\/\/www.facebook.com\/ANMP.PT\" \/>\n<meta property=\"article:modified_time\" content=\"2023-01-05T15:25:20+00:00\" \/>\n<meta name=\"twitter:card\" content=\"summary_large_image\" \/>\n<script type=\"application\/ld+json\" class=\"yoast-schema-graph\">{\"@context\":\"https:\/\/schema.org\",\"@graph\":[{\"@type\":\"WebPage\",\"@id\":\"https:\/\/anmp.pt\/anmport\/orgaos\/conselho-geral\/mandato-2017-2021\/\",\"url\":\"https:\/\/anmp.pt\/anmport\/orgaos\/conselho-geral\/mandato-2017-2021\/\",\"name\":\"[:pt]Reuni\u00f5es do Conselho Geral - Mandato 2017-2021[:] - Portal Institucional\",\"isPartOf\":{\"@id\":\"https:\/\/anmp.pt\/#website\"},\"datePublished\":\"2022-05-10T13:47:33+00:00\",\"dateModified\":\"2023-01-05T15:25:20+00:00\",\"breadcrumb\":{\"@id\":\"https:\/\/anmp.pt\/anmport\/orgaos\/conselho-geral\/mandato-2017-2021\/#breadcrumb\"},\"inLanguage\":\"en-US\",\"potentialAction\":[{\"@type\":\"ReadAction\",\"target\":[\"https:\/\/anmp.pt\/anmport\/orgaos\/conselho-geral\/mandato-2017-2021\/\"]}]},{\"@type\":\"BreadcrumbList\",\"@id\":\"https:\/\/anmp.pt\/anmport\/orgaos\/conselho-geral\/mandato-2017-2021\/#breadcrumb\",\"itemListElement\":[{\"@type\":\"ListItem\",\"position\":1,\"name\":\"In\u00edcio\",\"item\":\"https:\/\/anmp.pt\/\"},{\"@type\":\"ListItem\",\"position\":2,\"name\":\"ANMP\",\"item\":\"https:\/\/anmp.pt\/anmport\/\"},{\"@type\":\"ListItem\",\"position\":3,\"name\":\"\u00d3rg\u00e3os\",\"item\":\"https:\/\/anmp.pt\/fr\/anmport\/orgaos\/\"},{\"@type\":\"ListItem\",\"position\":4,\"name\":\"Conselho Geral\",\"item\":\"https:\/\/anmp.pt\/fr\/anmport\/orgaos\/conselho-geral\/\"},{\"@type\":\"ListItem\",\"position\":5,\"name\":\"Reuni\u00f5es do Conselho Geral &#8211; Mandato 2017-2021\"}]},{\"@type\":\"WebSite\",\"@id\":\"https:\/\/anmp.pt\/#website\",\"url\":\"https:\/\/anmp.pt\/\",\"name\":\"Associa\u00e7\u00e3o Nacional de Munic\u00edpios Portugueses\",\"description\":\"Portal Institucional\",\"publisher\":{\"@id\":\"https:\/\/anmp.pt\/#organization\"},\"potentialAction\":[{\"@type\":\"SearchAction\",\"target\":{\"@type\":\"EntryPoint\",\"urlTemplate\":\"https:\/\/anmp.pt\/?s={search_term_string}\"},\"query-input\":{\"@type\":\"PropertyValueSpecification\",\"valueRequired\":true,\"valueName\":\"search_term_string\"}}],\"inLanguage\":\"en-US\"},{\"@type\":\"Organization\",\"@id\":\"https:\/\/anmp.pt\/#organization\",\"name\":\"Associa\u00e7\u00e3o Nacional de Munic\u00edpios Portugueses\",\"url\":\"https:\/\/anmp.pt\/\",\"logo\":{\"@type\":\"ImageObject\",\"inLanguage\":\"en-US\",\"@id\":\"https:\/\/anmp.pt\/#\/schema\/logo\/image\/\",\"url\":\"https:\/\/anmp.pt\/wp-content\/uploads\/2020\/06\/logo980400.png\",\"contentUrl\":\"https:\/\/anmp.pt\/wp-content\/uploads\/2020\/06\/logo980400.png\",\"width\":980,\"height\":400,\"caption\":\"Associa\u00e7\u00e3o Nacional de Munic\u00edpios Portugueses\"},\"image\":{\"@id\":\"https:\/\/anmp.pt\/#\/schema\/logo\/image\/\"},\"sameAs\":[\"https:\/\/www.facebook.com\/ANMP.PT\"]}]}<\/script>\n<!-- \/ Yoast SEO plugin. -->","yoast_head_json":{"title":"[:pt]Reuni\u00f5es do Conselho Geral - Mandato 2017-2021[:] - Portal Institucional","robots":{"index":"index","follow":"follow","max-snippet":"max-snippet:-1","max-image-preview":"max-image-preview:large","max-video-preview":"max-video-preview:-1"},"canonical":"https:\/\/anmp.pt\/anmport\/orgaos\/conselho-geral\/mandato-2017-2021\/","og_locale":"en_US","og_type":"article","og_title":"[:pt]Reuni\u00f5es do Conselho Geral - Mandato 2017-2021[:] - Portal Institucional","og_description":"Sorry, this entry is only available in Portugu\u00eas.Coimbra, 26 de outubro de 2021 &#8211; Ata Coimbra, 22 de junho de 2021 \u2013 Ata \u2013 Fotos\/not\u00edcia Coimbra, 9 de fevereiro de 2021 \u2013 Ata \u2013 Fotos\/not\u00edcia Coimbra, 27 de outubro 2020 \u2013 Ata \u2013 Fotos\/not\u00edcia Coimbra, 23 de junho de 2020 \u2013 Ata \u2013 Fotos\/not\u00edcia Coimbra, [&hellip;]","og_url":"https:\/\/anmp.pt\/anmport\/orgaos\/conselho-geral\/mandato-2017-2021\/","og_site_name":"Portal Institucional","article_publisher":"https:\/\/www.facebook.com\/ANMP.PT","article_modified_time":"2023-01-05T15:25:20+00:00","twitter_card":"summary_large_image","schema":{"@context":"https:\/\/schema.org","@graph":[{"@type":"WebPage","@id":"https:\/\/anmp.pt\/anmport\/orgaos\/conselho-geral\/mandato-2017-2021\/","url":"https:\/\/anmp.pt\/anmport\/orgaos\/conselho-geral\/mandato-2017-2021\/","name":"[:pt]Reuni\u00f5es do Conselho Geral - Mandato 2017-2021[:] - Portal Institucional","isPartOf":{"@id":"https:\/\/anmp.pt\/#website"},"datePublished":"2022-05-10T13:47:33+00:00","dateModified":"2023-01-05T15:25:20+00:00","breadcrumb":{"@id":"https:\/\/anmp.pt\/anmport\/orgaos\/conselho-geral\/mandato-2017-2021\/#breadcrumb"},"inLanguage":"en-US","potentialAction":[{"@type":"ReadAction","target":["https:\/\/anmp.pt\/anmport\/orgaos\/conselho-geral\/mandato-2017-2021\/"]}]},{"@type":"BreadcrumbList","@id":"https:\/\/anmp.pt\/anmport\/orgaos\/conselho-geral\/mandato-2017-2021\/#breadcrumb","itemListElement":[{"@type":"ListItem","position":1,"name":"In\u00edcio","item":"https:\/\/anmp.pt\/"},{"@type":"ListItem","position":2,"name":"ANMP","item":"https:\/\/anmp.pt\/anmport\/"},{"@type":"ListItem","position":3,"name":"\u00d3rg\u00e3os","item":"https:\/\/anmp.pt\/fr\/anmport\/orgaos\/"},{"@type":"ListItem","position":4,"name":"Conselho Geral","item":"https:\/\/anmp.pt\/fr\/anmport\/orgaos\/conselho-geral\/"},{"@type":"ListItem","position":5,"name":"Reuni\u00f5es do Conselho Geral &#8211; Mandato 2017-2021"}]},{"@type":"WebSite","@id":"https:\/\/anmp.pt\/#website","url":"https:\/\/anmp.pt\/","name":"Associa\u00e7\u00e3o Nacional de Munic\u00edpios Portugueses","description":"Portal Institucional","publisher":{"@id":"https:\/\/anmp.pt\/#organization"},"potentialAction":[{"@type":"SearchAction","target":{"@type":"EntryPoint","urlTemplate":"https:\/\/anmp.pt\/?s={search_term_string}"},"query-input":{"@type":"PropertyValueSpecification","valueRequired":true,"valueName":"search_term_string"}}],"inLanguage":"en-US"},{"@type":"Organization","@id":"https:\/\/anmp.pt\/#organization","name":"Associa\u00e7\u00e3o Nacional de Munic\u00edpios Portugueses","url":"https:\/\/anmp.pt\/","logo":{"@type":"ImageObject","inLanguage":"en-US","@id":"https:\/\/anmp.pt\/#\/schema\/logo\/image\/","url":"https:\/\/anmp.pt\/wp-content\/uploads\/2020\/06\/logo980400.png","contentUrl":"https:\/\/anmp.pt\/wp-content\/uploads\/2020\/06\/logo980400.png","width":980,"height":400,"caption":"Associa\u00e7\u00e3o Nacional de Munic\u00edpios Portugueses"},"image":{"@id":"https:\/\/anmp.pt\/#\/schema\/logo\/image\/"},"sameAs":["https:\/\/www.facebook.com\/ANMP.PT"]}]}},"_links":{"self":[{"href":"https:\/\/anmp.pt\/en\/wp-json\/wp\/v2\/pages\/45329","targetHints":{"allow":["GET"]}}],"collection":[{"href":"https:\/\/anmp.pt\/en\/wp-json\/wp\/v2\/pages"}],"about":[{"href":"https:\/\/anmp.pt\/en\/wp-json\/wp\/v2\/types\/page"}],"author":[{"embeddable":true,"href":"https:\/\/anmp.pt\/en\/wp-json\/wp\/v2\/users\/37"}],"replies":[{"embeddable":true,"href":"https:\/\/anmp.pt\/en\/wp-json\/wp\/v2\/comments?post=45329"}],"version-history":[{"count":0,"href":"https:\/\/anmp.pt\/en\/wp-json\/wp\/v2\/pages\/45329\/revisions"}],"up":[{"embeddable":true,"href":"https:\/\/anmp.pt\/en\/wp-json\/wp\/v2\/pages\/1620"}],"wp:attachment":[{"href":"https:\/\/anmp.pt\/en\/wp-json\/wp\/v2\/media?parent=45329"}],"curies":[{"name":"wp","href":"https:\/\/api.w.org\/{rel}","templated":true}]}}