{"id":6417,"date":"2020-01-03T17:41:03","date_gmt":"2020-01-03T17:41:03","guid":{"rendered":"https:\/\/anmp.pt\/?page_id=6417"},"modified":"2026-02-05T16:45:40","modified_gmt":"2026-02-05T16:45:40","slug":"membros-conselho-geral","status":"publish","type":"page","link":"https:\/\/anmp.pt\/en\/anmport\/orgaos\/conselho-geral\/membros-conselho-geral\/","title":{"rendered":"Members of the General Council"},"content":{"rendered":"<p class=\"qtranxs-available-languages-message qtranxs-available-languages-message-en\">Sorry, this entry is only available in <a href=\"https:\/\/anmp.pt\/pt\/wp-json\/wp\/v2\/pages\/6417\" class=\"qtranxs-available-language-link qtranxs-available-language-link-pt\" title=\"Portugu\u00eas\">Portugu\u00eas<\/a>.<\/p><p>Composi\u00e7\u00e3o<\/p>\n<p>O Conselho Geral \u00e9 o \u00f3rg\u00e3o m\u00e1ximo entre Congressos da ANMP.<\/p>\n<p>S\u00e3o membros do Conselho Geral:<br \/>\n:: Os membros da Mesa do Congresso, que constituem tamb\u00e9m a Mesa do Conselho Geral.<br \/>\n:: Sessenta e um membros eleitos pelo Congresso Nacional de entre os membros, de acordo com o sistema de representa\u00e7\u00e3o proporcional e do m\u00e9todo de m\u00e9dia mais alta de Hondt.<\/p>\n<p>Os membros efetivos e substitutos da mesa do Conselho Geral s\u00e3o, tamb\u00e9m, os membros da <a href=\"https:\/\/www.anmp.pt\/anmport\/orgaos\/congresso-nacional\/membros\/\">mesa do Congresso<\/a>.<\/p>","protected":false},"excerpt":{"rendered":"<p>Sorry, this entry is only available in Portugu\u00eas.Composi\u00e7\u00e3o O Conselho Geral \u00e9 o \u00f3rg\u00e3o m\u00e1ximo entre Congressos da ANMP. S\u00e3o membros do Conselho Geral: :: Os membros da Mesa do Congresso, que constituem tamb\u00e9m a Mesa do Conselho Geral. :: Sessenta e um membros eleitos pelo Congresso Nacional de entre os membros, de acordo com [&hellip;]<\/p>\n","protected":false},"author":1,"featured_media":0,"parent":1620,"menu_order":123,"comment_status":"closed","ping_status":"closed","template":"templates-map\/component-member-list-layout1.php","meta":{"_acf_changed":false,"_exactmetrics_skip_tracking":false,"_exactmetrics_sitenote_active":false,"_exactmetrics_sitenote_note":"","_exactmetrics_sitenote_category":0,"footnotes":""},"class_list":["post-6417","page","type-page","status-publish","hentry"],"acf":[],"yoast_head":"<!-- This site is optimized with the Yoast SEO plugin v23.9 - https:\/\/yoast.com\/wordpress\/plugins\/seo\/ -->\n<title>Members of the General Council - Portal Institucional<\/title>\n<meta name=\"robots\" content=\"index, follow, max-snippet:-1, max-image-preview:large, max-video-preview:-1\" \/>\n<link rel=\"canonical\" href=\"https:\/\/anmp.pt\/anmport\/orgaos\/conselho-geral\/membros-conselho-geral\/\" \/>\n<meta property=\"og:locale\" content=\"en_US\" \/>\n<meta property=\"og:type\" content=\"article\" \/>\n<meta property=\"og:title\" content=\"[:pt]Membros do Conselho Geral[:en]Members of the General Council[:fr]Membres du Conseil g\u00e9n\u00e9ral[:es]Miembros del Consejo General[:] - Portal Institucional\" \/>\n<meta property=\"og:description\" content=\"Sorry, this entry is only available in Portugu\u00eas.Composi\u00e7\u00e3o O Conselho Geral \u00e9 o \u00f3rg\u00e3o m\u00e1ximo entre Congressos da ANMP. S\u00e3o membros do Conselho Geral: :: Os membros da Mesa do Congresso, que constituem tamb\u00e9m a Mesa do Conselho Geral. :: Sessenta e um membros eleitos pelo Congresso Nacional de entre os membros, de acordo com [&hellip;]\" \/>\n<meta property=\"og:url\" content=\"https:\/\/anmp.pt\/anmport\/orgaos\/conselho-geral\/membros-conselho-geral\/\" \/>\n<meta property=\"og:site_name\" content=\"Portal Institucional\" \/>\n<meta property=\"article:publisher\" content=\"https:\/\/www.facebook.com\/ANMP.PT\" \/>\n<meta property=\"article:modified_time\" content=\"2026-02-05T16:45:40+00:00\" \/>\n<meta name=\"twitter:card\" content=\"summary_large_image\" \/>\n<script type=\"application\/ld+json\" class=\"yoast-schema-graph\">{\"@context\":\"https:\/\/schema.org\",\"@graph\":[{\"@type\":\"WebPage\",\"@id\":\"https:\/\/anmp.pt\/anmport\/orgaos\/conselho-geral\/membros-conselho-geral\/\",\"url\":\"https:\/\/anmp.pt\/anmport\/orgaos\/conselho-geral\/membros-conselho-geral\/\",\"name\":\"[:pt]Membros do Conselho Geral[:en]Members of the General Council[:fr]Membres du Conseil g\u00e9n\u00e9ral[:es]Miembros del Consejo General[:] - Portal Institucional\",\"isPartOf\":{\"@id\":\"https:\/\/anmp.pt\/#website\"},\"datePublished\":\"2020-01-03T17:41:03+00:00\",\"dateModified\":\"2026-02-05T16:45:40+00:00\",\"breadcrumb\":{\"@id\":\"https:\/\/anmp.pt\/anmport\/orgaos\/conselho-geral\/membros-conselho-geral\/#breadcrumb\"},\"inLanguage\":\"en-US\",\"potentialAction\":[{\"@type\":\"ReadAction\",\"target\":[\"https:\/\/anmp.pt\/anmport\/orgaos\/conselho-geral\/membros-conselho-geral\/\"]}]},{\"@type\":\"BreadcrumbList\",\"@id\":\"https:\/\/anmp.pt\/anmport\/orgaos\/conselho-geral\/membros-conselho-geral\/#breadcrumb\",\"itemListElement\":[{\"@type\":\"ListItem\",\"position\":1,\"name\":\"In\u00edcio\",\"item\":\"https:\/\/anmp.pt\/\"},{\"@type\":\"ListItem\",\"position\":2,\"name\":\"ANMP\",\"item\":\"https:\/\/anmp.pt\/anmport\/\"},{\"@type\":\"ListItem\",\"position\":3,\"name\":\"\u00d3rg\u00e3os\",\"item\":\"https:\/\/anmp.pt\/fr\/anmport\/orgaos\/\"},{\"@type\":\"ListItem\",\"position\":4,\"name\":\"Conselho Geral\",\"item\":\"https:\/\/anmp.pt\/fr\/anmport\/orgaos\/conselho-geral\/\"},{\"@type\":\"ListItem\",\"position\":5,\"name\":\"Membros do Conselho Geral\"}]},{\"@type\":\"WebSite\",\"@id\":\"https:\/\/anmp.pt\/#website\",\"url\":\"https:\/\/anmp.pt\/\",\"name\":\"Associa\u00e7\u00e3o Nacional de Munic\u00edpios Portugueses\",\"description\":\"Portal Institucional\",\"publisher\":{\"@id\":\"https:\/\/anmp.pt\/#organization\"},\"potentialAction\":[{\"@type\":\"SearchAction\",\"target\":{\"@type\":\"EntryPoint\",\"urlTemplate\":\"https:\/\/anmp.pt\/?s={search_term_string}\"},\"query-input\":{\"@type\":\"PropertyValueSpecification\",\"valueRequired\":true,\"valueName\":\"search_term_string\"}}],\"inLanguage\":\"en-US\"},{\"@type\":\"Organization\",\"@id\":\"https:\/\/anmp.pt\/#organization\",\"name\":\"Associa\u00e7\u00e3o Nacional de Munic\u00edpios Portugueses\",\"url\":\"https:\/\/anmp.pt\/\",\"logo\":{\"@type\":\"ImageObject\",\"inLanguage\":\"en-US\",\"@id\":\"https:\/\/anmp.pt\/#\/schema\/logo\/image\/\",\"url\":\"https:\/\/anmp.pt\/wp-content\/uploads\/2020\/06\/logo980400.png\",\"contentUrl\":\"https:\/\/anmp.pt\/wp-content\/uploads\/2020\/06\/logo980400.png\",\"width\":980,\"height\":400,\"caption\":\"Associa\u00e7\u00e3o Nacional de Munic\u00edpios Portugueses\"},\"image\":{\"@id\":\"https:\/\/anmp.pt\/#\/schema\/logo\/image\/\"},\"sameAs\":[\"https:\/\/www.facebook.com\/ANMP.PT\"]}]}<\/script>\n<!-- \/ Yoast SEO plugin. -->","yoast_head_json":{"title":"[:pt]Membros do Conselho Geral[:en]Members of the General Council[:fr]Membres du Conseil g\u00e9n\u00e9ral[:es]Miembros del Consejo General[:] - Portal Institucional","robots":{"index":"index","follow":"follow","max-snippet":"max-snippet:-1","max-image-preview":"max-image-preview:large","max-video-preview":"max-video-preview:-1"},"canonical":"https:\/\/anmp.pt\/anmport\/orgaos\/conselho-geral\/membros-conselho-geral\/","og_locale":"en_US","og_type":"article","og_title":"[:pt]Membros do Conselho Geral[:en]Members of the General Council[:fr]Membres du Conseil g\u00e9n\u00e9ral[:es]Miembros del Consejo General[:] - Portal Institucional","og_description":"Sorry, this entry is only available in Portugu\u00eas.Composi\u00e7\u00e3o O Conselho Geral \u00e9 o \u00f3rg\u00e3o m\u00e1ximo entre Congressos da ANMP. S\u00e3o membros do Conselho Geral: :: Os membros da Mesa do Congresso, que constituem tamb\u00e9m a Mesa do Conselho Geral. :: Sessenta e um membros eleitos pelo Congresso Nacional de entre os membros, de acordo com [&hellip;]","og_url":"https:\/\/anmp.pt\/anmport\/orgaos\/conselho-geral\/membros-conselho-geral\/","og_site_name":"Portal Institucional","article_publisher":"https:\/\/www.facebook.com\/ANMP.PT","article_modified_time":"2026-02-05T16:45:40+00:00","twitter_card":"summary_large_image","schema":{"@context":"https:\/\/schema.org","@graph":[{"@type":"WebPage","@id":"https:\/\/anmp.pt\/anmport\/orgaos\/conselho-geral\/membros-conselho-geral\/","url":"https:\/\/anmp.pt\/anmport\/orgaos\/conselho-geral\/membros-conselho-geral\/","name":"[:pt]Membros do Conselho Geral[:en]Members of the General Council[:fr]Membres du Conseil g\u00e9n\u00e9ral[:es]Miembros del Consejo General[:] - Portal Institucional","isPartOf":{"@id":"https:\/\/anmp.pt\/#website"},"datePublished":"2020-01-03T17:41:03+00:00","dateModified":"2026-02-05T16:45:40+00:00","breadcrumb":{"@id":"https:\/\/anmp.pt\/anmport\/orgaos\/conselho-geral\/membros-conselho-geral\/#breadcrumb"},"inLanguage":"en-US","potentialAction":[{"@type":"ReadAction","target":["https:\/\/anmp.pt\/anmport\/orgaos\/conselho-geral\/membros-conselho-geral\/"]}]},{"@type":"BreadcrumbList","@id":"https:\/\/anmp.pt\/anmport\/orgaos\/conselho-geral\/membros-conselho-geral\/#breadcrumb","itemListElement":[{"@type":"ListItem","position":1,"name":"In\u00edcio","item":"https:\/\/anmp.pt\/"},{"@type":"ListItem","position":2,"name":"ANMP","item":"https:\/\/anmp.pt\/anmport\/"},{"@type":"ListItem","position":3,"name":"\u00d3rg\u00e3os","item":"https:\/\/anmp.pt\/fr\/anmport\/orgaos\/"},{"@type":"ListItem","position":4,"name":"Conselho Geral","item":"https:\/\/anmp.pt\/fr\/anmport\/orgaos\/conselho-geral\/"},{"@type":"ListItem","position":5,"name":"Membros do Conselho Geral"}]},{"@type":"WebSite","@id":"https:\/\/anmp.pt\/#website","url":"https:\/\/anmp.pt\/","name":"Associa\u00e7\u00e3o Nacional de Munic\u00edpios Portugueses","description":"Portal Institucional","publisher":{"@id":"https:\/\/anmp.pt\/#organization"},"potentialAction":[{"@type":"SearchAction","target":{"@type":"EntryPoint","urlTemplate":"https:\/\/anmp.pt\/?s={search_term_string}"},"query-input":{"@type":"PropertyValueSpecification","valueRequired":true,"valueName":"search_term_string"}}],"inLanguage":"en-US"},{"@type":"Organization","@id":"https:\/\/anmp.pt\/#organization","name":"Associa\u00e7\u00e3o Nacional de Munic\u00edpios Portugueses","url":"https:\/\/anmp.pt\/","logo":{"@type":"ImageObject","inLanguage":"en-US","@id":"https:\/\/anmp.pt\/#\/schema\/logo\/image\/","url":"https:\/\/anmp.pt\/wp-content\/uploads\/2020\/06\/logo980400.png","contentUrl":"https:\/\/anmp.pt\/wp-content\/uploads\/2020\/06\/logo980400.png","width":980,"height":400,"caption":"Associa\u00e7\u00e3o Nacional de Munic\u00edpios Portugueses"},"image":{"@id":"https:\/\/anmp.pt\/#\/schema\/logo\/image\/"},"sameAs":["https:\/\/www.facebook.com\/ANMP.PT"]}]}},"_links":{"self":[{"href":"https:\/\/anmp.pt\/en\/wp-json\/wp\/v2\/pages\/6417","targetHints":{"allow":["GET"]}}],"collection":[{"href":"https:\/\/anmp.pt\/en\/wp-json\/wp\/v2\/pages"}],"about":[{"href":"https:\/\/anmp.pt\/en\/wp-json\/wp\/v2\/types\/page"}],"author":[{"embeddable":true,"href":"https:\/\/anmp.pt\/en\/wp-json\/wp\/v2\/users\/1"}],"replies":[{"embeddable":true,"href":"https:\/\/anmp.pt\/en\/wp-json\/wp\/v2\/comments?post=6417"}],"version-history":[{"count":0,"href":"https:\/\/anmp.pt\/en\/wp-json\/wp\/v2\/pages\/6417\/revisions"}],"up":[{"embeddable":true,"href":"https:\/\/anmp.pt\/en\/wp-json\/wp\/v2\/pages\/1620"}],"wp:attachment":[{"href":"https:\/\/anmp.pt\/en\/wp-json\/wp\/v2\/media?parent=6417"}],"curies":[{"name":"wp","href":"https:\/\/api.w.org\/{rel}","templated":true}]}}