{"id":6561,"date":"2020-01-06T10:54:42","date_gmt":"2020-01-06T10:54:42","guid":{"rendered":"https:\/\/anmp.pt\/?page_id=6561"},"modified":"2024-01-26T16:56:00","modified_gmt":"2024-01-26T16:56:00","slug":"reunioes-do-conselho-geral-anteriores","status":"publish","type":"page","link":"https:\/\/anmp.pt\/en\/anmport\/orgaos\/conselho-geral\/reunioes-do-conselho-geral-anteriores\/","title":{"rendered":"(Portugu\u00eas) Reuni\u00f5es do Conselho Geral &#8211; Anteriores"},"content":{"rendered":"<p class=\"qtranxs-available-languages-message qtranxs-available-languages-message-en\">Sorry, this entry is only available in <a href=\"https:\/\/anmp.pt\/pt\/wp-json\/wp\/v2\/pages\/6561\" class=\"qtranxs-available-language-link qtranxs-available-language-link-pt\" title=\"Portugu\u00eas\">Portugu\u00eas<\/a>.<\/p><p>:: Coimbra, 31 de outubro de 2017<br \/>\n:: Coimbra, 26 de abril de 2017<br \/>\n:: Lisboa, 3 de fevereiro de 2017<br \/>\n:: Coimbra, 20 de dezembro de 2016<br \/>\n:: Coimbra, 25 de outubro de 2016<br \/>\n:: Coimbra, 27 de abril de 2016<br \/>\n:: Coimbra, 23 de fevereiro de 2016<br \/>\n:: Coimbra, 14 de dezembro de 2015<br \/>\n:: Coimbra, 10 de mar\u00e7o de 2015<br \/>\n:: Lisboa, 24 de novembro de 2014<br \/>\n:: Coimbra, 11 de novembro de 2014<br \/>\n:: Coimbra, 2 de junho de 2014<br \/>\n:: Coimbra, 25 de mar\u00e7o de 2014<br \/>\n:: Coimbra, 13 de agosto de 2013<br \/>\n:: Coimbra, 21 de maio de 2013<br \/>\n:: Coimbra, 30 de janeiro de 2013<br \/>\n:: Coimbra, 15 de Novembro de 2012<br \/>\n:: Coimbra, 23 de Outubro de 2012<br \/>\n:: Coimbra, 31 de Maio de 2012<br \/>\n:: Coimbra, 07 de Maio de 2012 &#8211; <a href=\"https:\/\/anmp.pt\/wp-content\/uploads\/2024\/01\/CG-Ata-07.05.2012.pdf\" target=\"_blank\" rel=\"noopener\">Ata<\/a><br \/>\n:: Coimbra, 11 de Novembro de 2011 &#8211; <a href=\"https:\/\/anmp.pt\/wp-content\/uploads\/2024\/01\/CG-Ata-11_11_2011.pdf\" target=\"_blank\" rel=\"noopener\">Ata<\/a><br \/>\n:: Coimbra, 27 de Outubro de 2011<br \/>\n:: Coimbra, 12 de Novembro de 2010<br \/>\n:: Coimbra, 20 de Outubro de 2010<br \/>\n:: Coimbra, 1 de Junho de 2010<br \/>\n:: Coimbra, 23 de Fevereiro de 2010<br \/>\n:: Coimbra, 31 de Outubro de 2008<br \/>\n:: Coimbra, 31 de Janeiro de 2008<br \/>\n:: Coimbra, 23 de Outubro de 2007<br \/>\n:: Coimbra, 20 de Abril de 2007<br \/>\n:: Coimbra, 17 de Novembro de 2006<br \/>\n:: Coimbra, 20 de Setembro de 2006<br \/>\n:: Porto, 8 de Junho de 2006<br \/>\n:: Coimbra, 25 de Outubro de 2005<br \/>\n:: Coimbra, 26 de Abril de 2005<br \/>\n:: Coimbra, 5 de Novembro de 2003<br \/>\n:: Coimbra, 22 de Abril de 2003<br \/>\n:: Coimbra, 18 de Outubro de 2002<br \/>\n:: Coimbra, 28 de Maio de 2002<br \/>\n:: Coimbra, 18 de Janeiro de 2002<br \/>\n:: Coimbra, 7 de Novembro de 2000<br \/>\n:: Coimbra, 11 de Fevereiro de 2000<br \/>\n:: Coimbra, 19 de Mar\u00e7o de 1999<br \/>\n:: Coimbra, 10 de Dezembro de 1998 &#8211; <a href=\"https:\/\/anmp.pt\/wp-content\/uploads\/2023\/02\/CGAta3_1998.pdf\" target=\"_blank\" rel=\"noopener\">Ata<\/a><br \/>\n:: Coimbra, 29 de Setembro de 1998 &#8211; <a href=\"https:\/\/anmp.pt\/wp-content\/uploads\/2023\/02\/CGAta2_1998.pdf\" target=\"_blank\" rel=\"noopener\">Ata<\/a><br \/>\n:: Coimbra, 23 de Junho de 1998 &#8211; <a href=\"https:\/\/anmp.pt\/wp-content\/uploads\/2023\/02\/CGAta1_1998.pdf\" target=\"_blank\" rel=\"noopener\">Ata<\/a><br \/>\n:: Coimbra, 16 de Janeiro de 1998<br \/>\n:: Coimbra, 21 de Fevereiro de 1997<br \/>\n:: Coimbra, 15 de Novembro de 1996<br \/>\n:: Ponta Delgada, 22 de Mar\u00e7o de 1996<br \/>\n:: Coimbra, 19 de Dezembro de 1995<br \/>\n:: Coimbra, 19 de Maio de 1995<br \/>\n:: Coimbra, 3 de Fevereiro de 1995<br \/>\n:: Coimbra, 4 de Novembro de 1994<br \/>\n:: Coimbra, 16 de Junho de 1994<br \/>\n:: Coimbra, 5 de Mar\u00e7o de 1992<br \/>\n:: Coimbra, 19 de Fevereiro de 1992<br \/>\n:: Coimbra, 11 de Fevereiro de 1992<br \/>\n:: Coimbra, 6 de Dezembro de 1991<br \/>\n:: Coimbra, 19 de Abril de 1991<br \/>\n:: Coimbra, 31 de Outubro de 1990<br \/>\n:: Coimbra, 8 de Junho de 1990<br \/>\n:: Coimbra, 11 de Agosto de 1989<br \/>\n:: Coimbra, 10 de Fevereiro de 1989<br \/>\n:: Coimbra, 16 de Dezembro de 1988<br \/>\n:: Coimbra, 30 de Setembro de 1988<br \/>\n:: Coimbra, 10 de Mar\u00e7o de 1988<\/p>","protected":false},"excerpt":{"rendered":"<p>Sorry, this entry is only available in Portugu\u00eas.:: Coimbra, 31 de outubro de 2017 :: Coimbra, 26 de abril de 2017 :: Lisboa, 3 de fevereiro de 2017 :: Coimbra, 20 de dezembro de 2016 :: Coimbra, 25 de outubro de 2016 :: Coimbra, 27 de abril de 2016 :: Coimbra, 23 de fevereiro de [&hellip;]<\/p>\n","protected":false},"author":1,"featured_media":0,"parent":1620,"menu_order":295,"comment_status":"closed","ping_status":"closed","template":"templates-map\/component-text-layout1.php","meta":{"_acf_changed":false,"_exactmetrics_skip_tracking":false,"_exactmetrics_sitenote_active":false,"_exactmetrics_sitenote_note":"","_exactmetrics_sitenote_category":0,"footnotes":""},"class_list":["post-6561","page","type-page","status-publish","hentry"],"acf":[],"yoast_head":"<!-- This site is optimized with the Yoast SEO plugin v23.9 - https:\/\/yoast.com\/wordpress\/plugins\/seo\/ -->\n<title><\/title>\n<meta name=\"robots\" content=\"index, follow, max-snippet:-1, max-image-preview:large, max-video-preview:-1\" \/>\n<link rel=\"canonical\" href=\"https:\/\/anmp.pt\/anmport\/orgaos\/conselho-geral\/reunioes-do-conselho-geral-anteriores\/\" \/>\n<meta property=\"og:locale\" content=\"en_US\" \/>\n<meta property=\"og:type\" content=\"article\" \/>\n<meta property=\"og:title\" content=\"[:pt]Reuni\u00f5es do Conselho Geral - Anteriores[:] - Portal Institucional\" \/>\n<meta property=\"og:description\" content=\"Sorry, this entry is only available in Portugu\u00eas.:: Coimbra, 31 de outubro de 2017 :: Coimbra, 26 de abril de 2017 :: Lisboa, 3 de fevereiro de 2017 :: Coimbra, 20 de dezembro de 2016 :: Coimbra, 25 de outubro de 2016 :: Coimbra, 27 de abril de 2016 :: Coimbra, 23 de fevereiro de [&hellip;]\" \/>\n<meta property=\"og:url\" content=\"https:\/\/anmp.pt\/anmport\/orgaos\/conselho-geral\/reunioes-do-conselho-geral-anteriores\/\" \/>\n<meta property=\"og:site_name\" content=\"Portal Institucional\" \/>\n<meta property=\"article:publisher\" content=\"https:\/\/www.facebook.com\/ANMP.PT\" \/>\n<meta property=\"article:modified_time\" content=\"2024-01-26T16:56:00+00:00\" \/>\n<meta name=\"twitter:card\" content=\"summary_large_image\" \/>\n<script type=\"application\/ld+json\" class=\"yoast-schema-graph\">{\"@context\":\"https:\/\/schema.org\",\"@graph\":[{\"@type\":\"WebPage\",\"@id\":\"https:\/\/anmp.pt\/anmport\/orgaos\/conselho-geral\/reunioes-do-conselho-geral-anteriores\/\",\"url\":\"https:\/\/anmp.pt\/anmport\/orgaos\/conselho-geral\/reunioes-do-conselho-geral-anteriores\/\",\"name\":\"[:pt]Reuni\u00f5es do Conselho Geral - Anteriores[:] - Portal Institucional\",\"isPartOf\":{\"@id\":\"https:\/\/anmp.pt\/#website\"},\"datePublished\":\"2020-01-06T10:54:42+00:00\",\"dateModified\":\"2024-01-26T16:56:00+00:00\",\"breadcrumb\":{\"@id\":\"https:\/\/anmp.pt\/anmport\/orgaos\/conselho-geral\/reunioes-do-conselho-geral-anteriores\/#breadcrumb\"},\"inLanguage\":\"en-US\",\"potentialAction\":[{\"@type\":\"ReadAction\",\"target\":[\"https:\/\/anmp.pt\/anmport\/orgaos\/conselho-geral\/reunioes-do-conselho-geral-anteriores\/\"]}]},{\"@type\":\"BreadcrumbList\",\"@id\":\"https:\/\/anmp.pt\/anmport\/orgaos\/conselho-geral\/reunioes-do-conselho-geral-anteriores\/#breadcrumb\",\"itemListElement\":[{\"@type\":\"ListItem\",\"position\":1,\"name\":\"In\u00edcio\",\"item\":\"https:\/\/anmp.pt\/\"},{\"@type\":\"ListItem\",\"position\":2,\"name\":\"ANMP\",\"item\":\"https:\/\/anmp.pt\/anmport\/\"},{\"@type\":\"ListItem\",\"position\":3,\"name\":\"\u00d3rg\u00e3os\",\"item\":\"https:\/\/anmp.pt\/fr\/anmport\/orgaos\/\"},{\"@type\":\"ListItem\",\"position\":4,\"name\":\"Conselho Geral\",\"item\":\"https:\/\/anmp.pt\/fr\/anmport\/orgaos\/conselho-geral\/\"},{\"@type\":\"ListItem\",\"position\":5,\"name\":\"Reuni\u00f5es do Conselho Geral &#8211; Anteriores\"}]},{\"@type\":\"WebSite\",\"@id\":\"https:\/\/anmp.pt\/#website\",\"url\":\"https:\/\/anmp.pt\/\",\"name\":\"Associa\u00e7\u00e3o Nacional de Munic\u00edpios Portugueses\",\"description\":\"Portal Institucional\",\"publisher\":{\"@id\":\"https:\/\/anmp.pt\/#organization\"},\"potentialAction\":[{\"@type\":\"SearchAction\",\"target\":{\"@type\":\"EntryPoint\",\"urlTemplate\":\"https:\/\/anmp.pt\/?s={search_term_string}\"},\"query-input\":{\"@type\":\"PropertyValueSpecification\",\"valueRequired\":true,\"valueName\":\"search_term_string\"}}],\"inLanguage\":\"en-US\"},{\"@type\":\"Organization\",\"@id\":\"https:\/\/anmp.pt\/#organization\",\"name\":\"Associa\u00e7\u00e3o Nacional de Munic\u00edpios Portugueses\",\"url\":\"https:\/\/anmp.pt\/\",\"logo\":{\"@type\":\"ImageObject\",\"inLanguage\":\"en-US\",\"@id\":\"https:\/\/anmp.pt\/#\/schema\/logo\/image\/\",\"url\":\"https:\/\/anmp.pt\/wp-content\/uploads\/2020\/06\/logo980400.png\",\"contentUrl\":\"https:\/\/anmp.pt\/wp-content\/uploads\/2020\/06\/logo980400.png\",\"width\":980,\"height\":400,\"caption\":\"Associa\u00e7\u00e3o Nacional de Munic\u00edpios Portugueses\"},\"image\":{\"@id\":\"https:\/\/anmp.pt\/#\/schema\/logo\/image\/\"},\"sameAs\":[\"https:\/\/www.facebook.com\/ANMP.PT\"]}]}<\/script>\n<!-- \/ Yoast SEO plugin. -->","yoast_head_json":{"title":"[:pt]Reuni\u00f5es do Conselho Geral - Anteriores[:] - Portal Institucional","robots":{"index":"index","follow":"follow","max-snippet":"max-snippet:-1","max-image-preview":"max-image-preview:large","max-video-preview":"max-video-preview:-1"},"canonical":"https:\/\/anmp.pt\/anmport\/orgaos\/conselho-geral\/reunioes-do-conselho-geral-anteriores\/","og_locale":"en_US","og_type":"article","og_title":"[:pt]Reuni\u00f5es do Conselho Geral - Anteriores[:] - Portal Institucional","og_description":"Sorry, this entry is only available in Portugu\u00eas.:: Coimbra, 31 de outubro de 2017 :: Coimbra, 26 de abril de 2017 :: Lisboa, 3 de fevereiro de 2017 :: Coimbra, 20 de dezembro de 2016 :: Coimbra, 25 de outubro de 2016 :: Coimbra, 27 de abril de 2016 :: Coimbra, 23 de fevereiro de [&hellip;]","og_url":"https:\/\/anmp.pt\/anmport\/orgaos\/conselho-geral\/reunioes-do-conselho-geral-anteriores\/","og_site_name":"Portal Institucional","article_publisher":"https:\/\/www.facebook.com\/ANMP.PT","article_modified_time":"2024-01-26T16:56:00+00:00","twitter_card":"summary_large_image","schema":{"@context":"https:\/\/schema.org","@graph":[{"@type":"WebPage","@id":"https:\/\/anmp.pt\/anmport\/orgaos\/conselho-geral\/reunioes-do-conselho-geral-anteriores\/","url":"https:\/\/anmp.pt\/anmport\/orgaos\/conselho-geral\/reunioes-do-conselho-geral-anteriores\/","name":"[:pt]Reuni\u00f5es do Conselho Geral - Anteriores[:] - Portal Institucional","isPartOf":{"@id":"https:\/\/anmp.pt\/#website"},"datePublished":"2020-01-06T10:54:42+00:00","dateModified":"2024-01-26T16:56:00+00:00","breadcrumb":{"@id":"https:\/\/anmp.pt\/anmport\/orgaos\/conselho-geral\/reunioes-do-conselho-geral-anteriores\/#breadcrumb"},"inLanguage":"en-US","potentialAction":[{"@type":"ReadAction","target":["https:\/\/anmp.pt\/anmport\/orgaos\/conselho-geral\/reunioes-do-conselho-geral-anteriores\/"]}]},{"@type":"BreadcrumbList","@id":"https:\/\/anmp.pt\/anmport\/orgaos\/conselho-geral\/reunioes-do-conselho-geral-anteriores\/#breadcrumb","itemListElement":[{"@type":"ListItem","position":1,"name":"In\u00edcio","item":"https:\/\/anmp.pt\/"},{"@type":"ListItem","position":2,"name":"ANMP","item":"https:\/\/anmp.pt\/anmport\/"},{"@type":"ListItem","position":3,"name":"\u00d3rg\u00e3os","item":"https:\/\/anmp.pt\/fr\/anmport\/orgaos\/"},{"@type":"ListItem","position":4,"name":"Conselho Geral","item":"https:\/\/anmp.pt\/fr\/anmport\/orgaos\/conselho-geral\/"},{"@type":"ListItem","position":5,"name":"Reuni\u00f5es do Conselho Geral &#8211; Anteriores"}]},{"@type":"WebSite","@id":"https:\/\/anmp.pt\/#website","url":"https:\/\/anmp.pt\/","name":"Associa\u00e7\u00e3o Nacional de Munic\u00edpios Portugueses","description":"Portal Institucional","publisher":{"@id":"https:\/\/anmp.pt\/#organization"},"potentialAction":[{"@type":"SearchAction","target":{"@type":"EntryPoint","urlTemplate":"https:\/\/anmp.pt\/?s={search_term_string}"},"query-input":{"@type":"PropertyValueSpecification","valueRequired":true,"valueName":"search_term_string"}}],"inLanguage":"en-US"},{"@type":"Organization","@id":"https:\/\/anmp.pt\/#organization","name":"Associa\u00e7\u00e3o Nacional de Munic\u00edpios Portugueses","url":"https:\/\/anmp.pt\/","logo":{"@type":"ImageObject","inLanguage":"en-US","@id":"https:\/\/anmp.pt\/#\/schema\/logo\/image\/","url":"https:\/\/anmp.pt\/wp-content\/uploads\/2020\/06\/logo980400.png","contentUrl":"https:\/\/anmp.pt\/wp-content\/uploads\/2020\/06\/logo980400.png","width":980,"height":400,"caption":"Associa\u00e7\u00e3o Nacional de Munic\u00edpios Portugueses"},"image":{"@id":"https:\/\/anmp.pt\/#\/schema\/logo\/image\/"},"sameAs":["https:\/\/www.facebook.com\/ANMP.PT"]}]}},"_links":{"self":[{"href":"https:\/\/anmp.pt\/en\/wp-json\/wp\/v2\/pages\/6561","targetHints":{"allow":["GET"]}}],"collection":[{"href":"https:\/\/anmp.pt\/en\/wp-json\/wp\/v2\/pages"}],"about":[{"href":"https:\/\/anmp.pt\/en\/wp-json\/wp\/v2\/types\/page"}],"author":[{"embeddable":true,"href":"https:\/\/anmp.pt\/en\/wp-json\/wp\/v2\/users\/1"}],"replies":[{"embeddable":true,"href":"https:\/\/anmp.pt\/en\/wp-json\/wp\/v2\/comments?post=6561"}],"version-history":[{"count":0,"href":"https:\/\/anmp.pt\/en\/wp-json\/wp\/v2\/pages\/6561\/revisions"}],"up":[{"embeddable":true,"href":"https:\/\/anmp.pt\/en\/wp-json\/wp\/v2\/pages\/1620"}],"wp:attachment":[{"href":"https:\/\/anmp.pt\/en\/wp-json\/wp\/v2\/media?parent=6561"}],"curies":[{"name":"wp","href":"https:\/\/api.w.org\/{rel}","templated":true}]}}