{"id":874,"date":"2019-03-07T17:47:47","date_gmt":"2019-03-07T17:47:47","guid":{"rendered":"https:\/\/anmp.pt\/?page_id=874"},"modified":"2020-07-20T17:28:43","modified_gmt":"2020-07-20T16:28:43","slug":"formulario-2","status":"publish","type":"page","link":"https:\/\/anmp.pt\/en\/formulario-2\/","title":{"rendered":"Formul\u00e1rio"},"content":{"rendered":"<p>Venenatis urna cursus eget nunc scelerisque. Auctor eu augue ut lectus arcu. Interdum velit euismod in pellentesque massa placerat duis ultricies. Ipsum dolor sit amet consectetur adipiscing elit. Amet commodo nulla facilisi nullam vehicula ipsum a arcu cursus. Nisi quis eleifend quam adipiscing vitae. Placerat in egestas erat imperdiet sed. Vestibulum lorem sed risus ultricies tristique.<\/p>\n","protected":false},"excerpt":{"rendered":"<p>Venenatis urna cursus eget nunc scelerisque. Auctor eu augue ut lectus arcu. Interdum velit euismod in pellentesque massa placerat duis ultricies. Ipsum dolor sit amet consectetur adipiscing elit. Amet commodo nulla facilisi nullam vehicula ipsum a arcu cursus. Nisi quis eleifend quam adipiscing vitae. Placerat in egestas erat imperdiet sed. Vestibulum lorem sed risus ultricies [&hellip;]<\/p>\n","protected":false},"author":1,"featured_media":0,"parent":0,"menu_order":246,"comment_status":"closed","ping_status":"closed","template":"templates-map\/component-form-layout1.php","meta":{"_acf_changed":false,"_exactmetrics_skip_tracking":false,"_exactmetrics_sitenote_active":false,"_exactmetrics_sitenote_note":"","_exactmetrics_sitenote_category":0,"footnotes":""},"class_list":["post-874","page","type-page","status-publish","hentry"],"acf":[],"yoast_head":"<!-- This site is optimized with the Yoast SEO plugin v23.9 - https:\/\/yoast.com\/wordpress\/plugins\/seo\/ -->\n<title>Formul\u00e1rio - Portal Institucional<\/title>\n<meta name=\"robots\" content=\"index, follow, max-snippet:-1, max-image-preview:large, max-video-preview:-1\" \/>\n<link rel=\"canonical\" href=\"https:\/\/anmp.pt\/formulario-2\/\" \/>\n<meta property=\"og:locale\" content=\"en_US\" \/>\n<meta property=\"og:type\" content=\"article\" \/>\n<meta property=\"og:title\" content=\"Formul\u00e1rio - Portal Institucional\" \/>\n<meta property=\"og:description\" content=\"Venenatis urna cursus eget nunc scelerisque. Auctor eu augue ut lectus arcu. Interdum velit euismod in pellentesque massa placerat duis ultricies. Ipsum dolor sit amet consectetur adipiscing elit. Amet commodo nulla facilisi nullam vehicula ipsum a arcu cursus. Nisi quis eleifend quam adipiscing vitae. Placerat in egestas erat imperdiet sed. Vestibulum lorem sed risus ultricies [&hellip;]\" \/>\n<meta property=\"og:url\" content=\"https:\/\/anmp.pt\/formulario-2\/\" \/>\n<meta property=\"og:site_name\" content=\"Portal Institucional\" \/>\n<meta property=\"article:publisher\" content=\"https:\/\/www.facebook.com\/ANMP.PT\" \/>\n<meta property=\"article:modified_time\" content=\"2020-07-20T16:28:43+00:00\" \/>\n<meta name=\"twitter:card\" content=\"summary_large_image\" \/>\n<script type=\"application\/ld+json\" class=\"yoast-schema-graph\">{\"@context\":\"https:\/\/schema.org\",\"@graph\":[{\"@type\":\"WebPage\",\"@id\":\"https:\/\/anmp.pt\/formulario-2\/\",\"url\":\"https:\/\/anmp.pt\/formulario-2\/\",\"name\":\"Formul\u00e1rio - Portal Institucional\",\"isPartOf\":{\"@id\":\"https:\/\/anmp.pt\/#website\"},\"datePublished\":\"2019-03-07T17:47:47+00:00\",\"dateModified\":\"2020-07-20T16:28:43+00:00\",\"breadcrumb\":{\"@id\":\"https:\/\/anmp.pt\/formulario-2\/#breadcrumb\"},\"inLanguage\":\"en-US\",\"potentialAction\":[{\"@type\":\"ReadAction\",\"target\":[\"https:\/\/anmp.pt\/formulario-2\/\"]}]},{\"@type\":\"BreadcrumbList\",\"@id\":\"https:\/\/anmp.pt\/formulario-2\/#breadcrumb\",\"itemListElement\":[{\"@type\":\"ListItem\",\"position\":1,\"name\":\"In\u00edcio\",\"item\":\"https:\/\/anmp.pt\/\"},{\"@type\":\"ListItem\",\"position\":2,\"name\":\"Formul\u00e1rio\"}]},{\"@type\":\"WebSite\",\"@id\":\"https:\/\/anmp.pt\/#website\",\"url\":\"https:\/\/anmp.pt\/\",\"name\":\"Associa\u00e7\u00e3o Nacional de Munic\u00edpios Portugueses\",\"description\":\"Portal Institucional\",\"publisher\":{\"@id\":\"https:\/\/anmp.pt\/#organization\"},\"potentialAction\":[{\"@type\":\"SearchAction\",\"target\":{\"@type\":\"EntryPoint\",\"urlTemplate\":\"https:\/\/anmp.pt\/?s={search_term_string}\"},\"query-input\":{\"@type\":\"PropertyValueSpecification\",\"valueRequired\":true,\"valueName\":\"search_term_string\"}}],\"inLanguage\":\"en-US\"},{\"@type\":\"Organization\",\"@id\":\"https:\/\/anmp.pt\/#organization\",\"name\":\"Associa\u00e7\u00e3o Nacional de Munic\u00edpios Portugueses\",\"url\":\"https:\/\/anmp.pt\/\",\"logo\":{\"@type\":\"ImageObject\",\"inLanguage\":\"en-US\",\"@id\":\"https:\/\/anmp.pt\/#\/schema\/logo\/image\/\",\"url\":\"https:\/\/anmp.pt\/wp-content\/uploads\/2020\/06\/logo980400.png\",\"contentUrl\":\"https:\/\/anmp.pt\/wp-content\/uploads\/2020\/06\/logo980400.png\",\"width\":980,\"height\":400,\"caption\":\"Associa\u00e7\u00e3o Nacional de Munic\u00edpios Portugueses\"},\"image\":{\"@id\":\"https:\/\/anmp.pt\/#\/schema\/logo\/image\/\"},\"sameAs\":[\"https:\/\/www.facebook.com\/ANMP.PT\"]}]}<\/script>\n<!-- \/ Yoast SEO plugin. -->","yoast_head_json":{"title":"Formul\u00e1rio - Portal Institucional","robots":{"index":"index","follow":"follow","max-snippet":"max-snippet:-1","max-image-preview":"max-image-preview:large","max-video-preview":"max-video-preview:-1"},"canonical":"https:\/\/anmp.pt\/formulario-2\/","og_locale":"en_US","og_type":"article","og_title":"Formul\u00e1rio - Portal Institucional","og_description":"Venenatis urna cursus eget nunc scelerisque. Auctor eu augue ut lectus arcu. Interdum velit euismod in pellentesque massa placerat duis ultricies. Ipsum dolor sit amet consectetur adipiscing elit. Amet commodo nulla facilisi nullam vehicula ipsum a arcu cursus. Nisi quis eleifend quam adipiscing vitae. Placerat in egestas erat imperdiet sed. Vestibulum lorem sed risus ultricies [&hellip;]","og_url":"https:\/\/anmp.pt\/formulario-2\/","og_site_name":"Portal Institucional","article_publisher":"https:\/\/www.facebook.com\/ANMP.PT","article_modified_time":"2020-07-20T16:28:43+00:00","twitter_card":"summary_large_image","schema":{"@context":"https:\/\/schema.org","@graph":[{"@type":"WebPage","@id":"https:\/\/anmp.pt\/formulario-2\/","url":"https:\/\/anmp.pt\/formulario-2\/","name":"Formul\u00e1rio - Portal Institucional","isPartOf":{"@id":"https:\/\/anmp.pt\/#website"},"datePublished":"2019-03-07T17:47:47+00:00","dateModified":"2020-07-20T16:28:43+00:00","breadcrumb":{"@id":"https:\/\/anmp.pt\/formulario-2\/#breadcrumb"},"inLanguage":"en-US","potentialAction":[{"@type":"ReadAction","target":["https:\/\/anmp.pt\/formulario-2\/"]}]},{"@type":"BreadcrumbList","@id":"https:\/\/anmp.pt\/formulario-2\/#breadcrumb","itemListElement":[{"@type":"ListItem","position":1,"name":"In\u00edcio","item":"https:\/\/anmp.pt\/"},{"@type":"ListItem","position":2,"name":"Formul\u00e1rio"}]},{"@type":"WebSite","@id":"https:\/\/anmp.pt\/#website","url":"https:\/\/anmp.pt\/","name":"Associa\u00e7\u00e3o Nacional de Munic\u00edpios Portugueses","description":"Portal Institucional","publisher":{"@id":"https:\/\/anmp.pt\/#organization"},"potentialAction":[{"@type":"SearchAction","target":{"@type":"EntryPoint","urlTemplate":"https:\/\/anmp.pt\/?s={search_term_string}"},"query-input":{"@type":"PropertyValueSpecification","valueRequired":true,"valueName":"search_term_string"}}],"inLanguage":"en-US"},{"@type":"Organization","@id":"https:\/\/anmp.pt\/#organization","name":"Associa\u00e7\u00e3o Nacional de Munic\u00edpios Portugueses","url":"https:\/\/anmp.pt\/","logo":{"@type":"ImageObject","inLanguage":"en-US","@id":"https:\/\/anmp.pt\/#\/schema\/logo\/image\/","url":"https:\/\/anmp.pt\/wp-content\/uploads\/2020\/06\/logo980400.png","contentUrl":"https:\/\/anmp.pt\/wp-content\/uploads\/2020\/06\/logo980400.png","width":980,"height":400,"caption":"Associa\u00e7\u00e3o Nacional de Munic\u00edpios Portugueses"},"image":{"@id":"https:\/\/anmp.pt\/#\/schema\/logo\/image\/"},"sameAs":["https:\/\/www.facebook.com\/ANMP.PT"]}]}},"_links":{"self":[{"href":"https:\/\/anmp.pt\/en\/wp-json\/wp\/v2\/pages\/874","targetHints":{"allow":["GET"]}}],"collection":[{"href":"https:\/\/anmp.pt\/en\/wp-json\/wp\/v2\/pages"}],"about":[{"href":"https:\/\/anmp.pt\/en\/wp-json\/wp\/v2\/types\/page"}],"author":[{"embeddable":true,"href":"https:\/\/anmp.pt\/en\/wp-json\/wp\/v2\/users\/1"}],"replies":[{"embeddable":true,"href":"https:\/\/anmp.pt\/en\/wp-json\/wp\/v2\/comments?post=874"}],"version-history":[{"count":0,"href":"https:\/\/anmp.pt\/en\/wp-json\/wp\/v2\/pages\/874\/revisions"}],"wp:attachment":[{"href":"https:\/\/anmp.pt\/en\/wp-json\/wp\/v2\/media?parent=874"}],"curies":[{"name":"wp","href":"https:\/\/api.w.org\/{rel}","templated":true}]}}