{"id":10980,"date":"2020-02-03T16:20:25","date_gmt":"2020-02-03T16:20:25","guid":{"rendered":"https:\/\/anmp.pt\/?page_id=10980"},"modified":"2020-02-10T11:08:33","modified_gmt":"2020-02-10T11:08:33","slug":"ficha-de-projeto","status":"publish","type":"page","link":"https:\/\/anmp.pt\/es\/municipios-inteligentes\/apresentacao-do-projeto\/ficha-de-projeto\/","title":{"rendered":"(Portugu\u00eas) Ficha de Projeto"},"content":{"rendered":"<p class=\"qtranxs-available-languages-message qtranxs-available-languages-message-es\">Disculpa, pero esta entrada est\u00e1 disponible s\u00f3lo en <a href=\"https:\/\/anmp.pt\/pt\/wp-json\/wp\/v2\/pages\/10980\" class=\"qtranxs-available-language-link qtranxs-available-language-link-pt\" title=\"Portugu\u00eas\">Portugu\u00eas<\/a>.<\/p><p>A ANMP apresentou, em novembro de 2017, uma candidatura intitulada \u201cEstudo de boas pr\u00e1ticas e condi\u00e7\u00f5es de constru\u00e7\u00e3o de plataforma de gest\u00e3o de informa\u00e7\u00e3o (PGI) necess\u00e1ria \u00e0 gera\u00e7\u00e3o de intelig\u00eancia na gest\u00e3o do territ\u00f3rio nacional\u201d, que foi aprovada em maio de 2018.<br \/>\nConsulte abaixo a ficha de projeto.<\/p>","protected":false},"excerpt":{"rendered":"<p>Disculpa, pero esta entrada est\u00e1 disponible s\u00f3lo en Portugu\u00eas.A ANMP apresentou, em novembro de 2017, uma candidatura intitulada \u201cEstudo de boas pr\u00e1ticas e condi\u00e7\u00f5es de constru\u00e7\u00e3o de plataforma de gest\u00e3o de informa\u00e7\u00e3o (PGI) necess\u00e1ria \u00e0 gera\u00e7\u00e3o de intelig\u00eancia na gest\u00e3o do territ\u00f3rio nacional\u201d, que foi aprovada em maio de 2018. Consulte abaixo a ficha de [&hellip;]<\/p>\n","protected":false},"author":1,"featured_media":0,"parent":10973,"menu_order":80,"comment_status":"closed","ping_status":"closed","template":"templates-map\/component-inteligent-mun-layout2.php","meta":{"_acf_changed":false,"_exactmetrics_skip_tracking":false,"_exactmetrics_sitenote_active":false,"_exactmetrics_sitenote_note":"","_exactmetrics_sitenote_category":0,"footnotes":""},"class_list":["post-10980","page","type-page","status-publish","hentry"],"acf":[],"yoast_head":"<!-- This site is optimized with the Yoast SEO plugin v23.9 - https:\/\/yoast.com\/wordpress\/plugins\/seo\/ -->\n<title><\/title>\n<meta name=\"robots\" content=\"index, follow, max-snippet:-1, max-image-preview:large, max-video-preview:-1\" \/>\n<link rel=\"canonical\" href=\"https:\/\/anmp.pt\/municipios-inteligentes\/apresentacao-do-projeto\/ficha-de-projeto\/\" \/>\n<meta property=\"og:locale\" content=\"es_ES\" \/>\n<meta property=\"og:type\" content=\"article\" \/>\n<meta property=\"og:title\" content=\"[:pt]Ficha de Projeto[:] - Portal Institucional\" \/>\n<meta property=\"og:description\" content=\"Disculpa, pero esta entrada est\u00e1 disponible s\u00f3lo en Portugu\u00eas.A ANMP apresentou, em novembro de 2017, uma candidatura intitulada \u201cEstudo de boas pr\u00e1ticas e condi\u00e7\u00f5es de constru\u00e7\u00e3o de plataforma de gest\u00e3o de informa\u00e7\u00e3o (PGI) necess\u00e1ria \u00e0 gera\u00e7\u00e3o de intelig\u00eancia na gest\u00e3o do territ\u00f3rio nacional\u201d, que foi aprovada em maio de 2018. Consulte abaixo a ficha de [&hellip;]\" \/>\n<meta property=\"og:url\" content=\"https:\/\/anmp.pt\/municipios-inteligentes\/apresentacao-do-projeto\/ficha-de-projeto\/\" \/>\n<meta property=\"og:site_name\" content=\"Portal Institucional\" \/>\n<meta property=\"article:publisher\" content=\"https:\/\/www.facebook.com\/ANMP.PT\" \/>\n<meta property=\"article:modified_time\" content=\"2020-02-10T11:08:33+00:00\" \/>\n<meta name=\"twitter:card\" content=\"summary_large_image\" \/>\n<script type=\"application\/ld+json\" class=\"yoast-schema-graph\">{\"@context\":\"https:\/\/schema.org\",\"@graph\":[{\"@type\":\"WebPage\",\"@id\":\"https:\/\/anmp.pt\/municipios-inteligentes\/apresentacao-do-projeto\/ficha-de-projeto\/\",\"url\":\"https:\/\/anmp.pt\/municipios-inteligentes\/apresentacao-do-projeto\/ficha-de-projeto\/\",\"name\":\"[:pt]Ficha de Projeto[:] - Portal Institucional\",\"isPartOf\":{\"@id\":\"https:\/\/anmp.pt\/#website\"},\"datePublished\":\"2020-02-03T16:20:25+00:00\",\"dateModified\":\"2020-02-10T11:08:33+00:00\",\"breadcrumb\":{\"@id\":\"https:\/\/anmp.pt\/municipios-inteligentes\/apresentacao-do-projeto\/ficha-de-projeto\/#breadcrumb\"},\"inLanguage\":\"es\",\"potentialAction\":[{\"@type\":\"ReadAction\",\"target\":[\"https:\/\/anmp.pt\/municipios-inteligentes\/apresentacao-do-projeto\/ficha-de-projeto\/\"]}]},{\"@type\":\"BreadcrumbList\",\"@id\":\"https:\/\/anmp.pt\/municipios-inteligentes\/apresentacao-do-projeto\/ficha-de-projeto\/#breadcrumb\",\"itemListElement\":[{\"@type\":\"ListItem\",\"position\":1,\"name\":\"In\u00edcio\",\"item\":\"https:\/\/anmp.pt\/\"},{\"@type\":\"ListItem\",\"position\":2,\"name\":\"Munic\u00edpios + inteligentes\",\"item\":\"https:\/\/anmp.pt\/municipios-inteligentes\/\"},{\"@type\":\"ListItem\",\"position\":3,\"name\":\"Apresenta\u00e7\u00e3o do Projeto\",\"item\":\"https:\/\/anmp.pt\/municipios-inteligentes\/apresentacao-do-projeto\/\"},{\"@type\":\"ListItem\",\"position\":4,\"name\":\"Ficha de Projeto\"}]},{\"@type\":\"WebSite\",\"@id\":\"https:\/\/anmp.pt\/#website\",\"url\":\"https:\/\/anmp.pt\/\",\"name\":\"Associa\u00e7\u00e3o Nacional de Munic\u00edpios Portugueses\",\"description\":\"Portal Institucional\",\"publisher\":{\"@id\":\"https:\/\/anmp.pt\/#organization\"},\"potentialAction\":[{\"@type\":\"SearchAction\",\"target\":{\"@type\":\"EntryPoint\",\"urlTemplate\":\"https:\/\/anmp.pt\/?s={search_term_string}\"},\"query-input\":{\"@type\":\"PropertyValueSpecification\",\"valueRequired\":true,\"valueName\":\"search_term_string\"}}],\"inLanguage\":\"es\"},{\"@type\":\"Organization\",\"@id\":\"https:\/\/anmp.pt\/#organization\",\"name\":\"Associa\u00e7\u00e3o Nacional de Munic\u00edpios Portugueses\",\"url\":\"https:\/\/anmp.pt\/\",\"logo\":{\"@type\":\"ImageObject\",\"inLanguage\":\"es\",\"@id\":\"https:\/\/anmp.pt\/#\/schema\/logo\/image\/\",\"url\":\"https:\/\/anmp.pt\/wp-content\/uploads\/2020\/06\/logo980400.png\",\"contentUrl\":\"https:\/\/anmp.pt\/wp-content\/uploads\/2020\/06\/logo980400.png\",\"width\":980,\"height\":400,\"caption\":\"Associa\u00e7\u00e3o Nacional de Munic\u00edpios Portugueses\"},\"image\":{\"@id\":\"https:\/\/anmp.pt\/#\/schema\/logo\/image\/\"},\"sameAs\":[\"https:\/\/www.facebook.com\/ANMP.PT\"]}]}<\/script>\n<!-- \/ Yoast SEO plugin. -->","yoast_head_json":{"title":"[:pt]Ficha de Projeto[:] - Portal Institucional","robots":{"index":"index","follow":"follow","max-snippet":"max-snippet:-1","max-image-preview":"max-image-preview:large","max-video-preview":"max-video-preview:-1"},"canonical":"https:\/\/anmp.pt\/municipios-inteligentes\/apresentacao-do-projeto\/ficha-de-projeto\/","og_locale":"es_ES","og_type":"article","og_title":"[:pt]Ficha de Projeto[:] - Portal Institucional","og_description":"Disculpa, pero esta entrada est\u00e1 disponible s\u00f3lo en Portugu\u00eas.A ANMP apresentou, em novembro de 2017, uma candidatura intitulada \u201cEstudo de boas pr\u00e1ticas e condi\u00e7\u00f5es de constru\u00e7\u00e3o de plataforma de gest\u00e3o de informa\u00e7\u00e3o (PGI) necess\u00e1ria \u00e0 gera\u00e7\u00e3o de intelig\u00eancia na gest\u00e3o do territ\u00f3rio nacional\u201d, que foi aprovada em maio de 2018. Consulte abaixo a ficha de [&hellip;]","og_url":"https:\/\/anmp.pt\/municipios-inteligentes\/apresentacao-do-projeto\/ficha-de-projeto\/","og_site_name":"Portal Institucional","article_publisher":"https:\/\/www.facebook.com\/ANMP.PT","article_modified_time":"2020-02-10T11:08:33+00:00","twitter_card":"summary_large_image","schema":{"@context":"https:\/\/schema.org","@graph":[{"@type":"WebPage","@id":"https:\/\/anmp.pt\/municipios-inteligentes\/apresentacao-do-projeto\/ficha-de-projeto\/","url":"https:\/\/anmp.pt\/municipios-inteligentes\/apresentacao-do-projeto\/ficha-de-projeto\/","name":"[:pt]Ficha de Projeto[:] - Portal Institucional","isPartOf":{"@id":"https:\/\/anmp.pt\/#website"},"datePublished":"2020-02-03T16:20:25+00:00","dateModified":"2020-02-10T11:08:33+00:00","breadcrumb":{"@id":"https:\/\/anmp.pt\/municipios-inteligentes\/apresentacao-do-projeto\/ficha-de-projeto\/#breadcrumb"},"inLanguage":"es","potentialAction":[{"@type":"ReadAction","target":["https:\/\/anmp.pt\/municipios-inteligentes\/apresentacao-do-projeto\/ficha-de-projeto\/"]}]},{"@type":"BreadcrumbList","@id":"https:\/\/anmp.pt\/municipios-inteligentes\/apresentacao-do-projeto\/ficha-de-projeto\/#breadcrumb","itemListElement":[{"@type":"ListItem","position":1,"name":"In\u00edcio","item":"https:\/\/anmp.pt\/"},{"@type":"ListItem","position":2,"name":"Munic\u00edpios + inteligentes","item":"https:\/\/anmp.pt\/municipios-inteligentes\/"},{"@type":"ListItem","position":3,"name":"Apresenta\u00e7\u00e3o do Projeto","item":"https:\/\/anmp.pt\/municipios-inteligentes\/apresentacao-do-projeto\/"},{"@type":"ListItem","position":4,"name":"Ficha de Projeto"}]},{"@type":"WebSite","@id":"https:\/\/anmp.pt\/#website","url":"https:\/\/anmp.pt\/","name":"Associa\u00e7\u00e3o Nacional de Munic\u00edpios Portugueses","description":"Portal Institucional","publisher":{"@id":"https:\/\/anmp.pt\/#organization"},"potentialAction":[{"@type":"SearchAction","target":{"@type":"EntryPoint","urlTemplate":"https:\/\/anmp.pt\/?s={search_term_string}"},"query-input":{"@type":"PropertyValueSpecification","valueRequired":true,"valueName":"search_term_string"}}],"inLanguage":"es"},{"@type":"Organization","@id":"https:\/\/anmp.pt\/#organization","name":"Associa\u00e7\u00e3o Nacional de Munic\u00edpios Portugueses","url":"https:\/\/anmp.pt\/","logo":{"@type":"ImageObject","inLanguage":"es","@id":"https:\/\/anmp.pt\/#\/schema\/logo\/image\/","url":"https:\/\/anmp.pt\/wp-content\/uploads\/2020\/06\/logo980400.png","contentUrl":"https:\/\/anmp.pt\/wp-content\/uploads\/2020\/06\/logo980400.png","width":980,"height":400,"caption":"Associa\u00e7\u00e3o Nacional de Munic\u00edpios Portugueses"},"image":{"@id":"https:\/\/anmp.pt\/#\/schema\/logo\/image\/"},"sameAs":["https:\/\/www.facebook.com\/ANMP.PT"]}]}},"_links":{"self":[{"href":"https:\/\/anmp.pt\/es\/wp-json\/wp\/v2\/pages\/10980","targetHints":{"allow":["GET"]}}],"collection":[{"href":"https:\/\/anmp.pt\/es\/wp-json\/wp\/v2\/pages"}],"about":[{"href":"https:\/\/anmp.pt\/es\/wp-json\/wp\/v2\/types\/page"}],"author":[{"embeddable":true,"href":"https:\/\/anmp.pt\/es\/wp-json\/wp\/v2\/users\/1"}],"replies":[{"embeddable":true,"href":"https:\/\/anmp.pt\/es\/wp-json\/wp\/v2\/comments?post=10980"}],"version-history":[{"count":0,"href":"https:\/\/anmp.pt\/es\/wp-json\/wp\/v2\/pages\/10980\/revisions"}],"up":[{"embeddable":true,"href":"https:\/\/anmp.pt\/es\/wp-json\/wp\/v2\/pages\/10973"}],"wp:attachment":[{"href":"https:\/\/anmp.pt\/es\/wp-json\/wp\/v2\/media?parent=10980"}],"curies":[{"name":"wp","href":"https:\/\/api.w.org\/{rel}","templated":true}]}}