{"id":10993,"date":"2020-02-03T16:21:48","date_gmt":"2020-02-03T16:21:48","guid":{"rendered":"https:\/\/anmp.pt\/?page_id=10993"},"modified":"2020-05-04T10:21:14","modified_gmt":"2020-05-04T09:21:14","slug":"cofinanciamento","status":"publish","type":"page","link":"https:\/\/anmp.pt\/es\/municipios-inteligentes\/apresentacao-do-projeto\/cofinanciamento\/","title":{"rendered":"(Portugu\u00eas) Cofinanciamento"},"content":{"rendered":"<p class=\"qtranxs-available-languages-message qtranxs-available-languages-message-es\">Disculpa, pero esta entrada est\u00e1 disponible s\u00f3lo en <a href=\"https:\/\/anmp.pt\/pt\/wp-json\/wp\/v2\/pages\/10993\" class=\"qtranxs-available-language-link qtranxs-available-language-link-pt\" title=\"Portugu\u00eas\">Portugu\u00eas<\/a>.<\/p><p>O projeto Munic\u00edpios + Inteligentes \u00e9 financiado, no \u00e2mbito do SAMA 2020, pelo Compete 2020, programa operacional do Portugal 2020, sendo apoiado concretamente pelo Fundo Social Europeu da Uni\u00e3o Europeia.<\/p>\n<p><img loading=\"lazy\" decoding=\"async\" class=\"alignnone wp-image-10623 size-full\" src=\"https:\/\/anmp.pt\/wp-content\/uploads\/2020\/01\/Imagem8_inteligentes.png\" alt=\"Cofinanciamento Munic\u00edpios + Inteligentes\" width=\"693\" height=\"76\" srcset=\"https:\/\/anmp.pt\/wp-content\/uploads\/2020\/01\/Imagem8_inteligentes.png 693w, https:\/\/anmp.pt\/wp-content\/uploads\/2020\/01\/Imagem8_inteligentes-300x33.png 300w\" sizes=\"auto, (max-width: 693px) 100vw, 693px\" \/><\/p>\n<p>Ter\u00e1 um custo total de cerca de 500 mil euros, financiados a 85% pelo Fundo Social Europeu.<\/p>\n<p>:: Custo total (EUR) &#8211; 498.394,33<br \/>\n:: Cofinanciamento da Uni\u00e3o Europeia &#8211; 423.635,18<\/p>","protected":false},"excerpt":{"rendered":"<p>Disculpa, pero esta entrada est\u00e1 disponible s\u00f3lo en Portugu\u00eas.O projeto Munic\u00edpios + Inteligentes \u00e9 financiado, no \u00e2mbito do SAMA 2020, pelo Compete 2020, programa operacional do Portugal 2020, sendo apoiado concretamente pelo Fundo Social Europeu da Uni\u00e3o Europeia. Ter\u00e1 um custo total de cerca de 500 mil euros, financiados a 85% pelo Fundo Social Europeu. [&hellip;]<\/p>\n","protected":false},"author":1,"featured_media":0,"parent":10973,"menu_order":43,"comment_status":"closed","ping_status":"closed","template":"templates-map\/component-inteligent-mun-layout2.php","meta":{"_acf_changed":false,"_exactmetrics_skip_tracking":false,"_exactmetrics_sitenote_active":false,"_exactmetrics_sitenote_note":"","_exactmetrics_sitenote_category":0,"footnotes":""},"class_list":["post-10993","page","type-page","status-publish","hentry"],"acf":[],"yoast_head":"<!-- This site is optimized with the Yoast SEO plugin v23.9 - https:\/\/yoast.com\/wordpress\/plugins\/seo\/ -->\n<title><\/title>\n<meta name=\"robots\" content=\"index, follow, max-snippet:-1, max-image-preview:large, max-video-preview:-1\" \/>\n<link rel=\"canonical\" href=\"https:\/\/anmp.pt\/municipios-inteligentes\/apresentacao-do-projeto\/cofinanciamento\/\" \/>\n<meta property=\"og:locale\" content=\"es_ES\" \/>\n<meta property=\"og:type\" content=\"article\" \/>\n<meta property=\"og:title\" content=\"[:pt]Cofinanciamento[:] - Portal Institucional\" \/>\n<meta property=\"og:description\" content=\"Disculpa, pero esta entrada est\u00e1 disponible s\u00f3lo en Portugu\u00eas.O projeto Munic\u00edpios + Inteligentes \u00e9 financiado, no \u00e2mbito do SAMA 2020, pelo Compete 2020, programa operacional do Portugal 2020, sendo apoiado concretamente pelo Fundo Social Europeu da Uni\u00e3o Europeia. Ter\u00e1 um custo total de cerca de 500 mil euros, financiados a 85% pelo Fundo Social Europeu. [&hellip;]\" \/>\n<meta property=\"og:url\" content=\"https:\/\/anmp.pt\/municipios-inteligentes\/apresentacao-do-projeto\/cofinanciamento\/\" \/>\n<meta property=\"og:site_name\" content=\"Portal Institucional\" \/>\n<meta property=\"article:publisher\" content=\"https:\/\/www.facebook.com\/ANMP.PT\" \/>\n<meta property=\"article:modified_time\" content=\"2020-05-04T09:21:14+00:00\" \/>\n<meta property=\"og:image\" content=\"https:\/\/anmp.pt\/wp-content\/uploads\/2020\/01\/Imagem8_inteligentes.png\" \/>\n\t<meta property=\"og:image:width\" content=\"693\" \/>\n\t<meta property=\"og:image:height\" content=\"76\" \/>\n\t<meta property=\"og:image:type\" content=\"image\/png\" \/>\n<meta name=\"twitter:card\" content=\"summary_large_image\" \/>\n<script type=\"application\/ld+json\" class=\"yoast-schema-graph\">{\"@context\":\"https:\/\/schema.org\",\"@graph\":[{\"@type\":\"WebPage\",\"@id\":\"https:\/\/anmp.pt\/municipios-inteligentes\/apresentacao-do-projeto\/cofinanciamento\/\",\"url\":\"https:\/\/anmp.pt\/municipios-inteligentes\/apresentacao-do-projeto\/cofinanciamento\/\",\"name\":\"[:pt]Cofinanciamento[:] - Portal Institucional\",\"isPartOf\":{\"@id\":\"https:\/\/anmp.pt\/#website\"},\"primaryImageOfPage\":{\"@id\":\"https:\/\/anmp.pt\/municipios-inteligentes\/apresentacao-do-projeto\/cofinanciamento\/#primaryimage\"},\"image\":{\"@id\":\"https:\/\/anmp.pt\/municipios-inteligentes\/apresentacao-do-projeto\/cofinanciamento\/#primaryimage\"},\"thumbnailUrl\":\"https:\/\/anmp.pt\/wp-content\/uploads\/2020\/01\/Imagem8_inteligentes.png\",\"datePublished\":\"2020-02-03T16:21:48+00:00\",\"dateModified\":\"2020-05-04T09:21:14+00:00\",\"breadcrumb\":{\"@id\":\"https:\/\/anmp.pt\/municipios-inteligentes\/apresentacao-do-projeto\/cofinanciamento\/#breadcrumb\"},\"inLanguage\":\"es\",\"potentialAction\":[{\"@type\":\"ReadAction\",\"target\":[\"https:\/\/anmp.pt\/municipios-inteligentes\/apresentacao-do-projeto\/cofinanciamento\/\"]}]},{\"@type\":\"ImageObject\",\"inLanguage\":\"es\",\"@id\":\"https:\/\/anmp.pt\/municipios-inteligentes\/apresentacao-do-projeto\/cofinanciamento\/#primaryimage\",\"url\":\"https:\/\/anmp.pt\/wp-content\/uploads\/2020\/01\/Imagem8_inteligentes.png\",\"contentUrl\":\"https:\/\/anmp.pt\/wp-content\/uploads\/2020\/01\/Imagem8_inteligentes.png\"},{\"@type\":\"BreadcrumbList\",\"@id\":\"https:\/\/anmp.pt\/municipios-inteligentes\/apresentacao-do-projeto\/cofinanciamento\/#breadcrumb\",\"itemListElement\":[{\"@type\":\"ListItem\",\"position\":1,\"name\":\"In\u00edcio\",\"item\":\"https:\/\/anmp.pt\/\"},{\"@type\":\"ListItem\",\"position\":2,\"name\":\"Munic\u00edpios + inteligentes\",\"item\":\"https:\/\/anmp.pt\/municipios-inteligentes\/\"},{\"@type\":\"ListItem\",\"position\":3,\"name\":\"Apresenta\u00e7\u00e3o do Projeto\",\"item\":\"https:\/\/anmp.pt\/municipios-inteligentes\/apresentacao-do-projeto\/\"},{\"@type\":\"ListItem\",\"position\":4,\"name\":\"Cofinanciamento\"}]},{\"@type\":\"WebSite\",\"@id\":\"https:\/\/anmp.pt\/#website\",\"url\":\"https:\/\/anmp.pt\/\",\"name\":\"Associa\u00e7\u00e3o Nacional de Munic\u00edpios Portugueses\",\"description\":\"Portal Institucional\",\"publisher\":{\"@id\":\"https:\/\/anmp.pt\/#organization\"},\"potentialAction\":[{\"@type\":\"SearchAction\",\"target\":{\"@type\":\"EntryPoint\",\"urlTemplate\":\"https:\/\/anmp.pt\/?s={search_term_string}\"},\"query-input\":{\"@type\":\"PropertyValueSpecification\",\"valueRequired\":true,\"valueName\":\"search_term_string\"}}],\"inLanguage\":\"es\"},{\"@type\":\"Organization\",\"@id\":\"https:\/\/anmp.pt\/#organization\",\"name\":\"Associa\u00e7\u00e3o Nacional de Munic\u00edpios Portugueses\",\"url\":\"https:\/\/anmp.pt\/\",\"logo\":{\"@type\":\"ImageObject\",\"inLanguage\":\"es\",\"@id\":\"https:\/\/anmp.pt\/#\/schema\/logo\/image\/\",\"url\":\"https:\/\/anmp.pt\/wp-content\/uploads\/2020\/06\/logo980400.png\",\"contentUrl\":\"https:\/\/anmp.pt\/wp-content\/uploads\/2020\/06\/logo980400.png\",\"width\":980,\"height\":400,\"caption\":\"Associa\u00e7\u00e3o Nacional de Munic\u00edpios Portugueses\"},\"image\":{\"@id\":\"https:\/\/anmp.pt\/#\/schema\/logo\/image\/\"},\"sameAs\":[\"https:\/\/www.facebook.com\/ANMP.PT\"]}]}<\/script>\n<!-- \/ Yoast SEO plugin. -->","yoast_head_json":{"title":"[:pt]Cofinanciamento[:] - Portal Institucional","robots":{"index":"index","follow":"follow","max-snippet":"max-snippet:-1","max-image-preview":"max-image-preview:large","max-video-preview":"max-video-preview:-1"},"canonical":"https:\/\/anmp.pt\/municipios-inteligentes\/apresentacao-do-projeto\/cofinanciamento\/","og_locale":"es_ES","og_type":"article","og_title":"[:pt]Cofinanciamento[:] - Portal Institucional","og_description":"Disculpa, pero esta entrada est\u00e1 disponible s\u00f3lo en Portugu\u00eas.O projeto Munic\u00edpios + Inteligentes \u00e9 financiado, no \u00e2mbito do SAMA 2020, pelo Compete 2020, programa operacional do Portugal 2020, sendo apoiado concretamente pelo Fundo Social Europeu da Uni\u00e3o Europeia. Ter\u00e1 um custo total de cerca de 500 mil euros, financiados a 85% pelo Fundo Social Europeu. [&hellip;]","og_url":"https:\/\/anmp.pt\/municipios-inteligentes\/apresentacao-do-projeto\/cofinanciamento\/","og_site_name":"Portal Institucional","article_publisher":"https:\/\/www.facebook.com\/ANMP.PT","article_modified_time":"2020-05-04T09:21:14+00:00","og_image":[{"width":693,"height":76,"url":"https:\/\/anmp.pt\/wp-content\/uploads\/2020\/01\/Imagem8_inteligentes.png","type":"image\/png"}],"twitter_card":"summary_large_image","schema":{"@context":"https:\/\/schema.org","@graph":[{"@type":"WebPage","@id":"https:\/\/anmp.pt\/municipios-inteligentes\/apresentacao-do-projeto\/cofinanciamento\/","url":"https:\/\/anmp.pt\/municipios-inteligentes\/apresentacao-do-projeto\/cofinanciamento\/","name":"[:pt]Cofinanciamento[:] - Portal Institucional","isPartOf":{"@id":"https:\/\/anmp.pt\/#website"},"primaryImageOfPage":{"@id":"https:\/\/anmp.pt\/municipios-inteligentes\/apresentacao-do-projeto\/cofinanciamento\/#primaryimage"},"image":{"@id":"https:\/\/anmp.pt\/municipios-inteligentes\/apresentacao-do-projeto\/cofinanciamento\/#primaryimage"},"thumbnailUrl":"https:\/\/anmp.pt\/wp-content\/uploads\/2020\/01\/Imagem8_inteligentes.png","datePublished":"2020-02-03T16:21:48+00:00","dateModified":"2020-05-04T09:21:14+00:00","breadcrumb":{"@id":"https:\/\/anmp.pt\/municipios-inteligentes\/apresentacao-do-projeto\/cofinanciamento\/#breadcrumb"},"inLanguage":"es","potentialAction":[{"@type":"ReadAction","target":["https:\/\/anmp.pt\/municipios-inteligentes\/apresentacao-do-projeto\/cofinanciamento\/"]}]},{"@type":"ImageObject","inLanguage":"es","@id":"https:\/\/anmp.pt\/municipios-inteligentes\/apresentacao-do-projeto\/cofinanciamento\/#primaryimage","url":"https:\/\/anmp.pt\/wp-content\/uploads\/2020\/01\/Imagem8_inteligentes.png","contentUrl":"https:\/\/anmp.pt\/wp-content\/uploads\/2020\/01\/Imagem8_inteligentes.png"},{"@type":"BreadcrumbList","@id":"https:\/\/anmp.pt\/municipios-inteligentes\/apresentacao-do-projeto\/cofinanciamento\/#breadcrumb","itemListElement":[{"@type":"ListItem","position":1,"name":"In\u00edcio","item":"https:\/\/anmp.pt\/"},{"@type":"ListItem","position":2,"name":"Munic\u00edpios + inteligentes","item":"https:\/\/anmp.pt\/municipios-inteligentes\/"},{"@type":"ListItem","position":3,"name":"Apresenta\u00e7\u00e3o do Projeto","item":"https:\/\/anmp.pt\/municipios-inteligentes\/apresentacao-do-projeto\/"},{"@type":"ListItem","position":4,"name":"Cofinanciamento"}]},{"@type":"WebSite","@id":"https:\/\/anmp.pt\/#website","url":"https:\/\/anmp.pt\/","name":"Associa\u00e7\u00e3o Nacional de Munic\u00edpios Portugueses","description":"Portal Institucional","publisher":{"@id":"https:\/\/anmp.pt\/#organization"},"potentialAction":[{"@type":"SearchAction","target":{"@type":"EntryPoint","urlTemplate":"https:\/\/anmp.pt\/?s={search_term_string}"},"query-input":{"@type":"PropertyValueSpecification","valueRequired":true,"valueName":"search_term_string"}}],"inLanguage":"es"},{"@type":"Organization","@id":"https:\/\/anmp.pt\/#organization","name":"Associa\u00e7\u00e3o Nacional de Munic\u00edpios Portugueses","url":"https:\/\/anmp.pt\/","logo":{"@type":"ImageObject","inLanguage":"es","@id":"https:\/\/anmp.pt\/#\/schema\/logo\/image\/","url":"https:\/\/anmp.pt\/wp-content\/uploads\/2020\/06\/logo980400.png","contentUrl":"https:\/\/anmp.pt\/wp-content\/uploads\/2020\/06\/logo980400.png","width":980,"height":400,"caption":"Associa\u00e7\u00e3o Nacional de Munic\u00edpios Portugueses"},"image":{"@id":"https:\/\/anmp.pt\/#\/schema\/logo\/image\/"},"sameAs":["https:\/\/www.facebook.com\/ANMP.PT"]}]}},"_links":{"self":[{"href":"https:\/\/anmp.pt\/es\/wp-json\/wp\/v2\/pages\/10993","targetHints":{"allow":["GET"]}}],"collection":[{"href":"https:\/\/anmp.pt\/es\/wp-json\/wp\/v2\/pages"}],"about":[{"href":"https:\/\/anmp.pt\/es\/wp-json\/wp\/v2\/types\/page"}],"author":[{"embeddable":true,"href":"https:\/\/anmp.pt\/es\/wp-json\/wp\/v2\/users\/1"}],"replies":[{"embeddable":true,"href":"https:\/\/anmp.pt\/es\/wp-json\/wp\/v2\/comments?post=10993"}],"version-history":[{"count":0,"href":"https:\/\/anmp.pt\/es\/wp-json\/wp\/v2\/pages\/10993\/revisions"}],"up":[{"embeddable":true,"href":"https:\/\/anmp.pt\/es\/wp-json\/wp\/v2\/pages\/10973"}],"wp:attachment":[{"href":"https:\/\/anmp.pt\/es\/wp-json\/wp\/v2\/media?parent=10993"}],"curies":[{"name":"wp","href":"https:\/\/api.w.org\/{rel}","templated":true}]}}