{"id":10997,"date":"2020-02-03T16:23:13","date_gmt":"2020-02-03T16:23:13","guid":{"rendered":"https:\/\/anmp.pt\/?page_id=10997"},"modified":"2020-02-10T12:13:26","modified_gmt":"2020-02-10T12:13:26","slug":"promotor","status":"publish","type":"page","link":"https:\/\/anmp.pt\/es\/municipios-inteligentes\/entidades\/promotor\/","title":{"rendered":"(Portugu\u00eas) Promotor"},"content":{"rendered":"<p class=\"qtranxs-available-languages-message qtranxs-available-languages-message-es\">Disculpa, pero esta entrada est\u00e1 disponible s\u00f3lo en <a href=\"https:\/\/anmp.pt\/pt\/wp-json\/wp\/v2\/pages\/10997\" class=\"qtranxs-available-language-link qtranxs-available-language-link-pt\" title=\"Portugu\u00eas\">Portugu\u00eas<\/a>.<\/p><p>A entidade promotora deste projeto \u00e9 a Associa\u00e7\u00e3o Nacional de Munic\u00edpios Portugueses (ANMP), que tem como fim geral a promo\u00e7\u00e3o, defesa, dignifica\u00e7\u00e3o e representa\u00e7\u00e3o do Poder Local.<\/p>\n<p>De entre as suas atribui\u00e7\u00f5es, destacam-se a realiza\u00e7\u00e3o de estudos e projetos sobre assuntos relevantes do Poder Local; a cria\u00e7\u00e3o e manuten\u00e7\u00e3o de servi\u00e7os de consultadoria e assessoria t\u00e9cnico-jur\u00eddica destinada aos seus membros; o desenvolvimento de a\u00e7\u00f5es de informa\u00e7\u00e3o aos eleitos locais e de aperfei\u00e7oamento profissional do pessoal da Administra\u00e7\u00e3o Local; e a troca de experi\u00eancias e informa\u00e7\u00f5es de natureza t\u00e9cnico-administrativa entre os seus membros.<\/p>\n<p>Em fevereiro de 2016, foi criada, no seio da ANMP, a sec\u00e7\u00e3o de munic\u00edpios \u201cCidades Inteligentes\u201d, visando o melhor posicionamento estrat\u00e9gico dos munic\u00edpios em mat\u00e9ria de intelig\u00eancia urbana, assente numa base de informa\u00e7\u00e3o e conhecimento de suporte \u00e0 tomada de decis\u00e3o das pol\u00edticas p\u00fablicas e dos atores econ\u00f3micos e sociais que contribua para melhorar o desempenho dos territ\u00f3rios, atrav\u00e9s da gera\u00e7\u00e3o de oportunidades de coopera\u00e7\u00e3o urbana orientadas para a cria\u00e7\u00e3o de produtos, servi\u00e7os e solu\u00e7\u00f5es criativas e inovadoras.<\/p>\n<p>No \u00e2mbito dessas compet\u00eancias, a ANMP submeteu uma candidatura de financiamento do programa Compete 2020 para a realiza\u00e7\u00e3o do presente Estudo.<\/p>","protected":false},"excerpt":{"rendered":"<p>Disculpa, pero esta entrada est\u00e1 disponible s\u00f3lo en Portugu\u00eas.A entidade promotora deste projeto \u00e9 a Associa\u00e7\u00e3o Nacional de Munic\u00edpios Portugueses (ANMP), que tem como fim geral a promo\u00e7\u00e3o, defesa, dignifica\u00e7\u00e3o e representa\u00e7\u00e3o do Poder Local. De entre as suas atribui\u00e7\u00f5es, destacam-se a realiza\u00e7\u00e3o de estudos e projetos sobre assuntos relevantes do Poder Local; a cria\u00e7\u00e3o [&hellip;]<\/p>\n","protected":false},"author":1,"featured_media":0,"parent":10976,"menu_order":166,"comment_status":"closed","ping_status":"closed","template":"templates-map\/component-inteligent-mun-layout2.php","meta":{"_acf_changed":false,"_exactmetrics_skip_tracking":false,"_exactmetrics_sitenote_active":false,"_exactmetrics_sitenote_note":"","_exactmetrics_sitenote_category":0,"footnotes":""},"class_list":["post-10997","page","type-page","status-publish","hentry"],"acf":[],"yoast_head":"<!-- This site is optimized with the Yoast SEO plugin v23.9 - https:\/\/yoast.com\/wordpress\/plugins\/seo\/ -->\n<title><\/title>\n<meta name=\"robots\" content=\"index, follow, max-snippet:-1, max-image-preview:large, max-video-preview:-1\" \/>\n<link rel=\"canonical\" href=\"https:\/\/anmp.pt\/municipios-inteligentes\/entidades\/promotor\/\" \/>\n<meta property=\"og:locale\" content=\"es_ES\" \/>\n<meta property=\"og:type\" content=\"article\" \/>\n<meta property=\"og:title\" content=\"[:pt]Promotor[:] - Portal Institucional\" \/>\n<meta property=\"og:description\" content=\"Disculpa, pero esta entrada est\u00e1 disponible s\u00f3lo en Portugu\u00eas.A entidade promotora deste projeto \u00e9 a Associa\u00e7\u00e3o Nacional de Munic\u00edpios Portugueses (ANMP), que tem como fim geral a promo\u00e7\u00e3o, defesa, dignifica\u00e7\u00e3o e representa\u00e7\u00e3o do Poder Local. De entre as suas atribui\u00e7\u00f5es, destacam-se a realiza\u00e7\u00e3o de estudos e projetos sobre assuntos relevantes do Poder Local; a cria\u00e7\u00e3o [&hellip;]\" \/>\n<meta property=\"og:url\" content=\"https:\/\/anmp.pt\/municipios-inteligentes\/entidades\/promotor\/\" \/>\n<meta property=\"og:site_name\" content=\"Portal Institucional\" \/>\n<meta property=\"article:publisher\" content=\"https:\/\/www.facebook.com\/ANMP.PT\" \/>\n<meta property=\"article:modified_time\" content=\"2020-02-10T12:13:26+00:00\" \/>\n<meta name=\"twitter:card\" content=\"summary_large_image\" \/>\n<script type=\"application\/ld+json\" class=\"yoast-schema-graph\">{\"@context\":\"https:\/\/schema.org\",\"@graph\":[{\"@type\":\"WebPage\",\"@id\":\"https:\/\/anmp.pt\/municipios-inteligentes\/entidades\/promotor\/\",\"url\":\"https:\/\/anmp.pt\/municipios-inteligentes\/entidades\/promotor\/\",\"name\":\"[:pt]Promotor[:] - Portal Institucional\",\"isPartOf\":{\"@id\":\"https:\/\/anmp.pt\/#website\"},\"datePublished\":\"2020-02-03T16:23:13+00:00\",\"dateModified\":\"2020-02-10T12:13:26+00:00\",\"breadcrumb\":{\"@id\":\"https:\/\/anmp.pt\/municipios-inteligentes\/entidades\/promotor\/#breadcrumb\"},\"inLanguage\":\"es\",\"potentialAction\":[{\"@type\":\"ReadAction\",\"target\":[\"https:\/\/anmp.pt\/municipios-inteligentes\/entidades\/promotor\/\"]}]},{\"@type\":\"BreadcrumbList\",\"@id\":\"https:\/\/anmp.pt\/municipios-inteligentes\/entidades\/promotor\/#breadcrumb\",\"itemListElement\":[{\"@type\":\"ListItem\",\"position\":1,\"name\":\"In\u00edcio\",\"item\":\"https:\/\/anmp.pt\/\"},{\"@type\":\"ListItem\",\"position\":2,\"name\":\"Munic\u00edpios + inteligentes\",\"item\":\"https:\/\/anmp.pt\/municipios-inteligentes\/\"},{\"@type\":\"ListItem\",\"position\":3,\"name\":\"Entidades\",\"item\":\"https:\/\/anmp.pt\/municipios-inteligentes\/entidades\/\"},{\"@type\":\"ListItem\",\"position\":4,\"name\":\"Promotor\"}]},{\"@type\":\"WebSite\",\"@id\":\"https:\/\/anmp.pt\/#website\",\"url\":\"https:\/\/anmp.pt\/\",\"name\":\"Associa\u00e7\u00e3o Nacional de Munic\u00edpios Portugueses\",\"description\":\"Portal Institucional\",\"publisher\":{\"@id\":\"https:\/\/anmp.pt\/#organization\"},\"potentialAction\":[{\"@type\":\"SearchAction\",\"target\":{\"@type\":\"EntryPoint\",\"urlTemplate\":\"https:\/\/anmp.pt\/?s={search_term_string}\"},\"query-input\":{\"@type\":\"PropertyValueSpecification\",\"valueRequired\":true,\"valueName\":\"search_term_string\"}}],\"inLanguage\":\"es\"},{\"@type\":\"Organization\",\"@id\":\"https:\/\/anmp.pt\/#organization\",\"name\":\"Associa\u00e7\u00e3o Nacional de Munic\u00edpios Portugueses\",\"url\":\"https:\/\/anmp.pt\/\",\"logo\":{\"@type\":\"ImageObject\",\"inLanguage\":\"es\",\"@id\":\"https:\/\/anmp.pt\/#\/schema\/logo\/image\/\",\"url\":\"https:\/\/anmp.pt\/wp-content\/uploads\/2020\/06\/logo980400.png\",\"contentUrl\":\"https:\/\/anmp.pt\/wp-content\/uploads\/2020\/06\/logo980400.png\",\"width\":980,\"height\":400,\"caption\":\"Associa\u00e7\u00e3o Nacional de Munic\u00edpios Portugueses\"},\"image\":{\"@id\":\"https:\/\/anmp.pt\/#\/schema\/logo\/image\/\"},\"sameAs\":[\"https:\/\/www.facebook.com\/ANMP.PT\"]}]}<\/script>\n<!-- \/ Yoast SEO plugin. -->","yoast_head_json":{"title":"[:pt]Promotor[:] - Portal Institucional","robots":{"index":"index","follow":"follow","max-snippet":"max-snippet:-1","max-image-preview":"max-image-preview:large","max-video-preview":"max-video-preview:-1"},"canonical":"https:\/\/anmp.pt\/municipios-inteligentes\/entidades\/promotor\/","og_locale":"es_ES","og_type":"article","og_title":"[:pt]Promotor[:] - Portal Institucional","og_description":"Disculpa, pero esta entrada est\u00e1 disponible s\u00f3lo en Portugu\u00eas.A entidade promotora deste projeto \u00e9 a Associa\u00e7\u00e3o Nacional de Munic\u00edpios Portugueses (ANMP), que tem como fim geral a promo\u00e7\u00e3o, defesa, dignifica\u00e7\u00e3o e representa\u00e7\u00e3o do Poder Local. De entre as suas atribui\u00e7\u00f5es, destacam-se a realiza\u00e7\u00e3o de estudos e projetos sobre assuntos relevantes do Poder Local; a cria\u00e7\u00e3o [&hellip;]","og_url":"https:\/\/anmp.pt\/municipios-inteligentes\/entidades\/promotor\/","og_site_name":"Portal Institucional","article_publisher":"https:\/\/www.facebook.com\/ANMP.PT","article_modified_time":"2020-02-10T12:13:26+00:00","twitter_card":"summary_large_image","schema":{"@context":"https:\/\/schema.org","@graph":[{"@type":"WebPage","@id":"https:\/\/anmp.pt\/municipios-inteligentes\/entidades\/promotor\/","url":"https:\/\/anmp.pt\/municipios-inteligentes\/entidades\/promotor\/","name":"[:pt]Promotor[:] - Portal Institucional","isPartOf":{"@id":"https:\/\/anmp.pt\/#website"},"datePublished":"2020-02-03T16:23:13+00:00","dateModified":"2020-02-10T12:13:26+00:00","breadcrumb":{"@id":"https:\/\/anmp.pt\/municipios-inteligentes\/entidades\/promotor\/#breadcrumb"},"inLanguage":"es","potentialAction":[{"@type":"ReadAction","target":["https:\/\/anmp.pt\/municipios-inteligentes\/entidades\/promotor\/"]}]},{"@type":"BreadcrumbList","@id":"https:\/\/anmp.pt\/municipios-inteligentes\/entidades\/promotor\/#breadcrumb","itemListElement":[{"@type":"ListItem","position":1,"name":"In\u00edcio","item":"https:\/\/anmp.pt\/"},{"@type":"ListItem","position":2,"name":"Munic\u00edpios + inteligentes","item":"https:\/\/anmp.pt\/municipios-inteligentes\/"},{"@type":"ListItem","position":3,"name":"Entidades","item":"https:\/\/anmp.pt\/municipios-inteligentes\/entidades\/"},{"@type":"ListItem","position":4,"name":"Promotor"}]},{"@type":"WebSite","@id":"https:\/\/anmp.pt\/#website","url":"https:\/\/anmp.pt\/","name":"Associa\u00e7\u00e3o Nacional de Munic\u00edpios Portugueses","description":"Portal Institucional","publisher":{"@id":"https:\/\/anmp.pt\/#organization"},"potentialAction":[{"@type":"SearchAction","target":{"@type":"EntryPoint","urlTemplate":"https:\/\/anmp.pt\/?s={search_term_string}"},"query-input":{"@type":"PropertyValueSpecification","valueRequired":true,"valueName":"search_term_string"}}],"inLanguage":"es"},{"@type":"Organization","@id":"https:\/\/anmp.pt\/#organization","name":"Associa\u00e7\u00e3o Nacional de Munic\u00edpios Portugueses","url":"https:\/\/anmp.pt\/","logo":{"@type":"ImageObject","inLanguage":"es","@id":"https:\/\/anmp.pt\/#\/schema\/logo\/image\/","url":"https:\/\/anmp.pt\/wp-content\/uploads\/2020\/06\/logo980400.png","contentUrl":"https:\/\/anmp.pt\/wp-content\/uploads\/2020\/06\/logo980400.png","width":980,"height":400,"caption":"Associa\u00e7\u00e3o Nacional de Munic\u00edpios Portugueses"},"image":{"@id":"https:\/\/anmp.pt\/#\/schema\/logo\/image\/"},"sameAs":["https:\/\/www.facebook.com\/ANMP.PT"]}]}},"_links":{"self":[{"href":"https:\/\/anmp.pt\/es\/wp-json\/wp\/v2\/pages\/10997","targetHints":{"allow":["GET"]}}],"collection":[{"href":"https:\/\/anmp.pt\/es\/wp-json\/wp\/v2\/pages"}],"about":[{"href":"https:\/\/anmp.pt\/es\/wp-json\/wp\/v2\/types\/page"}],"author":[{"embeddable":true,"href":"https:\/\/anmp.pt\/es\/wp-json\/wp\/v2\/users\/1"}],"replies":[{"embeddable":true,"href":"https:\/\/anmp.pt\/es\/wp-json\/wp\/v2\/comments?post=10997"}],"version-history":[{"count":0,"href":"https:\/\/anmp.pt\/es\/wp-json\/wp\/v2\/pages\/10997\/revisions"}],"up":[{"embeddable":true,"href":"https:\/\/anmp.pt\/es\/wp-json\/wp\/v2\/pages\/10976"}],"wp:attachment":[{"href":"https:\/\/anmp.pt\/es\/wp-json\/wp\/v2\/media?parent=10997"}],"curies":[{"name":"wp","href":"https:\/\/api.w.org\/{rel}","templated":true}]}}