{"id":1419,"date":"2019-08-09T12:19:35","date_gmt":"2019-08-09T11:19:35","guid":{"rendered":"https:\/\/anmp.pt\/?page_id=1419"},"modified":"2026-01-22T16:01:53","modified_gmt":"2026-01-22T16:01:53","slug":"politica-de-privacidade","status":"publish","type":"page","link":"https:\/\/anmp.pt\/es\/politica-de-privacidade\/","title":{"rendered":"Pol\u00edtica de privacidad"},"content":{"rendered":"<p><\/p>\n<p><\/p>\n<p><\/p>\n<p><span class=\"Y2IQFc\" lang=\"es\">Aspectos legales sobre el uso de fotos y contenido del sitio web.<\/span><\/p>\n<p><span class=\"Y2IQFc\" lang=\"es\">El uso de fotos y contenido del sitio web en obras o publicaciones est\u00e1 sujeto a la autorizaci\u00f3n de la ANMP.<\/span><\/p>\n<p><span class=\"Y2IQFc\" lang=\"es\">El logotipo de la ANMP puede ser utilizado por sus miembros y otras entidades o personas, siempre que se obtenga la autorizaci\u00f3n expl\u00edcita de la ANMP.<\/span><\/p>\n<h3><span class=\"Y2IQFc\" lang=\"es\">Privacidad y seguridad<\/span><\/h3>\n<p><span class=\"Y2IQFc\" lang=\"es\">La ANMP, entidad responsable del sitio web, vela por el tratamiento riguroso de los datos recopilados por ella o proporcionados por terceros (municipios, CIM, asociaciones de municipios, parroquias y otras entidades).<\/span><\/p>\n<p><span class=\"Y2IQFc\" lang=\"es\">Por regla general, este sitio web no tiene como objetivo recopilar datos personales, sino procesar y sistematizar informaci\u00f3n general que consideramos \u00fatil. Aun as\u00ed, se garantiza a los leg\u00edtimos titulares de la informaci\u00f3n difundida la posibilidad de proporcionar las aclaraciones solicitadas, as\u00ed como el derecho de acceso, rectificaci\u00f3n o supresi\u00f3n de los datos aqu\u00ed publicados.<\/span><\/p>\n<h3><span class=\"Y2IQFc\" lang=\"es\">Enlaces<\/span><\/h3>\n<p><span class=\"Y2IQFc\" lang=\"es\">Nuestro sitio web contiene enlaces a otros sitios web. La ANMP no se responsabiliza de las pol\u00edticas de privacidad ni del contenido de estos sitios web. Sugerencias, quejas y opiniones pueden enviarse a la direcci\u00f3n de la ANMP: anmp@anmp.pt<\/span><\/p>","protected":false},"excerpt":{"rendered":"<p>Aspectos legales sobre el uso de fotos y contenido del sitio web. El uso de fotos y contenido del sitio web en obras o publicaciones est\u00e1 sujeto a la autorizaci\u00f3n de la ANMP. El logotipo de la ANMP puede ser utilizado por sus miembros y otras entidades o personas, siempre que se obtenga la autorizaci\u00f3n [&hellip;]<\/p>\n","protected":false},"author":1,"featured_media":0,"parent":0,"menu_order":162,"comment_status":"closed","ping_status":"closed","template":"templates-map\/component-text-layout1.php","meta":{"_acf_changed":false,"_exactmetrics_skip_tracking":false,"_exactmetrics_sitenote_active":false,"_exactmetrics_sitenote_note":"","_exactmetrics_sitenote_category":0,"footnotes":""},"class_list":["post-1419","page","type-page","status-publish","hentry"],"acf":[],"yoast_head":"<!-- This site is optimized with the Yoast SEO plugin v23.9 - https:\/\/yoast.com\/wordpress\/plugins\/seo\/ -->\n<title>Pol\u00edtica de privacidad - Portal Institucional<\/title>\n<meta name=\"robots\" content=\"index, follow, max-snippet:-1, max-image-preview:large, max-video-preview:-1\" \/>\n<link rel=\"canonical\" href=\"https:\/\/anmp.pt\/politica-de-privacidade\/\" \/>\n<meta property=\"og:locale\" content=\"es_ES\" \/>\n<meta property=\"og:type\" content=\"article\" \/>\n<meta property=\"og:title\" content=\"[:pt]Pol\u00edtica de Privacidade[:en]Privacy Policy[:fr]Politique de confidentialit\u00e9[:es]Pol\u00edtica de privacidad[:] - Portal Institucional\" \/>\n<meta property=\"og:description\" content=\"Aspectos legales sobre el uso de fotos y contenido del sitio web. El uso de fotos y contenido del sitio web en obras o publicaciones est\u00e1 sujeto a la autorizaci\u00f3n de la ANMP. El logotipo de la ANMP puede ser utilizado por sus miembros y otras entidades o personas, siempre que se obtenga la autorizaci\u00f3n [&hellip;]\" \/>\n<meta property=\"og:url\" content=\"https:\/\/anmp.pt\/politica-de-privacidade\/\" \/>\n<meta property=\"og:site_name\" content=\"Portal Institucional\" \/>\n<meta property=\"article:publisher\" content=\"https:\/\/www.facebook.com\/ANMP.PT\" \/>\n<meta property=\"article:modified_time\" content=\"2026-01-22T16:01:53+00:00\" \/>\n<meta name=\"twitter:card\" content=\"summary_large_image\" \/>\n<script type=\"application\/ld+json\" class=\"yoast-schema-graph\">{\"@context\":\"https:\/\/schema.org\",\"@graph\":[{\"@type\":\"WebPage\",\"@id\":\"https:\/\/anmp.pt\/politica-de-privacidade\/\",\"url\":\"https:\/\/anmp.pt\/politica-de-privacidade\/\",\"name\":\"[:pt]Pol\u00edtica de Privacidade[:en]Privacy Policy[:fr]Politique de confidentialit\u00e9[:es]Pol\u00edtica de privacidad[:] - Portal Institucional\",\"isPartOf\":{\"@id\":\"https:\/\/anmp.pt\/#website\"},\"datePublished\":\"2019-08-09T11:19:35+00:00\",\"dateModified\":\"2026-01-22T16:01:53+00:00\",\"breadcrumb\":{\"@id\":\"https:\/\/anmp.pt\/politica-de-privacidade\/#breadcrumb\"},\"inLanguage\":\"es\",\"potentialAction\":[{\"@type\":\"ReadAction\",\"target\":[\"https:\/\/anmp.pt\/politica-de-privacidade\/\"]}]},{\"@type\":\"BreadcrumbList\",\"@id\":\"https:\/\/anmp.pt\/politica-de-privacidade\/#breadcrumb\",\"itemListElement\":[{\"@type\":\"ListItem\",\"position\":1,\"name\":\"In\u00edcio\",\"item\":\"https:\/\/anmp.pt\/\"},{\"@type\":\"ListItem\",\"position\":2,\"name\":\"Pol\u00edtica de Privacidade\"}]},{\"@type\":\"WebSite\",\"@id\":\"https:\/\/anmp.pt\/#website\",\"url\":\"https:\/\/anmp.pt\/\",\"name\":\"Associa\u00e7\u00e3o Nacional de Munic\u00edpios Portugueses\",\"description\":\"Portal Institucional\",\"publisher\":{\"@id\":\"https:\/\/anmp.pt\/#organization\"},\"potentialAction\":[{\"@type\":\"SearchAction\",\"target\":{\"@type\":\"EntryPoint\",\"urlTemplate\":\"https:\/\/anmp.pt\/?s={search_term_string}\"},\"query-input\":{\"@type\":\"PropertyValueSpecification\",\"valueRequired\":true,\"valueName\":\"search_term_string\"}}],\"inLanguage\":\"es\"},{\"@type\":\"Organization\",\"@id\":\"https:\/\/anmp.pt\/#organization\",\"name\":\"Associa\u00e7\u00e3o Nacional de Munic\u00edpios Portugueses\",\"url\":\"https:\/\/anmp.pt\/\",\"logo\":{\"@type\":\"ImageObject\",\"inLanguage\":\"es\",\"@id\":\"https:\/\/anmp.pt\/#\/schema\/logo\/image\/\",\"url\":\"https:\/\/anmp.pt\/wp-content\/uploads\/2020\/06\/logo980400.png\",\"contentUrl\":\"https:\/\/anmp.pt\/wp-content\/uploads\/2020\/06\/logo980400.png\",\"width\":980,\"height\":400,\"caption\":\"Associa\u00e7\u00e3o Nacional de Munic\u00edpios Portugueses\"},\"image\":{\"@id\":\"https:\/\/anmp.pt\/#\/schema\/logo\/image\/\"},\"sameAs\":[\"https:\/\/www.facebook.com\/ANMP.PT\"]}]}<\/script>\n<!-- \/ Yoast SEO plugin. -->","yoast_head_json":{"title":"[:pt]Pol\u00edtica de Privacidade[:en]Privacy Policy[:fr]Politique de confidentialit\u00e9[:es]Pol\u00edtica de privacidad[:] - Portal Institucional","robots":{"index":"index","follow":"follow","max-snippet":"max-snippet:-1","max-image-preview":"max-image-preview:large","max-video-preview":"max-video-preview:-1"},"canonical":"https:\/\/anmp.pt\/politica-de-privacidade\/","og_locale":"es_ES","og_type":"article","og_title":"[:pt]Pol\u00edtica de Privacidade[:en]Privacy Policy[:fr]Politique de confidentialit\u00e9[:es]Pol\u00edtica de privacidad[:] - Portal Institucional","og_description":"Aspectos legales sobre el uso de fotos y contenido del sitio web. El uso de fotos y contenido del sitio web en obras o publicaciones est\u00e1 sujeto a la autorizaci\u00f3n de la ANMP. El logotipo de la ANMP puede ser utilizado por sus miembros y otras entidades o personas, siempre que se obtenga la autorizaci\u00f3n [&hellip;]","og_url":"https:\/\/anmp.pt\/politica-de-privacidade\/","og_site_name":"Portal Institucional","article_publisher":"https:\/\/www.facebook.com\/ANMP.PT","article_modified_time":"2026-01-22T16:01:53+00:00","twitter_card":"summary_large_image","schema":{"@context":"https:\/\/schema.org","@graph":[{"@type":"WebPage","@id":"https:\/\/anmp.pt\/politica-de-privacidade\/","url":"https:\/\/anmp.pt\/politica-de-privacidade\/","name":"[:pt]Pol\u00edtica de Privacidade[:en]Privacy Policy[:fr]Politique de confidentialit\u00e9[:es]Pol\u00edtica de privacidad[:] - Portal Institucional","isPartOf":{"@id":"https:\/\/anmp.pt\/#website"},"datePublished":"2019-08-09T11:19:35+00:00","dateModified":"2026-01-22T16:01:53+00:00","breadcrumb":{"@id":"https:\/\/anmp.pt\/politica-de-privacidade\/#breadcrumb"},"inLanguage":"es","potentialAction":[{"@type":"ReadAction","target":["https:\/\/anmp.pt\/politica-de-privacidade\/"]}]},{"@type":"BreadcrumbList","@id":"https:\/\/anmp.pt\/politica-de-privacidade\/#breadcrumb","itemListElement":[{"@type":"ListItem","position":1,"name":"In\u00edcio","item":"https:\/\/anmp.pt\/"},{"@type":"ListItem","position":2,"name":"Pol\u00edtica de Privacidade"}]},{"@type":"WebSite","@id":"https:\/\/anmp.pt\/#website","url":"https:\/\/anmp.pt\/","name":"Associa\u00e7\u00e3o Nacional de Munic\u00edpios Portugueses","description":"Portal Institucional","publisher":{"@id":"https:\/\/anmp.pt\/#organization"},"potentialAction":[{"@type":"SearchAction","target":{"@type":"EntryPoint","urlTemplate":"https:\/\/anmp.pt\/?s={search_term_string}"},"query-input":{"@type":"PropertyValueSpecification","valueRequired":true,"valueName":"search_term_string"}}],"inLanguage":"es"},{"@type":"Organization","@id":"https:\/\/anmp.pt\/#organization","name":"Associa\u00e7\u00e3o Nacional de Munic\u00edpios Portugueses","url":"https:\/\/anmp.pt\/","logo":{"@type":"ImageObject","inLanguage":"es","@id":"https:\/\/anmp.pt\/#\/schema\/logo\/image\/","url":"https:\/\/anmp.pt\/wp-content\/uploads\/2020\/06\/logo980400.png","contentUrl":"https:\/\/anmp.pt\/wp-content\/uploads\/2020\/06\/logo980400.png","width":980,"height":400,"caption":"Associa\u00e7\u00e3o Nacional de Munic\u00edpios Portugueses"},"image":{"@id":"https:\/\/anmp.pt\/#\/schema\/logo\/image\/"},"sameAs":["https:\/\/www.facebook.com\/ANMP.PT"]}]}},"_links":{"self":[{"href":"https:\/\/anmp.pt\/es\/wp-json\/wp\/v2\/pages\/1419","targetHints":{"allow":["GET"]}}],"collection":[{"href":"https:\/\/anmp.pt\/es\/wp-json\/wp\/v2\/pages"}],"about":[{"href":"https:\/\/anmp.pt\/es\/wp-json\/wp\/v2\/types\/page"}],"author":[{"embeddable":true,"href":"https:\/\/anmp.pt\/es\/wp-json\/wp\/v2\/users\/1"}],"replies":[{"embeddable":true,"href":"https:\/\/anmp.pt\/es\/wp-json\/wp\/v2\/comments?post=1419"}],"version-history":[{"count":2,"href":"https:\/\/anmp.pt\/es\/wp-json\/wp\/v2\/pages\/1419\/revisions"}],"predecessor-version":[{"id":73755,"href":"https:\/\/anmp.pt\/es\/wp-json\/wp\/v2\/pages\/1419\/revisions\/73755"}],"wp:attachment":[{"href":"https:\/\/anmp.pt\/es\/wp-json\/wp\/v2\/media?parent=1419"}],"curies":[{"name":"wp","href":"https:\/\/api.w.org\/{rel}","templated":true}]}}