{"id":14940,"date":"2020-02-26T11:24:04","date_gmt":"2020-02-26T11:24:04","guid":{"rendered":"https:\/\/anmp.pt\/?page_id=14940"},"modified":"2026-01-22T14:25:35","modified_gmt":"2026-01-22T14:25:35","slug":"logotipo","status":"publish","type":"page","link":"https:\/\/anmp.pt\/es\/anmport\/logotipo\/","title":{"rendered":"Logo"},"content":{"rendered":"<p><\/p>\n<p id=\"tw-target-text\" class=\"tw-data-text tw-text-large tw-ta\" dir=\"ltr\" role=\"text\" data-placeholder=\"Translation\" data-ved=\"2ahUKEwiYq6qEuZySAxUETaQEHRrCAkEQ3ewLegQIERAV\" aria-label=\"Translated text: The set of graphic elements, symbol and name, which we will henceforth simply refer to as the logo, is the main element of the identity of the National Association of Portuguese Municipalities. It may be used by its members and other entities or individuals, provided that they have the explicit authorization of the ANMP.\"><span class=\"Y2IQFc\" lang=\"en\"><\/span><\/p>\n<p id=\"tw-target-text\" class=\"tw-data-text tw-text-large tw-ta\" dir=\"ltr\" role=\"text\" data-placeholder=\"Translation\" data-ved=\"2ahUKEwiYq6qEuZySAxUETaQEHRrCAkEQ3ewLegQIERAV\" aria-label=\"Translated text: L\u2019ensemble des \u00e9l\u00e9ments graphiques, du symbole et du nom, que nous d\u00e9signerons d\u00e9sormais simplement par le terme \u00ab\u00a0logo\u00a0\u00bb, constitue l\u2019\u00e9l\u00e9ment principal de l\u2019identit\u00e9 de l\u2019Association nationale des municipalit\u00e9s portugaises (ANMP). Il peut \u00eatre utilis\u00e9 par ses membres ainsi que par d\u2019autres entit\u00e9s ou personnes physiques, sous r\u00e9serve de l\u2019autorisation expresse de l\u2019ANMP.\"><span class=\"Y2IQFc\" lang=\"fr\"><\/span><\/p>\n<p dir=\"ltr\" role=\"text\" data-placeholder=\"Translation\" data-ved=\"2ahUKEwiYq6qEuZySAxUETaQEHRrCAkEQ3ewLegQIERAV\" aria-label=\"Translated text: L\u2019ensemble des \u00e9l\u00e9ments graphiques, du symbole et du nom, que nous d\u00e9signerons d\u00e9sormais simplement par le terme \u00ab\u00a0logo\u00a0\u00bb, constitue l\u2019\u00e9l\u00e9ment principal de l\u2019identit\u00e9 de l\u2019Association nationale des municipalit\u00e9s portugaises (ANMP). Il peut \u00eatre utilis\u00e9 par ses membres ainsi que par d\u2019autres entit\u00e9s ou personnes physiques, sous r\u00e9serve de l\u2019autorisation expresse de l\u2019ANMP.\"><span class=\"Y2IQFc\" lang=\"es\">El conjunto de elementos gr\u00e1ficos, s\u00edmbolo y nombre, al que en adelante nos referiremos simplemente como logotipo, constituye el elemento principal de la identidad de la Asociaci\u00f3n Nacional de Municipios Portugueses. Podr\u00e1 ser utilizado por sus miembros y otras entidades o particulares, siempre que cuenten con la autorizaci\u00f3n expl\u00edcita de la ANMP.<\/span><\/p>\n<div id=\"tw-target-rmn-container\" class=\"tw-target-rmn tw-ta-container tw-nfl\" role=\"text\">\n<pre id=\"tw-target-rmn\" class=\"tw-data-placeholder tw-text-small tw-ta\" dir=\"ltr\" role=\"text\" data-placeholder=\"\"><\/pre>\n<\/div>","protected":false},"excerpt":{"rendered":"<p>El conjunto de elementos gr\u00e1ficos, s\u00edmbolo y nombre, al que en adelante nos referiremos simplemente como logotipo, constituye el elemento principal de la identidad de la Asociaci\u00f3n Nacional de Municipios Portugueses. Podr\u00e1 ser utilizado por sus miembros y otras entidades o particulares, siempre que cuenten con la autorizaci\u00f3n expl\u00edcita de la ANMP.<\/p>\n","protected":false},"author":1,"featured_media":0,"parent":1598,"menu_order":118,"comment_status":"closed","ping_status":"closed","template":"templates-map\/component-text-layout1.php","meta":{"_acf_changed":false,"_exactmetrics_skip_tracking":false,"_exactmetrics_sitenote_active":false,"_exactmetrics_sitenote_note":"","_exactmetrics_sitenote_category":0,"footnotes":""},"class_list":["post-14940","page","type-page","status-publish","hentry"],"acf":[],"yoast_head":"<!-- This site is optimized with the Yoast SEO plugin v23.9 - https:\/\/yoast.com\/wordpress\/plugins\/seo\/ -->\n<title>Logo - Portal Institucional<\/title>\n<meta name=\"robots\" content=\"index, follow, max-snippet:-1, max-image-preview:large, max-video-preview:-1\" \/>\n<link rel=\"canonical\" href=\"https:\/\/anmp.pt\/anmport\/logotipo\/\" \/>\n<meta property=\"og:locale\" content=\"es_ES\" \/>\n<meta property=\"og:type\" content=\"article\" \/>\n<meta property=\"og:title\" content=\"[:pt]Log\u00f3tipo[:en]Logo[:fr]Logo[:es]Logo[:] - Portal Institucional\" \/>\n<meta property=\"og:description\" content=\"El conjunto de elementos gr\u00e1ficos, s\u00edmbolo y nombre, al que en adelante nos referiremos simplemente como logotipo, constituye el elemento principal de la identidad de la Asociaci\u00f3n Nacional de Municipios Portugueses. Podr\u00e1 ser utilizado por sus miembros y otras entidades o particulares, siempre que cuenten con la autorizaci\u00f3n expl\u00edcita de la ANMP.\" \/>\n<meta property=\"og:url\" content=\"https:\/\/anmp.pt\/anmport\/logotipo\/\" \/>\n<meta property=\"og:site_name\" content=\"Portal Institucional\" \/>\n<meta property=\"article:publisher\" content=\"https:\/\/www.facebook.com\/ANMP.PT\" \/>\n<meta property=\"article:modified_time\" content=\"2026-01-22T14:25:35+00:00\" \/>\n<meta name=\"twitter:card\" content=\"summary_large_image\" \/>\n<script type=\"application\/ld+json\" class=\"yoast-schema-graph\">{\"@context\":\"https:\/\/schema.org\",\"@graph\":[{\"@type\":\"WebPage\",\"@id\":\"https:\/\/anmp.pt\/anmport\/logotipo\/\",\"url\":\"https:\/\/anmp.pt\/anmport\/logotipo\/\",\"name\":\"[:pt]Log\u00f3tipo[:en]Logo[:fr]Logo[:es]Logo[:] - Portal Institucional\",\"isPartOf\":{\"@id\":\"https:\/\/anmp.pt\/#website\"},\"datePublished\":\"2020-02-26T11:24:04+00:00\",\"dateModified\":\"2026-01-22T14:25:35+00:00\",\"breadcrumb\":{\"@id\":\"https:\/\/anmp.pt\/anmport\/logotipo\/#breadcrumb\"},\"inLanguage\":\"es\",\"potentialAction\":[{\"@type\":\"ReadAction\",\"target\":[\"https:\/\/anmp.pt\/anmport\/logotipo\/\"]}]},{\"@type\":\"BreadcrumbList\",\"@id\":\"https:\/\/anmp.pt\/anmport\/logotipo\/#breadcrumb\",\"itemListElement\":[{\"@type\":\"ListItem\",\"position\":1,\"name\":\"In\u00edcio\",\"item\":\"https:\/\/anmp.pt\/\"},{\"@type\":\"ListItem\",\"position\":2,\"name\":\"ANMP\",\"item\":\"https:\/\/anmp.pt\/anmport\/\"},{\"@type\":\"ListItem\",\"position\":3,\"name\":\"Log\u00f3tipo\"}]},{\"@type\":\"WebSite\",\"@id\":\"https:\/\/anmp.pt\/#website\",\"url\":\"https:\/\/anmp.pt\/\",\"name\":\"Associa\u00e7\u00e3o Nacional de Munic\u00edpios Portugueses\",\"description\":\"Portal Institucional\",\"publisher\":{\"@id\":\"https:\/\/anmp.pt\/#organization\"},\"potentialAction\":[{\"@type\":\"SearchAction\",\"target\":{\"@type\":\"EntryPoint\",\"urlTemplate\":\"https:\/\/anmp.pt\/?s={search_term_string}\"},\"query-input\":{\"@type\":\"PropertyValueSpecification\",\"valueRequired\":true,\"valueName\":\"search_term_string\"}}],\"inLanguage\":\"es\"},{\"@type\":\"Organization\",\"@id\":\"https:\/\/anmp.pt\/#organization\",\"name\":\"Associa\u00e7\u00e3o Nacional de Munic\u00edpios Portugueses\",\"url\":\"https:\/\/anmp.pt\/\",\"logo\":{\"@type\":\"ImageObject\",\"inLanguage\":\"es\",\"@id\":\"https:\/\/anmp.pt\/#\/schema\/logo\/image\/\",\"url\":\"https:\/\/anmp.pt\/wp-content\/uploads\/2020\/06\/logo980400.png\",\"contentUrl\":\"https:\/\/anmp.pt\/wp-content\/uploads\/2020\/06\/logo980400.png\",\"width\":980,\"height\":400,\"caption\":\"Associa\u00e7\u00e3o Nacional de Munic\u00edpios Portugueses\"},\"image\":{\"@id\":\"https:\/\/anmp.pt\/#\/schema\/logo\/image\/\"},\"sameAs\":[\"https:\/\/www.facebook.com\/ANMP.PT\"]}]}<\/script>\n<!-- \/ Yoast SEO plugin. -->","yoast_head_json":{"title":"[:pt]Log\u00f3tipo[:en]Logo[:fr]Logo[:es]Logo[:] - Portal Institucional","robots":{"index":"index","follow":"follow","max-snippet":"max-snippet:-1","max-image-preview":"max-image-preview:large","max-video-preview":"max-video-preview:-1"},"canonical":"https:\/\/anmp.pt\/anmport\/logotipo\/","og_locale":"es_ES","og_type":"article","og_title":"[:pt]Log\u00f3tipo[:en]Logo[:fr]Logo[:es]Logo[:] - Portal Institucional","og_description":"El conjunto de elementos gr\u00e1ficos, s\u00edmbolo y nombre, al que en adelante nos referiremos simplemente como logotipo, constituye el elemento principal de la identidad de la Asociaci\u00f3n Nacional de Municipios Portugueses. Podr\u00e1 ser utilizado por sus miembros y otras entidades o particulares, siempre que cuenten con la autorizaci\u00f3n expl\u00edcita de la ANMP.","og_url":"https:\/\/anmp.pt\/anmport\/logotipo\/","og_site_name":"Portal Institucional","article_publisher":"https:\/\/www.facebook.com\/ANMP.PT","article_modified_time":"2026-01-22T14:25:35+00:00","twitter_card":"summary_large_image","schema":{"@context":"https:\/\/schema.org","@graph":[{"@type":"WebPage","@id":"https:\/\/anmp.pt\/anmport\/logotipo\/","url":"https:\/\/anmp.pt\/anmport\/logotipo\/","name":"[:pt]Log\u00f3tipo[:en]Logo[:fr]Logo[:es]Logo[:] - Portal Institucional","isPartOf":{"@id":"https:\/\/anmp.pt\/#website"},"datePublished":"2020-02-26T11:24:04+00:00","dateModified":"2026-01-22T14:25:35+00:00","breadcrumb":{"@id":"https:\/\/anmp.pt\/anmport\/logotipo\/#breadcrumb"},"inLanguage":"es","potentialAction":[{"@type":"ReadAction","target":["https:\/\/anmp.pt\/anmport\/logotipo\/"]}]},{"@type":"BreadcrumbList","@id":"https:\/\/anmp.pt\/anmport\/logotipo\/#breadcrumb","itemListElement":[{"@type":"ListItem","position":1,"name":"In\u00edcio","item":"https:\/\/anmp.pt\/"},{"@type":"ListItem","position":2,"name":"ANMP","item":"https:\/\/anmp.pt\/anmport\/"},{"@type":"ListItem","position":3,"name":"Log\u00f3tipo"}]},{"@type":"WebSite","@id":"https:\/\/anmp.pt\/#website","url":"https:\/\/anmp.pt\/","name":"Associa\u00e7\u00e3o Nacional de Munic\u00edpios Portugueses","description":"Portal Institucional","publisher":{"@id":"https:\/\/anmp.pt\/#organization"},"potentialAction":[{"@type":"SearchAction","target":{"@type":"EntryPoint","urlTemplate":"https:\/\/anmp.pt\/?s={search_term_string}"},"query-input":{"@type":"PropertyValueSpecification","valueRequired":true,"valueName":"search_term_string"}}],"inLanguage":"es"},{"@type":"Organization","@id":"https:\/\/anmp.pt\/#organization","name":"Associa\u00e7\u00e3o Nacional de Munic\u00edpios Portugueses","url":"https:\/\/anmp.pt\/","logo":{"@type":"ImageObject","inLanguage":"es","@id":"https:\/\/anmp.pt\/#\/schema\/logo\/image\/","url":"https:\/\/anmp.pt\/wp-content\/uploads\/2020\/06\/logo980400.png","contentUrl":"https:\/\/anmp.pt\/wp-content\/uploads\/2020\/06\/logo980400.png","width":980,"height":400,"caption":"Associa\u00e7\u00e3o Nacional de Munic\u00edpios Portugueses"},"image":{"@id":"https:\/\/anmp.pt\/#\/schema\/logo\/image\/"},"sameAs":["https:\/\/www.facebook.com\/ANMP.PT"]}]}},"_links":{"self":[{"href":"https:\/\/anmp.pt\/es\/wp-json\/wp\/v2\/pages\/14940","targetHints":{"allow":["GET"]}}],"collection":[{"href":"https:\/\/anmp.pt\/es\/wp-json\/wp\/v2\/pages"}],"about":[{"href":"https:\/\/anmp.pt\/es\/wp-json\/wp\/v2\/types\/page"}],"author":[{"embeddable":true,"href":"https:\/\/anmp.pt\/es\/wp-json\/wp\/v2\/users\/1"}],"replies":[{"embeddable":true,"href":"https:\/\/anmp.pt\/es\/wp-json\/wp\/v2\/comments?post=14940"}],"version-history":[{"count":1,"href":"https:\/\/anmp.pt\/es\/wp-json\/wp\/v2\/pages\/14940\/revisions"}],"predecessor-version":[{"id":73748,"href":"https:\/\/anmp.pt\/es\/wp-json\/wp\/v2\/pages\/14940\/revisions\/73748"}],"up":[{"embeddable":true,"href":"https:\/\/anmp.pt\/es\/wp-json\/wp\/v2\/pages\/1598"}],"wp:attachment":[{"href":"https:\/\/anmp.pt\/es\/wp-json\/wp\/v2\/media?parent=14940"}],"curies":[{"name":"wp","href":"https:\/\/api.w.org\/{rel}","templated":true}]}}