{"id":1602,"date":"2019-09-06T12:39:41","date_gmt":"2019-09-06T11:39:41","guid":{"rendered":"https:\/\/anmp.pt\/?page_id=1602"},"modified":"2026-01-28T15:15:27","modified_gmt":"2026-01-28T15:15:27","slug":"quem-somos","status":"publish","type":"page","link":"https:\/\/anmp.pt\/es\/anmport\/apresentacao\/quem-somos\/","title":{"rendered":"Quienes somos&#8230;"},"content":{"rendered":"<p><span class=\"Y2IQFc\" lang=\"es\">La Asociaci\u00f3n Nacional de Municipios Portugueses (ANMP) es una entidad de derecho privado, fundada en mayo de 1984. Es responsable de la promoci\u00f3n, defensa, dignificaci\u00f3n y representaci\u00f3n del Gobierno Local Portugu\u00e9s. Agrupa a casi la totalidad de los 308 municipios portugueses y sus fines espec\u00edficos, entre otros, son la representaci\u00f3n y defensa de los municipios ante los \u00d3rganos de Soberan\u00eda y la representaci\u00f3n de sus miembros ante organizaciones nacionales e internacionales.<\/span><\/p>\n<p><span class=\"Y2IQFc\" lang=\"es\">Con sede en Co\u00edmbra, ciudad del centro de Portugal, la ANMP no persigue fines pol\u00edtico-partidistas ni lucrativos y desarrolla su actividad con independencia de cualquier entidad p\u00fablica o privada. La ANMP se consolida como una instituci\u00f3n multipartidista con una pr\u00e1ctica diaria basada en el di\u00e1logo y el consenso entre las diferentes sensibilidades que la conforman. La ANMP trabaja continuamente por el fortalecimiento del municipalismo y la descentralizaci\u00f3n administrativa y pol\u00edtica. La ANMP es por excelencia la C\u00e1mara Com\u00fan del Gobierno Local Democr\u00e1tico en Portugal.<\/span><\/p>\n<p>&nbsp;<\/p>\n<p>&nbsp;<\/p>\n<h3><span class=\"Y2IQFc\" lang=\"es\">\u00d3RGANOS RECTORES<\/span><\/h3>\n<p>&nbsp;<\/p>\n<p><span class=\"Y2IQFc\" lang=\"es\"><strong>Consejo Ejecutivo<\/strong>, responsable de dirigir la actividad general de la ANMP, compuesto por un presidente, cinco vicepresidentes y once vocales. Ejecuta las l\u00edneas generales de acci\u00f3n definidas por el Congreso, acata las deliberaciones del Consejo General y se posiciona ante cualquier organismo estatal o entidad p\u00fablica sobre asuntos de inter\u00e9s para las autoridades locales.<\/span><\/p>\n<p>&nbsp;<\/p>\n<p><img loading=\"lazy\" decoding=\"async\" class=\"wp-image-73642 size-medium aligncenter\" src=\"https:\/\/anmp.pt\/wp-content\/uploads\/2026\/01\/Pedro-Pimpao_2-254x300.jpg\" alt=\"\" width=\"254\" height=\"300\" srcset=\"https:\/\/anmp.pt\/wp-content\/uploads\/2026\/01\/Pedro-Pimpao_2-254x300.jpg 254w, https:\/\/anmp.pt\/wp-content\/uploads\/2026\/01\/Pedro-Pimpao_2-768x906.jpg 768w, https:\/\/anmp.pt\/wp-content\/uploads\/2026\/01\/Pedro-Pimpao_2.jpg 866w\" sizes=\"auto, (max-width: 254px) 100vw, 254px\" \/><\/p>\n<p>&nbsp;<\/p>\n<p style=\"text-align: center\"><span class=\"Y2IQFc\" lang=\"es\"><strong>El Consejo Ejecutivo<\/strong> est\u00e1 actualmente presidido por el <strong>alcalde de Pombal<\/strong>, <strong>Pedro Pimp\u00e3o<\/strong>.<\/span><\/p>\n<p>&nbsp;<\/p>\n<p>&nbsp;<\/p>\n<p>&nbsp;<\/p>\n<p><img loading=\"lazy\" decoding=\"async\" class=\"alignnone wp-image-73643 size-medium aligncenter\" src=\"https:\/\/anmp.pt\/wp-content\/uploads\/2026\/01\/Luisa-Salgueiro_2-279x300.jpg\" alt=\"\" width=\"279\" height=\"300\" srcset=\"https:\/\/anmp.pt\/wp-content\/uploads\/2026\/01\/Luisa-Salgueiro_2-279x300.jpg 279w, https:\/\/anmp.pt\/wp-content\/uploads\/2026\/01\/Luisa-Salgueiro_2-768x825.jpg 768w, https:\/\/anmp.pt\/wp-content\/uploads\/2026\/01\/Luisa-Salgueiro_2.jpg 870w\" sizes=\"auto, (max-width: 279px) 100vw, 279px\" \/><\/p>\n<p>&nbsp;<\/p>\n<p style=\"text-align: center\"><span class=\"Y2IQFc\" lang=\"es\"><strong>Congreso Nacional<\/strong>, m\u00e1ximo \u00f3rgano representativo de la ANMP, actualmente presidido por la <strong>alcaldesa de Matosinhos<\/strong>, <strong>Lu\u00edsa Salgueiro<\/strong>.<\/span><\/p>\n<p>&nbsp;<\/p>\n<p>&nbsp;<\/p>\n<p style=\"text-align: left\"><span class=\"Y2IQFc\" lang=\"es\">Los \u00f3rganos rectores de la ANMP siguen estando compuestos por el <strong>Consejo General<\/strong>, el <strong>Consejo Fiscal<\/strong> y el <strong>Consejo Consultivo<\/strong>.<\/span><\/p>\n<p>&nbsp;<\/p>\n<p>&nbsp;<\/p>\n<h3 style=\"text-align: left\"><span class=\"Y2IQFc\" lang=\"es\">ESTRUCTURA ORG\u00c1NICA<\/span><\/h3>\n<p>&nbsp;<\/p>\n<p style=\"text-align: left\"><span class=\"Y2IQFc\" lang=\"es\">Estrutura Org\u00e2nica La estructura org\u00e1nica de los servicios de la ANMP tiene como objetivo dise\u00f1ar, implementar y coordinar el apoyo t\u00e9cnico, administrativo y pol\u00edtico a los respectivos \u00f3rganos rectores en las \u00e1reas de planificaci\u00f3n, organizaci\u00f3n, gesti\u00f3n, evaluaci\u00f3n y control.<\/span><\/p>\n<p>&nbsp;<\/p>\n<p><img loading=\"lazy\" decoding=\"async\" class=\"size-medium wp-image-73651 aligncenter\" src=\"https:\/\/anmp.pt\/wp-content\/uploads\/2026\/01\/Paulo-Braga-218x300.jpg\" alt=\"\" width=\"218\" height=\"300\" srcset=\"https:\/\/anmp.pt\/wp-content\/uploads\/2026\/01\/Paulo-Braga-218x300.jpg 218w, https:\/\/anmp.pt\/wp-content\/uploads\/2026\/01\/Paulo-Braga.jpg 300w\" sizes=\"auto, (max-width: 218px) 100vw, 218px\" \/><\/p>\n<p>&nbsp;<\/p>\n<p style=\"text-align: center\"><span class=\"Y2IQFc\" lang=\"es\">Corresponde a la estructura org\u00e1nica de servicios de la ANMP desarrollar toda la actividad de apoyo a los \u00f3rganos asociativos, adecuada al cumplimiento de las atribuciones de la ANMP, siendo su direcci\u00f3n operativa bajo la responsabilidad de un <strong>Secretario General<\/strong>, cargo actualmente desempe\u00f1ado por <strong>Paulo Braga<\/strong>.<\/span><\/p>\n<p>&nbsp;<\/p>\n<p>&nbsp;<\/p>\n<p>&nbsp;<\/p>\n<p>&nbsp;<\/p>\n<h3 style=\"text-align: left\"><span class=\"Y2IQFc\" lang=\"es\">RELACIONES INTERNACIONALES<\/span><\/h3>\n<p>&nbsp;<\/p>\n<p style=\"text-align: left\"><span class=\"Y2IQFc\" lang=\"es\">La ANMP es miembro del Consejo de Municipios y Regiones de Europa (<a href=\"https:\/\/ccre-cemr.org\/\">CMRE<\/a>); Ciudades y Gobiernos Locales Unidos (<a href=\"https:\/\/uclg.org\/\">CGLU<\/a>); la Organizaci\u00f3n Iberoamericana de Cooperaci\u00f3n Intermunicipal (<a href=\"http:\/\/documentos.femp.es\/files\/11-7180-fichero\/CUADERNOS%20DE%20LA%20OICI%2062.pdf\">OICI<\/a>); y el Comit\u00e9 Permanente de la Asociaci\u00f3n Euromediterr\u00e1nea de Poderes Locales y Regionales (<a href=\"https:\/\/www.coppem.org\/\">COPPEM<\/a>).<\/span><\/p>\n<p style=\"text-align: left\"><span class=\"Y2IQFc\" lang=\"es\">La \u200b\u200bANMP es responsable de nombrar a los miembros de la Delegaci\u00f3n Portuguesa ante el Comit\u00e9 Europeo de las Regiones (<a href=\"https:\/\/cor.europa.eu\/pt\">CoR<\/a>) y el Congreso de Poderes Locales y Regionales (<a href=\"https:\/\/www.coe.int\/en\/web\/congress\">CLRA<\/a>), la instituci\u00f3n del Consejo de Europa conocida como la voz de los municipios y regiones de Europa.<\/span><\/p>\n<p style=\"text-align: left\"><span class=\"Y2IQFc\" lang=\"es\">La ANMP mantiene relaciones estrechas y regulares con asociaciones de gobiernos locales de todo el mundo, fomentando las alianzas y la colaboraci\u00f3n. Establece con frecuencia acuerdos de cooperaci\u00f3n con estas organizaciones, reforzando su compromiso con el intercambio de buenas pr\u00e1cticas y el apoyo mutuo. Se hace especial hincapi\u00e9 en fortalecer los lazos con los gobiernos locales de los pa\u00edses de habla portuguesa, promoviendo el desarrollo compartido y la cooperaci\u00f3n institucional.<\/span><\/p>\n<p><\/p>","protected":false},"excerpt":{"rendered":"<p>La Asociaci\u00f3n Nacional de Municipios Portugueses (ANMP) es una entidad de derecho privado, fundada en mayo de 1984. Es responsable de la promoci\u00f3n, defensa, dignificaci\u00f3n y representaci\u00f3n del Gobierno Local Portugu\u00e9s. Agrupa a casi la totalidad de los 308 municipios portugueses y sus fines espec\u00edficos, entre otros, son la representaci\u00f3n y defensa de los municipios [&hellip;]<\/p>\n","protected":false},"author":1,"featured_media":0,"parent":1600,"menu_order":171,"comment_status":"closed","ping_status":"closed","template":"templates-map\/component-text-layout1.php","meta":{"_acf_changed":false,"_exactmetrics_skip_tracking":false,"_exactmetrics_sitenote_active":false,"_exactmetrics_sitenote_note":"","_exactmetrics_sitenote_category":0,"footnotes":""},"class_list":["post-1602","page","type-page","status-publish","hentry"],"acf":[],"yoast_head":"<!-- This site is optimized with the Yoast SEO plugin v23.9 - https:\/\/yoast.com\/wordpress\/plugins\/seo\/ -->\n<title>Quienes somos... - Portal Institucional<\/title>\n<meta name=\"robots\" content=\"index, follow, max-snippet:-1, max-image-preview:large, max-video-preview:-1\" \/>\n<link rel=\"canonical\" href=\"https:\/\/anmp.pt\/anmport\/apresentacao\/quem-somos\/\" \/>\n<meta property=\"og:locale\" content=\"es_ES\" \/>\n<meta property=\"og:type\" content=\"article\" \/>\n<meta property=\"og:title\" content=\"[:pt]Quem somos...[:en]Who we are...[:fr]Qui nous sommes...[:es]Quienes somos...[:] - Portal Institucional\" \/>\n<meta property=\"og:description\" content=\"La Asociaci\u00f3n Nacional de Municipios Portugueses (ANMP) es una entidad de derecho privado, fundada en mayo de 1984. Es responsable de la promoci\u00f3n, defensa, dignificaci\u00f3n y representaci\u00f3n del Gobierno Local Portugu\u00e9s. Agrupa a casi la totalidad de los 308 municipios portugueses y sus fines espec\u00edficos, entre otros, son la representaci\u00f3n y defensa de los municipios [&hellip;]\" \/>\n<meta property=\"og:url\" content=\"https:\/\/anmp.pt\/anmport\/apresentacao\/quem-somos\/\" \/>\n<meta property=\"og:site_name\" content=\"Portal Institucional\" \/>\n<meta property=\"article:publisher\" content=\"https:\/\/www.facebook.com\/ANMP.PT\" \/>\n<meta property=\"article:modified_time\" content=\"2026-01-28T15:15:27+00:00\" \/>\n<meta property=\"og:image\" content=\"https:\/\/anmp.pt\/wp-content\/uploads\/2026\/01\/Pedro-Pimpao_2.jpg\" \/>\n\t<meta property=\"og:image:width\" content=\"866\" \/>\n\t<meta property=\"og:image:height\" content=\"1022\" \/>\n\t<meta property=\"og:image:type\" content=\"image\/jpeg\" \/>\n<meta name=\"twitter:card\" content=\"summary_large_image\" \/>\n<script type=\"application\/ld+json\" class=\"yoast-schema-graph\">{\"@context\":\"https:\/\/schema.org\",\"@graph\":[{\"@type\":\"WebPage\",\"@id\":\"https:\/\/anmp.pt\/anmport\/apresentacao\/quem-somos\/\",\"url\":\"https:\/\/anmp.pt\/anmport\/apresentacao\/quem-somos\/\",\"name\":\"[:pt]Quem somos...[:en]Who we are...[:fr]Qui nous sommes...[:es]Quienes somos...[:] - Portal Institucional\",\"isPartOf\":{\"@id\":\"https:\/\/anmp.pt\/#website\"},\"primaryImageOfPage\":{\"@id\":\"https:\/\/anmp.pt\/anmport\/apresentacao\/quem-somos\/#primaryimage\"},\"image\":{\"@id\":\"https:\/\/anmp.pt\/anmport\/apresentacao\/quem-somos\/#primaryimage\"},\"thumbnailUrl\":\"https:\/\/anmp.pt\/wp-content\/uploads\/2026\/01\/Pedro-Pimpao_2-254x300.jpg\",\"datePublished\":\"2019-09-06T11:39:41+00:00\",\"dateModified\":\"2026-01-28T15:15:27+00:00\",\"breadcrumb\":{\"@id\":\"https:\/\/anmp.pt\/anmport\/apresentacao\/quem-somos\/#breadcrumb\"},\"inLanguage\":\"es\",\"potentialAction\":[{\"@type\":\"ReadAction\",\"target\":[\"https:\/\/anmp.pt\/anmport\/apresentacao\/quem-somos\/\"]}]},{\"@type\":\"ImageObject\",\"inLanguage\":\"es\",\"@id\":\"https:\/\/anmp.pt\/anmport\/apresentacao\/quem-somos\/#primaryimage\",\"url\":\"https:\/\/anmp.pt\/wp-content\/uploads\/2026\/01\/Pedro-Pimpao_2-254x300.jpg\",\"contentUrl\":\"https:\/\/anmp.pt\/wp-content\/uploads\/2026\/01\/Pedro-Pimpao_2-254x300.jpg\"},{\"@type\":\"BreadcrumbList\",\"@id\":\"https:\/\/anmp.pt\/anmport\/apresentacao\/quem-somos\/#breadcrumb\",\"itemListElement\":[{\"@type\":\"ListItem\",\"position\":1,\"name\":\"In\u00edcio\",\"item\":\"https:\/\/anmp.pt\/\"},{\"@type\":\"ListItem\",\"position\":2,\"name\":\"ANMP\",\"item\":\"https:\/\/anmp.pt\/anmport\/\"},{\"@type\":\"ListItem\",\"position\":3,\"name\":\"Apresenta\u00e7\u00e3o\",\"item\":\"https:\/\/anmp.pt\/es\/anmport\/apresentacao\/\"},{\"@type\":\"ListItem\",\"position\":4,\"name\":\"Quem somos&#8230;\"}]},{\"@type\":\"WebSite\",\"@id\":\"https:\/\/anmp.pt\/#website\",\"url\":\"https:\/\/anmp.pt\/\",\"name\":\"Associa\u00e7\u00e3o Nacional de Munic\u00edpios Portugueses\",\"description\":\"Portal Institucional\",\"publisher\":{\"@id\":\"https:\/\/anmp.pt\/#organization\"},\"potentialAction\":[{\"@type\":\"SearchAction\",\"target\":{\"@type\":\"EntryPoint\",\"urlTemplate\":\"https:\/\/anmp.pt\/?s={search_term_string}\"},\"query-input\":{\"@type\":\"PropertyValueSpecification\",\"valueRequired\":true,\"valueName\":\"search_term_string\"}}],\"inLanguage\":\"es\"},{\"@type\":\"Organization\",\"@id\":\"https:\/\/anmp.pt\/#organization\",\"name\":\"Associa\u00e7\u00e3o Nacional de Munic\u00edpios Portugueses\",\"url\":\"https:\/\/anmp.pt\/\",\"logo\":{\"@type\":\"ImageObject\",\"inLanguage\":\"es\",\"@id\":\"https:\/\/anmp.pt\/#\/schema\/logo\/image\/\",\"url\":\"https:\/\/anmp.pt\/wp-content\/uploads\/2020\/06\/logo980400.png\",\"contentUrl\":\"https:\/\/anmp.pt\/wp-content\/uploads\/2020\/06\/logo980400.png\",\"width\":980,\"height\":400,\"caption\":\"Associa\u00e7\u00e3o Nacional de Munic\u00edpios Portugueses\"},\"image\":{\"@id\":\"https:\/\/anmp.pt\/#\/schema\/logo\/image\/\"},\"sameAs\":[\"https:\/\/www.facebook.com\/ANMP.PT\"]}]}<\/script>\n<!-- \/ Yoast SEO plugin. -->","yoast_head_json":{"title":"[:pt]Quem somos...[:en]Who we are...[:fr]Qui nous sommes...[:es]Quienes somos...[:] - Portal Institucional","robots":{"index":"index","follow":"follow","max-snippet":"max-snippet:-1","max-image-preview":"max-image-preview:large","max-video-preview":"max-video-preview:-1"},"canonical":"https:\/\/anmp.pt\/anmport\/apresentacao\/quem-somos\/","og_locale":"es_ES","og_type":"article","og_title":"[:pt]Quem somos...[:en]Who we are...[:fr]Qui nous sommes...[:es]Quienes somos...[:] - Portal Institucional","og_description":"La Asociaci\u00f3n Nacional de Municipios Portugueses (ANMP) es una entidad de derecho privado, fundada en mayo de 1984. Es responsable de la promoci\u00f3n, defensa, dignificaci\u00f3n y representaci\u00f3n del Gobierno Local Portugu\u00e9s. Agrupa a casi la totalidad de los 308 municipios portugueses y sus fines espec\u00edficos, entre otros, son la representaci\u00f3n y defensa de los municipios [&hellip;]","og_url":"https:\/\/anmp.pt\/anmport\/apresentacao\/quem-somos\/","og_site_name":"Portal Institucional","article_publisher":"https:\/\/www.facebook.com\/ANMP.PT","article_modified_time":"2026-01-28T15:15:27+00:00","og_image":[{"width":866,"height":1022,"url":"https:\/\/anmp.pt\/wp-content\/uploads\/2026\/01\/Pedro-Pimpao_2.jpg","type":"image\/jpeg"}],"twitter_card":"summary_large_image","schema":{"@context":"https:\/\/schema.org","@graph":[{"@type":"WebPage","@id":"https:\/\/anmp.pt\/anmport\/apresentacao\/quem-somos\/","url":"https:\/\/anmp.pt\/anmport\/apresentacao\/quem-somos\/","name":"[:pt]Quem somos...[:en]Who we are...[:fr]Qui nous sommes...[:es]Quienes somos...[:] - Portal Institucional","isPartOf":{"@id":"https:\/\/anmp.pt\/#website"},"primaryImageOfPage":{"@id":"https:\/\/anmp.pt\/anmport\/apresentacao\/quem-somos\/#primaryimage"},"image":{"@id":"https:\/\/anmp.pt\/anmport\/apresentacao\/quem-somos\/#primaryimage"},"thumbnailUrl":"https:\/\/anmp.pt\/wp-content\/uploads\/2026\/01\/Pedro-Pimpao_2-254x300.jpg","datePublished":"2019-09-06T11:39:41+00:00","dateModified":"2026-01-28T15:15:27+00:00","breadcrumb":{"@id":"https:\/\/anmp.pt\/anmport\/apresentacao\/quem-somos\/#breadcrumb"},"inLanguage":"es","potentialAction":[{"@type":"ReadAction","target":["https:\/\/anmp.pt\/anmport\/apresentacao\/quem-somos\/"]}]},{"@type":"ImageObject","inLanguage":"es","@id":"https:\/\/anmp.pt\/anmport\/apresentacao\/quem-somos\/#primaryimage","url":"https:\/\/anmp.pt\/wp-content\/uploads\/2026\/01\/Pedro-Pimpao_2-254x300.jpg","contentUrl":"https:\/\/anmp.pt\/wp-content\/uploads\/2026\/01\/Pedro-Pimpao_2-254x300.jpg"},{"@type":"BreadcrumbList","@id":"https:\/\/anmp.pt\/anmport\/apresentacao\/quem-somos\/#breadcrumb","itemListElement":[{"@type":"ListItem","position":1,"name":"In\u00edcio","item":"https:\/\/anmp.pt\/"},{"@type":"ListItem","position":2,"name":"ANMP","item":"https:\/\/anmp.pt\/anmport\/"},{"@type":"ListItem","position":3,"name":"Apresenta\u00e7\u00e3o","item":"https:\/\/anmp.pt\/es\/anmport\/apresentacao\/"},{"@type":"ListItem","position":4,"name":"Quem somos&#8230;"}]},{"@type":"WebSite","@id":"https:\/\/anmp.pt\/#website","url":"https:\/\/anmp.pt\/","name":"Associa\u00e7\u00e3o Nacional de Munic\u00edpios Portugueses","description":"Portal Institucional","publisher":{"@id":"https:\/\/anmp.pt\/#organization"},"potentialAction":[{"@type":"SearchAction","target":{"@type":"EntryPoint","urlTemplate":"https:\/\/anmp.pt\/?s={search_term_string}"},"query-input":{"@type":"PropertyValueSpecification","valueRequired":true,"valueName":"search_term_string"}}],"inLanguage":"es"},{"@type":"Organization","@id":"https:\/\/anmp.pt\/#organization","name":"Associa\u00e7\u00e3o Nacional de Munic\u00edpios Portugueses","url":"https:\/\/anmp.pt\/","logo":{"@type":"ImageObject","inLanguage":"es","@id":"https:\/\/anmp.pt\/#\/schema\/logo\/image\/","url":"https:\/\/anmp.pt\/wp-content\/uploads\/2020\/06\/logo980400.png","contentUrl":"https:\/\/anmp.pt\/wp-content\/uploads\/2020\/06\/logo980400.png","width":980,"height":400,"caption":"Associa\u00e7\u00e3o Nacional de Munic\u00edpios Portugueses"},"image":{"@id":"https:\/\/anmp.pt\/#\/schema\/logo\/image\/"},"sameAs":["https:\/\/www.facebook.com\/ANMP.PT"]}]}},"_links":{"self":[{"href":"https:\/\/anmp.pt\/es\/wp-json\/wp\/v2\/pages\/1602","targetHints":{"allow":["GET"]}}],"collection":[{"href":"https:\/\/anmp.pt\/es\/wp-json\/wp\/v2\/pages"}],"about":[{"href":"https:\/\/anmp.pt\/es\/wp-json\/wp\/v2\/types\/page"}],"author":[{"embeddable":true,"href":"https:\/\/anmp.pt\/es\/wp-json\/wp\/v2\/users\/1"}],"replies":[{"embeddable":true,"href":"https:\/\/anmp.pt\/es\/wp-json\/wp\/v2\/comments?post=1602"}],"version-history":[{"count":10,"href":"https:\/\/anmp.pt\/es\/wp-json\/wp\/v2\/pages\/1602\/revisions"}],"predecessor-version":[{"id":74084,"href":"https:\/\/anmp.pt\/es\/wp-json\/wp\/v2\/pages\/1602\/revisions\/74084"}],"up":[{"embeddable":true,"href":"https:\/\/anmp.pt\/es\/wp-json\/wp\/v2\/pages\/1600"}],"wp:attachment":[{"href":"https:\/\/anmp.pt\/es\/wp-json\/wp\/v2\/media?parent=1602"}],"curies":[{"name":"wp","href":"https:\/\/api.w.org\/{rel}","templated":true}]}}