{"id":1638,"date":"2019-09-06T12:49:52","date_gmt":"2019-09-06T11:49:52","guid":{"rendered":"https:\/\/anmp.pt\/?page_id=1638"},"modified":"2023-05-18T15:18:59","modified_gmt":"2023-05-18T14:18:59","slug":"seccao-de-municipios-com-atividade-piscatoria-e-portos","status":"publish","type":"page","link":"https:\/\/anmp.pt\/es\/anmport\/seccoes-de-municipios\/seccao-de-municipios-com-atividade-piscatoria-e-portos\/","title":{"rendered":"Sec\u00e7\u00e3o de Munic\u00edpios com Atividade Piscat\u00f3ria e Portos"},"content":{"rendered":"<p class=\"qtranxs-available-languages-message qtranxs-available-languages-message-es\">Disculpa, pero esta entrada est\u00e1 disponible s\u00f3lo en <a href=\"https:\/\/anmp.pt\/pt\/wp-json\/wp\/v2\/pages\/1638\" class=\"qtranxs-available-language-link qtranxs-available-language-link-pt\" title=\"Portugu\u00eas\">Portugu\u00eas<\/a>.<\/p><p><img loading=\"lazy\" decoding=\"async\" class=\"alignnone wp-image-22749\" src=\"https:\/\/anmp.pt\/wp-content\/uploads\/2020\/06\/reu20180122.jpg\" alt=\"\" width=\"792\" height=\"392\" srcset=\"https:\/\/anmp.pt\/wp-content\/uploads\/2020\/06\/reu20180122.jpg 537w, https:\/\/anmp.pt\/wp-content\/uploads\/2020\/06\/reu20180122-300x149.jpg 300w\" sizes=\"auto, (max-width: 792px) 100vw, 792px\" \/><\/p>\n<p>&nbsp;<\/p>","protected":false},"excerpt":{"rendered":"<p>Disculpa, pero esta entrada est\u00e1 disponible s\u00f3lo en Portugu\u00eas. &nbsp;<\/p>\n","protected":false},"author":1,"featured_media":22749,"parent":1636,"menu_order":299,"comment_status":"closed","ping_status":"closed","template":"templates-map\/component-file-gallery-layout3.php","meta":{"_acf_changed":false,"_exactmetrics_skip_tracking":false,"_exactmetrics_sitenote_active":false,"_exactmetrics_sitenote_note":"","_exactmetrics_sitenote_category":0,"footnotes":""},"class_list":["post-1638","page","type-page","status-publish","has-post-thumbnail","hentry"],"acf":[],"yoast_head":"<!-- This site is optimized with the Yoast SEO plugin v23.9 - https:\/\/yoast.com\/wordpress\/plugins\/seo\/ -->\n<title>Sec\u00e7\u00e3o de Munic\u00edpios com Atividade Piscat\u00f3ria e Portos - Portal Institucional<\/title>\n<meta name=\"robots\" content=\"index, follow, max-snippet:-1, max-image-preview:large, max-video-preview:-1\" \/>\n<link rel=\"canonical\" href=\"https:\/\/anmp.pt\/anmport\/seccoes-de-municipios\/seccao-de-municipios-com-atividade-piscatoria-e-portos\/\" \/>\n<meta property=\"og:locale\" content=\"es_ES\" \/>\n<meta property=\"og:type\" content=\"article\" \/>\n<meta property=\"og:title\" content=\"Sec\u00e7\u00e3o de Munic\u00edpios com Atividade Piscat\u00f3ria e Portos - Portal Institucional\" \/>\n<meta property=\"og:description\" content=\"Disculpa, pero esta entrada est\u00e1 disponible s\u00f3lo en Portugu\u00eas. &nbsp;\" \/>\n<meta property=\"og:url\" content=\"https:\/\/anmp.pt\/anmport\/seccoes-de-municipios\/seccao-de-municipios-com-atividade-piscatoria-e-portos\/\" \/>\n<meta property=\"og:site_name\" content=\"Portal Institucional\" \/>\n<meta property=\"article:publisher\" content=\"https:\/\/www.facebook.com\/ANMP.PT\" \/>\n<meta property=\"article:modified_time\" content=\"2023-05-18T14:18:59+00:00\" \/>\n<meta property=\"og:image\" content=\"https:\/\/anmp.pt\/wp-content\/uploads\/2020\/06\/reu20180122.jpg\" \/>\n\t<meta property=\"og:image:width\" content=\"537\" \/>\n\t<meta property=\"og:image:height\" content=\"266\" \/>\n\t<meta property=\"og:image:type\" content=\"image\/jpeg\" \/>\n<meta name=\"twitter:card\" content=\"summary_large_image\" \/>\n<script type=\"application\/ld+json\" class=\"yoast-schema-graph\">{\"@context\":\"https:\/\/schema.org\",\"@graph\":[{\"@type\":\"WebPage\",\"@id\":\"https:\/\/anmp.pt\/anmport\/seccoes-de-municipios\/seccao-de-municipios-com-atividade-piscatoria-e-portos\/\",\"url\":\"https:\/\/anmp.pt\/anmport\/seccoes-de-municipios\/seccao-de-municipios-com-atividade-piscatoria-e-portos\/\",\"name\":\"Sec\u00e7\u00e3o de Munic\u00edpios com Atividade Piscat\u00f3ria e Portos - Portal Institucional\",\"isPartOf\":{\"@id\":\"https:\/\/anmp.pt\/#website\"},\"primaryImageOfPage\":{\"@id\":\"https:\/\/anmp.pt\/anmport\/seccoes-de-municipios\/seccao-de-municipios-com-atividade-piscatoria-e-portos\/#primaryimage\"},\"image\":{\"@id\":\"https:\/\/anmp.pt\/anmport\/seccoes-de-municipios\/seccao-de-municipios-com-atividade-piscatoria-e-portos\/#primaryimage\"},\"thumbnailUrl\":\"https:\/\/anmp.pt\/wp-content\/uploads\/2020\/06\/reu20180122.jpg\",\"datePublished\":\"2019-09-06T11:49:52+00:00\",\"dateModified\":\"2023-05-18T14:18:59+00:00\",\"breadcrumb\":{\"@id\":\"https:\/\/anmp.pt\/anmport\/seccoes-de-municipios\/seccao-de-municipios-com-atividade-piscatoria-e-portos\/#breadcrumb\"},\"inLanguage\":\"es\",\"potentialAction\":[{\"@type\":\"ReadAction\",\"target\":[\"https:\/\/anmp.pt\/anmport\/seccoes-de-municipios\/seccao-de-municipios-com-atividade-piscatoria-e-portos\/\"]}]},{\"@type\":\"ImageObject\",\"inLanguage\":\"es\",\"@id\":\"https:\/\/anmp.pt\/anmport\/seccoes-de-municipios\/seccao-de-municipios-com-atividade-piscatoria-e-portos\/#primaryimage\",\"url\":\"https:\/\/anmp.pt\/wp-content\/uploads\/2020\/06\/reu20180122.jpg\",\"contentUrl\":\"https:\/\/anmp.pt\/wp-content\/uploads\/2020\/06\/reu20180122.jpg\",\"width\":537,\"height\":266},{\"@type\":\"BreadcrumbList\",\"@id\":\"https:\/\/anmp.pt\/anmport\/seccoes-de-municipios\/seccao-de-municipios-com-atividade-piscatoria-e-portos\/#breadcrumb\",\"itemListElement\":[{\"@type\":\"ListItem\",\"position\":1,\"name\":\"In\u00edcio\",\"item\":\"https:\/\/anmp.pt\/\"},{\"@type\":\"ListItem\",\"position\":2,\"name\":\"ANMP\",\"item\":\"https:\/\/anmp.pt\/anmport\/\"},{\"@type\":\"ListItem\",\"position\":3,\"name\":\"Sec\u00e7\u00f5es de munic\u00edpios\",\"item\":\"https:\/\/anmp.pt\/anmport\/seccoes-de-municipios\/\"},{\"@type\":\"ListItem\",\"position\":4,\"name\":\"Sec\u00e7\u00e3o de Munic\u00edpios com Atividade Piscat\u00f3ria e Portos\"}]},{\"@type\":\"WebSite\",\"@id\":\"https:\/\/anmp.pt\/#website\",\"url\":\"https:\/\/anmp.pt\/\",\"name\":\"Associa\u00e7\u00e3o Nacional de Munic\u00edpios Portugueses\",\"description\":\"Portal Institucional\",\"publisher\":{\"@id\":\"https:\/\/anmp.pt\/#organization\"},\"potentialAction\":[{\"@type\":\"SearchAction\",\"target\":{\"@type\":\"EntryPoint\",\"urlTemplate\":\"https:\/\/anmp.pt\/?s={search_term_string}\"},\"query-input\":{\"@type\":\"PropertyValueSpecification\",\"valueRequired\":true,\"valueName\":\"search_term_string\"}}],\"inLanguage\":\"es\"},{\"@type\":\"Organization\",\"@id\":\"https:\/\/anmp.pt\/#organization\",\"name\":\"Associa\u00e7\u00e3o Nacional de Munic\u00edpios Portugueses\",\"url\":\"https:\/\/anmp.pt\/\",\"logo\":{\"@type\":\"ImageObject\",\"inLanguage\":\"es\",\"@id\":\"https:\/\/anmp.pt\/#\/schema\/logo\/image\/\",\"url\":\"https:\/\/anmp.pt\/wp-content\/uploads\/2020\/06\/logo980400.png\",\"contentUrl\":\"https:\/\/anmp.pt\/wp-content\/uploads\/2020\/06\/logo980400.png\",\"width\":980,\"height\":400,\"caption\":\"Associa\u00e7\u00e3o Nacional de Munic\u00edpios Portugueses\"},\"image\":{\"@id\":\"https:\/\/anmp.pt\/#\/schema\/logo\/image\/\"},\"sameAs\":[\"https:\/\/www.facebook.com\/ANMP.PT\"]}]}<\/script>\n<!-- \/ Yoast SEO plugin. -->","yoast_head_json":{"title":"Sec\u00e7\u00e3o de Munic\u00edpios com Atividade Piscat\u00f3ria e Portos - Portal Institucional","robots":{"index":"index","follow":"follow","max-snippet":"max-snippet:-1","max-image-preview":"max-image-preview:large","max-video-preview":"max-video-preview:-1"},"canonical":"https:\/\/anmp.pt\/anmport\/seccoes-de-municipios\/seccao-de-municipios-com-atividade-piscatoria-e-portos\/","og_locale":"es_ES","og_type":"article","og_title":"Sec\u00e7\u00e3o de Munic\u00edpios com Atividade Piscat\u00f3ria e Portos - Portal Institucional","og_description":"Disculpa, pero esta entrada est\u00e1 disponible s\u00f3lo en Portugu\u00eas. &nbsp;","og_url":"https:\/\/anmp.pt\/anmport\/seccoes-de-municipios\/seccao-de-municipios-com-atividade-piscatoria-e-portos\/","og_site_name":"Portal Institucional","article_publisher":"https:\/\/www.facebook.com\/ANMP.PT","article_modified_time":"2023-05-18T14:18:59+00:00","og_image":[{"width":537,"height":266,"url":"https:\/\/anmp.pt\/wp-content\/uploads\/2020\/06\/reu20180122.jpg","type":"image\/jpeg"}],"twitter_card":"summary_large_image","schema":{"@context":"https:\/\/schema.org","@graph":[{"@type":"WebPage","@id":"https:\/\/anmp.pt\/anmport\/seccoes-de-municipios\/seccao-de-municipios-com-atividade-piscatoria-e-portos\/","url":"https:\/\/anmp.pt\/anmport\/seccoes-de-municipios\/seccao-de-municipios-com-atividade-piscatoria-e-portos\/","name":"Sec\u00e7\u00e3o de Munic\u00edpios com Atividade Piscat\u00f3ria e Portos - Portal Institucional","isPartOf":{"@id":"https:\/\/anmp.pt\/#website"},"primaryImageOfPage":{"@id":"https:\/\/anmp.pt\/anmport\/seccoes-de-municipios\/seccao-de-municipios-com-atividade-piscatoria-e-portos\/#primaryimage"},"image":{"@id":"https:\/\/anmp.pt\/anmport\/seccoes-de-municipios\/seccao-de-municipios-com-atividade-piscatoria-e-portos\/#primaryimage"},"thumbnailUrl":"https:\/\/anmp.pt\/wp-content\/uploads\/2020\/06\/reu20180122.jpg","datePublished":"2019-09-06T11:49:52+00:00","dateModified":"2023-05-18T14:18:59+00:00","breadcrumb":{"@id":"https:\/\/anmp.pt\/anmport\/seccoes-de-municipios\/seccao-de-municipios-com-atividade-piscatoria-e-portos\/#breadcrumb"},"inLanguage":"es","potentialAction":[{"@type":"ReadAction","target":["https:\/\/anmp.pt\/anmport\/seccoes-de-municipios\/seccao-de-municipios-com-atividade-piscatoria-e-portos\/"]}]},{"@type":"ImageObject","inLanguage":"es","@id":"https:\/\/anmp.pt\/anmport\/seccoes-de-municipios\/seccao-de-municipios-com-atividade-piscatoria-e-portos\/#primaryimage","url":"https:\/\/anmp.pt\/wp-content\/uploads\/2020\/06\/reu20180122.jpg","contentUrl":"https:\/\/anmp.pt\/wp-content\/uploads\/2020\/06\/reu20180122.jpg","width":537,"height":266},{"@type":"BreadcrumbList","@id":"https:\/\/anmp.pt\/anmport\/seccoes-de-municipios\/seccao-de-municipios-com-atividade-piscatoria-e-portos\/#breadcrumb","itemListElement":[{"@type":"ListItem","position":1,"name":"In\u00edcio","item":"https:\/\/anmp.pt\/"},{"@type":"ListItem","position":2,"name":"ANMP","item":"https:\/\/anmp.pt\/anmport\/"},{"@type":"ListItem","position":3,"name":"Sec\u00e7\u00f5es de munic\u00edpios","item":"https:\/\/anmp.pt\/anmport\/seccoes-de-municipios\/"},{"@type":"ListItem","position":4,"name":"Sec\u00e7\u00e3o de Munic\u00edpios com Atividade Piscat\u00f3ria e Portos"}]},{"@type":"WebSite","@id":"https:\/\/anmp.pt\/#website","url":"https:\/\/anmp.pt\/","name":"Associa\u00e7\u00e3o Nacional de Munic\u00edpios Portugueses","description":"Portal Institucional","publisher":{"@id":"https:\/\/anmp.pt\/#organization"},"potentialAction":[{"@type":"SearchAction","target":{"@type":"EntryPoint","urlTemplate":"https:\/\/anmp.pt\/?s={search_term_string}"},"query-input":{"@type":"PropertyValueSpecification","valueRequired":true,"valueName":"search_term_string"}}],"inLanguage":"es"},{"@type":"Organization","@id":"https:\/\/anmp.pt\/#organization","name":"Associa\u00e7\u00e3o Nacional de Munic\u00edpios Portugueses","url":"https:\/\/anmp.pt\/","logo":{"@type":"ImageObject","inLanguage":"es","@id":"https:\/\/anmp.pt\/#\/schema\/logo\/image\/","url":"https:\/\/anmp.pt\/wp-content\/uploads\/2020\/06\/logo980400.png","contentUrl":"https:\/\/anmp.pt\/wp-content\/uploads\/2020\/06\/logo980400.png","width":980,"height":400,"caption":"Associa\u00e7\u00e3o Nacional de Munic\u00edpios Portugueses"},"image":{"@id":"https:\/\/anmp.pt\/#\/schema\/logo\/image\/"},"sameAs":["https:\/\/www.facebook.com\/ANMP.PT"]}]}},"_links":{"self":[{"href":"https:\/\/anmp.pt\/es\/wp-json\/wp\/v2\/pages\/1638","targetHints":{"allow":["GET"]}}],"collection":[{"href":"https:\/\/anmp.pt\/es\/wp-json\/wp\/v2\/pages"}],"about":[{"href":"https:\/\/anmp.pt\/es\/wp-json\/wp\/v2\/types\/page"}],"author":[{"embeddable":true,"href":"https:\/\/anmp.pt\/es\/wp-json\/wp\/v2\/users\/1"}],"replies":[{"embeddable":true,"href":"https:\/\/anmp.pt\/es\/wp-json\/wp\/v2\/comments?post=1638"}],"version-history":[{"count":1,"href":"https:\/\/anmp.pt\/es\/wp-json\/wp\/v2\/pages\/1638\/revisions"}],"predecessor-version":[{"id":57031,"href":"https:\/\/anmp.pt\/es\/wp-json\/wp\/v2\/pages\/1638\/revisions\/57031"}],"up":[{"embeddable":true,"href":"https:\/\/anmp.pt\/es\/wp-json\/wp\/v2\/pages\/1636"}],"wp:featuredmedia":[{"embeddable":true,"href":"https:\/\/anmp.pt\/es\/wp-json\/wp\/v2\/media\/22749"}],"wp:attachment":[{"href":"https:\/\/anmp.pt\/es\/wp-json\/wp\/v2\/media?parent=1638"}],"curies":[{"name":"wp","href":"https:\/\/api.w.org\/{rel}","templated":true}]}}