{"id":1671,"date":"2019-09-06T14:16:53","date_gmt":"2019-09-06T13:16:53","guid":{"rendered":"https:\/\/anmp.pt\/?page_id=1671"},"modified":"2024-07-22T17:47:33","modified_gmt":"2024-07-22T16:47:33","slug":"plano-e-relatorio-de-atividades","status":"publish","type":"page","link":"https:\/\/anmp.pt\/es\/anmport\/informacao-de-gestao\/plano-e-relatorio-de-atividades\/","title":{"rendered":"Plano e relat\u00f3rio de atividades"},"content":{"rendered":"","protected":false},"excerpt":{"rendered":"","protected":false},"author":1,"featured_media":0,"parent":1669,"menu_order":160,"comment_status":"closed","ping_status":"closed","template":"templates-map\/component-file-gallery-layout1.php","meta":{"_acf_changed":false,"_exactmetrics_skip_tracking":false,"_exactmetrics_sitenote_active":false,"_exactmetrics_sitenote_note":"","_exactmetrics_sitenote_category":0,"footnotes":""},"class_list":["post-1671","page","type-page","status-publish","hentry"],"acf":[],"yoast_head":"<!-- This site is optimized with the Yoast SEO plugin v23.9 - https:\/\/yoast.com\/wordpress\/plugins\/seo\/ -->\n<title>Plano e relat\u00f3rio de atividades - Portal Institucional<\/title>\n<meta name=\"robots\" content=\"index, follow, max-snippet:-1, max-image-preview:large, max-video-preview:-1\" \/>\n<link rel=\"canonical\" href=\"https:\/\/anmp.pt\/anmport\/informacao-de-gestao\/plano-e-relatorio-de-atividades\/\" \/>\n<meta property=\"og:locale\" content=\"es_ES\" \/>\n<meta property=\"og:type\" content=\"article\" \/>\n<meta property=\"og:title\" content=\"[:pt]Plano, Relat\u00f3rio de Atividades e Or\u00e7amento[:en]Plano e relat\u00f3rio de atividades[:fr]Plano e relat\u00f3rio de atividades[:es]Plano e relat\u00f3rio de atividades[:] - Portal Institucional\" \/>\n<meta property=\"og:url\" content=\"https:\/\/anmp.pt\/anmport\/informacao-de-gestao\/plano-e-relatorio-de-atividades\/\" \/>\n<meta property=\"og:site_name\" content=\"Portal Institucional\" \/>\n<meta property=\"article:publisher\" content=\"https:\/\/www.facebook.com\/ANMP.PT\" \/>\n<meta property=\"article:modified_time\" content=\"2024-07-22T16:47:33+00:00\" \/>\n<meta name=\"twitter:card\" content=\"summary_large_image\" \/>\n<script type=\"application\/ld+json\" class=\"yoast-schema-graph\">{\"@context\":\"https:\/\/schema.org\",\"@graph\":[{\"@type\":\"WebPage\",\"@id\":\"https:\/\/anmp.pt\/anmport\/informacao-de-gestao\/plano-e-relatorio-de-atividades\/\",\"url\":\"https:\/\/anmp.pt\/anmport\/informacao-de-gestao\/plano-e-relatorio-de-atividades\/\",\"name\":\"[:pt]Plano, Relat\u00f3rio de Atividades e Or\u00e7amento[:en]Plano e relat\u00f3rio de atividades[:fr]Plano e relat\u00f3rio de atividades[:es]Plano e relat\u00f3rio de atividades[:] - Portal Institucional\",\"isPartOf\":{\"@id\":\"https:\/\/anmp.pt\/#website\"},\"datePublished\":\"2019-09-06T13:16:53+00:00\",\"dateModified\":\"2024-07-22T16:47:33+00:00\",\"breadcrumb\":{\"@id\":\"https:\/\/anmp.pt\/anmport\/informacao-de-gestao\/plano-e-relatorio-de-atividades\/#breadcrumb\"},\"inLanguage\":\"es\",\"potentialAction\":[{\"@type\":\"ReadAction\",\"target\":[\"https:\/\/anmp.pt\/anmport\/informacao-de-gestao\/plano-e-relatorio-de-atividades\/\"]}]},{\"@type\":\"BreadcrumbList\",\"@id\":\"https:\/\/anmp.pt\/anmport\/informacao-de-gestao\/plano-e-relatorio-de-atividades\/#breadcrumb\",\"itemListElement\":[{\"@type\":\"ListItem\",\"position\":1,\"name\":\"In\u00edcio\",\"item\":\"https:\/\/anmp.pt\/\"},{\"@type\":\"ListItem\",\"position\":2,\"name\":\"ANMP\",\"item\":\"https:\/\/anmp.pt\/anmport\/\"},{\"@type\":\"ListItem\",\"position\":3,\"name\":\"Informa\u00e7\u00e3o de gest\u00e3o\",\"item\":\"https:\/\/anmp.pt\/anmport\/informacao-de-gestao\/\"},{\"@type\":\"ListItem\",\"position\":4,\"name\":\"Plano, Relat\u00f3rio de Atividades e Or\u00e7amento\"}]},{\"@type\":\"WebSite\",\"@id\":\"https:\/\/anmp.pt\/#website\",\"url\":\"https:\/\/anmp.pt\/\",\"name\":\"Associa\u00e7\u00e3o Nacional de Munic\u00edpios Portugueses\",\"description\":\"Portal Institucional\",\"publisher\":{\"@id\":\"https:\/\/anmp.pt\/#organization\"},\"potentialAction\":[{\"@type\":\"SearchAction\",\"target\":{\"@type\":\"EntryPoint\",\"urlTemplate\":\"https:\/\/anmp.pt\/?s={search_term_string}\"},\"query-input\":{\"@type\":\"PropertyValueSpecification\",\"valueRequired\":true,\"valueName\":\"search_term_string\"}}],\"inLanguage\":\"es\"},{\"@type\":\"Organization\",\"@id\":\"https:\/\/anmp.pt\/#organization\",\"name\":\"Associa\u00e7\u00e3o Nacional de Munic\u00edpios Portugueses\",\"url\":\"https:\/\/anmp.pt\/\",\"logo\":{\"@type\":\"ImageObject\",\"inLanguage\":\"es\",\"@id\":\"https:\/\/anmp.pt\/#\/schema\/logo\/image\/\",\"url\":\"https:\/\/anmp.pt\/wp-content\/uploads\/2020\/06\/logo980400.png\",\"contentUrl\":\"https:\/\/anmp.pt\/wp-content\/uploads\/2020\/06\/logo980400.png\",\"width\":980,\"height\":400,\"caption\":\"Associa\u00e7\u00e3o Nacional de Munic\u00edpios Portugueses\"},\"image\":{\"@id\":\"https:\/\/anmp.pt\/#\/schema\/logo\/image\/\"},\"sameAs\":[\"https:\/\/www.facebook.com\/ANMP.PT\"]}]}<\/script>\n<!-- \/ Yoast SEO plugin. -->","yoast_head_json":{"title":"[:pt]Plano, Relat\u00f3rio de Atividades e Or\u00e7amento[:en]Plano e relat\u00f3rio de atividades[:fr]Plano e relat\u00f3rio de atividades[:es]Plano e relat\u00f3rio de atividades[:] - Portal Institucional","robots":{"index":"index","follow":"follow","max-snippet":"max-snippet:-1","max-image-preview":"max-image-preview:large","max-video-preview":"max-video-preview:-1"},"canonical":"https:\/\/anmp.pt\/anmport\/informacao-de-gestao\/plano-e-relatorio-de-atividades\/","og_locale":"es_ES","og_type":"article","og_title":"[:pt]Plano, Relat\u00f3rio de Atividades e Or\u00e7amento[:en]Plano e relat\u00f3rio de atividades[:fr]Plano e relat\u00f3rio de atividades[:es]Plano e relat\u00f3rio de atividades[:] - Portal Institucional","og_url":"https:\/\/anmp.pt\/anmport\/informacao-de-gestao\/plano-e-relatorio-de-atividades\/","og_site_name":"Portal Institucional","article_publisher":"https:\/\/www.facebook.com\/ANMP.PT","article_modified_time":"2024-07-22T16:47:33+00:00","twitter_card":"summary_large_image","schema":{"@context":"https:\/\/schema.org","@graph":[{"@type":"WebPage","@id":"https:\/\/anmp.pt\/anmport\/informacao-de-gestao\/plano-e-relatorio-de-atividades\/","url":"https:\/\/anmp.pt\/anmport\/informacao-de-gestao\/plano-e-relatorio-de-atividades\/","name":"[:pt]Plano, Relat\u00f3rio de Atividades e Or\u00e7amento[:en]Plano e relat\u00f3rio de atividades[:fr]Plano e relat\u00f3rio de atividades[:es]Plano e relat\u00f3rio de atividades[:] - Portal Institucional","isPartOf":{"@id":"https:\/\/anmp.pt\/#website"},"datePublished":"2019-09-06T13:16:53+00:00","dateModified":"2024-07-22T16:47:33+00:00","breadcrumb":{"@id":"https:\/\/anmp.pt\/anmport\/informacao-de-gestao\/plano-e-relatorio-de-atividades\/#breadcrumb"},"inLanguage":"es","potentialAction":[{"@type":"ReadAction","target":["https:\/\/anmp.pt\/anmport\/informacao-de-gestao\/plano-e-relatorio-de-atividades\/"]}]},{"@type":"BreadcrumbList","@id":"https:\/\/anmp.pt\/anmport\/informacao-de-gestao\/plano-e-relatorio-de-atividades\/#breadcrumb","itemListElement":[{"@type":"ListItem","position":1,"name":"In\u00edcio","item":"https:\/\/anmp.pt\/"},{"@type":"ListItem","position":2,"name":"ANMP","item":"https:\/\/anmp.pt\/anmport\/"},{"@type":"ListItem","position":3,"name":"Informa\u00e7\u00e3o de gest\u00e3o","item":"https:\/\/anmp.pt\/anmport\/informacao-de-gestao\/"},{"@type":"ListItem","position":4,"name":"Plano, Relat\u00f3rio de Atividades e Or\u00e7amento"}]},{"@type":"WebSite","@id":"https:\/\/anmp.pt\/#website","url":"https:\/\/anmp.pt\/","name":"Associa\u00e7\u00e3o Nacional de Munic\u00edpios Portugueses","description":"Portal Institucional","publisher":{"@id":"https:\/\/anmp.pt\/#organization"},"potentialAction":[{"@type":"SearchAction","target":{"@type":"EntryPoint","urlTemplate":"https:\/\/anmp.pt\/?s={search_term_string}"},"query-input":{"@type":"PropertyValueSpecification","valueRequired":true,"valueName":"search_term_string"}}],"inLanguage":"es"},{"@type":"Organization","@id":"https:\/\/anmp.pt\/#organization","name":"Associa\u00e7\u00e3o Nacional de Munic\u00edpios Portugueses","url":"https:\/\/anmp.pt\/","logo":{"@type":"ImageObject","inLanguage":"es","@id":"https:\/\/anmp.pt\/#\/schema\/logo\/image\/","url":"https:\/\/anmp.pt\/wp-content\/uploads\/2020\/06\/logo980400.png","contentUrl":"https:\/\/anmp.pt\/wp-content\/uploads\/2020\/06\/logo980400.png","width":980,"height":400,"caption":"Associa\u00e7\u00e3o Nacional de Munic\u00edpios Portugueses"},"image":{"@id":"https:\/\/anmp.pt\/#\/schema\/logo\/image\/"},"sameAs":["https:\/\/www.facebook.com\/ANMP.PT"]}]}},"_links":{"self":[{"href":"https:\/\/anmp.pt\/es\/wp-json\/wp\/v2\/pages\/1671","targetHints":{"allow":["GET"]}}],"collection":[{"href":"https:\/\/anmp.pt\/es\/wp-json\/wp\/v2\/pages"}],"about":[{"href":"https:\/\/anmp.pt\/es\/wp-json\/wp\/v2\/types\/page"}],"author":[{"embeddable":true,"href":"https:\/\/anmp.pt\/es\/wp-json\/wp\/v2\/users\/1"}],"replies":[{"embeddable":true,"href":"https:\/\/anmp.pt\/es\/wp-json\/wp\/v2\/comments?post=1671"}],"version-history":[{"count":3,"href":"https:\/\/anmp.pt\/es\/wp-json\/wp\/v2\/pages\/1671\/revisions"}],"predecessor-version":[{"id":65651,"href":"https:\/\/anmp.pt\/es\/wp-json\/wp\/v2\/pages\/1671\/revisions\/65651"}],"up":[{"embeddable":true,"href":"https:\/\/anmp.pt\/es\/wp-json\/wp\/v2\/pages\/1669"}],"wp:attachment":[{"href":"https:\/\/anmp.pt\/es\/wp-json\/wp\/v2\/media?parent=1671"}],"curies":[{"name":"wp","href":"https:\/\/api.w.org\/{rel}","templated":true}]}}