{"id":20399,"date":"2020-04-24T16:54:55","date_gmt":"2020-04-24T15:54:55","guid":{"rendered":"https:\/\/anmp.pt\/?page_id=20399"},"modified":"2020-04-24T16:54:55","modified_gmt":"2020-04-24T15:54:55","slug":"modelo-locais-1-teste","status":"publish","type":"page","link":"https:\/\/anmp.pt\/es\/modelo-locais-1-teste\/","title":{"rendered":"(Portugu\u00eas) Modelo locais 1 &#8211; teste"},"content":{"rendered":"<p class=\"qtranxs-available-languages-message qtranxs-available-languages-message-es\">Disculpa, pero esta entrada est\u00e1 disponible s\u00f3lo en <a href=\"https:\/\/anmp.pt\/pt\/wp-json\/wp\/v2\/pages\/20399\" class=\"qtranxs-available-language-link qtranxs-available-language-link-pt\" title=\"Portugu\u00eas\">Portugu\u00eas<\/a>.<\/p><p>Lorem ipsum dolor sit amet, consectetur adipiscing elit. Nunc dignissim quis augue in semper. Maecenas mollis venenatis tellus sed venenatis. Nullam rhoncus augue ut sodales pellentesque. Quisque ac sollicitudin urna. Curabitur suscipit tincidunt arcu, viverra molestie turpis commodo id. Praesent non metus interdum, ullamcorper elit eget, euismod ligula. Donec sed magna sapien.<\/p>\n<p>Sed sed dolor tincidunt, dignissim erat quis, tincidunt magna. Nam commodo, ligula id dignissim accumsan, dui ante suscipit nibh, in posuere nulla lacus a dolor. In non libero ut arcu ultricies faucibus sed sed purus. Curabitur in suscipit nunc, et posuere est. Mauris ut tincidunt felis, sit amet bibendum mauris. Suspendisse non vehicula ante. Nam euismod in purus eu facilisis. Quisque hendrerit ligula in tincidunt imperdiet. Nulla quis mollis mauris. Suspendisse non leo enim. Donec finibus nulla nisi, at aliquet arcu sollicitudin quis. Vestibulum finibus tortor nunc, nec auctor justo auctor elementum. Nulla facilisis arcu efficitur quam congue, quis sagittis erat fringilla.<\/p>","protected":false},"excerpt":{"rendered":"<p>Disculpa, pero esta entrada est\u00e1 disponible s\u00f3lo en Portugu\u00eas.Lorem ipsum dolor sit amet, consectetur adipiscing elit. Nunc dignissim quis augue in semper. Maecenas mollis venenatis tellus sed venenatis. Nullam rhoncus augue ut sodales pellentesque. Quisque ac sollicitudin urna. Curabitur suscipit tincidunt arcu, viverra molestie turpis commodo id. Praesent non metus interdum, ullamcorper elit eget, euismod [&hellip;]<\/p>\n","protected":false},"author":1,"featured_media":0,"parent":0,"menu_order":133,"comment_status":"closed","ping_status":"closed","template":"templates-map\/component-place-list-layout1.php","meta":{"_acf_changed":false,"_exactmetrics_skip_tracking":false,"_exactmetrics_sitenote_active":false,"_exactmetrics_sitenote_note":"","_exactmetrics_sitenote_category":0,"footnotes":""},"class_list":["post-20399","page","type-page","status-publish","hentry"],"acf":[],"yoast_head":"<!-- This site is optimized with the Yoast SEO plugin v23.9 - https:\/\/yoast.com\/wordpress\/plugins\/seo\/ -->\n<title><\/title>\n<meta name=\"robots\" content=\"index, follow, max-snippet:-1, max-image-preview:large, max-video-preview:-1\" \/>\n<link rel=\"canonical\" href=\"https:\/\/anmp.pt\/modelo-locais-1-teste\/\" \/>\n<meta property=\"og:locale\" content=\"es_ES\" \/>\n<meta property=\"og:type\" content=\"article\" \/>\n<meta property=\"og:title\" content=\"[:pt]Modelo locais 1 - teste[:] - Portal Institucional\" \/>\n<meta property=\"og:description\" content=\"Disculpa, pero esta entrada est\u00e1 disponible s\u00f3lo en Portugu\u00eas.Lorem ipsum dolor sit amet, consectetur adipiscing elit. Nunc dignissim quis augue in semper. Maecenas mollis venenatis tellus sed venenatis. Nullam rhoncus augue ut sodales pellentesque. Quisque ac sollicitudin urna. Curabitur suscipit tincidunt arcu, viverra molestie turpis commodo id. Praesent non metus interdum, ullamcorper elit eget, euismod [&hellip;]\" \/>\n<meta property=\"og:url\" content=\"https:\/\/anmp.pt\/modelo-locais-1-teste\/\" \/>\n<meta property=\"og:site_name\" content=\"Portal Institucional\" \/>\n<meta property=\"article:publisher\" content=\"https:\/\/www.facebook.com\/ANMP.PT\" \/>\n<meta name=\"twitter:card\" content=\"summary_large_image\" \/>\n<script type=\"application\/ld+json\" class=\"yoast-schema-graph\">{\"@context\":\"https:\/\/schema.org\",\"@graph\":[{\"@type\":\"WebPage\",\"@id\":\"https:\/\/anmp.pt\/modelo-locais-1-teste\/\",\"url\":\"https:\/\/anmp.pt\/modelo-locais-1-teste\/\",\"name\":\"[:pt]Modelo locais 1 - teste[:] - Portal Institucional\",\"isPartOf\":{\"@id\":\"https:\/\/anmp.pt\/#website\"},\"datePublished\":\"2020-04-24T15:54:55+00:00\",\"dateModified\":\"2020-04-24T15:54:55+00:00\",\"breadcrumb\":{\"@id\":\"https:\/\/anmp.pt\/modelo-locais-1-teste\/#breadcrumb\"},\"inLanguage\":\"es\",\"potentialAction\":[{\"@type\":\"ReadAction\",\"target\":[\"https:\/\/anmp.pt\/modelo-locais-1-teste\/\"]}]},{\"@type\":\"BreadcrumbList\",\"@id\":\"https:\/\/anmp.pt\/modelo-locais-1-teste\/#breadcrumb\",\"itemListElement\":[{\"@type\":\"ListItem\",\"position\":1,\"name\":\"In\u00edcio\",\"item\":\"https:\/\/anmp.pt\/\"},{\"@type\":\"ListItem\",\"position\":2,\"name\":\"Modelo locais 1 &#8211; teste\"}]},{\"@type\":\"WebSite\",\"@id\":\"https:\/\/anmp.pt\/#website\",\"url\":\"https:\/\/anmp.pt\/\",\"name\":\"Associa\u00e7\u00e3o Nacional de Munic\u00edpios Portugueses\",\"description\":\"Portal Institucional\",\"publisher\":{\"@id\":\"https:\/\/anmp.pt\/#organization\"},\"potentialAction\":[{\"@type\":\"SearchAction\",\"target\":{\"@type\":\"EntryPoint\",\"urlTemplate\":\"https:\/\/anmp.pt\/?s={search_term_string}\"},\"query-input\":{\"@type\":\"PropertyValueSpecification\",\"valueRequired\":true,\"valueName\":\"search_term_string\"}}],\"inLanguage\":\"es\"},{\"@type\":\"Organization\",\"@id\":\"https:\/\/anmp.pt\/#organization\",\"name\":\"Associa\u00e7\u00e3o Nacional de Munic\u00edpios Portugueses\",\"url\":\"https:\/\/anmp.pt\/\",\"logo\":{\"@type\":\"ImageObject\",\"inLanguage\":\"es\",\"@id\":\"https:\/\/anmp.pt\/#\/schema\/logo\/image\/\",\"url\":\"https:\/\/anmp.pt\/wp-content\/uploads\/2020\/06\/logo980400.png\",\"contentUrl\":\"https:\/\/anmp.pt\/wp-content\/uploads\/2020\/06\/logo980400.png\",\"width\":980,\"height\":400,\"caption\":\"Associa\u00e7\u00e3o Nacional de Munic\u00edpios Portugueses\"},\"image\":{\"@id\":\"https:\/\/anmp.pt\/#\/schema\/logo\/image\/\"},\"sameAs\":[\"https:\/\/www.facebook.com\/ANMP.PT\"]}]}<\/script>\n<!-- \/ Yoast SEO plugin. -->","yoast_head_json":{"title":"[:pt]Modelo locais 1 - teste[:] - Portal Institucional","robots":{"index":"index","follow":"follow","max-snippet":"max-snippet:-1","max-image-preview":"max-image-preview:large","max-video-preview":"max-video-preview:-1"},"canonical":"https:\/\/anmp.pt\/modelo-locais-1-teste\/","og_locale":"es_ES","og_type":"article","og_title":"[:pt]Modelo locais 1 - teste[:] - Portal Institucional","og_description":"Disculpa, pero esta entrada est\u00e1 disponible s\u00f3lo en Portugu\u00eas.Lorem ipsum dolor sit amet, consectetur adipiscing elit. Nunc dignissim quis augue in semper. Maecenas mollis venenatis tellus sed venenatis. Nullam rhoncus augue ut sodales pellentesque. Quisque ac sollicitudin urna. Curabitur suscipit tincidunt arcu, viverra molestie turpis commodo id. Praesent non metus interdum, ullamcorper elit eget, euismod [&hellip;]","og_url":"https:\/\/anmp.pt\/modelo-locais-1-teste\/","og_site_name":"Portal Institucional","article_publisher":"https:\/\/www.facebook.com\/ANMP.PT","twitter_card":"summary_large_image","schema":{"@context":"https:\/\/schema.org","@graph":[{"@type":"WebPage","@id":"https:\/\/anmp.pt\/modelo-locais-1-teste\/","url":"https:\/\/anmp.pt\/modelo-locais-1-teste\/","name":"[:pt]Modelo locais 1 - teste[:] - Portal Institucional","isPartOf":{"@id":"https:\/\/anmp.pt\/#website"},"datePublished":"2020-04-24T15:54:55+00:00","dateModified":"2020-04-24T15:54:55+00:00","breadcrumb":{"@id":"https:\/\/anmp.pt\/modelo-locais-1-teste\/#breadcrumb"},"inLanguage":"es","potentialAction":[{"@type":"ReadAction","target":["https:\/\/anmp.pt\/modelo-locais-1-teste\/"]}]},{"@type":"BreadcrumbList","@id":"https:\/\/anmp.pt\/modelo-locais-1-teste\/#breadcrumb","itemListElement":[{"@type":"ListItem","position":1,"name":"In\u00edcio","item":"https:\/\/anmp.pt\/"},{"@type":"ListItem","position":2,"name":"Modelo locais 1 &#8211; teste"}]},{"@type":"WebSite","@id":"https:\/\/anmp.pt\/#website","url":"https:\/\/anmp.pt\/","name":"Associa\u00e7\u00e3o Nacional de Munic\u00edpios Portugueses","description":"Portal Institucional","publisher":{"@id":"https:\/\/anmp.pt\/#organization"},"potentialAction":[{"@type":"SearchAction","target":{"@type":"EntryPoint","urlTemplate":"https:\/\/anmp.pt\/?s={search_term_string}"},"query-input":{"@type":"PropertyValueSpecification","valueRequired":true,"valueName":"search_term_string"}}],"inLanguage":"es"},{"@type":"Organization","@id":"https:\/\/anmp.pt\/#organization","name":"Associa\u00e7\u00e3o Nacional de Munic\u00edpios Portugueses","url":"https:\/\/anmp.pt\/","logo":{"@type":"ImageObject","inLanguage":"es","@id":"https:\/\/anmp.pt\/#\/schema\/logo\/image\/","url":"https:\/\/anmp.pt\/wp-content\/uploads\/2020\/06\/logo980400.png","contentUrl":"https:\/\/anmp.pt\/wp-content\/uploads\/2020\/06\/logo980400.png","width":980,"height":400,"caption":"Associa\u00e7\u00e3o Nacional de Munic\u00edpios Portugueses"},"image":{"@id":"https:\/\/anmp.pt\/#\/schema\/logo\/image\/"},"sameAs":["https:\/\/www.facebook.com\/ANMP.PT"]}]}},"_links":{"self":[{"href":"https:\/\/anmp.pt\/es\/wp-json\/wp\/v2\/pages\/20399","targetHints":{"allow":["GET"]}}],"collection":[{"href":"https:\/\/anmp.pt\/es\/wp-json\/wp\/v2\/pages"}],"about":[{"href":"https:\/\/anmp.pt\/es\/wp-json\/wp\/v2\/types\/page"}],"author":[{"embeddable":true,"href":"https:\/\/anmp.pt\/es\/wp-json\/wp\/v2\/users\/1"}],"replies":[{"embeddable":true,"href":"https:\/\/anmp.pt\/es\/wp-json\/wp\/v2\/comments?post=20399"}],"version-history":[{"count":0,"href":"https:\/\/anmp.pt\/es\/wp-json\/wp\/v2\/pages\/20399\/revisions"}],"wp:attachment":[{"href":"https:\/\/anmp.pt\/es\/wp-json\/wp\/v2\/media?parent=20399"}],"curies":[{"name":"wp","href":"https:\/\/api.w.org\/{rel}","templated":true}]}}