{"id":22154,"date":"2020-06-15T09:57:53","date_gmt":"2020-06-15T08:57:53","guid":{"rendered":"https:\/\/anmp.pt\/?page_id=22154"},"modified":"2024-02-09T15:45:50","modified_gmt":"2024-02-09T15:45:50","slug":"municipios-aderentes-ao-protocolo-de-colaboracao-apoio-as-mulheres-vitimas-de-violencia-domestica","status":"publish","type":"page","link":"https:\/\/anmp.pt\/es\/municipios-aderentes-ao-protocolo-de-colaboracao-apoio-as-mulheres-vitimas-de-violencia-domestica\/","title":{"rendered":"(Portugu\u00eas) Munic\u00edpios Aderentes ao Protocolo de Colabora\u00e7\u00e3o: Apoio \u00e0s mulheres v\u00edtimas de viol\u00eancia dom\u00e9stica"},"content":{"rendered":"<p class=\"qtranxs-available-languages-message qtranxs-available-languages-message-es\">Disculpa, pero esta entrada est\u00e1 disponible s\u00f3lo en <a href=\"https:\/\/anmp.pt\/pt\/wp-json\/wp\/v2\/pages\/22154\" class=\"qtranxs-available-language-link qtranxs-available-language-link-pt\" title=\"Portugu\u00eas\">Portugu\u00eas<\/a>.<\/p><p>Abrantes<br \/>\nAlbufeira<br \/>\n\u00c1gueda<br \/>\nAguiar da Beira<br \/>\nAlbergaria a Velha<br \/>\nAlcanena<br \/>\nAlcoba\u00e7a<br \/>\nAlcochete<br \/>\nAlfandega da F\u00e9<br \/>\nAlmada<br \/>\nAlpiar\u00e7a<br \/>\nAlvai\u00e1zere<br \/>\nAlvito<br \/>\nAmadora<br \/>\nAmarante<br \/>\nAnsi\u00e3o<br \/>\nArronches<br \/>\nArruda dos Vinhos<br \/>\nAveiro<br \/>\nBarcelos<br \/>\nBatalha<br \/>\nBenavente<br \/>\nBombarral<br \/>\nBorba<br \/>\nBoticas<br \/>\nBraga<br \/>\nCabeceiras de Basto<br \/>\nC\u00e2mara de Lobos<br \/>\nCaminha<br \/>\nCampo Maior<br \/>\nCantanhede<br \/>\nCarrazeda de Ansi\u00e3es<br \/>\nCarregal do Sal<br \/>\nCartaxo<br \/>\nCastanheira de Pera<br \/>\nCastelo Branco<br \/>\nCastelo de Paiva<br \/>\nCastelo de Vide<br \/>\nCastro Marim<br \/>\nCastro de Daire<br \/>\nCelorico da Beira<br \/>\nChaves<br \/>\nCinf\u00e3es<br \/>\nCoimbra<br \/>\nCondeixa-a-Nova<br \/>\nCovilh\u00e3<br \/>\nCuba<br \/>\nEsposende<br \/>\nEstarreja<br \/>\nFaro<br \/>\nFelgueiras<br \/>\nFerreira do Z\u00eazere<br \/>\nFigueira da Foz<br \/>\nFigueira de Castelo Rodrigo<br \/>\nFreixo Espada \u00e0 Cinta<br \/>\nFunchal<br \/>\nFund\u00e3o<br \/>\nG\u00f3is<br \/>\nGondomar<br \/>\nGuimar\u00e3es<br \/>\nGuarda<br \/>\nHorta<br \/>\nLagoa (A\u00e7ores)<br \/>\nLagoa (Algarve)<br \/>\nLajes do Pico<br \/>\nLamego<br \/>\nLeiria<br \/>\nLisboa<br \/>\nLoures<br \/>\nLourinh\u00e3<br \/>\nLous\u00e3<br \/>\nLousada<br \/>\nMacedo de Cavaleiros<br \/>\nMadalena do Pico<br \/>\nMangualde<br \/>\nManteigas<br \/>\nMarco de Canaveses<br \/>\nMatosinhos<br \/>\nMealhada<br \/>\nM\u00e9rtola<br \/>\nMes\u00e3o Frio<br \/>\nMiranda do Corvo<br \/>\nMiranda do Douro<br \/>\nMirandela<br \/>\nMogadouro<br \/>\nMon\u00e7\u00e3o<br \/>\nMondim de Basto<br \/>\nMonforte<br \/>\nMontemor-o-Velho<br \/>\nMontijo<br \/>\nMort\u00e1gua<br \/>\nMoura<br \/>\nMurtosa<br \/>\nOdivelas<br \/>\nOeiras<br \/>\nOleiros<br \/>\nOlh\u00e3o<br \/>\nOliveira de Azem\u00e9is<br \/>\nOliveira de Frades<br \/>\nOliveira Hospital<br \/>\nOur\u00e9m<br \/>\nOvar<br \/>\nPampilhosa da Serra<br \/>\nParedes<br \/>\nPedr\u00f3g\u00e3o Grande<br \/>\nPenafiel<br \/>\nPenalva do Castelo<br \/>\nPenela<br \/>\nPinhel<br \/>\nPombal<br \/>\nPonta Delgada<br \/>\nPonte da Barca<br \/>\nPonte de Lima<br \/>\nPonta do Sol<br \/>\nPortim\u00e3o<br \/>\nPorto Moniz<br \/>\nPorto Santo<br \/>\nP\u00f3voa de Lanhoso<br \/>\nP\u00f3voa de Varzim<br \/>\nPraia da Vit\u00f3ria<br \/>\nRedondo<br \/>\nReguengos de Monsaraz<br \/>\nResende<br \/>\nRibeira Grande<br \/>\nRio Maior<br \/>\nSabugal<br \/>\nSanta Cruz<br \/>\nSanta Maria da Feira<br \/>\nSanta Marta de Penagui\u00e3o<br \/>\nSantar\u00e9m<br \/>\nS\u00e3o Jo\u00e3o da Madeira<br \/>\nSanto Tirso<br \/>\nS\u00e3o Vicente<br \/>\nS\u00e1t\u00e3o<br \/>\nSert\u00e3<br \/>\nSintra<br \/>\nSever do Vouga<br \/>\nSoure<br \/>\nSousel<br \/>\nT\u00e1bua<br \/>\nTabua\u00e7o<br \/>\nTavira<br \/>\nTondela<br \/>\nTorre de Moncorvo<br \/>\nTorres Novas<br \/>\nTorres Vedras<br \/>\nTrancoso<br \/>\nTrofa<br \/>\nVagos<br \/>\nVale de Cambra<br \/>\nValen\u00e7a<br \/>\nValongo<br \/>\nVelas<br \/>\nVila do Bispo<br \/>\nVieira do Minho<br \/>\nVila do Conde<br \/>\nVila do Porto<br \/>\nVila Franca do Campo<br \/>\nVila Nova de Famalic\u00e3o<br \/>\nVila Nova de Foz Coa<br \/>\nVila Nova de Gaia<br \/>\nVila Nova de Paiva<br \/>\nVila Nova de Poiares<br \/>\nVila Pouca de Aguiar<br \/>\nVila Real Sto Ant\u00f3nio<br \/>\nVila Velha de R\u00f3d\u00e3o<br \/>\nVila Verde<br \/>\nVila Vi\u00e7osa<br \/>\nVinhais<br \/>\nViseu<br \/>\nVizela<\/p>","protected":false},"excerpt":{"rendered":"<p>Disculpa, pero esta entrada est\u00e1 disponible s\u00f3lo en Portugu\u00eas.Abrantes Albufeira \u00c1gueda Aguiar da Beira Albergaria a Velha Alcanena Alcoba\u00e7a Alcochete Alfandega da F\u00e9 Almada Alpiar\u00e7a Alvai\u00e1zere Alvito Amadora Amarante Ansi\u00e3o Arronches Arruda dos Vinhos Aveiro Barcelos Batalha Benavente Bombarral Borba Boticas Braga Cabeceiras de Basto C\u00e2mara de Lobos Caminha Campo Maior Cantanhede Carrazeda de Ansi\u00e3es [&hellip;]<\/p>\n","protected":false},"author":1,"featured_media":0,"parent":0,"menu_order":140,"comment_status":"closed","ping_status":"closed","template":"templates-map\/component-text-layout1.php","meta":{"_acf_changed":false,"_exactmetrics_skip_tracking":false,"_exactmetrics_sitenote_active":false,"_exactmetrics_sitenote_note":"","_exactmetrics_sitenote_category":0,"footnotes":""},"class_list":["post-22154","page","type-page","status-publish","hentry"],"acf":[],"yoast_head":"<!-- This site is optimized with the Yoast SEO plugin v23.9 - https:\/\/yoast.com\/wordpress\/plugins\/seo\/ -->\n<title><\/title>\n<meta name=\"robots\" content=\"index, follow, max-snippet:-1, max-image-preview:large, max-video-preview:-1\" \/>\n<link rel=\"canonical\" href=\"https:\/\/anmp.pt\/municipios-aderentes-ao-protocolo-de-colaboracao-apoio-as-mulheres-vitimas-de-violencia-domestica\/\" \/>\n<meta property=\"og:locale\" content=\"es_ES\" \/>\n<meta property=\"og:type\" content=\"article\" \/>\n<meta property=\"og:title\" content=\"[:pt]Munic\u00edpios Aderentes ao Protocolo de Colabora\u00e7\u00e3o: Apoio \u00e0s mulheres v\u00edtimas de viol\u00eancia dom\u00e9stica[:] - Portal Institucional\" \/>\n<meta property=\"og:description\" content=\"Disculpa, pero esta entrada est\u00e1 disponible s\u00f3lo en Portugu\u00eas.Abrantes Albufeira \u00c1gueda Aguiar da Beira Albergaria a Velha Alcanena Alcoba\u00e7a Alcochete Alfandega da F\u00e9 Almada Alpiar\u00e7a Alvai\u00e1zere Alvito Amadora Amarante Ansi\u00e3o Arronches Arruda dos Vinhos Aveiro Barcelos Batalha Benavente Bombarral Borba Boticas Braga Cabeceiras de Basto C\u00e2mara de Lobos Caminha Campo Maior Cantanhede Carrazeda de Ansi\u00e3es [&hellip;]\" \/>\n<meta property=\"og:url\" content=\"https:\/\/anmp.pt\/municipios-aderentes-ao-protocolo-de-colaboracao-apoio-as-mulheres-vitimas-de-violencia-domestica\/\" \/>\n<meta property=\"og:site_name\" content=\"Portal Institucional\" \/>\n<meta property=\"article:publisher\" content=\"https:\/\/www.facebook.com\/ANMP.PT\" \/>\n<meta property=\"article:modified_time\" content=\"2024-02-09T15:45:50+00:00\" \/>\n<meta name=\"twitter:card\" content=\"summary_large_image\" \/>\n<script type=\"application\/ld+json\" class=\"yoast-schema-graph\">{\"@context\":\"https:\/\/schema.org\",\"@graph\":[{\"@type\":\"WebPage\",\"@id\":\"https:\/\/anmp.pt\/municipios-aderentes-ao-protocolo-de-colaboracao-apoio-as-mulheres-vitimas-de-violencia-domestica\/\",\"url\":\"https:\/\/anmp.pt\/municipios-aderentes-ao-protocolo-de-colaboracao-apoio-as-mulheres-vitimas-de-violencia-domestica\/\",\"name\":\"[:pt]Munic\u00edpios Aderentes ao Protocolo de Colabora\u00e7\u00e3o: Apoio \u00e0s mulheres v\u00edtimas de viol\u00eancia dom\u00e9stica[:] - Portal Institucional\",\"isPartOf\":{\"@id\":\"https:\/\/anmp.pt\/#website\"},\"datePublished\":\"2020-06-15T08:57:53+00:00\",\"dateModified\":\"2024-02-09T15:45:50+00:00\",\"breadcrumb\":{\"@id\":\"https:\/\/anmp.pt\/municipios-aderentes-ao-protocolo-de-colaboracao-apoio-as-mulheres-vitimas-de-violencia-domestica\/#breadcrumb\"},\"inLanguage\":\"es\",\"potentialAction\":[{\"@type\":\"ReadAction\",\"target\":[\"https:\/\/anmp.pt\/municipios-aderentes-ao-protocolo-de-colaboracao-apoio-as-mulheres-vitimas-de-violencia-domestica\/\"]}]},{\"@type\":\"BreadcrumbList\",\"@id\":\"https:\/\/anmp.pt\/municipios-aderentes-ao-protocolo-de-colaboracao-apoio-as-mulheres-vitimas-de-violencia-domestica\/#breadcrumb\",\"itemListElement\":[{\"@type\":\"ListItem\",\"position\":1,\"name\":\"In\u00edcio\",\"item\":\"https:\/\/anmp.pt\/\"},{\"@type\":\"ListItem\",\"position\":2,\"name\":\"Munic\u00edpios Aderentes ao Protocolo de Colabora\u00e7\u00e3o: Apoio \u00e0s mulheres v\u00edtimas de viol\u00eancia dom\u00e9stica\"}]},{\"@type\":\"WebSite\",\"@id\":\"https:\/\/anmp.pt\/#website\",\"url\":\"https:\/\/anmp.pt\/\",\"name\":\"Associa\u00e7\u00e3o Nacional de Munic\u00edpios Portugueses\",\"description\":\"Portal Institucional\",\"publisher\":{\"@id\":\"https:\/\/anmp.pt\/#organization\"},\"potentialAction\":[{\"@type\":\"SearchAction\",\"target\":{\"@type\":\"EntryPoint\",\"urlTemplate\":\"https:\/\/anmp.pt\/?s={search_term_string}\"},\"query-input\":{\"@type\":\"PropertyValueSpecification\",\"valueRequired\":true,\"valueName\":\"search_term_string\"}}],\"inLanguage\":\"es\"},{\"@type\":\"Organization\",\"@id\":\"https:\/\/anmp.pt\/#organization\",\"name\":\"Associa\u00e7\u00e3o Nacional de Munic\u00edpios Portugueses\",\"url\":\"https:\/\/anmp.pt\/\",\"logo\":{\"@type\":\"ImageObject\",\"inLanguage\":\"es\",\"@id\":\"https:\/\/anmp.pt\/#\/schema\/logo\/image\/\",\"url\":\"https:\/\/anmp.pt\/wp-content\/uploads\/2020\/06\/logo980400.png\",\"contentUrl\":\"https:\/\/anmp.pt\/wp-content\/uploads\/2020\/06\/logo980400.png\",\"width\":980,\"height\":400,\"caption\":\"Associa\u00e7\u00e3o Nacional de Munic\u00edpios Portugueses\"},\"image\":{\"@id\":\"https:\/\/anmp.pt\/#\/schema\/logo\/image\/\"},\"sameAs\":[\"https:\/\/www.facebook.com\/ANMP.PT\"]}]}<\/script>\n<!-- \/ Yoast SEO plugin. -->","yoast_head_json":{"title":"[:pt]Munic\u00edpios Aderentes ao Protocolo de Colabora\u00e7\u00e3o: Apoio \u00e0s mulheres v\u00edtimas de viol\u00eancia dom\u00e9stica[:] - Portal Institucional","robots":{"index":"index","follow":"follow","max-snippet":"max-snippet:-1","max-image-preview":"max-image-preview:large","max-video-preview":"max-video-preview:-1"},"canonical":"https:\/\/anmp.pt\/municipios-aderentes-ao-protocolo-de-colaboracao-apoio-as-mulheres-vitimas-de-violencia-domestica\/","og_locale":"es_ES","og_type":"article","og_title":"[:pt]Munic\u00edpios Aderentes ao Protocolo de Colabora\u00e7\u00e3o: Apoio \u00e0s mulheres v\u00edtimas de viol\u00eancia dom\u00e9stica[:] - Portal Institucional","og_description":"Disculpa, pero esta entrada est\u00e1 disponible s\u00f3lo en Portugu\u00eas.Abrantes Albufeira \u00c1gueda Aguiar da Beira Albergaria a Velha Alcanena Alcoba\u00e7a Alcochete Alfandega da F\u00e9 Almada Alpiar\u00e7a Alvai\u00e1zere Alvito Amadora Amarante Ansi\u00e3o Arronches Arruda dos Vinhos Aveiro Barcelos Batalha Benavente Bombarral Borba Boticas Braga Cabeceiras de Basto C\u00e2mara de Lobos Caminha Campo Maior Cantanhede Carrazeda de Ansi\u00e3es [&hellip;]","og_url":"https:\/\/anmp.pt\/municipios-aderentes-ao-protocolo-de-colaboracao-apoio-as-mulheres-vitimas-de-violencia-domestica\/","og_site_name":"Portal Institucional","article_publisher":"https:\/\/www.facebook.com\/ANMP.PT","article_modified_time":"2024-02-09T15:45:50+00:00","twitter_card":"summary_large_image","schema":{"@context":"https:\/\/schema.org","@graph":[{"@type":"WebPage","@id":"https:\/\/anmp.pt\/municipios-aderentes-ao-protocolo-de-colaboracao-apoio-as-mulheres-vitimas-de-violencia-domestica\/","url":"https:\/\/anmp.pt\/municipios-aderentes-ao-protocolo-de-colaboracao-apoio-as-mulheres-vitimas-de-violencia-domestica\/","name":"[:pt]Munic\u00edpios Aderentes ao Protocolo de Colabora\u00e7\u00e3o: Apoio \u00e0s mulheres v\u00edtimas de viol\u00eancia dom\u00e9stica[:] - Portal Institucional","isPartOf":{"@id":"https:\/\/anmp.pt\/#website"},"datePublished":"2020-06-15T08:57:53+00:00","dateModified":"2024-02-09T15:45:50+00:00","breadcrumb":{"@id":"https:\/\/anmp.pt\/municipios-aderentes-ao-protocolo-de-colaboracao-apoio-as-mulheres-vitimas-de-violencia-domestica\/#breadcrumb"},"inLanguage":"es","potentialAction":[{"@type":"ReadAction","target":["https:\/\/anmp.pt\/municipios-aderentes-ao-protocolo-de-colaboracao-apoio-as-mulheres-vitimas-de-violencia-domestica\/"]}]},{"@type":"BreadcrumbList","@id":"https:\/\/anmp.pt\/municipios-aderentes-ao-protocolo-de-colaboracao-apoio-as-mulheres-vitimas-de-violencia-domestica\/#breadcrumb","itemListElement":[{"@type":"ListItem","position":1,"name":"In\u00edcio","item":"https:\/\/anmp.pt\/"},{"@type":"ListItem","position":2,"name":"Munic\u00edpios Aderentes ao Protocolo de Colabora\u00e7\u00e3o: Apoio \u00e0s mulheres v\u00edtimas de viol\u00eancia dom\u00e9stica"}]},{"@type":"WebSite","@id":"https:\/\/anmp.pt\/#website","url":"https:\/\/anmp.pt\/","name":"Associa\u00e7\u00e3o Nacional de Munic\u00edpios Portugueses","description":"Portal Institucional","publisher":{"@id":"https:\/\/anmp.pt\/#organization"},"potentialAction":[{"@type":"SearchAction","target":{"@type":"EntryPoint","urlTemplate":"https:\/\/anmp.pt\/?s={search_term_string}"},"query-input":{"@type":"PropertyValueSpecification","valueRequired":true,"valueName":"search_term_string"}}],"inLanguage":"es"},{"@type":"Organization","@id":"https:\/\/anmp.pt\/#organization","name":"Associa\u00e7\u00e3o Nacional de Munic\u00edpios Portugueses","url":"https:\/\/anmp.pt\/","logo":{"@type":"ImageObject","inLanguage":"es","@id":"https:\/\/anmp.pt\/#\/schema\/logo\/image\/","url":"https:\/\/anmp.pt\/wp-content\/uploads\/2020\/06\/logo980400.png","contentUrl":"https:\/\/anmp.pt\/wp-content\/uploads\/2020\/06\/logo980400.png","width":980,"height":400,"caption":"Associa\u00e7\u00e3o Nacional de Munic\u00edpios Portugueses"},"image":{"@id":"https:\/\/anmp.pt\/#\/schema\/logo\/image\/"},"sameAs":["https:\/\/www.facebook.com\/ANMP.PT"]}]}},"_links":{"self":[{"href":"https:\/\/anmp.pt\/es\/wp-json\/wp\/v2\/pages\/22154","targetHints":{"allow":["GET"]}}],"collection":[{"href":"https:\/\/anmp.pt\/es\/wp-json\/wp\/v2\/pages"}],"about":[{"href":"https:\/\/anmp.pt\/es\/wp-json\/wp\/v2\/types\/page"}],"author":[{"embeddable":true,"href":"https:\/\/anmp.pt\/es\/wp-json\/wp\/v2\/users\/1"}],"replies":[{"embeddable":true,"href":"https:\/\/anmp.pt\/es\/wp-json\/wp\/v2\/comments?post=22154"}],"version-history":[{"count":0,"href":"https:\/\/anmp.pt\/es\/wp-json\/wp\/v2\/pages\/22154\/revisions"}],"wp:attachment":[{"href":"https:\/\/anmp.pt\/es\/wp-json\/wp\/v2\/media?parent=22154"}],"curies":[{"name":"wp","href":"https:\/\/api.w.org\/{rel}","templated":true}]}}