{"id":27664,"date":"2020-09-30T12:24:36","date_gmt":"2020-09-30T11:24:36","guid":{"rendered":"https:\/\/www.anmp.pt\/?page_id=27664"},"modified":"2020-10-28T17:21:59","modified_gmt":"2020-10-28T17:21:59","slug":"estudo-de-boas-praticas","status":"publish","type":"page","link":"https:\/\/anmp.pt\/es\/municipios-inteligentes\/resultados\/estudo-de-boas-praticas\/","title":{"rendered":"(Portugu\u00eas) Estudo de boas pr\u00e1ticas e condi\u00e7\u00f5es de constru\u00e7\u00e3o de plataforma de gest\u00e3o de informa\u00e7\u00e3o necess\u00e1ria \u00e0 gera\u00e7\u00e3o de intelig\u00eancia na gest\u00e3o do territ\u00f3rio nacional"},"content":{"rendered":"<p class=\"qtranxs-available-languages-message qtranxs-available-languages-message-es\">Disculpa, pero esta entrada est\u00e1 disponible s\u00f3lo en <a href=\"https:\/\/anmp.pt\/pt\/wp-json\/wp\/v2\/pages\/27664\" class=\"qtranxs-available-language-link qtranxs-available-language-link-pt\" title=\"Portugu\u00eas\">Portugu\u00eas<\/a>.<\/p><p><\/p>\n<p style=\"text-align: justify;\">O estudo de boas pr\u00e1ticas \u00e9 o principal resultado deste projeto e pretende criar uma metodologia\/ modelo te\u00f3rico para apoiar o desenvolvimento de Plataformas municipais de Gest\u00e3o de Informa\u00e7\u00e3o (PGI). Foi elaborado tendo por base o enquadramento legislativo existente e, bem assim, as melhores pr\u00e1ticas nacionais e internacionais.<\/p>\n<p style=\"text-align: justify;\">Todos os munic\u00edpios que tenham como objetivo construir ou melhorar uma PGI, potenciando o conceito de intelig\u00eancia urbana, ter\u00e3o ao seu dispor esta ferramenta.<\/p>\n<p>0. <a href=\"https:\/\/www.anmp.pt\/wp-content\/uploads\/2020\/09\/0_Sum\u00e1rio-Executivo.pdf\" target=\"_blank\" rel=\"noopener\">Sum\u00e1rio executivo<\/a><\/p>\n<p>1. <a href=\"https:\/\/www.anmp.pt\/wp-content\/uploads\/2020\/09\/1_Estado-da-Arte.pdf\" target=\"_blank\" rel=\"noopener\">Estado da arte<\/a><\/p>\n<p>2. <a href=\"https:\/\/www.anmp.pt\/wp-content\/uploads\/2020\/09\/2_An\u00e1lise-Legislativa.pdf\" target=\"_blank\" rel=\"noopener\">An\u00e1lise legislativa<\/a><\/p>\n<p>3. <a href=\"https:\/\/www.anmp.pt\/wp-content\/uploads\/2020\/09\/3_Manual-de-Boas-Pr\u00e1ticas.pdf\" target=\"_blank\" rel=\"noopener\">Manual de boas pr\u00e1ticas<\/a><\/p>\n<p>4. <a href=\"https:\/\/www.anmp.pt\/wp-content\/uploads\/2020\/09\/4_Prot\u00f3tipo.pdf\" target=\"_blank\" rel=\"noopener\">Prot\u00f3tipo demonstrativo (modelo anal\u00edtico)<\/a><\/p>","protected":false},"excerpt":{"rendered":"<p>Disculpa, pero esta entrada est\u00e1 disponible s\u00f3lo en Portugu\u00eas. O estudo de boas pr\u00e1ticas \u00e9 o principal resultado deste projeto e pretende criar uma metodologia\/ modelo te\u00f3rico para apoiar o desenvolvimento de Plataformas municipais de Gest\u00e3o de Informa\u00e7\u00e3o (PGI). Foi elaborado tendo por base o enquadramento legislativo existente e, bem assim, as melhores pr\u00e1ticas nacionais [&hellip;]<\/p>\n","protected":false},"author":34,"featured_media":0,"parent":10974,"menu_order":76,"comment_status":"closed","ping_status":"closed","template":"templates-map\/component-inteligent-mun-layout2.php","meta":{"_acf_changed":false,"_exactmetrics_skip_tracking":false,"_exactmetrics_sitenote_active":false,"_exactmetrics_sitenote_note":"","_exactmetrics_sitenote_category":0,"footnotes":""},"class_list":["post-27664","page","type-page","status-publish","hentry"],"acf":[],"yoast_head":"<!-- This site is optimized with the Yoast SEO plugin v23.9 - https:\/\/yoast.com\/wordpress\/plugins\/seo\/ -->\n<title><\/title>\n<meta name=\"robots\" content=\"index, follow, max-snippet:-1, max-image-preview:large, max-video-preview:-1\" \/>\n<link rel=\"canonical\" href=\"https:\/\/anmp.pt\/municipios-inteligentes\/resultados\/estudo-de-boas-praticas\/\" \/>\n<meta property=\"og:locale\" content=\"es_ES\" \/>\n<meta property=\"og:type\" content=\"article\" \/>\n<meta property=\"og:title\" content=\"[:pt]Estudo de boas pr\u00e1ticas e condi\u00e7\u00f5es de constru\u00e7\u00e3o de plataforma de gest\u00e3o de informa\u00e7\u00e3o necess\u00e1ria \u00e0 gera\u00e7\u00e3o de intelig\u00eancia na gest\u00e3o do territ\u00f3rio nacional[:] - Portal Institucional\" \/>\n<meta property=\"og:description\" content=\"Disculpa, pero esta entrada est\u00e1 disponible s\u00f3lo en Portugu\u00eas. O estudo de boas pr\u00e1ticas \u00e9 o principal resultado deste projeto e pretende criar uma metodologia\/ modelo te\u00f3rico para apoiar o desenvolvimento de Plataformas municipais de Gest\u00e3o de Informa\u00e7\u00e3o (PGI). Foi elaborado tendo por base o enquadramento legislativo existente e, bem assim, as melhores pr\u00e1ticas nacionais [&hellip;]\" \/>\n<meta property=\"og:url\" content=\"https:\/\/anmp.pt\/municipios-inteligentes\/resultados\/estudo-de-boas-praticas\/\" \/>\n<meta property=\"og:site_name\" content=\"Portal Institucional\" \/>\n<meta property=\"article:publisher\" content=\"https:\/\/www.facebook.com\/ANMP.PT\" \/>\n<meta property=\"article:modified_time\" content=\"2020-10-28T17:21:59+00:00\" \/>\n<meta name=\"twitter:card\" content=\"summary_large_image\" \/>\n<script type=\"application\/ld+json\" class=\"yoast-schema-graph\">{\"@context\":\"https:\/\/schema.org\",\"@graph\":[{\"@type\":\"WebPage\",\"@id\":\"https:\/\/anmp.pt\/municipios-inteligentes\/resultados\/estudo-de-boas-praticas\/\",\"url\":\"https:\/\/anmp.pt\/municipios-inteligentes\/resultados\/estudo-de-boas-praticas\/\",\"name\":\"[:pt]Estudo de boas pr\u00e1ticas e condi\u00e7\u00f5es de constru\u00e7\u00e3o de plataforma de gest\u00e3o de informa\u00e7\u00e3o necess\u00e1ria \u00e0 gera\u00e7\u00e3o de intelig\u00eancia na gest\u00e3o do territ\u00f3rio nacional[:] - Portal Institucional\",\"isPartOf\":{\"@id\":\"https:\/\/anmp.pt\/#website\"},\"datePublished\":\"2020-09-30T11:24:36+00:00\",\"dateModified\":\"2020-10-28T17:21:59+00:00\",\"breadcrumb\":{\"@id\":\"https:\/\/anmp.pt\/municipios-inteligentes\/resultados\/estudo-de-boas-praticas\/#breadcrumb\"},\"inLanguage\":\"es\",\"potentialAction\":[{\"@type\":\"ReadAction\",\"target\":[\"https:\/\/anmp.pt\/municipios-inteligentes\/resultados\/estudo-de-boas-praticas\/\"]}]},{\"@type\":\"BreadcrumbList\",\"@id\":\"https:\/\/anmp.pt\/municipios-inteligentes\/resultados\/estudo-de-boas-praticas\/#breadcrumb\",\"itemListElement\":[{\"@type\":\"ListItem\",\"position\":1,\"name\":\"In\u00edcio\",\"item\":\"https:\/\/anmp.pt\/\"},{\"@type\":\"ListItem\",\"position\":2,\"name\":\"Munic\u00edpios + inteligentes\",\"item\":\"https:\/\/anmp.pt\/municipios-inteligentes\/\"},{\"@type\":\"ListItem\",\"position\":3,\"name\":\"Resultados\",\"item\":\"https:\/\/anmp.pt\/municipios-inteligentes\/resultados\/\"},{\"@type\":\"ListItem\",\"position\":4,\"name\":\"Estudo de boas pr\u00e1ticas e condi\u00e7\u00f5es de constru\u00e7\u00e3o de plataforma de gest\u00e3o de informa\u00e7\u00e3o necess\u00e1ria \u00e0 gera\u00e7\u00e3o de intelig\u00eancia na gest\u00e3o do territ\u00f3rio nacional\"}]},{\"@type\":\"WebSite\",\"@id\":\"https:\/\/anmp.pt\/#website\",\"url\":\"https:\/\/anmp.pt\/\",\"name\":\"Associa\u00e7\u00e3o Nacional de Munic\u00edpios Portugueses\",\"description\":\"Portal Institucional\",\"publisher\":{\"@id\":\"https:\/\/anmp.pt\/#organization\"},\"potentialAction\":[{\"@type\":\"SearchAction\",\"target\":{\"@type\":\"EntryPoint\",\"urlTemplate\":\"https:\/\/anmp.pt\/?s={search_term_string}\"},\"query-input\":{\"@type\":\"PropertyValueSpecification\",\"valueRequired\":true,\"valueName\":\"search_term_string\"}}],\"inLanguage\":\"es\"},{\"@type\":\"Organization\",\"@id\":\"https:\/\/anmp.pt\/#organization\",\"name\":\"Associa\u00e7\u00e3o Nacional de Munic\u00edpios Portugueses\",\"url\":\"https:\/\/anmp.pt\/\",\"logo\":{\"@type\":\"ImageObject\",\"inLanguage\":\"es\",\"@id\":\"https:\/\/anmp.pt\/#\/schema\/logo\/image\/\",\"url\":\"https:\/\/anmp.pt\/wp-content\/uploads\/2020\/06\/logo980400.png\",\"contentUrl\":\"https:\/\/anmp.pt\/wp-content\/uploads\/2020\/06\/logo980400.png\",\"width\":980,\"height\":400,\"caption\":\"Associa\u00e7\u00e3o Nacional de Munic\u00edpios Portugueses\"},\"image\":{\"@id\":\"https:\/\/anmp.pt\/#\/schema\/logo\/image\/\"},\"sameAs\":[\"https:\/\/www.facebook.com\/ANMP.PT\"]}]}<\/script>\n<!-- \/ Yoast SEO plugin. -->","yoast_head_json":{"title":"[:pt]Estudo de boas pr\u00e1ticas e condi\u00e7\u00f5es de constru\u00e7\u00e3o de plataforma de gest\u00e3o de informa\u00e7\u00e3o necess\u00e1ria \u00e0 gera\u00e7\u00e3o de intelig\u00eancia na gest\u00e3o do territ\u00f3rio nacional[:] - Portal Institucional","robots":{"index":"index","follow":"follow","max-snippet":"max-snippet:-1","max-image-preview":"max-image-preview:large","max-video-preview":"max-video-preview:-1"},"canonical":"https:\/\/anmp.pt\/municipios-inteligentes\/resultados\/estudo-de-boas-praticas\/","og_locale":"es_ES","og_type":"article","og_title":"[:pt]Estudo de boas pr\u00e1ticas e condi\u00e7\u00f5es de constru\u00e7\u00e3o de plataforma de gest\u00e3o de informa\u00e7\u00e3o necess\u00e1ria \u00e0 gera\u00e7\u00e3o de intelig\u00eancia na gest\u00e3o do territ\u00f3rio nacional[:] - Portal Institucional","og_description":"Disculpa, pero esta entrada est\u00e1 disponible s\u00f3lo en Portugu\u00eas. O estudo de boas pr\u00e1ticas \u00e9 o principal resultado deste projeto e pretende criar uma metodologia\/ modelo te\u00f3rico para apoiar o desenvolvimento de Plataformas municipais de Gest\u00e3o de Informa\u00e7\u00e3o (PGI). Foi elaborado tendo por base o enquadramento legislativo existente e, bem assim, as melhores pr\u00e1ticas nacionais [&hellip;]","og_url":"https:\/\/anmp.pt\/municipios-inteligentes\/resultados\/estudo-de-boas-praticas\/","og_site_name":"Portal Institucional","article_publisher":"https:\/\/www.facebook.com\/ANMP.PT","article_modified_time":"2020-10-28T17:21:59+00:00","twitter_card":"summary_large_image","schema":{"@context":"https:\/\/schema.org","@graph":[{"@type":"WebPage","@id":"https:\/\/anmp.pt\/municipios-inteligentes\/resultados\/estudo-de-boas-praticas\/","url":"https:\/\/anmp.pt\/municipios-inteligentes\/resultados\/estudo-de-boas-praticas\/","name":"[:pt]Estudo de boas pr\u00e1ticas e condi\u00e7\u00f5es de constru\u00e7\u00e3o de plataforma de gest\u00e3o de informa\u00e7\u00e3o necess\u00e1ria \u00e0 gera\u00e7\u00e3o de intelig\u00eancia na gest\u00e3o do territ\u00f3rio nacional[:] - Portal Institucional","isPartOf":{"@id":"https:\/\/anmp.pt\/#website"},"datePublished":"2020-09-30T11:24:36+00:00","dateModified":"2020-10-28T17:21:59+00:00","breadcrumb":{"@id":"https:\/\/anmp.pt\/municipios-inteligentes\/resultados\/estudo-de-boas-praticas\/#breadcrumb"},"inLanguage":"es","potentialAction":[{"@type":"ReadAction","target":["https:\/\/anmp.pt\/municipios-inteligentes\/resultados\/estudo-de-boas-praticas\/"]}]},{"@type":"BreadcrumbList","@id":"https:\/\/anmp.pt\/municipios-inteligentes\/resultados\/estudo-de-boas-praticas\/#breadcrumb","itemListElement":[{"@type":"ListItem","position":1,"name":"In\u00edcio","item":"https:\/\/anmp.pt\/"},{"@type":"ListItem","position":2,"name":"Munic\u00edpios + inteligentes","item":"https:\/\/anmp.pt\/municipios-inteligentes\/"},{"@type":"ListItem","position":3,"name":"Resultados","item":"https:\/\/anmp.pt\/municipios-inteligentes\/resultados\/"},{"@type":"ListItem","position":4,"name":"Estudo de boas pr\u00e1ticas e condi\u00e7\u00f5es de constru\u00e7\u00e3o de plataforma de gest\u00e3o de informa\u00e7\u00e3o necess\u00e1ria \u00e0 gera\u00e7\u00e3o de intelig\u00eancia na gest\u00e3o do territ\u00f3rio nacional"}]},{"@type":"WebSite","@id":"https:\/\/anmp.pt\/#website","url":"https:\/\/anmp.pt\/","name":"Associa\u00e7\u00e3o Nacional de Munic\u00edpios Portugueses","description":"Portal Institucional","publisher":{"@id":"https:\/\/anmp.pt\/#organization"},"potentialAction":[{"@type":"SearchAction","target":{"@type":"EntryPoint","urlTemplate":"https:\/\/anmp.pt\/?s={search_term_string}"},"query-input":{"@type":"PropertyValueSpecification","valueRequired":true,"valueName":"search_term_string"}}],"inLanguage":"es"},{"@type":"Organization","@id":"https:\/\/anmp.pt\/#organization","name":"Associa\u00e7\u00e3o Nacional de Munic\u00edpios Portugueses","url":"https:\/\/anmp.pt\/","logo":{"@type":"ImageObject","inLanguage":"es","@id":"https:\/\/anmp.pt\/#\/schema\/logo\/image\/","url":"https:\/\/anmp.pt\/wp-content\/uploads\/2020\/06\/logo980400.png","contentUrl":"https:\/\/anmp.pt\/wp-content\/uploads\/2020\/06\/logo980400.png","width":980,"height":400,"caption":"Associa\u00e7\u00e3o Nacional de Munic\u00edpios Portugueses"},"image":{"@id":"https:\/\/anmp.pt\/#\/schema\/logo\/image\/"},"sameAs":["https:\/\/www.facebook.com\/ANMP.PT"]}]}},"_links":{"self":[{"href":"https:\/\/anmp.pt\/es\/wp-json\/wp\/v2\/pages\/27664","targetHints":{"allow":["GET"]}}],"collection":[{"href":"https:\/\/anmp.pt\/es\/wp-json\/wp\/v2\/pages"}],"about":[{"href":"https:\/\/anmp.pt\/es\/wp-json\/wp\/v2\/types\/page"}],"author":[{"embeddable":true,"href":"https:\/\/anmp.pt\/es\/wp-json\/wp\/v2\/users\/34"}],"replies":[{"embeddable":true,"href":"https:\/\/anmp.pt\/es\/wp-json\/wp\/v2\/comments?post=27664"}],"version-history":[{"count":0,"href":"https:\/\/anmp.pt\/es\/wp-json\/wp\/v2\/pages\/27664\/revisions"}],"up":[{"embeddable":true,"href":"https:\/\/anmp.pt\/es\/wp-json\/wp\/v2\/pages\/10974"}],"wp:attachment":[{"href":"https:\/\/anmp.pt\/es\/wp-json\/wp\/v2\/media?parent=27664"}],"curies":[{"name":"wp","href":"https:\/\/api.w.org\/{rel}","templated":true}]}}