{"id":30721,"date":"2020-10-28T17:59:33","date_gmt":"2020-10-28T17:59:33","guid":{"rendered":"https:\/\/www.anmp.pt\/?page_id=30721"},"modified":"2020-11-04T18:09:01","modified_gmt":"2020-11-04T18:09:01","slug":"prototipo-demonstrativo-pgi","status":"publish","type":"page","link":"https:\/\/anmp.pt\/es\/municipios-inteligentes\/resultados\/prototipo-demonstrativo-pgi\/","title":{"rendered":"(Portugu\u00eas) Prot\u00f3tipo demonstrativo de uma Plataforma de Gest\u00e3o de Informa\u00e7\u00e3o (PGI)"},"content":{"rendered":"<p class=\"qtranxs-available-languages-message qtranxs-available-languages-message-es\">Disculpa, pero esta entrada est\u00e1 disponible s\u00f3lo en <a href=\"https:\/\/anmp.pt\/pt\/wp-json\/wp\/v2\/pages\/30721\" class=\"qtranxs-available-language-link qtranxs-available-language-link-pt\" title=\"Portugu\u00eas\">Portugu\u00eas<\/a>.<\/p><p><\/p>\n<p style=\"text-align: justify;\">Um dos importantes resultados do projeto foi a cria\u00e7\u00e3o de um prot\u00f3tipo demonstrativo de uma PGI, como <strong>demonstra\u00e7\u00e3o emp\u00edrica dos resultados<\/strong> deste projeto.<\/p>\n<p style=\"text-align: justify;\">O desenvolvimento deste prot\u00f3tipo teve em conta os seguintes <strong>objetivos<\/strong>:<\/p>\n<ul style=\"text-align: justify;\">\n<li>Demonstrar de forma visual as vantagens no recurso aos meios de gest\u00e3o de infraestruturas, equipamentos coletivos e recursos municipais, de forma a promover a ades\u00e3o \u00e0 mesma pelos diferentes munic\u00edpios e assim incentivar tamb\u00e9m as entidades externas a partilhar informa\u00e7\u00e3o.<\/li>\n<li>Incentivar \u00e0 introdu\u00e7\u00e3o de mudan\u00e7as ao n\u00edvel dos processos, servi\u00e7os prestados ao p\u00fablico e novos produtos.<\/li>\n<\/ul>\n<p style=\"text-align: justify;\">A elabora\u00e7\u00e3o do prot\u00f3tipo respeitou a seguinte <strong>metodologia de trabalho<\/strong>:<\/p>\n<ol>\n<li style=\"text-align: justify;\">Sele\u00e7\u00e3o de 3 munic\u00edpios para prot\u00f3tipo, tendo em vista garantir alguma representatividade ao n\u00edvel territorial, demogr\u00e1ficos e de maturidade digital;<\/li>\n<li style=\"text-align: justify;\">Aplica\u00e7\u00e3o de boas pr\u00e1ticas no desenvolvimento do prot\u00f3tipo (depend\u00eancias e silos de informa\u00e7\u00e3o, modelo concetual de dados, identifica\u00e7\u00e3o de casos de uso e arquitetura de sistemas de informa\u00e7\u00e3o, requisitos funcionais e normaliza\u00e7\u00e3o de dados);<\/li>\n<li style=\"text-align: justify;\">Defini\u00e7\u00e3o de proposta gr\u00e1fica base para a estrutura da informa\u00e7\u00e3o e respetiva aplica\u00e7\u00e3o m\u00f3vel;<\/li>\n<li style=\"text-align: justify;\">Identifica\u00e7\u00e3o das entidades que disp\u00f5em dos sistema-fonte que contribu\u00edrem na cria\u00e7\u00e3o de cria\u00e7\u00e3o de modelos anal\u00edticos e da PGI.<\/li>\n<\/ol>\n<p>:: <a href=\"https:\/\/www.anmp.pt\/anmp\/municipios-inteligentes\/ANMP-MMI-Prototipo.html\" target=\"_blank\" rel=\"noopener\">Prot\u00f3tipo demonstrativo<\/a><\/p>\n<p><\/p>","protected":false},"excerpt":{"rendered":"<p>Disculpa, pero esta entrada est\u00e1 disponible s\u00f3lo en Portugu\u00eas. Um dos importantes resultados do projeto foi a cria\u00e7\u00e3o de um prot\u00f3tipo demonstrativo de uma PGI, como demonstra\u00e7\u00e3o emp\u00edrica dos resultados deste projeto. O desenvolvimento deste prot\u00f3tipo teve em conta os seguintes objetivos: Demonstrar de forma visual as vantagens no recurso aos meios de gest\u00e3o de [&hellip;]<\/p>\n","protected":false},"author":34,"featured_media":0,"parent":10974,"menu_order":169,"comment_status":"closed","ping_status":"closed","template":"templates-map\/component-inteligent-mun-layout2.php","meta":{"_acf_changed":false,"_exactmetrics_skip_tracking":false,"_exactmetrics_sitenote_active":false,"_exactmetrics_sitenote_note":"","_exactmetrics_sitenote_category":0,"footnotes":""},"class_list":["post-30721","page","type-page","status-publish","hentry"],"acf":[],"yoast_head":"<!-- This site is optimized with the Yoast SEO plugin v23.9 - https:\/\/yoast.com\/wordpress\/plugins\/seo\/ -->\n<title><\/title>\n<meta name=\"robots\" content=\"index, follow, max-snippet:-1, max-image-preview:large, max-video-preview:-1\" \/>\n<link rel=\"canonical\" href=\"https:\/\/anmp.pt\/municipios-inteligentes\/resultados\/prototipo-demonstrativo-pgi\/\" \/>\n<meta property=\"og:locale\" content=\"es_ES\" \/>\n<meta property=\"og:type\" content=\"article\" \/>\n<meta property=\"og:title\" content=\"[:pt]Prot\u00f3tipo demonstrativo de uma Plataforma de Gest\u00e3o de Informa\u00e7\u00e3o (PGI)[:] - Portal Institucional\" \/>\n<meta property=\"og:description\" content=\"Disculpa, pero esta entrada est\u00e1 disponible s\u00f3lo en Portugu\u00eas. Um dos importantes resultados do projeto foi a cria\u00e7\u00e3o de um prot\u00f3tipo demonstrativo de uma PGI, como demonstra\u00e7\u00e3o emp\u00edrica dos resultados deste projeto. O desenvolvimento deste prot\u00f3tipo teve em conta os seguintes objetivos: Demonstrar de forma visual as vantagens no recurso aos meios de gest\u00e3o de [&hellip;]\" \/>\n<meta property=\"og:url\" content=\"https:\/\/anmp.pt\/municipios-inteligentes\/resultados\/prototipo-demonstrativo-pgi\/\" \/>\n<meta property=\"og:site_name\" content=\"Portal Institucional\" \/>\n<meta property=\"article:publisher\" content=\"https:\/\/www.facebook.com\/ANMP.PT\" \/>\n<meta property=\"article:modified_time\" content=\"2020-11-04T18:09:01+00:00\" \/>\n<meta name=\"twitter:card\" content=\"summary_large_image\" \/>\n<script type=\"application\/ld+json\" class=\"yoast-schema-graph\">{\"@context\":\"https:\/\/schema.org\",\"@graph\":[{\"@type\":\"WebPage\",\"@id\":\"https:\/\/anmp.pt\/municipios-inteligentes\/resultados\/prototipo-demonstrativo-pgi\/\",\"url\":\"https:\/\/anmp.pt\/municipios-inteligentes\/resultados\/prototipo-demonstrativo-pgi\/\",\"name\":\"[:pt]Prot\u00f3tipo demonstrativo de uma Plataforma de Gest\u00e3o de Informa\u00e7\u00e3o (PGI)[:] - Portal Institucional\",\"isPartOf\":{\"@id\":\"https:\/\/anmp.pt\/#website\"},\"datePublished\":\"2020-10-28T17:59:33+00:00\",\"dateModified\":\"2020-11-04T18:09:01+00:00\",\"breadcrumb\":{\"@id\":\"https:\/\/anmp.pt\/municipios-inteligentes\/resultados\/prototipo-demonstrativo-pgi\/#breadcrumb\"},\"inLanguage\":\"es\",\"potentialAction\":[{\"@type\":\"ReadAction\",\"target\":[\"https:\/\/anmp.pt\/municipios-inteligentes\/resultados\/prototipo-demonstrativo-pgi\/\"]}]},{\"@type\":\"BreadcrumbList\",\"@id\":\"https:\/\/anmp.pt\/municipios-inteligentes\/resultados\/prototipo-demonstrativo-pgi\/#breadcrumb\",\"itemListElement\":[{\"@type\":\"ListItem\",\"position\":1,\"name\":\"In\u00edcio\",\"item\":\"https:\/\/anmp.pt\/\"},{\"@type\":\"ListItem\",\"position\":2,\"name\":\"Munic\u00edpios + inteligentes\",\"item\":\"https:\/\/anmp.pt\/municipios-inteligentes\/\"},{\"@type\":\"ListItem\",\"position\":3,\"name\":\"Resultados\",\"item\":\"https:\/\/anmp.pt\/municipios-inteligentes\/resultados\/\"},{\"@type\":\"ListItem\",\"position\":4,\"name\":\"Prot\u00f3tipo demonstrativo de uma Plataforma de Gest\u00e3o de Informa\u00e7\u00e3o (PGI)\"}]},{\"@type\":\"WebSite\",\"@id\":\"https:\/\/anmp.pt\/#website\",\"url\":\"https:\/\/anmp.pt\/\",\"name\":\"Associa\u00e7\u00e3o Nacional de Munic\u00edpios Portugueses\",\"description\":\"Portal Institucional\",\"publisher\":{\"@id\":\"https:\/\/anmp.pt\/#organization\"},\"potentialAction\":[{\"@type\":\"SearchAction\",\"target\":{\"@type\":\"EntryPoint\",\"urlTemplate\":\"https:\/\/anmp.pt\/?s={search_term_string}\"},\"query-input\":{\"@type\":\"PropertyValueSpecification\",\"valueRequired\":true,\"valueName\":\"search_term_string\"}}],\"inLanguage\":\"es\"},{\"@type\":\"Organization\",\"@id\":\"https:\/\/anmp.pt\/#organization\",\"name\":\"Associa\u00e7\u00e3o Nacional de Munic\u00edpios Portugueses\",\"url\":\"https:\/\/anmp.pt\/\",\"logo\":{\"@type\":\"ImageObject\",\"inLanguage\":\"es\",\"@id\":\"https:\/\/anmp.pt\/#\/schema\/logo\/image\/\",\"url\":\"https:\/\/anmp.pt\/wp-content\/uploads\/2020\/06\/logo980400.png\",\"contentUrl\":\"https:\/\/anmp.pt\/wp-content\/uploads\/2020\/06\/logo980400.png\",\"width\":980,\"height\":400,\"caption\":\"Associa\u00e7\u00e3o Nacional de Munic\u00edpios Portugueses\"},\"image\":{\"@id\":\"https:\/\/anmp.pt\/#\/schema\/logo\/image\/\"},\"sameAs\":[\"https:\/\/www.facebook.com\/ANMP.PT\"]}]}<\/script>\n<!-- \/ Yoast SEO plugin. -->","yoast_head_json":{"title":"[:pt]Prot\u00f3tipo demonstrativo de uma Plataforma de Gest\u00e3o de Informa\u00e7\u00e3o (PGI)[:] - Portal Institucional","robots":{"index":"index","follow":"follow","max-snippet":"max-snippet:-1","max-image-preview":"max-image-preview:large","max-video-preview":"max-video-preview:-1"},"canonical":"https:\/\/anmp.pt\/municipios-inteligentes\/resultados\/prototipo-demonstrativo-pgi\/","og_locale":"es_ES","og_type":"article","og_title":"[:pt]Prot\u00f3tipo demonstrativo de uma Plataforma de Gest\u00e3o de Informa\u00e7\u00e3o (PGI)[:] - Portal Institucional","og_description":"Disculpa, pero esta entrada est\u00e1 disponible s\u00f3lo en Portugu\u00eas. Um dos importantes resultados do projeto foi a cria\u00e7\u00e3o de um prot\u00f3tipo demonstrativo de uma PGI, como demonstra\u00e7\u00e3o emp\u00edrica dos resultados deste projeto. O desenvolvimento deste prot\u00f3tipo teve em conta os seguintes objetivos: Demonstrar de forma visual as vantagens no recurso aos meios de gest\u00e3o de [&hellip;]","og_url":"https:\/\/anmp.pt\/municipios-inteligentes\/resultados\/prototipo-demonstrativo-pgi\/","og_site_name":"Portal Institucional","article_publisher":"https:\/\/www.facebook.com\/ANMP.PT","article_modified_time":"2020-11-04T18:09:01+00:00","twitter_card":"summary_large_image","schema":{"@context":"https:\/\/schema.org","@graph":[{"@type":"WebPage","@id":"https:\/\/anmp.pt\/municipios-inteligentes\/resultados\/prototipo-demonstrativo-pgi\/","url":"https:\/\/anmp.pt\/municipios-inteligentes\/resultados\/prototipo-demonstrativo-pgi\/","name":"[:pt]Prot\u00f3tipo demonstrativo de uma Plataforma de Gest\u00e3o de Informa\u00e7\u00e3o (PGI)[:] - Portal Institucional","isPartOf":{"@id":"https:\/\/anmp.pt\/#website"},"datePublished":"2020-10-28T17:59:33+00:00","dateModified":"2020-11-04T18:09:01+00:00","breadcrumb":{"@id":"https:\/\/anmp.pt\/municipios-inteligentes\/resultados\/prototipo-demonstrativo-pgi\/#breadcrumb"},"inLanguage":"es","potentialAction":[{"@type":"ReadAction","target":["https:\/\/anmp.pt\/municipios-inteligentes\/resultados\/prototipo-demonstrativo-pgi\/"]}]},{"@type":"BreadcrumbList","@id":"https:\/\/anmp.pt\/municipios-inteligentes\/resultados\/prototipo-demonstrativo-pgi\/#breadcrumb","itemListElement":[{"@type":"ListItem","position":1,"name":"In\u00edcio","item":"https:\/\/anmp.pt\/"},{"@type":"ListItem","position":2,"name":"Munic\u00edpios + inteligentes","item":"https:\/\/anmp.pt\/municipios-inteligentes\/"},{"@type":"ListItem","position":3,"name":"Resultados","item":"https:\/\/anmp.pt\/municipios-inteligentes\/resultados\/"},{"@type":"ListItem","position":4,"name":"Prot\u00f3tipo demonstrativo de uma Plataforma de Gest\u00e3o de Informa\u00e7\u00e3o (PGI)"}]},{"@type":"WebSite","@id":"https:\/\/anmp.pt\/#website","url":"https:\/\/anmp.pt\/","name":"Associa\u00e7\u00e3o Nacional de Munic\u00edpios Portugueses","description":"Portal Institucional","publisher":{"@id":"https:\/\/anmp.pt\/#organization"},"potentialAction":[{"@type":"SearchAction","target":{"@type":"EntryPoint","urlTemplate":"https:\/\/anmp.pt\/?s={search_term_string}"},"query-input":{"@type":"PropertyValueSpecification","valueRequired":true,"valueName":"search_term_string"}}],"inLanguage":"es"},{"@type":"Organization","@id":"https:\/\/anmp.pt\/#organization","name":"Associa\u00e7\u00e3o Nacional de Munic\u00edpios Portugueses","url":"https:\/\/anmp.pt\/","logo":{"@type":"ImageObject","inLanguage":"es","@id":"https:\/\/anmp.pt\/#\/schema\/logo\/image\/","url":"https:\/\/anmp.pt\/wp-content\/uploads\/2020\/06\/logo980400.png","contentUrl":"https:\/\/anmp.pt\/wp-content\/uploads\/2020\/06\/logo980400.png","width":980,"height":400,"caption":"Associa\u00e7\u00e3o Nacional de Munic\u00edpios Portugueses"},"image":{"@id":"https:\/\/anmp.pt\/#\/schema\/logo\/image\/"},"sameAs":["https:\/\/www.facebook.com\/ANMP.PT"]}]}},"_links":{"self":[{"href":"https:\/\/anmp.pt\/es\/wp-json\/wp\/v2\/pages\/30721","targetHints":{"allow":["GET"]}}],"collection":[{"href":"https:\/\/anmp.pt\/es\/wp-json\/wp\/v2\/pages"}],"about":[{"href":"https:\/\/anmp.pt\/es\/wp-json\/wp\/v2\/types\/page"}],"author":[{"embeddable":true,"href":"https:\/\/anmp.pt\/es\/wp-json\/wp\/v2\/users\/34"}],"replies":[{"embeddable":true,"href":"https:\/\/anmp.pt\/es\/wp-json\/wp\/v2\/comments?post=30721"}],"version-history":[{"count":0,"href":"https:\/\/anmp.pt\/es\/wp-json\/wp\/v2\/pages\/30721\/revisions"}],"up":[{"embeddable":true,"href":"https:\/\/anmp.pt\/es\/wp-json\/wp\/v2\/pages\/10974"}],"wp:attachment":[{"href":"https:\/\/anmp.pt\/es\/wp-json\/wp\/v2\/media?parent=30721"}],"curies":[{"name":"wp","href":"https:\/\/api.w.org\/{rel}","templated":true}]}}