{"id":4159,"date":"2019-11-21T14:06:17","date_gmt":"2019-11-21T14:06:17","guid":{"rendered":"https:\/\/anmp.pt\/?page_id=4159"},"modified":"2026-05-07T10:57:27","modified_gmt":"2026-05-07T09:57:27","slug":"relacoes-internacionais","status":"publish","type":"page","link":"https:\/\/anmp.pt\/es\/areas-tematicas\/relacoes-internacionais\/","title":{"rendered":"(Portugu\u00eas) Rela\u00e7\u00f5es Internacionais"},"content":{"rendered":"<p class=\"qtranxs-available-languages-message qtranxs-available-languages-message-es\">Disculpa, pero esta entrada est\u00e1 disponible s\u00f3lo en <a href=\"https:\/\/anmp.pt\/pt\/wp-json\/wp\/v2\/pages\/4159\" class=\"qtranxs-available-language-link qtranxs-available-language-link-pt\" title=\"Portugu\u00eas\">Portugu\u00eas<\/a>.<\/p><p><\/p>\n<p style=\"text-align: justify\"><a href=\"https:\/\/cor.europa.eu\/pt\">O Comit\u00e9 das Regi\u00f5es<\/a> \u00e9 um \u00f3rg\u00e3o consultivo composto por representantes eleitos de autoridades regionais e locais dos 27 pa\u00edses da UE. Constitui um espa\u00e7o de partilha de opini\u00f5es sobre a legisla\u00e7\u00e3o europeia com impacto direto nas regi\u00f5es e nas cidades. Compete \u00e0 ANMP indicar os representantes dos munic\u00edpios que integram a delega\u00e7\u00e3o nacional apresentada pelo Governo Portugu\u00eas. <a href=\"https:\/\/www.ccre.org\/\">O CCRE \/ CMRE \u2013 Conselho de Munic\u00edpios e Regi\u00f5es da Europa<\/a>, de que a ANMP \u00e9 associada, congrega associa\u00e7\u00f5es de munic\u00edpios europeias. Os seus membros s\u00e3o 60 associa\u00e7\u00f5es nacionais de cidades, munic\u00edpios e regi\u00f5es de 41 pa\u00edses que fazem parte do Conselho da Europa. O CCRE \u00e9 tamb\u00e9m a sec\u00e7\u00e3o europeia da CGLU. <a href=\"https:\/\/www.uclg.org\/\">A CGLU \/ UCLG \u2013 Cidade e Governos Locais Unidos<\/a>, de que a ANMP \u00e9 associada, \u00e9 uma organiza\u00e7\u00e3o mundial de poderes locais que tem como fim ser a voz unida e a representa\u00e7\u00e3o global de governos locais aut\u00f3nomos e democr\u00e1ticos, promovendo os seus valores democr\u00e1ticos, objetivos e interesses, atrav\u00e9s da coopera\u00e7\u00e3o entre os governos locais, e perante a comunidade internacional. <a href=\"https:\/\/www.coe.int\/en\/web\/congress\">O Congresso dos Poderes Locais e Regionais<\/a> \u00e9 a estrutura do Conselho da Europa que tem por miss\u00e3o a defesa, refor\u00e7o e o desenvolvimento do poder local e regional. \u00c9 composto por 612 membros eleitos que representam mais de 150 000 autoridades locais e regionais. Compete \u00e0 ANMP indicar os representantes dos munic\u00edpios que integram a delega\u00e7\u00e3o nacional apresentada pelo Governo Portugu\u00eas.<\/p>\n<p>&nbsp;<\/p>","protected":false},"excerpt":{"rendered":"<p>Disculpa, pero esta entrada est\u00e1 disponible s\u00f3lo en Portugu\u00eas. O Comit\u00e9 das Regi\u00f5es \u00e9 um \u00f3rg\u00e3o consultivo composto por representantes eleitos de autoridades regionais e locais dos 27 pa\u00edses da UE. Constitui um espa\u00e7o de partilha de opini\u00f5es sobre a legisla\u00e7\u00e3o europeia com impacto direto nas regi\u00f5es e nas cidades. Compete \u00e0 ANMP indicar os [&hellip;]<\/p>\n","protected":false},"author":1,"featured_media":0,"parent":1757,"menu_order":183,"comment_status":"closed","ping_status":"closed","template":"templates-map\/component-text-layout1.php","meta":{"_acf_changed":false,"_exactmetrics_skip_tracking":false,"_exactmetrics_sitenote_active":false,"_exactmetrics_sitenote_note":"","_exactmetrics_sitenote_category":0,"footnotes":""},"class_list":["post-4159","page","type-page","status-publish","hentry"],"acf":[],"yoast_head":"<!-- This site is optimized with the Yoast SEO plugin v27.5 - https:\/\/yoast.com\/product\/yoast-seo-wordpress\/ -->\n<title>Rela\u00e7\u00f5es Internacionais<\/title>\n<meta name=\"robots\" content=\"index, follow, max-snippet:-1, max-image-preview:large, max-video-preview:-1\" \/>\n<link rel=\"canonical\" href=\"https:\/\/anmp.pt\/areas-tematicas\/relacoes-internacionais\/\" \/>\n<meta property=\"og:locale\" content=\"es_ES\" \/>\n<meta property=\"og:type\" content=\"article\" \/>\n<meta property=\"og:title\" content=\"Rela\u00e7\u00f5es Internacionais\" \/>\n<meta property=\"og:description\" content=\"Disculpa, pero esta entrada est\u00e1 disponible s\u00f3lo en Portugu\u00eas. O Comit\u00e9 das Regi\u00f5es \u00e9 um \u00f3rg\u00e3o consultivo composto por representantes eleitos de autoridades regionais e locais dos 27 pa\u00edses da UE. Constitui um espa\u00e7o de partilha de opini\u00f5es sobre a legisla\u00e7\u00e3o europeia com impacto direto nas regi\u00f5es e nas cidades. Compete \u00e0 ANMP indicar os [&hellip;]\" \/>\n<meta property=\"og:url\" content=\"https:\/\/anmp.pt\/areas-tematicas\/relacoes-internacionais\/\" \/>\n<meta property=\"og:site_name\" content=\"Portal Institucional\" \/>\n<meta property=\"article:publisher\" content=\"https:\/\/www.facebook.com\/ANMP.PT\" \/>\n<meta property=\"article:modified_time\" content=\"2026-05-07T09:57:27+00:00\" \/>\n<meta name=\"twitter:card\" content=\"summary_large_image\" \/>\n<script type=\"application\/ld+json\" class=\"yoast-schema-graph\">{\"@context\":\"https:\\\/\\\/schema.org\",\"@graph\":[{\"@type\":\"WebPage\",\"@id\":\"https:\\\/\\\/anmp.pt\\\/areas-tematicas\\\/relacoes-internacionais\\\/\",\"url\":\"https:\\\/\\\/anmp.pt\\\/areas-tematicas\\\/relacoes-internacionais\\\/\",\"name\":\"Rela\u00e7\u00f5es Internacionais\",\"isPartOf\":{\"@id\":\"https:\\\/\\\/anmp.pt\\\/#website\"},\"datePublished\":\"2019-11-21T14:06:17+00:00\",\"dateModified\":\"2026-05-07T09:57:27+00:00\",\"breadcrumb\":{\"@id\":\"https:\\\/\\\/anmp.pt\\\/areas-tematicas\\\/relacoes-internacionais\\\/#breadcrumb\"},\"inLanguage\":\"es\",\"potentialAction\":[{\"@type\":\"ReadAction\",\"target\":[\"https:\\\/\\\/anmp.pt\\\/areas-tematicas\\\/relacoes-internacionais\\\/\"]}]},{\"@type\":\"BreadcrumbList\",\"@id\":\"https:\\\/\\\/anmp.pt\\\/areas-tematicas\\\/relacoes-internacionais\\\/#breadcrumb\",\"itemListElement\":[{\"@type\":\"ListItem\",\"position\":1,\"name\":\"In\u00edcio\",\"item\":\"https:\\\/\\\/anmp.pt\\\/\"},{\"@type\":\"ListItem\",\"position\":2,\"name\":\"\u00c1reas Tem\u00e1ticas\",\"item\":\"https:\\\/\\\/anmp.pt\\\/areas-tematicas\\\/\"},{\"@type\":\"ListItem\",\"position\":3,\"name\":\"Rela\u00e7\u00f5es Internacionais\"}]},{\"@type\":\"WebSite\",\"@id\":\"https:\\\/\\\/anmp.pt\\\/#website\",\"url\":\"https:\\\/\\\/anmp.pt\\\/\",\"name\":\"Associa\u00e7\u00e3o Nacional de Munic\u00edpios Portugueses\",\"description\":\"Portal Institucional\",\"publisher\":{\"@id\":\"https:\\\/\\\/anmp.pt\\\/#organization\"},\"potentialAction\":[{\"@type\":\"SearchAction\",\"target\":{\"@type\":\"EntryPoint\",\"urlTemplate\":\"https:\\\/\\\/anmp.pt\\\/?s={search_term_string}\"},\"query-input\":{\"@type\":\"PropertyValueSpecification\",\"valueRequired\":true,\"valueName\":\"search_term_string\"}}],\"inLanguage\":\"es\"},{\"@type\":\"Organization\",\"@id\":\"https:\\\/\\\/anmp.pt\\\/#organization\",\"name\":\"Associa\u00e7\u00e3o Nacional de Munic\u00edpios Portugueses\",\"url\":\"https:\\\/\\\/anmp.pt\\\/\",\"logo\":{\"@type\":\"ImageObject\",\"inLanguage\":\"es\",\"@id\":\"https:\\\/\\\/anmp.pt\\\/#\\\/schema\\\/logo\\\/image\\\/\",\"url\":\"https:\\\/\\\/anmp.pt\\\/wp-content\\\/uploads\\\/2020\\\/06\\\/logo980400.png\",\"contentUrl\":\"https:\\\/\\\/anmp.pt\\\/wp-content\\\/uploads\\\/2020\\\/06\\\/logo980400.png\",\"width\":980,\"height\":400,\"caption\":\"Associa\u00e7\u00e3o Nacional de Munic\u00edpios Portugueses\"},\"image\":{\"@id\":\"https:\\\/\\\/anmp.pt\\\/#\\\/schema\\\/logo\\\/image\\\/\"},\"sameAs\":[\"https:\\\/\\\/www.facebook.com\\\/ANMP.PT\"]}]}<\/script>\n<!-- \/ Yoast SEO plugin. -->","yoast_head_json":{"title":"Rela\u00e7\u00f5es Internacionais","robots":{"index":"index","follow":"follow","max-snippet":"max-snippet:-1","max-image-preview":"max-image-preview:large","max-video-preview":"max-video-preview:-1"},"canonical":"https:\/\/anmp.pt\/areas-tematicas\/relacoes-internacionais\/","og_locale":"es_ES","og_type":"article","og_title":"Rela\u00e7\u00f5es Internacionais","og_description":"Disculpa, pero esta entrada est\u00e1 disponible s\u00f3lo en Portugu\u00eas. O Comit\u00e9 das Regi\u00f5es \u00e9 um \u00f3rg\u00e3o consultivo composto por representantes eleitos de autoridades regionais e locais dos 27 pa\u00edses da UE. Constitui um espa\u00e7o de partilha de opini\u00f5es sobre a legisla\u00e7\u00e3o europeia com impacto direto nas regi\u00f5es e nas cidades. Compete \u00e0 ANMP indicar os [&hellip;]","og_url":"https:\/\/anmp.pt\/areas-tematicas\/relacoes-internacionais\/","og_site_name":"Portal Institucional","article_publisher":"https:\/\/www.facebook.com\/ANMP.PT","article_modified_time":"2026-05-07T09:57:27+00:00","twitter_card":"summary_large_image","schema":{"@context":"https:\/\/schema.org","@graph":[{"@type":"WebPage","@id":"https:\/\/anmp.pt\/areas-tematicas\/relacoes-internacionais\/","url":"https:\/\/anmp.pt\/areas-tematicas\/relacoes-internacionais\/","name":"Rela\u00e7\u00f5es Internacionais","isPartOf":{"@id":"https:\/\/anmp.pt\/#website"},"datePublished":"2019-11-21T14:06:17+00:00","dateModified":"2026-05-07T09:57:27+00:00","breadcrumb":{"@id":"https:\/\/anmp.pt\/areas-tematicas\/relacoes-internacionais\/#breadcrumb"},"inLanguage":"es","potentialAction":[{"@type":"ReadAction","target":["https:\/\/anmp.pt\/areas-tematicas\/relacoes-internacionais\/"]}]},{"@type":"BreadcrumbList","@id":"https:\/\/anmp.pt\/areas-tematicas\/relacoes-internacionais\/#breadcrumb","itemListElement":[{"@type":"ListItem","position":1,"name":"In\u00edcio","item":"https:\/\/anmp.pt\/"},{"@type":"ListItem","position":2,"name":"\u00c1reas Tem\u00e1ticas","item":"https:\/\/anmp.pt\/areas-tematicas\/"},{"@type":"ListItem","position":3,"name":"Rela\u00e7\u00f5es Internacionais"}]},{"@type":"WebSite","@id":"https:\/\/anmp.pt\/#website","url":"https:\/\/anmp.pt\/","name":"Associa\u00e7\u00e3o Nacional de Munic\u00edpios Portugueses","description":"Portal Institucional","publisher":{"@id":"https:\/\/anmp.pt\/#organization"},"potentialAction":[{"@type":"SearchAction","target":{"@type":"EntryPoint","urlTemplate":"https:\/\/anmp.pt\/?s={search_term_string}"},"query-input":{"@type":"PropertyValueSpecification","valueRequired":true,"valueName":"search_term_string"}}],"inLanguage":"es"},{"@type":"Organization","@id":"https:\/\/anmp.pt\/#organization","name":"Associa\u00e7\u00e3o Nacional de Munic\u00edpios Portugueses","url":"https:\/\/anmp.pt\/","logo":{"@type":"ImageObject","inLanguage":"es","@id":"https:\/\/anmp.pt\/#\/schema\/logo\/image\/","url":"https:\/\/anmp.pt\/wp-content\/uploads\/2020\/06\/logo980400.png","contentUrl":"https:\/\/anmp.pt\/wp-content\/uploads\/2020\/06\/logo980400.png","width":980,"height":400,"caption":"Associa\u00e7\u00e3o Nacional de Munic\u00edpios Portugueses"},"image":{"@id":"https:\/\/anmp.pt\/#\/schema\/logo\/image\/"},"sameAs":["https:\/\/www.facebook.com\/ANMP.PT"]}]}},"_links":{"self":[{"href":"https:\/\/anmp.pt\/es\/wp-json\/wp\/v2\/pages\/4159","targetHints":{"allow":["GET"]}}],"collection":[{"href":"https:\/\/anmp.pt\/es\/wp-json\/wp\/v2\/pages"}],"about":[{"href":"https:\/\/anmp.pt\/es\/wp-json\/wp\/v2\/types\/page"}],"author":[{"embeddable":true,"href":"https:\/\/anmp.pt\/es\/wp-json\/wp\/v2\/users\/1"}],"replies":[{"embeddable":true,"href":"https:\/\/anmp.pt\/es\/wp-json\/wp\/v2\/comments?post=4159"}],"version-history":[{"count":0,"href":"https:\/\/anmp.pt\/es\/wp-json\/wp\/v2\/pages\/4159\/revisions"}],"up":[{"embeddable":true,"href":"https:\/\/anmp.pt\/es\/wp-json\/wp\/v2\/pages\/1757"}],"wp:attachment":[{"href":"https:\/\/anmp.pt\/es\/wp-json\/wp\/v2\/media?parent=4159"}],"curies":[{"name":"wp","href":"https:\/\/api.w.org\/{rel}","templated":true}]}}