{"id":41672,"date":"2021-12-27T14:51:30","date_gmt":"2021-12-27T14:51:30","guid":{"rendered":"https:\/\/www.anmp.pt\/?page_id=41672"},"modified":"2026-02-16T11:54:19","modified_gmt":"2026-02-16T11:54:19","slug":"redes-sociais","status":"publish","type":"page","link":"https:\/\/anmp.pt\/es\/comunicacao\/redes-sociais\/","title":{"rendered":"Redes sociales"},"content":{"rendered":"<p><\/p>\n<p><\/p>\n<p><\/p>\n<p> <span class=\"Y2IQFc\" lang=\"es\">Siguenos en las redes sociales :<\/span><\/p>\n<ul>\n<li><a href=\"https:\/\/www.facebook.com\/ANMP.PT\" target=\"_blank\" rel=\"noopener noreferrer\">Facebook<\/a><\/li>\n<li><a href=\"https:\/\/x.com\/ANMP_PT\" target=\"_blank\" rel=\"noopener noreferrer\">X<\/a><\/li>\n<li><a href=\"https:\/\/www.instagram.com\/anmp_pt\/\">Instagram<\/a><\/li>\n<li><a href=\"https:\/\/www.youtube.com\/@ANMP-Comunica\u00e7\u00e3o\">YouTube<\/a><\/li>\n<li><a href=\"http:\/\/www.linkedin.com\/in\/anmp-associa\u00e7\u00e3o-nacional-de-munic\u00edpios-portugueses\">Linkedin<\/a><\/li>\n<\/ul>\n<p><\/p>","protected":false},"excerpt":{"rendered":"<p>Siguenos en las redes sociales : Facebook X Instagram YouTube Linkedin<\/p>\n","protected":false},"author":34,"featured_media":0,"parent":1964,"menu_order":175,"comment_status":"closed","ping_status":"closed","template":"templates-map\/component-text-layout1.php","meta":{"_acf_changed":false,"_exactmetrics_skip_tracking":false,"_exactmetrics_sitenote_active":false,"_exactmetrics_sitenote_note":"","_exactmetrics_sitenote_category":0,"footnotes":""},"class_list":["post-41672","page","type-page","status-publish","hentry"],"acf":[],"yoast_head":"<!-- This site is optimized with the Yoast SEO plugin v23.9 - https:\/\/yoast.com\/wordpress\/plugins\/seo\/ -->\n<title>Redes sociales - Portal Institucional<\/title>\n<meta name=\"robots\" content=\"index, follow, max-snippet:-1, max-image-preview:large, max-video-preview:-1\" \/>\n<link rel=\"canonical\" href=\"https:\/\/anmp.pt\/comunicacao\/redes-sociais\/\" \/>\n<meta property=\"og:locale\" content=\"es_ES\" \/>\n<meta property=\"og:type\" content=\"article\" \/>\n<meta property=\"og:title\" content=\"[:pt]Redes sociais[:en]Social media[:fr]R\u00e9seaux sociaux[:es]Redes sociales[:] - Portal Institucional\" \/>\n<meta property=\"og:description\" content=\"Siguenos en las redes sociales : Facebook X Instagram YouTube Linkedin\" \/>\n<meta property=\"og:url\" content=\"https:\/\/anmp.pt\/comunicacao\/redes-sociais\/\" \/>\n<meta property=\"og:site_name\" content=\"Portal Institucional\" \/>\n<meta property=\"article:publisher\" content=\"https:\/\/www.facebook.com\/ANMP.PT\" \/>\n<meta property=\"article:modified_time\" content=\"2026-02-16T11:54:19+00:00\" \/>\n<meta name=\"twitter:card\" content=\"summary_large_image\" \/>\n<script type=\"application\/ld+json\" class=\"yoast-schema-graph\">{\"@context\":\"https:\/\/schema.org\",\"@graph\":[{\"@type\":\"WebPage\",\"@id\":\"https:\/\/anmp.pt\/comunicacao\/redes-sociais\/\",\"url\":\"https:\/\/anmp.pt\/comunicacao\/redes-sociais\/\",\"name\":\"[:pt]Redes sociais[:en]Social media[:fr]R\u00e9seaux sociaux[:es]Redes sociales[:] - Portal Institucional\",\"isPartOf\":{\"@id\":\"https:\/\/anmp.pt\/#website\"},\"datePublished\":\"2021-12-27T14:51:30+00:00\",\"dateModified\":\"2026-02-16T11:54:19+00:00\",\"breadcrumb\":{\"@id\":\"https:\/\/anmp.pt\/comunicacao\/redes-sociais\/#breadcrumb\"},\"inLanguage\":\"es\",\"potentialAction\":[{\"@type\":\"ReadAction\",\"target\":[\"https:\/\/anmp.pt\/comunicacao\/redes-sociais\/\"]}]},{\"@type\":\"BreadcrumbList\",\"@id\":\"https:\/\/anmp.pt\/comunicacao\/redes-sociais\/#breadcrumb\",\"itemListElement\":[{\"@type\":\"ListItem\",\"position\":1,\"name\":\"In\u00edcio\",\"item\":\"https:\/\/anmp.pt\/\"},{\"@type\":\"ListItem\",\"position\":2,\"name\":\"Comunica\u00e7\u00e3o\",\"item\":\"https:\/\/anmp.pt\/comunicacao\/\"},{\"@type\":\"ListItem\",\"position\":3,\"name\":\"Redes sociais\"}]},{\"@type\":\"WebSite\",\"@id\":\"https:\/\/anmp.pt\/#website\",\"url\":\"https:\/\/anmp.pt\/\",\"name\":\"Associa\u00e7\u00e3o Nacional de Munic\u00edpios Portugueses\",\"description\":\"Portal Institucional\",\"publisher\":{\"@id\":\"https:\/\/anmp.pt\/#organization\"},\"potentialAction\":[{\"@type\":\"SearchAction\",\"target\":{\"@type\":\"EntryPoint\",\"urlTemplate\":\"https:\/\/anmp.pt\/?s={search_term_string}\"},\"query-input\":{\"@type\":\"PropertyValueSpecification\",\"valueRequired\":true,\"valueName\":\"search_term_string\"}}],\"inLanguage\":\"es\"},{\"@type\":\"Organization\",\"@id\":\"https:\/\/anmp.pt\/#organization\",\"name\":\"Associa\u00e7\u00e3o Nacional de Munic\u00edpios Portugueses\",\"url\":\"https:\/\/anmp.pt\/\",\"logo\":{\"@type\":\"ImageObject\",\"inLanguage\":\"es\",\"@id\":\"https:\/\/anmp.pt\/#\/schema\/logo\/image\/\",\"url\":\"https:\/\/anmp.pt\/wp-content\/uploads\/2020\/06\/logo980400.png\",\"contentUrl\":\"https:\/\/anmp.pt\/wp-content\/uploads\/2020\/06\/logo980400.png\",\"width\":980,\"height\":400,\"caption\":\"Associa\u00e7\u00e3o Nacional de Munic\u00edpios Portugueses\"},\"image\":{\"@id\":\"https:\/\/anmp.pt\/#\/schema\/logo\/image\/\"},\"sameAs\":[\"https:\/\/www.facebook.com\/ANMP.PT\"]}]}<\/script>\n<!-- \/ Yoast SEO plugin. -->","yoast_head_json":{"title":"[:pt]Redes sociais[:en]Social media[:fr]R\u00e9seaux sociaux[:es]Redes sociales[:] - Portal Institucional","robots":{"index":"index","follow":"follow","max-snippet":"max-snippet:-1","max-image-preview":"max-image-preview:large","max-video-preview":"max-video-preview:-1"},"canonical":"https:\/\/anmp.pt\/comunicacao\/redes-sociais\/","og_locale":"es_ES","og_type":"article","og_title":"[:pt]Redes sociais[:en]Social media[:fr]R\u00e9seaux sociaux[:es]Redes sociales[:] - Portal Institucional","og_description":"Siguenos en las redes sociales : Facebook X Instagram YouTube Linkedin","og_url":"https:\/\/anmp.pt\/comunicacao\/redes-sociais\/","og_site_name":"Portal Institucional","article_publisher":"https:\/\/www.facebook.com\/ANMP.PT","article_modified_time":"2026-02-16T11:54:19+00:00","twitter_card":"summary_large_image","schema":{"@context":"https:\/\/schema.org","@graph":[{"@type":"WebPage","@id":"https:\/\/anmp.pt\/comunicacao\/redes-sociais\/","url":"https:\/\/anmp.pt\/comunicacao\/redes-sociais\/","name":"[:pt]Redes sociais[:en]Social media[:fr]R\u00e9seaux sociaux[:es]Redes sociales[:] - Portal Institucional","isPartOf":{"@id":"https:\/\/anmp.pt\/#website"},"datePublished":"2021-12-27T14:51:30+00:00","dateModified":"2026-02-16T11:54:19+00:00","breadcrumb":{"@id":"https:\/\/anmp.pt\/comunicacao\/redes-sociais\/#breadcrumb"},"inLanguage":"es","potentialAction":[{"@type":"ReadAction","target":["https:\/\/anmp.pt\/comunicacao\/redes-sociais\/"]}]},{"@type":"BreadcrumbList","@id":"https:\/\/anmp.pt\/comunicacao\/redes-sociais\/#breadcrumb","itemListElement":[{"@type":"ListItem","position":1,"name":"In\u00edcio","item":"https:\/\/anmp.pt\/"},{"@type":"ListItem","position":2,"name":"Comunica\u00e7\u00e3o","item":"https:\/\/anmp.pt\/comunicacao\/"},{"@type":"ListItem","position":3,"name":"Redes sociais"}]},{"@type":"WebSite","@id":"https:\/\/anmp.pt\/#website","url":"https:\/\/anmp.pt\/","name":"Associa\u00e7\u00e3o Nacional de Munic\u00edpios Portugueses","description":"Portal Institucional","publisher":{"@id":"https:\/\/anmp.pt\/#organization"},"potentialAction":[{"@type":"SearchAction","target":{"@type":"EntryPoint","urlTemplate":"https:\/\/anmp.pt\/?s={search_term_string}"},"query-input":{"@type":"PropertyValueSpecification","valueRequired":true,"valueName":"search_term_string"}}],"inLanguage":"es"},{"@type":"Organization","@id":"https:\/\/anmp.pt\/#organization","name":"Associa\u00e7\u00e3o Nacional de Munic\u00edpios Portugueses","url":"https:\/\/anmp.pt\/","logo":{"@type":"ImageObject","inLanguage":"es","@id":"https:\/\/anmp.pt\/#\/schema\/logo\/image\/","url":"https:\/\/anmp.pt\/wp-content\/uploads\/2020\/06\/logo980400.png","contentUrl":"https:\/\/anmp.pt\/wp-content\/uploads\/2020\/06\/logo980400.png","width":980,"height":400,"caption":"Associa\u00e7\u00e3o Nacional de Munic\u00edpios Portugueses"},"image":{"@id":"https:\/\/anmp.pt\/#\/schema\/logo\/image\/"},"sameAs":["https:\/\/www.facebook.com\/ANMP.PT"]}]}},"_links":{"self":[{"href":"https:\/\/anmp.pt\/es\/wp-json\/wp\/v2\/pages\/41672","targetHints":{"allow":["GET"]}}],"collection":[{"href":"https:\/\/anmp.pt\/es\/wp-json\/wp\/v2\/pages"}],"about":[{"href":"https:\/\/anmp.pt\/es\/wp-json\/wp\/v2\/types\/page"}],"author":[{"embeddable":true,"href":"https:\/\/anmp.pt\/es\/wp-json\/wp\/v2\/users\/34"}],"replies":[{"embeddable":true,"href":"https:\/\/anmp.pt\/es\/wp-json\/wp\/v2\/comments?post=41672"}],"version-history":[{"count":10,"href":"https:\/\/anmp.pt\/es\/wp-json\/wp\/v2\/pages\/41672\/revisions"}],"predecessor-version":[{"id":75175,"href":"https:\/\/anmp.pt\/es\/wp-json\/wp\/v2\/pages\/41672\/revisions\/75175"}],"up":[{"embeddable":true,"href":"https:\/\/anmp.pt\/es\/wp-json\/wp\/v2\/pages\/1964"}],"wp:attachment":[{"href":"https:\/\/anmp.pt\/es\/wp-json\/wp\/v2\/media?parent=41672"}],"curies":[{"name":"wp","href":"https:\/\/api.w.org\/{rel}","templated":true}]}}