{"id":57240,"date":"2023-06-01T14:31:59","date_gmt":"2023-06-01T13:31:59","guid":{"rendered":"https:\/\/anmp.pt\/?page_id=57240"},"modified":"2025-02-06T17:40:02","modified_gmt":"2025-02-06T17:40:02","slug":"ciberseguranca-e-rjsc","status":"publish","type":"page","link":"https:\/\/anmp.pt\/es\/areas-tematicas\/governacao-e-gestao-autarquica\/ciberseguranca-e-rjsc\/","title":{"rendered":"(Portugu\u00eas) Ciberseguran\u00e7a"},"content":{"rendered":"<p class=\"qtranxs-available-languages-message qtranxs-available-languages-message-es\">Disculpa, pero esta entrada est\u00e1 disponible s\u00f3lo en <a href=\"https:\/\/anmp.pt\/pt\/wp-json\/wp\/v2\/pages\/57240\" class=\"qtranxs-available-language-link qtranxs-available-language-link-pt\" title=\"Portugu\u00eas\">Portugu\u00eas<\/a>.<\/p><p><img loading=\"lazy\" decoding=\"async\" class=\"alignnone size-full wp-image-57179\" src=\"https:\/\/anmp.pt\/wp-content\/uploads\/2023\/05\/ciber1350-300.jpg\" alt=\"\" width=\"1250\" height=\"300\" srcset=\"https:\/\/anmp.pt\/wp-content\/uploads\/2023\/05\/ciber1350-300.jpg 1250w, https:\/\/anmp.pt\/wp-content\/uploads\/2023\/05\/ciber1350-300-300x72.jpg 300w, https:\/\/anmp.pt\/wp-content\/uploads\/2023\/05\/ciber1350-300-1024x246.jpg 1024w, https:\/\/anmp.pt\/wp-content\/uploads\/2023\/05\/ciber1350-300-768x184.jpg 768w\" sizes=\"auto, (max-width: 1250px) 100vw, 1250px\" \/><\/p>\n<h2><strong>Projeto Europeu CYSSDE<\/strong><\/h2>\n<h4 class=\"ui header color\">Concurso Aberto de Teste de Penetra\u00e7\u00e3o e Avalia\u00e7\u00e3o de Vulnerabilidades<\/h4>\n<ul>\n<li>Objetivo: Financiar e disponibilizar apoio para testes de penetra\u00e7\u00e3o, an\u00e1lise de vulnerabilidades, evolu\u00e7\u00e3o de solu\u00e7\u00f5es de SOC, entre outras, em entidades e setores-chave abrangidos pela NIS2<\/li>\n<li>Financiamento at\u00e9 200.000,00\u20ac (50% do cofinanciamento)<\/li>\n<li>Entidades eleg\u00edveis: Entidades que efetuem testes de penetra\u00e7\u00e3o e an\u00e1lise de vulnerabilidades, entidades que pretendam desenvolver este tipo de servi\u00e7os, ou entidades que estejam interessadas em usufruir dos mesmos (empresas, cons\u00f3rcios &#8211; m\u00e1ximo 2 entidades-, Polos de Inova\u00e7\u00e3o Digital, institui\u00e7\u00f5es de investiga\u00e7\u00e3o e organiza\u00e7\u00f5es relevantes nos estados-membros da UE)<\/li>\n<li>Data de encerramento: 7 de abril de 2025 \u00e0s 17h (hora de Bruxelas)\n<p>Informa\u00e7\u00e3o detalhada em:<a href=\"https:\/\/cyssde.eu\/\" target=\"_blank\" rel=\"noopener\"> https:\/\/cyssde.eu\/<\/a><\/li>\n<\/ul>\n<hr \/>\n<h3>F\u00f3rum de Ciberseguran\u00e7a da Administra\u00e7\u00e3o Local<\/h3>\n<p style=\"text-align: justify;\"><strong>Realizado no dia 17 de outubro de 2024, <\/strong>este evento, que decorreu no Audit\u00f3rio Municipal do Peso da R\u00e9gua, reuniu autarquias, entidades intermunicipais e a Associa\u00e7\u00e3o Nacional de Munic\u00edpios Portugueses (ANMP) com o objetivo de promover a ciber-resili\u00eancia na Administra\u00e7\u00e3o Local.<\/p>\n<p><a href=\"https:\/\/dyn.cncs.gov.pt\/pt\/detalhe-evento\/art\/135889\/forum-de-ciberseguranca-da-administracao-local\" target=\"_blank\" rel=\"noopener\">Programa e mais informa\u00e7\u00e3o \u00bb\u00bb\u00bb<\/a><\/p>\n<p>&nbsp;<\/p>\n<hr \/>\n<p>O Regime Jur\u00eddico da Seguran\u00e7a do Ciberespa\u00e7o (RJSC) aplica-se \u00e0s <strong>entidades da Administra\u00e7\u00e3o P\u00fablica<\/strong> \u2013 isto \u00e9, ao Estado, \u00e0s regi\u00f5es aut\u00f3nomas, <strong>\u00e0s autarquias locais<\/strong>, \u00e0s entidades administrativas independentes, aos institutos p\u00fablicos, \u00e0s <u>empresas p\u00fablicas<\/u> e \u00e0s associa\u00e7\u00f5es p\u00fablicas.<\/p>\n<p><strong>Enquadramento Legal<\/strong><\/p>\n<ul>\n<li><a href=\"https:\/\/anmp.pt\/wp-content\/uploads\/2023\/05\/Lei_46-2018.pdf\" target=\"_blank\" rel=\"noopener\">Lei n.\u00ba 46\/2018<\/a>, de 13 de agosto, estabelece o Regime Jur\u00eddico da Seguran\u00e7a do Ciberespa\u00e7o (RJSC), transpondo a Diretiva (UE) 2016\/1148 (Diretiva SRI), do Parlamento Europeu e do Conselho, de 6 de julho de 2016, relativa a medidas destinadas a garantir um elevado n\u00edvel comum de seguran\u00e7a das redes e dos sistemas de informa\u00e7\u00e3o em toda a Uni\u00e3o Europeia;<\/li>\n<li><a href=\"https:\/\/anmp.pt\/wp-content\/uploads\/2023\/05\/Decreto-Lei_65-2021.pdf\" target=\"_blank\" rel=\"noopener\">Decreto-Lei n.\u00ba 65\/2021<\/a>, de 30 de julho: regulamenta o Regime Jur\u00eddico da Seguran\u00e7a do Ciberespa\u00e7o e define as obriga\u00e7\u00f5es em mat\u00e9ria de certifica\u00e7\u00e3o da ciberseguran\u00e7a em execu\u00e7\u00e3o do Regulamento (UE) <a href=\"https:\/\/eur-lex.europa.eu\/legal-content\/PT\/TXT\/?uri=CELEX:32019R0881\">2019\/881<\/a> do Parlamento Europeu, de 17 de abril de 2019<\/li>\n<li><a href=\"https:\/\/anmp.pt\/wp-content\/uploads\/2023\/05\/Regulamento_183-2022.pdf\" target=\"_blank\" rel=\"noopener\">Regulamento n.\u00ba 183\/2022<\/a>, de 21 de fevereiro: configura a instru\u00e7\u00e3o t\u00e9cnica relativa a comunica\u00e7\u00f5es entre as entidades e o Centro Nacional de Ciberseguran\u00e7a.<\/li>\n<li><a href=\"https:\/\/anmp.pt\/wp-content\/uploads\/2023\/05\/DL-34_2023_CyberAcademiaInnovationHub.pdf\" target=\"_blank\" rel=\"noopener\">Decreto-Lei n.\u00ba34\/2023<\/a> \u00abCyber Academia and Innovation Hub\u00bb<\/li>\n<\/ul>\n<p><strong>Documenta\u00e7\u00e3o e links \u00fateis disponibilizados pelo Centro Nacional de Ciberseguran\u00e7a (CNCS)<\/strong><\/p>\n<ul>\n<li>\u00a0\u201c<a href=\"https:\/\/www.cncs.gov.pt\/pt\/webcheck\/\" target=\"_blank\" rel=\"noopener\">WEBCHEK<\/a>\u201d &#8211; ferramenta de an\u00e1lise da seguran\u00e7a dos dom\u00ednios<\/li>\n<li><a href=\"https:\/\/www.cncs.gov.pt\/pt\/notificacao-incidentes\/?persona=organizations#linhasobservacao\" target=\"_blank\" rel=\"noopener\">Notifica\u00e7\u00e3o de Incidentes<\/a><\/li>\n<li>Forma\u00e7\u00e3o espec\u00edfica que o CNCS disponibiliza: <a href=\"https:\/\/www.cncs.gov.pt\/pt\/c-academy\/\" target=\"_blank\" rel=\"noopener\">C-Academy<\/a><\/li>\n<li>Perguntas mais frequentes <a href=\"https:\/\/www.cncs.gov.pt\/pt\/faq\/\" target=\"_blank\" rel=\"noopener\">FAQ<\/a>\u2019s<\/li>\n<li>Referencial de <a href=\"https:\/\/www.cncs.gov.pt\/pt\/referencial-de-competencias\/\" target=\"_blank\" rel=\"noopener\">Compet\u00eancias em Ciberseguran\u00e7a<\/a><\/li>\n<\/ul>\n<p><strong>mais informa\u00e7\u00e3o em<\/strong> <a href=\"https:\/\/www.cncs.gov.pt\/\" target=\"_blank\" rel=\"noopener\">https:\/\/www.cncs.gov.pt<\/a><\/p>","protected":false},"excerpt":{"rendered":"<p>Disculpa, pero esta entrada est\u00e1 disponible s\u00f3lo en Portugu\u00eas. Projeto Europeu CYSSDE Concurso Aberto de Teste de Penetra\u00e7\u00e3o e Avalia\u00e7\u00e3o de Vulnerabilidades Objetivo: Financiar e disponibilizar apoio para testes de penetra\u00e7\u00e3o, an\u00e1lise de vulnerabilidades, evolu\u00e7\u00e3o de solu\u00e7\u00f5es de SOC, entre outras, em entidades e setores-chave abrangidos pela NIS2 Financiamento at\u00e9 200.000,00\u20ac (50% do cofinanciamento) Entidades [&hellip;]<\/p>\n","protected":false},"author":34,"featured_media":0,"parent":1883,"menu_order":40,"comment_status":"closed","ping_status":"closed","template":"templates-map\/component-text-layout1.php","meta":{"_acf_changed":false,"_exactmetrics_skip_tracking":false,"_exactmetrics_sitenote_active":false,"_exactmetrics_sitenote_note":"","_exactmetrics_sitenote_category":0,"footnotes":""},"class_list":["post-57240","page","type-page","status-publish","hentry"],"acf":[],"yoast_head":"<!-- This site is optimized with the Yoast SEO plugin v23.9 - https:\/\/yoast.com\/wordpress\/plugins\/seo\/ -->\n<title><\/title>\n<meta name=\"robots\" content=\"index, follow, max-snippet:-1, max-image-preview:large, max-video-preview:-1\" \/>\n<link rel=\"canonical\" href=\"https:\/\/anmp.pt\/areas-tematicas\/governacao-e-gestao-autarquica\/ciberseguranca-e-rjsc\/\" \/>\n<meta property=\"og:locale\" content=\"es_ES\" \/>\n<meta property=\"og:type\" content=\"article\" \/>\n<meta property=\"og:title\" content=\"[:pt]Ciberseguran\u00e7a[:] - Portal Institucional\" \/>\n<meta property=\"og:description\" content=\"Disculpa, pero esta entrada est\u00e1 disponible s\u00f3lo en Portugu\u00eas. Projeto Europeu CYSSDE Concurso Aberto de Teste de Penetra\u00e7\u00e3o e Avalia\u00e7\u00e3o de Vulnerabilidades Objetivo: Financiar e disponibilizar apoio para testes de penetra\u00e7\u00e3o, an\u00e1lise de vulnerabilidades, evolu\u00e7\u00e3o de solu\u00e7\u00f5es de SOC, entre outras, em entidades e setores-chave abrangidos pela NIS2 Financiamento at\u00e9 200.000,00\u20ac (50% do cofinanciamento) Entidades [&hellip;]\" \/>\n<meta property=\"og:url\" content=\"https:\/\/anmp.pt\/areas-tematicas\/governacao-e-gestao-autarquica\/ciberseguranca-e-rjsc\/\" \/>\n<meta property=\"og:site_name\" content=\"Portal Institucional\" \/>\n<meta property=\"article:publisher\" content=\"https:\/\/www.facebook.com\/ANMP.PT\" \/>\n<meta property=\"article:modified_time\" content=\"2025-02-06T17:40:02+00:00\" \/>\n<meta property=\"og:image\" content=\"https:\/\/anmp.pt\/wp-content\/uploads\/2023\/05\/ciber1350-300.jpg\" \/>\n\t<meta property=\"og:image:width\" content=\"1250\" \/>\n\t<meta property=\"og:image:height\" content=\"300\" \/>\n\t<meta property=\"og:image:type\" content=\"image\/jpeg\" \/>\n<meta name=\"twitter:card\" content=\"summary_large_image\" \/>\n<script type=\"application\/ld+json\" class=\"yoast-schema-graph\">{\"@context\":\"https:\/\/schema.org\",\"@graph\":[{\"@type\":\"WebPage\",\"@id\":\"https:\/\/anmp.pt\/areas-tematicas\/governacao-e-gestao-autarquica\/ciberseguranca-e-rjsc\/\",\"url\":\"https:\/\/anmp.pt\/areas-tematicas\/governacao-e-gestao-autarquica\/ciberseguranca-e-rjsc\/\",\"name\":\"[:pt]Ciberseguran\u00e7a[:] - Portal Institucional\",\"isPartOf\":{\"@id\":\"https:\/\/anmp.pt\/#website\"},\"primaryImageOfPage\":{\"@id\":\"https:\/\/anmp.pt\/areas-tematicas\/governacao-e-gestao-autarquica\/ciberseguranca-e-rjsc\/#primaryimage\"},\"image\":{\"@id\":\"https:\/\/anmp.pt\/areas-tematicas\/governacao-e-gestao-autarquica\/ciberseguranca-e-rjsc\/#primaryimage\"},\"thumbnailUrl\":\"https:\/\/anmp.pt\/wp-content\/uploads\/2023\/05\/ciber1350-300.jpg\",\"datePublished\":\"2023-06-01T13:31:59+00:00\",\"dateModified\":\"2025-02-06T17:40:02+00:00\",\"breadcrumb\":{\"@id\":\"https:\/\/anmp.pt\/areas-tematicas\/governacao-e-gestao-autarquica\/ciberseguranca-e-rjsc\/#breadcrumb\"},\"inLanguage\":\"es\",\"potentialAction\":[{\"@type\":\"ReadAction\",\"target\":[\"https:\/\/anmp.pt\/areas-tematicas\/governacao-e-gestao-autarquica\/ciberseguranca-e-rjsc\/\"]}]},{\"@type\":\"ImageObject\",\"inLanguage\":\"es\",\"@id\":\"https:\/\/anmp.pt\/areas-tematicas\/governacao-e-gestao-autarquica\/ciberseguranca-e-rjsc\/#primaryimage\",\"url\":\"https:\/\/anmp.pt\/wp-content\/uploads\/2023\/05\/ciber1350-300.jpg\",\"contentUrl\":\"https:\/\/anmp.pt\/wp-content\/uploads\/2023\/05\/ciber1350-300.jpg\"},{\"@type\":\"BreadcrumbList\",\"@id\":\"https:\/\/anmp.pt\/areas-tematicas\/governacao-e-gestao-autarquica\/ciberseguranca-e-rjsc\/#breadcrumb\",\"itemListElement\":[{\"@type\":\"ListItem\",\"position\":1,\"name\":\"In\u00edcio\",\"item\":\"https:\/\/anmp.pt\/\"},{\"@type\":\"ListItem\",\"position\":2,\"name\":\"\u00c1reas Tem\u00e1ticas\",\"item\":\"https:\/\/anmp.pt\/areas-tematicas\/\"},{\"@type\":\"ListItem\",\"position\":3,\"name\":\"Governa\u00e7\u00e3o e gest\u00e3o aut\u00e1rquica\",\"item\":\"https:\/\/anmp.pt\/areas-tematicas\/governacao-e-gestao-autarquica\/\"},{\"@type\":\"ListItem\",\"position\":4,\"name\":\"Ciberseguran\u00e7a\"}]},{\"@type\":\"WebSite\",\"@id\":\"https:\/\/anmp.pt\/#website\",\"url\":\"https:\/\/anmp.pt\/\",\"name\":\"Associa\u00e7\u00e3o Nacional de Munic\u00edpios Portugueses\",\"description\":\"Portal Institucional\",\"publisher\":{\"@id\":\"https:\/\/anmp.pt\/#organization\"},\"potentialAction\":[{\"@type\":\"SearchAction\",\"target\":{\"@type\":\"EntryPoint\",\"urlTemplate\":\"https:\/\/anmp.pt\/?s={search_term_string}\"},\"query-input\":{\"@type\":\"PropertyValueSpecification\",\"valueRequired\":true,\"valueName\":\"search_term_string\"}}],\"inLanguage\":\"es\"},{\"@type\":\"Organization\",\"@id\":\"https:\/\/anmp.pt\/#organization\",\"name\":\"Associa\u00e7\u00e3o Nacional de Munic\u00edpios Portugueses\",\"url\":\"https:\/\/anmp.pt\/\",\"logo\":{\"@type\":\"ImageObject\",\"inLanguage\":\"es\",\"@id\":\"https:\/\/anmp.pt\/#\/schema\/logo\/image\/\",\"url\":\"https:\/\/anmp.pt\/wp-content\/uploads\/2020\/06\/logo980400.png\",\"contentUrl\":\"https:\/\/anmp.pt\/wp-content\/uploads\/2020\/06\/logo980400.png\",\"width\":980,\"height\":400,\"caption\":\"Associa\u00e7\u00e3o Nacional de Munic\u00edpios Portugueses\"},\"image\":{\"@id\":\"https:\/\/anmp.pt\/#\/schema\/logo\/image\/\"},\"sameAs\":[\"https:\/\/www.facebook.com\/ANMP.PT\"]}]}<\/script>\n<!-- \/ Yoast SEO plugin. -->","yoast_head_json":{"title":"[:pt]Ciberseguran\u00e7a[:] - Portal Institucional","robots":{"index":"index","follow":"follow","max-snippet":"max-snippet:-1","max-image-preview":"max-image-preview:large","max-video-preview":"max-video-preview:-1"},"canonical":"https:\/\/anmp.pt\/areas-tematicas\/governacao-e-gestao-autarquica\/ciberseguranca-e-rjsc\/","og_locale":"es_ES","og_type":"article","og_title":"[:pt]Ciberseguran\u00e7a[:] - Portal Institucional","og_description":"Disculpa, pero esta entrada est\u00e1 disponible s\u00f3lo en Portugu\u00eas. Projeto Europeu CYSSDE Concurso Aberto de Teste de Penetra\u00e7\u00e3o e Avalia\u00e7\u00e3o de Vulnerabilidades Objetivo: Financiar e disponibilizar apoio para testes de penetra\u00e7\u00e3o, an\u00e1lise de vulnerabilidades, evolu\u00e7\u00e3o de solu\u00e7\u00f5es de SOC, entre outras, em entidades e setores-chave abrangidos pela NIS2 Financiamento at\u00e9 200.000,00\u20ac (50% do cofinanciamento) Entidades [&hellip;]","og_url":"https:\/\/anmp.pt\/areas-tematicas\/governacao-e-gestao-autarquica\/ciberseguranca-e-rjsc\/","og_site_name":"Portal Institucional","article_publisher":"https:\/\/www.facebook.com\/ANMP.PT","article_modified_time":"2025-02-06T17:40:02+00:00","og_image":[{"width":1250,"height":300,"url":"https:\/\/anmp.pt\/wp-content\/uploads\/2023\/05\/ciber1350-300.jpg","type":"image\/jpeg"}],"twitter_card":"summary_large_image","schema":{"@context":"https:\/\/schema.org","@graph":[{"@type":"WebPage","@id":"https:\/\/anmp.pt\/areas-tematicas\/governacao-e-gestao-autarquica\/ciberseguranca-e-rjsc\/","url":"https:\/\/anmp.pt\/areas-tematicas\/governacao-e-gestao-autarquica\/ciberseguranca-e-rjsc\/","name":"[:pt]Ciberseguran\u00e7a[:] - Portal Institucional","isPartOf":{"@id":"https:\/\/anmp.pt\/#website"},"primaryImageOfPage":{"@id":"https:\/\/anmp.pt\/areas-tematicas\/governacao-e-gestao-autarquica\/ciberseguranca-e-rjsc\/#primaryimage"},"image":{"@id":"https:\/\/anmp.pt\/areas-tematicas\/governacao-e-gestao-autarquica\/ciberseguranca-e-rjsc\/#primaryimage"},"thumbnailUrl":"https:\/\/anmp.pt\/wp-content\/uploads\/2023\/05\/ciber1350-300.jpg","datePublished":"2023-06-01T13:31:59+00:00","dateModified":"2025-02-06T17:40:02+00:00","breadcrumb":{"@id":"https:\/\/anmp.pt\/areas-tematicas\/governacao-e-gestao-autarquica\/ciberseguranca-e-rjsc\/#breadcrumb"},"inLanguage":"es","potentialAction":[{"@type":"ReadAction","target":["https:\/\/anmp.pt\/areas-tematicas\/governacao-e-gestao-autarquica\/ciberseguranca-e-rjsc\/"]}]},{"@type":"ImageObject","inLanguage":"es","@id":"https:\/\/anmp.pt\/areas-tematicas\/governacao-e-gestao-autarquica\/ciberseguranca-e-rjsc\/#primaryimage","url":"https:\/\/anmp.pt\/wp-content\/uploads\/2023\/05\/ciber1350-300.jpg","contentUrl":"https:\/\/anmp.pt\/wp-content\/uploads\/2023\/05\/ciber1350-300.jpg"},{"@type":"BreadcrumbList","@id":"https:\/\/anmp.pt\/areas-tematicas\/governacao-e-gestao-autarquica\/ciberseguranca-e-rjsc\/#breadcrumb","itemListElement":[{"@type":"ListItem","position":1,"name":"In\u00edcio","item":"https:\/\/anmp.pt\/"},{"@type":"ListItem","position":2,"name":"\u00c1reas Tem\u00e1ticas","item":"https:\/\/anmp.pt\/areas-tematicas\/"},{"@type":"ListItem","position":3,"name":"Governa\u00e7\u00e3o e gest\u00e3o aut\u00e1rquica","item":"https:\/\/anmp.pt\/areas-tematicas\/governacao-e-gestao-autarquica\/"},{"@type":"ListItem","position":4,"name":"Ciberseguran\u00e7a"}]},{"@type":"WebSite","@id":"https:\/\/anmp.pt\/#website","url":"https:\/\/anmp.pt\/","name":"Associa\u00e7\u00e3o Nacional de Munic\u00edpios Portugueses","description":"Portal Institucional","publisher":{"@id":"https:\/\/anmp.pt\/#organization"},"potentialAction":[{"@type":"SearchAction","target":{"@type":"EntryPoint","urlTemplate":"https:\/\/anmp.pt\/?s={search_term_string}"},"query-input":{"@type":"PropertyValueSpecification","valueRequired":true,"valueName":"search_term_string"}}],"inLanguage":"es"},{"@type":"Organization","@id":"https:\/\/anmp.pt\/#organization","name":"Associa\u00e7\u00e3o Nacional de Munic\u00edpios Portugueses","url":"https:\/\/anmp.pt\/","logo":{"@type":"ImageObject","inLanguage":"es","@id":"https:\/\/anmp.pt\/#\/schema\/logo\/image\/","url":"https:\/\/anmp.pt\/wp-content\/uploads\/2020\/06\/logo980400.png","contentUrl":"https:\/\/anmp.pt\/wp-content\/uploads\/2020\/06\/logo980400.png","width":980,"height":400,"caption":"Associa\u00e7\u00e3o Nacional de Munic\u00edpios Portugueses"},"image":{"@id":"https:\/\/anmp.pt\/#\/schema\/logo\/image\/"},"sameAs":["https:\/\/www.facebook.com\/ANMP.PT"]}]}},"_links":{"self":[{"href":"https:\/\/anmp.pt\/es\/wp-json\/wp\/v2\/pages\/57240","targetHints":{"allow":["GET"]}}],"collection":[{"href":"https:\/\/anmp.pt\/es\/wp-json\/wp\/v2\/pages"}],"about":[{"href":"https:\/\/anmp.pt\/es\/wp-json\/wp\/v2\/types\/page"}],"author":[{"embeddable":true,"href":"https:\/\/anmp.pt\/es\/wp-json\/wp\/v2\/users\/34"}],"replies":[{"embeddable":true,"href":"https:\/\/anmp.pt\/es\/wp-json\/wp\/v2\/comments?post=57240"}],"version-history":[{"count":0,"href":"https:\/\/anmp.pt\/es\/wp-json\/wp\/v2\/pages\/57240\/revisions"}],"up":[{"embeddable":true,"href":"https:\/\/anmp.pt\/es\/wp-json\/wp\/v2\/pages\/1883"}],"wp:attachment":[{"href":"https:\/\/anmp.pt\/es\/wp-json\/wp\/v2\/media?parent=57240"}],"curies":[{"name":"wp","href":"https:\/\/api.w.org\/{rel}","templated":true}]}}