{"id":76204,"date":"2026-03-23T16:42:15","date_gmt":"2026-03-23T16:42:15","guid":{"rendered":"https:\/\/anmp.pt\/?page_id=76204"},"modified":"2026-03-23T17:23:41","modified_gmt":"2026-03-23T17:23:41","slug":"reunioes-do-conselho-geral-mandato-2021-2025","status":"publish","type":"page","link":"https:\/\/anmp.pt\/es\/anmport\/orgaos\/conselho-geral\/reunioes-do-conselho-geral-mandato-2021-2025\/","title":{"rendered":"(Portugu\u00eas) Reuni\u00f5es do Conselho Geral &#8211; Mandato 2021-2025"},"content":{"rendered":"<p class=\"qtranxs-available-languages-message qtranxs-available-languages-message-es\">Disculpa, pero esta entrada est\u00e1 disponible s\u00f3lo en <a href=\"https:\/\/anmp.pt\/pt\/wp-json\/wp\/v2\/pages\/76204\" class=\"qtranxs-available-language-link qtranxs-available-language-link-pt\" title=\"Portugu\u00eas\">Portugu\u00eas<\/a>.<\/p><p>&nbsp;<\/p>\n<p>Coimbra, 21 de maio de 2024 &#8211; <a href=\"https:\/\/anmp.pt\/wp-content\/uploads\/2026\/03\/Ata9_21-05-2024.pdf\" target=\"_blank\" rel=\"noopener\">Ata<\/a><\/p>\n<p>Coimbra, 6 de fevereiro de 2024 &#8211;\u00a0<a href=\"https:\/\/anmp.pt\/wp-content\/uploads\/2026\/03\/Ata8_06-02-2024.pdf\" target=\"_blank\" rel=\"noopener\">Ata<\/a><\/p>\n<p>Coimbra, 7 de novembro de 2023 \u2013 <a href=\"https:\/\/anmp.pt\/file-viewer\/?pstid=65053\" target=\"_blank\" rel=\"noopener\">Ata<\/a><\/p>\n<p>Coimbra, 16 de maio de 2023 \u2013 <a href=\"https:\/\/anmp.pt\/file-viewer\/?pstid=65052\" target=\"_blank\" rel=\"noopener\">Ata<\/a><\/p>\n<p>Videoconfer\u00eancia, 19 de dezembro de 2022 \u2013 <a href=\"https:\/\/anmp.pt\/file-viewer\/?pstid=60454\" target=\"_blank\" rel=\"noopener\">Ata<\/a>\u00a0\u2013 <a href=\"https:\/\/anmp.pt\/conselho-geral-aprovou-acordo-setorial-para-a-acao-social\/\" target=\"_blank\" rel=\"noopener\">Not\u00edcia<\/a><\/p>\n<p>Coimbra, 4 de novembro de 2022 \u2013 <a href=\"https:\/\/anmp.pt\/file-viewer\/?pstid=60453\" target=\"_blank\" rel=\"noopener\">Ata<\/a>\u2013 <a href=\"https:\/\/www.anmp.pt\/conselho-geral-aprovou-por-unanimidadeparecer-relativo-ao-orcamento-do-estado-2023\/\" target=\"_blank\" rel=\"noopener noreferrer\">Fotos\/Not\u00edcia<\/a><\/p>\n<p>Coimbra, 18 de julho de 2022 \u2013 <a href=\"https:\/\/www.anmp.pt\/wp-content\/uploads\/2023\/01\/Ata3-_18-07-2022.pdf\" target=\"_blank\" rel=\"noopener noreferrer\">Ata<\/a> \u2013 <a href=\"https:\/\/www.anmp.pt\/acordo-setorial-entre-governo-e-anmp-aprovado-em-conselho-geral\/\" target=\"_blank\" rel=\"noopener noreferrer\">Fotos\/Not\u00edcia<\/a><\/p>\n<p>Coimbra, 5 de julho de 2022 \u2013 <a href=\"https:\/\/anmp.pt\/file-viewer\/?pstid=60451\" target=\"_blank\" rel=\"noopener\">Ata<\/a>\u2013 <a href=\"https:\/\/www.anmp.pt\/luisa-salgueiro-ha-uma-grande-convergencia-e-uniaoem-relacao-as-opcoes-feitas-entre-a-anmp-e-o-governo\/\" target=\"_blank\" rel=\"noopener noreferrer\">Fotos\/Not\u00edcia<\/a><\/p>\n<p>Lisboa, 4 de maio de 2022 \u2013 <a href=\"https:\/\/www.anmp.pt\/anmport\/orgaos\/conselho-geral\/conselho-geral-4-de-maio-2022-documentacao\/\" target=\"_blank\" rel=\"noopener noreferrer\">Documentos<\/a> \u2013 <a href=\"https:\/\/anmp.pt\/file-viewer\/?pstid=60450\" target=\"_blank\" rel=\"noopener\">Ata<\/a>\u2013 <a href=\"https:\/\/www.anmp.pt\/conselho-geral-aprova-por-unanimidadeparecer-desfavoravel-a-ploe2022\/\" target=\"_blank\" rel=\"noopener noreferrer\">Fotos \/ Not\u00edcia<\/a><\/p>","protected":false},"excerpt":{"rendered":"<p>Disculpa, pero esta entrada est\u00e1 disponible s\u00f3lo en Portugu\u00eas.&nbsp; Coimbra, 21 de maio de 2024 &#8211; Ata Coimbra, 6 de fevereiro de 2024 &#8211;\u00a0Ata Coimbra, 7 de novembro de 2023 \u2013 Ata Coimbra, 16 de maio de 2023 \u2013 Ata Videoconfer\u00eancia, 19 de dezembro de 2022 \u2013 Ata\u00a0\u2013 Not\u00edcia Coimbra, 4 de novembro de 2022 [&hellip;]<\/p>\n","protected":false},"author":37,"featured_media":0,"parent":1620,"menu_order":189,"comment_status":"closed","ping_status":"closed","template":"templates-map\/component-text-layout1.php","meta":{"_acf_changed":false,"_exactmetrics_skip_tracking":false,"_exactmetrics_sitenote_active":false,"_exactmetrics_sitenote_note":"","_exactmetrics_sitenote_category":0,"footnotes":""},"class_list":["post-76204","page","type-page","status-publish","hentry"],"acf":[],"yoast_head":"<!-- This site is optimized with the Yoast SEO plugin v23.9 - https:\/\/yoast.com\/wordpress\/plugins\/seo\/ -->\n<title><\/title>\n<meta name=\"robots\" content=\"index, follow, max-snippet:-1, max-image-preview:large, max-video-preview:-1\" \/>\n<link rel=\"canonical\" href=\"https:\/\/anmp.pt\/anmport\/orgaos\/conselho-geral\/reunioes-do-conselho-geral-mandato-2021-2025\/\" \/>\n<meta property=\"og:locale\" content=\"es_ES\" \/>\n<meta property=\"og:type\" content=\"article\" \/>\n<meta property=\"og:title\" content=\"[:pt]Reuni\u00f5es do Conselho Geral - Mandato 2021-2025[:] - Portal Institucional\" \/>\n<meta property=\"og:description\" content=\"Disculpa, pero esta entrada est\u00e1 disponible s\u00f3lo en Portugu\u00eas.&nbsp; Coimbra, 21 de maio de 2024 &#8211; Ata Coimbra, 6 de fevereiro de 2024 &#8211;\u00a0Ata Coimbra, 7 de novembro de 2023 \u2013 Ata Coimbra, 16 de maio de 2023 \u2013 Ata Videoconfer\u00eancia, 19 de dezembro de 2022 \u2013 Ata\u00a0\u2013 Not\u00edcia Coimbra, 4 de novembro de 2022 [&hellip;]\" \/>\n<meta property=\"og:url\" content=\"https:\/\/anmp.pt\/anmport\/orgaos\/conselho-geral\/reunioes-do-conselho-geral-mandato-2021-2025\/\" \/>\n<meta property=\"og:site_name\" content=\"Portal Institucional\" \/>\n<meta property=\"article:publisher\" content=\"https:\/\/www.facebook.com\/ANMP.PT\" \/>\n<meta property=\"article:modified_time\" content=\"2026-03-23T17:23:41+00:00\" \/>\n<meta name=\"twitter:card\" content=\"summary_large_image\" \/>\n<script type=\"application\/ld+json\" class=\"yoast-schema-graph\">{\"@context\":\"https:\/\/schema.org\",\"@graph\":[{\"@type\":\"WebPage\",\"@id\":\"https:\/\/anmp.pt\/anmport\/orgaos\/conselho-geral\/reunioes-do-conselho-geral-mandato-2021-2025\/\",\"url\":\"https:\/\/anmp.pt\/anmport\/orgaos\/conselho-geral\/reunioes-do-conselho-geral-mandato-2021-2025\/\",\"name\":\"[:pt]Reuni\u00f5es do Conselho Geral - Mandato 2021-2025[:] - Portal Institucional\",\"isPartOf\":{\"@id\":\"https:\/\/anmp.pt\/#website\"},\"datePublished\":\"2026-03-23T16:42:15+00:00\",\"dateModified\":\"2026-03-23T17:23:41+00:00\",\"breadcrumb\":{\"@id\":\"https:\/\/anmp.pt\/anmport\/orgaos\/conselho-geral\/reunioes-do-conselho-geral-mandato-2021-2025\/#breadcrumb\"},\"inLanguage\":\"es\",\"potentialAction\":[{\"@type\":\"ReadAction\",\"target\":[\"https:\/\/anmp.pt\/anmport\/orgaos\/conselho-geral\/reunioes-do-conselho-geral-mandato-2021-2025\/\"]}]},{\"@type\":\"BreadcrumbList\",\"@id\":\"https:\/\/anmp.pt\/anmport\/orgaos\/conselho-geral\/reunioes-do-conselho-geral-mandato-2021-2025\/#breadcrumb\",\"itemListElement\":[{\"@type\":\"ListItem\",\"position\":1,\"name\":\"In\u00edcio\",\"item\":\"https:\/\/anmp.pt\/\"},{\"@type\":\"ListItem\",\"position\":2,\"name\":\"ANMP\",\"item\":\"https:\/\/anmp.pt\/anmport\/\"},{\"@type\":\"ListItem\",\"position\":3,\"name\":\"\u00d3rg\u00e3os\",\"item\":\"https:\/\/anmp.pt\/fr\/anmport\/orgaos\/\"},{\"@type\":\"ListItem\",\"position\":4,\"name\":\"Conselho Geral\",\"item\":\"https:\/\/anmp.pt\/fr\/anmport\/orgaos\/conselho-geral\/\"},{\"@type\":\"ListItem\",\"position\":5,\"name\":\"Reuni\u00f5es do Conselho Geral &#8211; Mandato 2021-2025\"}]},{\"@type\":\"WebSite\",\"@id\":\"https:\/\/anmp.pt\/#website\",\"url\":\"https:\/\/anmp.pt\/\",\"name\":\"Associa\u00e7\u00e3o Nacional de Munic\u00edpios Portugueses\",\"description\":\"Portal Institucional\",\"publisher\":{\"@id\":\"https:\/\/anmp.pt\/#organization\"},\"potentialAction\":[{\"@type\":\"SearchAction\",\"target\":{\"@type\":\"EntryPoint\",\"urlTemplate\":\"https:\/\/anmp.pt\/?s={search_term_string}\"},\"query-input\":{\"@type\":\"PropertyValueSpecification\",\"valueRequired\":true,\"valueName\":\"search_term_string\"}}],\"inLanguage\":\"es\"},{\"@type\":\"Organization\",\"@id\":\"https:\/\/anmp.pt\/#organization\",\"name\":\"Associa\u00e7\u00e3o Nacional de Munic\u00edpios Portugueses\",\"url\":\"https:\/\/anmp.pt\/\",\"logo\":{\"@type\":\"ImageObject\",\"inLanguage\":\"es\",\"@id\":\"https:\/\/anmp.pt\/#\/schema\/logo\/image\/\",\"url\":\"https:\/\/anmp.pt\/wp-content\/uploads\/2020\/06\/logo980400.png\",\"contentUrl\":\"https:\/\/anmp.pt\/wp-content\/uploads\/2020\/06\/logo980400.png\",\"width\":980,\"height\":400,\"caption\":\"Associa\u00e7\u00e3o Nacional de Munic\u00edpios Portugueses\"},\"image\":{\"@id\":\"https:\/\/anmp.pt\/#\/schema\/logo\/image\/\"},\"sameAs\":[\"https:\/\/www.facebook.com\/ANMP.PT\"]}]}<\/script>\n<!-- \/ Yoast SEO plugin. -->","yoast_head_json":{"title":"[:pt]Reuni\u00f5es do Conselho Geral - Mandato 2021-2025[:] - Portal Institucional","robots":{"index":"index","follow":"follow","max-snippet":"max-snippet:-1","max-image-preview":"max-image-preview:large","max-video-preview":"max-video-preview:-1"},"canonical":"https:\/\/anmp.pt\/anmport\/orgaos\/conselho-geral\/reunioes-do-conselho-geral-mandato-2021-2025\/","og_locale":"es_ES","og_type":"article","og_title":"[:pt]Reuni\u00f5es do Conselho Geral - Mandato 2021-2025[:] - Portal Institucional","og_description":"Disculpa, pero esta entrada est\u00e1 disponible s\u00f3lo en Portugu\u00eas.&nbsp; Coimbra, 21 de maio de 2024 &#8211; Ata Coimbra, 6 de fevereiro de 2024 &#8211;\u00a0Ata Coimbra, 7 de novembro de 2023 \u2013 Ata Coimbra, 16 de maio de 2023 \u2013 Ata Videoconfer\u00eancia, 19 de dezembro de 2022 \u2013 Ata\u00a0\u2013 Not\u00edcia Coimbra, 4 de novembro de 2022 [&hellip;]","og_url":"https:\/\/anmp.pt\/anmport\/orgaos\/conselho-geral\/reunioes-do-conselho-geral-mandato-2021-2025\/","og_site_name":"Portal Institucional","article_publisher":"https:\/\/www.facebook.com\/ANMP.PT","article_modified_time":"2026-03-23T17:23:41+00:00","twitter_card":"summary_large_image","schema":{"@context":"https:\/\/schema.org","@graph":[{"@type":"WebPage","@id":"https:\/\/anmp.pt\/anmport\/orgaos\/conselho-geral\/reunioes-do-conselho-geral-mandato-2021-2025\/","url":"https:\/\/anmp.pt\/anmport\/orgaos\/conselho-geral\/reunioes-do-conselho-geral-mandato-2021-2025\/","name":"[:pt]Reuni\u00f5es do Conselho Geral - Mandato 2021-2025[:] - Portal Institucional","isPartOf":{"@id":"https:\/\/anmp.pt\/#website"},"datePublished":"2026-03-23T16:42:15+00:00","dateModified":"2026-03-23T17:23:41+00:00","breadcrumb":{"@id":"https:\/\/anmp.pt\/anmport\/orgaos\/conselho-geral\/reunioes-do-conselho-geral-mandato-2021-2025\/#breadcrumb"},"inLanguage":"es","potentialAction":[{"@type":"ReadAction","target":["https:\/\/anmp.pt\/anmport\/orgaos\/conselho-geral\/reunioes-do-conselho-geral-mandato-2021-2025\/"]}]},{"@type":"BreadcrumbList","@id":"https:\/\/anmp.pt\/anmport\/orgaos\/conselho-geral\/reunioes-do-conselho-geral-mandato-2021-2025\/#breadcrumb","itemListElement":[{"@type":"ListItem","position":1,"name":"In\u00edcio","item":"https:\/\/anmp.pt\/"},{"@type":"ListItem","position":2,"name":"ANMP","item":"https:\/\/anmp.pt\/anmport\/"},{"@type":"ListItem","position":3,"name":"\u00d3rg\u00e3os","item":"https:\/\/anmp.pt\/fr\/anmport\/orgaos\/"},{"@type":"ListItem","position":4,"name":"Conselho Geral","item":"https:\/\/anmp.pt\/fr\/anmport\/orgaos\/conselho-geral\/"},{"@type":"ListItem","position":5,"name":"Reuni\u00f5es do Conselho Geral &#8211; Mandato 2021-2025"}]},{"@type":"WebSite","@id":"https:\/\/anmp.pt\/#website","url":"https:\/\/anmp.pt\/","name":"Associa\u00e7\u00e3o Nacional de Munic\u00edpios Portugueses","description":"Portal Institucional","publisher":{"@id":"https:\/\/anmp.pt\/#organization"},"potentialAction":[{"@type":"SearchAction","target":{"@type":"EntryPoint","urlTemplate":"https:\/\/anmp.pt\/?s={search_term_string}"},"query-input":{"@type":"PropertyValueSpecification","valueRequired":true,"valueName":"search_term_string"}}],"inLanguage":"es"},{"@type":"Organization","@id":"https:\/\/anmp.pt\/#organization","name":"Associa\u00e7\u00e3o Nacional de Munic\u00edpios Portugueses","url":"https:\/\/anmp.pt\/","logo":{"@type":"ImageObject","inLanguage":"es","@id":"https:\/\/anmp.pt\/#\/schema\/logo\/image\/","url":"https:\/\/anmp.pt\/wp-content\/uploads\/2020\/06\/logo980400.png","contentUrl":"https:\/\/anmp.pt\/wp-content\/uploads\/2020\/06\/logo980400.png","width":980,"height":400,"caption":"Associa\u00e7\u00e3o Nacional de Munic\u00edpios Portugueses"},"image":{"@id":"https:\/\/anmp.pt\/#\/schema\/logo\/image\/"},"sameAs":["https:\/\/www.facebook.com\/ANMP.PT"]}]}},"_links":{"self":[{"href":"https:\/\/anmp.pt\/es\/wp-json\/wp\/v2\/pages\/76204","targetHints":{"allow":["GET"]}}],"collection":[{"href":"https:\/\/anmp.pt\/es\/wp-json\/wp\/v2\/pages"}],"about":[{"href":"https:\/\/anmp.pt\/es\/wp-json\/wp\/v2\/types\/page"}],"author":[{"embeddable":true,"href":"https:\/\/anmp.pt\/es\/wp-json\/wp\/v2\/users\/37"}],"replies":[{"embeddable":true,"href":"https:\/\/anmp.pt\/es\/wp-json\/wp\/v2\/comments?post=76204"}],"version-history":[{"count":1,"href":"https:\/\/anmp.pt\/es\/wp-json\/wp\/v2\/pages\/76204\/revisions"}],"predecessor-version":[{"id":76205,"href":"https:\/\/anmp.pt\/es\/wp-json\/wp\/v2\/pages\/76204\/revisions\/76205"}],"up":[{"embeddable":true,"href":"https:\/\/anmp.pt\/es\/wp-json\/wp\/v2\/pages\/1620"}],"wp:attachment":[{"href":"https:\/\/anmp.pt\/es\/wp-json\/wp\/v2\/media?parent=76204"}],"curies":[{"name":"wp","href":"https:\/\/api.w.org\/{rel}","templated":true}]}}