{"id":10981,"date":"2020-02-03T16:20:47","date_gmt":"2020-02-03T16:20:47","guid":{"rendered":"https:\/\/anmp.pt\/?page_id=10981"},"modified":"2020-05-04T11:52:44","modified_gmt":"2020-05-04T10:52:44","slug":"objetivos-e-atividades","status":"publish","type":"page","link":"https:\/\/anmp.pt\/fr\/municipios-inteligentes\/apresentacao-do-projeto\/objetivos-e-atividades\/","title":{"rendered":"(Portugu\u00eas) Objetivos e atividades"},"content":{"rendered":"<p class=\"qtranxs-available-languages-message qtranxs-available-languages-message-fr\">D\u00e9sol\u00e9, cet article est seulement disponible en <a href=\"https:\/\/anmp.pt\/pt\/wp-json\/wp\/v2\/pages\/10981\" class=\"qtranxs-available-language-link qtranxs-available-language-link-pt\" title=\"Portugu\u00eas\">Portugu\u00eas<\/a>.<\/p><p><\/p>\n<div class=\"content__description\">\n<h2 class=\"content__description-inner\">Objetivos<\/h2>\n<\/div>\n<div class=\"content__text\">\n<div class=\"content__text-inner\">\n<p>Com o presente estudo pretende-se criar uma metodologia para o desenvolvimento de plataformas municipais de gest\u00e3o de informa\u00e7\u00e3o (PMGI).<br \/>\nEsta metodologia permitir\u00e1 aproximar os munic\u00edpios do conceito de cidades inteligentes e proporcionar um crescimento conjunto, a partir da troca de informa\u00e7\u00e3o entre munic\u00edpios, Administra\u00e7\u00e3o P\u00fablica (AP) e entidades privadas, de forma a potenciar a implementa\u00e7\u00e3o de estrat\u00e9gias urbanas inteligentes.<\/p>\n<\/div>\n<\/div>\n<p><img loading=\"lazy\" decoding=\"async\" class=\"alignleft wp-image-10616 size-medium\" src=\"https:\/\/anmp.pt\/wp-content\/uploads\/2020\/01\/Imagem1_inteligentes-253x300.png\" alt=\"Objetivos Mun\u00edcipios + Inteligentes\" width=\"253\" height=\"300\" srcset=\"https:\/\/anmp.pt\/wp-content\/uploads\/2020\/01\/Imagem1_inteligentes-253x300.png 253w, https:\/\/anmp.pt\/wp-content\/uploads\/2020\/01\/Imagem1_inteligentes.png 391w\" sizes=\"auto, (max-width: 253px) 100vw, 253px\" \/><\/p>\n<p>&nbsp;<\/p>\n<p>&nbsp;<\/p>\n<p>&nbsp;<\/p>\n<p>&nbsp;<\/p>\n<p>&nbsp;<\/p>\n<p>&nbsp;<\/p>\n<p>&nbsp;<\/p>\n<p>&nbsp;<\/p>\n<div class=\"content__img\"><\/div>\n<div class=\"content__text\">\n<div class=\"content__text-inner\">\n<p>Apesar de terem sido criadas, nos \u00faltimos anos, v\u00e1rias PGI com o objetivo de melhorar o n\u00edvel de acesso e de qualidade, da presta\u00e7\u00e3o dos principais servi\u00e7os municipais aos cidad\u00e3os e \u00e0s empresas, subsistem lacunas de base que importa colmatar, tornando exponencial a implementa\u00e7\u00e3o das estrat\u00e9gias urbanas inteligentes.<br \/>\nO Estudo tem assim por ambi\u00e7\u00e3o a identifica\u00e7\u00e3o de formas de superar as limita\u00e7\u00f5es existentes para a obten\u00e7\u00e3o de PGI totalmente integradas em todas as \u00e1reas de interven\u00e7\u00e3o dos munic\u00edpios e que permitam a utiliza\u00e7\u00e3o do conceito de dados abertos, atingindo assim a interoperabilidade entre sistemas.<br \/>\nPosteriormente, o Estudo ter\u00e1 impacto na satisfa\u00e7\u00e3o dos mun\u00edcipes, j\u00e1 que os seus resultados permitir\u00e3o desenvolver um prot\u00f3tipo demonstrativo de uma PGI que ser\u00e1 testada em tr\u00eas munic\u00edpios-piloto.<br \/>\nTrata-se, por isso, do primeiro passo, o qual se considera fundamental para definir as bases para a cria\u00e7\u00e3o de PGI inovadoras e mais avan\u00e7adas do que as atualmente existentes.<\/p>\n<\/div>\n<\/div>\n<div class=\"content__description\">\n<h2 class=\"content__description-inner\">Atividades<\/h2>\n<\/div>\n<div class=\"content__text\">\n<div class=\"content__text-inner\">\n<p>O projeto desenvolver-se-\u00e1 em 5 grandes atividades, de acordo com o seguinte esquema metodol\u00f3gico:<\/p>\n<\/div>\n<\/div>\n<div class=\"content__img\"><img loading=\"lazy\" decoding=\"async\" class=\"alignnone wp-image-10617 size-large\" src=\"https:\/\/anmp.pt\/wp-content\/uploads\/2020\/01\/Imagem2_inteligentes-1024x454.png\" alt=\"esquema metedol\u00f3gico\" width=\"1024\" height=\"454\" srcset=\"https:\/\/anmp.pt\/wp-content\/uploads\/2020\/01\/Imagem2_inteligentes-1024x454.png 1024w, https:\/\/anmp.pt\/wp-content\/uploads\/2020\/01\/Imagem2_inteligentes-300x133.png 300w, https:\/\/anmp.pt\/wp-content\/uploads\/2020\/01\/Imagem2_inteligentes-768x340.png 768w, https:\/\/anmp.pt\/wp-content\/uploads\/2020\/01\/Imagem2_inteligentes-1320x585.png 1320w, https:\/\/anmp.pt\/wp-content\/uploads\/2020\/01\/Imagem2_inteligentes.png 1349w\" sizes=\"auto, (max-width: 1024px) 100vw, 1024px\" \/><\/div>\n<div class=\"content__description\">\n<div><\/div>\n<div class=\"content__description-inner\">Detalhe por atividade<\/div>\n<\/div>\n<div class=\"content__text\">\n<div class=\"content__text-inner\">\n<p class=\"\">:: Atividade I<\/p>\n<\/div>\n<\/div>\n<div class=\"content__img\"><img loading=\"lazy\" decoding=\"async\" class=\"alignnone wp-image-10618 size-large\" src=\"https:\/\/anmp.pt\/wp-content\/uploads\/2020\/01\/Imagem3_inteligentes-1024x557.png\" alt=\"Atividade I\" width=\"1024\" height=\"557\" srcset=\"https:\/\/anmp.pt\/wp-content\/uploads\/2020\/01\/Imagem3_inteligentes-1024x557.png 1024w, https:\/\/anmp.pt\/wp-content\/uploads\/2020\/01\/Imagem3_inteligentes-300x163.png 300w, https:\/\/anmp.pt\/wp-content\/uploads\/2020\/01\/Imagem3_inteligentes-768x418.png 768w, https:\/\/anmp.pt\/wp-content\/uploads\/2020\/01\/Imagem3_inteligentes.png 1104w\" sizes=\"auto, (max-width: 1024px) 100vw, 1024px\" \/><\/div>\n<div class=\"content__text\">\n<div class=\"content__text-inner\">\n<p class=\"\">:: Atividade II<\/p>\n<\/div>\n<\/div>\n<div class=\"content__img\"><img loading=\"lazy\" decoding=\"async\" class=\"alignnone wp-image-10619 size-large\" src=\"https:\/\/anmp.pt\/wp-content\/uploads\/2020\/01\/Imagem4_inteligentes-1024x539.png\" alt=\"Atividade II\" width=\"1024\" height=\"539\" srcset=\"https:\/\/anmp.pt\/wp-content\/uploads\/2020\/01\/Imagem4_inteligentes-1024x539.png 1024w, https:\/\/anmp.pt\/wp-content\/uploads\/2020\/01\/Imagem4_inteligentes-300x158.png 300w, https:\/\/anmp.pt\/wp-content\/uploads\/2020\/01\/Imagem4_inteligentes-768x404.png 768w, https:\/\/anmp.pt\/wp-content\/uploads\/2020\/01\/Imagem4_inteligentes.png 1106w\" sizes=\"auto, (max-width: 1024px) 100vw, 1024px\" \/><\/div>\n<div class=\"content__text\">\n<div class=\"content__text-inner\">\n<p>:: Atividade III<\/p>\n<\/div>\n<\/div>\n<div class=\"content__img\"><img loading=\"lazy\" decoding=\"async\" class=\"alignnone wp-image-10620 size-large\" src=\"https:\/\/anmp.pt\/wp-content\/uploads\/2020\/01\/Imagem5_inteligentes-1024x545.png\" alt=\"Atividade III\" width=\"1024\" height=\"545\" srcset=\"https:\/\/anmp.pt\/wp-content\/uploads\/2020\/01\/Imagem5_inteligentes-1024x545.png 1024w, https:\/\/anmp.pt\/wp-content\/uploads\/2020\/01\/Imagem5_inteligentes-300x160.png 300w, https:\/\/anmp.pt\/wp-content\/uploads\/2020\/01\/Imagem5_inteligentes-768x409.png 768w, https:\/\/anmp.pt\/wp-content\/uploads\/2020\/01\/Imagem5_inteligentes.png 1110w\" sizes=\"auto, (max-width: 1024px) 100vw, 1024px\" \/><\/div>\n<div class=\"content__text\">\n<div class=\"content__text-inner\">\n<p>:: Atividade IV<\/p>\n<\/div>\n<\/div>\n<div class=\"content__img\"><img loading=\"lazy\" decoding=\"async\" class=\"alignnone wp-image-10621 size-large\" src=\"https:\/\/anmp.pt\/wp-content\/uploads\/2020\/01\/Imagem6_inteligentes-1024x555.png\" alt=\"Atividade IV\" width=\"1024\" height=\"555\" srcset=\"https:\/\/anmp.pt\/wp-content\/uploads\/2020\/01\/Imagem6_inteligentes-1024x555.png 1024w, https:\/\/anmp.pt\/wp-content\/uploads\/2020\/01\/Imagem6_inteligentes-300x162.png 300w, https:\/\/anmp.pt\/wp-content\/uploads\/2020\/01\/Imagem6_inteligentes-768x416.png 768w, https:\/\/anmp.pt\/wp-content\/uploads\/2020\/01\/Imagem6_inteligentes.png 1093w\" sizes=\"auto, (max-width: 1024px) 100vw, 1024px\" \/><\/div>\n<div class=\"content__description\">\n<div><\/div>\n<h3 class=\"content__description-inner\"><strong>Resultados Esperados<\/strong><\/h3>\n<\/div>\n<div class=\"content__text\">\n<div class=\"content__text-inner\">\n<p>O projeto visa atingir os seguintes resultados finais:<br \/>\n:: Identificar as melhores pr\u00e1ticas para integrar dados de todas as \u00e1reas de interven\u00e7\u00e3o dos munic\u00edpios, tendo em vista a utiliza\u00e7\u00e3o do conceito de dados abertos;<br \/>\n:: Posicionar estrategicamente os munic\u00edpios portugueses em mat\u00e9ria de intelig\u00eancia urbana, resultando numa base de informa\u00e7\u00e3o e conhecimento municipal de suporte \u00e0 tomada de decis\u00e3o das pol\u00edticas p\u00fablicas e dos atores econ\u00f3micos e sociais;<br \/>\n:: Melhorar o desempenho dos territ\u00f3rios, atrav\u00e9s da gera\u00e7\u00e3o de oportunidades de coopera\u00e7\u00e3o urbana;<br \/>\n:: Replicabilidade entre munic\u00edpios (principalmente) e para outras entidades da AP;<br \/>\n:: Incentivar a introdu\u00e7\u00e3o de importantes mudan\u00e7as ao n\u00edvel dos processos, servi\u00e7os prestados \u00e0 popula\u00e7\u00e3o e novos produtos, atrav\u00e9s da cria\u00e7\u00e3o das bases para o desenvolvimento PGI capazes de agregar diferentes silos de informa\u00e7\u00e3o;<br \/>\n:: Aumentar a efici\u00eancia e reduzir substancialmente os custos de contexto, ao potenciar iniciativas para a desmaterializa\u00e7\u00e3o e reengenharia dos servi\u00e7os municipais, assim como a integra\u00e7\u00e3o de sistemas de gest\u00e3o, promovendo por esta via uma governa\u00e7\u00e3o p\u00fablica inteligente no \u00e2mbito dos pilares das \u00absmart cities\u00bb;<br \/>\n:: Contribuir para revisitar os regulamentos e a legisla\u00e7\u00e3o em vigor, com vista ao est\u00edmulo do desenvolvimento de solu\u00e7\u00f5es urbanas inovadoras.<\/p>\n<\/div>\n<\/div>\n<p><\/p>","protected":false},"excerpt":{"rendered":"<p>D\u00e9sol\u00e9, cet article est seulement disponible en Portugu\u00eas. Objetivos Com o presente estudo pretende-se criar uma metodologia para o desenvolvimento de plataformas municipais de gest\u00e3o de informa\u00e7\u00e3o (PMGI). Esta metodologia permitir\u00e1 aproximar os munic\u00edpios do conceito de cidades inteligentes e proporcionar um crescimento conjunto, a partir da troca de informa\u00e7\u00e3o entre munic\u00edpios, Administra\u00e7\u00e3o P\u00fablica (AP) [&hellip;]<\/p>\n","protected":false},"author":1,"featured_media":0,"parent":10973,"menu_order":147,"comment_status":"closed","ping_status":"closed","template":"templates-map\/component-inteligent-mun-layout2.php","meta":{"_acf_changed":false,"_exactmetrics_skip_tracking":false,"_exactmetrics_sitenote_active":false,"_exactmetrics_sitenote_note":"","_exactmetrics_sitenote_category":0,"footnotes":""},"class_list":["post-10981","page","type-page","status-publish","hentry"],"acf":[],"yoast_head":"<!-- This site is optimized with the Yoast SEO plugin v23.9 - https:\/\/yoast.com\/wordpress\/plugins\/seo\/ -->\n<title><\/title>\n<meta name=\"robots\" content=\"index, follow, max-snippet:-1, max-image-preview:large, max-video-preview:-1\" \/>\n<link rel=\"canonical\" href=\"https:\/\/anmp.pt\/municipios-inteligentes\/apresentacao-do-projeto\/objetivos-e-atividades\/\" \/>\n<meta property=\"og:locale\" content=\"fr_FR\" \/>\n<meta property=\"og:type\" content=\"article\" \/>\n<meta property=\"og:title\" content=\"[:pt]Objetivos e atividades[:] - Portal Institucional\" \/>\n<meta property=\"og:description\" content=\"D\u00e9sol\u00e9, cet article est seulement disponible en Portugu\u00eas. Objetivos Com o presente estudo pretende-se criar uma metodologia para o desenvolvimento de plataformas municipais de gest\u00e3o de informa\u00e7\u00e3o (PMGI). Esta metodologia permitir\u00e1 aproximar os munic\u00edpios do conceito de cidades inteligentes e proporcionar um crescimento conjunto, a partir da troca de informa\u00e7\u00e3o entre munic\u00edpios, Administra\u00e7\u00e3o P\u00fablica (AP) [&hellip;]\" \/>\n<meta property=\"og:url\" content=\"https:\/\/anmp.pt\/municipios-inteligentes\/apresentacao-do-projeto\/objetivos-e-atividades\/\" \/>\n<meta property=\"og:site_name\" content=\"Portal Institucional\" \/>\n<meta property=\"article:publisher\" content=\"https:\/\/www.facebook.com\/ANMP.PT\" \/>\n<meta property=\"article:modified_time\" content=\"2020-05-04T10:52:44+00:00\" \/>\n<meta property=\"og:image\" content=\"https:\/\/anmp.pt\/wp-content\/uploads\/2020\/01\/Imagem1_inteligentes.png\" \/>\n\t<meta property=\"og:image:width\" content=\"391\" \/>\n\t<meta property=\"og:image:height\" content=\"463\" \/>\n\t<meta property=\"og:image:type\" content=\"image\/png\" \/>\n<meta name=\"twitter:card\" content=\"summary_large_image\" \/>\n<script type=\"application\/ld+json\" class=\"yoast-schema-graph\">{\"@context\":\"https:\/\/schema.org\",\"@graph\":[{\"@type\":\"WebPage\",\"@id\":\"https:\/\/anmp.pt\/municipios-inteligentes\/apresentacao-do-projeto\/objetivos-e-atividades\/\",\"url\":\"https:\/\/anmp.pt\/municipios-inteligentes\/apresentacao-do-projeto\/objetivos-e-atividades\/\",\"name\":\"[:pt]Objetivos e atividades[:] - Portal Institucional\",\"isPartOf\":{\"@id\":\"https:\/\/anmp.pt\/#website\"},\"primaryImageOfPage\":{\"@id\":\"https:\/\/anmp.pt\/municipios-inteligentes\/apresentacao-do-projeto\/objetivos-e-atividades\/#primaryimage\"},\"image\":{\"@id\":\"https:\/\/anmp.pt\/municipios-inteligentes\/apresentacao-do-projeto\/objetivos-e-atividades\/#primaryimage\"},\"thumbnailUrl\":\"https:\/\/anmp.pt\/wp-content\/uploads\/2020\/01\/Imagem1_inteligentes-253x300.png\",\"datePublished\":\"2020-02-03T16:20:47+00:00\",\"dateModified\":\"2020-05-04T10:52:44+00:00\",\"breadcrumb\":{\"@id\":\"https:\/\/anmp.pt\/municipios-inteligentes\/apresentacao-do-projeto\/objetivos-e-atividades\/#breadcrumb\"},\"inLanguage\":\"fr-FR\",\"potentialAction\":[{\"@type\":\"ReadAction\",\"target\":[\"https:\/\/anmp.pt\/municipios-inteligentes\/apresentacao-do-projeto\/objetivos-e-atividades\/\"]}]},{\"@type\":\"ImageObject\",\"inLanguage\":\"fr-FR\",\"@id\":\"https:\/\/anmp.pt\/municipios-inteligentes\/apresentacao-do-projeto\/objetivos-e-atividades\/#primaryimage\",\"url\":\"https:\/\/anmp.pt\/wp-content\/uploads\/2020\/01\/Imagem1_inteligentes-253x300.png\",\"contentUrl\":\"https:\/\/anmp.pt\/wp-content\/uploads\/2020\/01\/Imagem1_inteligentes-253x300.png\"},{\"@type\":\"BreadcrumbList\",\"@id\":\"https:\/\/anmp.pt\/municipios-inteligentes\/apresentacao-do-projeto\/objetivos-e-atividades\/#breadcrumb\",\"itemListElement\":[{\"@type\":\"ListItem\",\"position\":1,\"name\":\"In\u00edcio\",\"item\":\"https:\/\/anmp.pt\/\"},{\"@type\":\"ListItem\",\"position\":2,\"name\":\"Munic\u00edpios + inteligentes\",\"item\":\"https:\/\/anmp.pt\/municipios-inteligentes\/\"},{\"@type\":\"ListItem\",\"position\":3,\"name\":\"Apresenta\u00e7\u00e3o do Projeto\",\"item\":\"https:\/\/anmp.pt\/municipios-inteligentes\/apresentacao-do-projeto\/\"},{\"@type\":\"ListItem\",\"position\":4,\"name\":\"Objetivos e atividades\"}]},{\"@type\":\"WebSite\",\"@id\":\"https:\/\/anmp.pt\/#website\",\"url\":\"https:\/\/anmp.pt\/\",\"name\":\"Associa\u00e7\u00e3o Nacional de Munic\u00edpios Portugueses\",\"description\":\"Portal Institucional\",\"publisher\":{\"@id\":\"https:\/\/anmp.pt\/#organization\"},\"potentialAction\":[{\"@type\":\"SearchAction\",\"target\":{\"@type\":\"EntryPoint\",\"urlTemplate\":\"https:\/\/anmp.pt\/?s={search_term_string}\"},\"query-input\":{\"@type\":\"PropertyValueSpecification\",\"valueRequired\":true,\"valueName\":\"search_term_string\"}}],\"inLanguage\":\"fr-FR\"},{\"@type\":\"Organization\",\"@id\":\"https:\/\/anmp.pt\/#organization\",\"name\":\"Associa\u00e7\u00e3o Nacional de Munic\u00edpios Portugueses\",\"url\":\"https:\/\/anmp.pt\/\",\"logo\":{\"@type\":\"ImageObject\",\"inLanguage\":\"fr-FR\",\"@id\":\"https:\/\/anmp.pt\/#\/schema\/logo\/image\/\",\"url\":\"https:\/\/anmp.pt\/wp-content\/uploads\/2020\/06\/logo980400.png\",\"contentUrl\":\"https:\/\/anmp.pt\/wp-content\/uploads\/2020\/06\/logo980400.png\",\"width\":980,\"height\":400,\"caption\":\"Associa\u00e7\u00e3o Nacional de Munic\u00edpios Portugueses\"},\"image\":{\"@id\":\"https:\/\/anmp.pt\/#\/schema\/logo\/image\/\"},\"sameAs\":[\"https:\/\/www.facebook.com\/ANMP.PT\"]}]}<\/script>\n<!-- \/ Yoast SEO plugin. -->","yoast_head_json":{"title":"[:pt]Objetivos e atividades[:] - Portal Institucional","robots":{"index":"index","follow":"follow","max-snippet":"max-snippet:-1","max-image-preview":"max-image-preview:large","max-video-preview":"max-video-preview:-1"},"canonical":"https:\/\/anmp.pt\/municipios-inteligentes\/apresentacao-do-projeto\/objetivos-e-atividades\/","og_locale":"fr_FR","og_type":"article","og_title":"[:pt]Objetivos e atividades[:] - Portal Institucional","og_description":"D\u00e9sol\u00e9, cet article est seulement disponible en Portugu\u00eas. Objetivos Com o presente estudo pretende-se criar uma metodologia para o desenvolvimento de plataformas municipais de gest\u00e3o de informa\u00e7\u00e3o (PMGI). Esta metodologia permitir\u00e1 aproximar os munic\u00edpios do conceito de cidades inteligentes e proporcionar um crescimento conjunto, a partir da troca de informa\u00e7\u00e3o entre munic\u00edpios, Administra\u00e7\u00e3o P\u00fablica (AP) [&hellip;]","og_url":"https:\/\/anmp.pt\/municipios-inteligentes\/apresentacao-do-projeto\/objetivos-e-atividades\/","og_site_name":"Portal Institucional","article_publisher":"https:\/\/www.facebook.com\/ANMP.PT","article_modified_time":"2020-05-04T10:52:44+00:00","og_image":[{"width":391,"height":463,"url":"https:\/\/anmp.pt\/wp-content\/uploads\/2020\/01\/Imagem1_inteligentes.png","type":"image\/png"}],"twitter_card":"summary_large_image","schema":{"@context":"https:\/\/schema.org","@graph":[{"@type":"WebPage","@id":"https:\/\/anmp.pt\/municipios-inteligentes\/apresentacao-do-projeto\/objetivos-e-atividades\/","url":"https:\/\/anmp.pt\/municipios-inteligentes\/apresentacao-do-projeto\/objetivos-e-atividades\/","name":"[:pt]Objetivos e atividades[:] - Portal Institucional","isPartOf":{"@id":"https:\/\/anmp.pt\/#website"},"primaryImageOfPage":{"@id":"https:\/\/anmp.pt\/municipios-inteligentes\/apresentacao-do-projeto\/objetivos-e-atividades\/#primaryimage"},"image":{"@id":"https:\/\/anmp.pt\/municipios-inteligentes\/apresentacao-do-projeto\/objetivos-e-atividades\/#primaryimage"},"thumbnailUrl":"https:\/\/anmp.pt\/wp-content\/uploads\/2020\/01\/Imagem1_inteligentes-253x300.png","datePublished":"2020-02-03T16:20:47+00:00","dateModified":"2020-05-04T10:52:44+00:00","breadcrumb":{"@id":"https:\/\/anmp.pt\/municipios-inteligentes\/apresentacao-do-projeto\/objetivos-e-atividades\/#breadcrumb"},"inLanguage":"fr-FR","potentialAction":[{"@type":"ReadAction","target":["https:\/\/anmp.pt\/municipios-inteligentes\/apresentacao-do-projeto\/objetivos-e-atividades\/"]}]},{"@type":"ImageObject","inLanguage":"fr-FR","@id":"https:\/\/anmp.pt\/municipios-inteligentes\/apresentacao-do-projeto\/objetivos-e-atividades\/#primaryimage","url":"https:\/\/anmp.pt\/wp-content\/uploads\/2020\/01\/Imagem1_inteligentes-253x300.png","contentUrl":"https:\/\/anmp.pt\/wp-content\/uploads\/2020\/01\/Imagem1_inteligentes-253x300.png"},{"@type":"BreadcrumbList","@id":"https:\/\/anmp.pt\/municipios-inteligentes\/apresentacao-do-projeto\/objetivos-e-atividades\/#breadcrumb","itemListElement":[{"@type":"ListItem","position":1,"name":"In\u00edcio","item":"https:\/\/anmp.pt\/"},{"@type":"ListItem","position":2,"name":"Munic\u00edpios + inteligentes","item":"https:\/\/anmp.pt\/municipios-inteligentes\/"},{"@type":"ListItem","position":3,"name":"Apresenta\u00e7\u00e3o do Projeto","item":"https:\/\/anmp.pt\/municipios-inteligentes\/apresentacao-do-projeto\/"},{"@type":"ListItem","position":4,"name":"Objetivos e atividades"}]},{"@type":"WebSite","@id":"https:\/\/anmp.pt\/#website","url":"https:\/\/anmp.pt\/","name":"Associa\u00e7\u00e3o Nacional de Munic\u00edpios Portugueses","description":"Portal Institucional","publisher":{"@id":"https:\/\/anmp.pt\/#organization"},"potentialAction":[{"@type":"SearchAction","target":{"@type":"EntryPoint","urlTemplate":"https:\/\/anmp.pt\/?s={search_term_string}"},"query-input":{"@type":"PropertyValueSpecification","valueRequired":true,"valueName":"search_term_string"}}],"inLanguage":"fr-FR"},{"@type":"Organization","@id":"https:\/\/anmp.pt\/#organization","name":"Associa\u00e7\u00e3o Nacional de Munic\u00edpios Portugueses","url":"https:\/\/anmp.pt\/","logo":{"@type":"ImageObject","inLanguage":"fr-FR","@id":"https:\/\/anmp.pt\/#\/schema\/logo\/image\/","url":"https:\/\/anmp.pt\/wp-content\/uploads\/2020\/06\/logo980400.png","contentUrl":"https:\/\/anmp.pt\/wp-content\/uploads\/2020\/06\/logo980400.png","width":980,"height":400,"caption":"Associa\u00e7\u00e3o Nacional de Munic\u00edpios Portugueses"},"image":{"@id":"https:\/\/anmp.pt\/#\/schema\/logo\/image\/"},"sameAs":["https:\/\/www.facebook.com\/ANMP.PT"]}]}},"_links":{"self":[{"href":"https:\/\/anmp.pt\/fr\/wp-json\/wp\/v2\/pages\/10981","targetHints":{"allow":["GET"]}}],"collection":[{"href":"https:\/\/anmp.pt\/fr\/wp-json\/wp\/v2\/pages"}],"about":[{"href":"https:\/\/anmp.pt\/fr\/wp-json\/wp\/v2\/types\/page"}],"author":[{"embeddable":true,"href":"https:\/\/anmp.pt\/fr\/wp-json\/wp\/v2\/users\/1"}],"replies":[{"embeddable":true,"href":"https:\/\/anmp.pt\/fr\/wp-json\/wp\/v2\/comments?post=10981"}],"version-history":[{"count":0,"href":"https:\/\/anmp.pt\/fr\/wp-json\/wp\/v2\/pages\/10981\/revisions"}],"up":[{"embeddable":true,"href":"https:\/\/anmp.pt\/fr\/wp-json\/wp\/v2\/pages\/10973"}],"wp:attachment":[{"href":"https:\/\/anmp.pt\/fr\/wp-json\/wp\/v2\/media?parent=10981"}],"curies":[{"name":"wp","href":"https:\/\/api.w.org\/{rel}","templated":true}]}}