{"id":11016,"date":"2020-02-03T16:27:50","date_gmt":"2020-02-03T16:27:50","guid":{"rendered":"https:\/\/anmp.pt\/?page_id=11016"},"modified":"2020-09-30T12:09:16","modified_gmt":"2020-09-30T11:09:16","slug":"lisboa","status":"publish","type":"page","link":"https:\/\/anmp.pt\/fr\/municipios-inteligentes\/roadshow-de-divulgacao\/lisboa\/","title":{"rendered":"(Portugu\u00eas) Lisboa"},"content":{"rendered":"<p class=\"qtranxs-available-languages-message qtranxs-available-languages-message-fr\">D\u00e9sol\u00e9, cet article est seulement disponible en <a href=\"https:\/\/anmp.pt\/pt\/wp-json\/wp\/v2\/pages\/11016\" class=\"qtranxs-available-language-link qtranxs-available-language-link-pt\" title=\"Portugu\u00eas\">Portugu\u00eas<\/a>.<\/p><p>Sess\u00e3o dedicada aos munic\u00edpios de Lisboa e Vale do Tejo<\/p>\n<p>Data: 16 de setembro<br \/>\nLocal: Sess\u00e3o online<\/p>\n<p>:: <a href=\"https:\/\/www.anmp.pt\/wp-content\/uploads\/2020\/09\/RaodShowProgramaLVT.pdf\" target=\"_blank\" rel=\"noopener\">Programa<\/a><\/p>\n<div class=\"content\">\n<div class=\"inner\">\n<p>Apresenta\u00e7\u00f5es<\/p>\n<p>:: <a href=\"https:\/\/www.anmp.pt\/wp-content\/uploads\/2020\/09\/Roadshow_NovaLisboa.pdf\" target=\"_blank\" rel=\"noopener\">Miguel de Castro Neto, Nova Cidade<\/a><\/p>\n<p>:: <a href=\"https:\/\/www.anmp.pt\/wp-content\/uploads\/2020\/09\/Roadshow_EY.pdf\" target=\"_blank\" rel=\"noopener\">Carlos Lobo, EY<\/a><\/p>\n<\/div>\n<\/div>\n<hr \/>\n<p>&nbsp;<\/p>","protected":false},"excerpt":{"rendered":"<p>D\u00e9sol\u00e9, cet article est seulement disponible en Portugu\u00eas.Sess\u00e3o dedicada aos munic\u00edpios de Lisboa e Vale do Tejo Data: 16 de setembro Local: Sess\u00e3o online :: Programa Apresenta\u00e7\u00f5es :: Miguel de Castro Neto, Nova Cidade :: Carlos Lobo, EY &nbsp;<\/p>\n","protected":false},"author":1,"featured_media":0,"parent":10979,"menu_order":116,"comment_status":"closed","ping_status":"closed","template":"templates-map\/component-inteligent-mun-layout2.php","meta":{"_acf_changed":false,"_exactmetrics_skip_tracking":false,"_exactmetrics_sitenote_active":false,"_exactmetrics_sitenote_note":"","_exactmetrics_sitenote_category":0,"footnotes":""},"class_list":["post-11016","page","type-page","status-publish","hentry"],"acf":[],"yoast_head":"<!-- This site is optimized with the Yoast SEO plugin v23.9 - https:\/\/yoast.com\/wordpress\/plugins\/seo\/ -->\n<title><\/title>\n<meta name=\"robots\" content=\"index, follow, max-snippet:-1, max-image-preview:large, max-video-preview:-1\" \/>\n<link rel=\"canonical\" href=\"https:\/\/anmp.pt\/municipios-inteligentes\/roadshow-de-divulgacao\/lisboa\/\" \/>\n<meta property=\"og:locale\" content=\"fr_FR\" \/>\n<meta property=\"og:type\" content=\"article\" \/>\n<meta property=\"og:title\" content=\"[:pt]Lisboa[:] - Portal Institucional\" \/>\n<meta property=\"og:description\" content=\"D\u00e9sol\u00e9, cet article est seulement disponible en Portugu\u00eas.Sess\u00e3o dedicada aos munic\u00edpios de Lisboa e Vale do Tejo Data: 16 de setembro Local: Sess\u00e3o online :: Programa Apresenta\u00e7\u00f5es :: Miguel de Castro Neto, Nova Cidade :: Carlos Lobo, EY &nbsp;\" \/>\n<meta property=\"og:url\" content=\"https:\/\/anmp.pt\/municipios-inteligentes\/roadshow-de-divulgacao\/lisboa\/\" \/>\n<meta property=\"og:site_name\" content=\"Portal Institucional\" \/>\n<meta property=\"article:publisher\" content=\"https:\/\/www.facebook.com\/ANMP.PT\" \/>\n<meta property=\"article:modified_time\" content=\"2020-09-30T11:09:16+00:00\" \/>\n<meta name=\"twitter:card\" content=\"summary_large_image\" \/>\n<script type=\"application\/ld+json\" class=\"yoast-schema-graph\">{\"@context\":\"https:\/\/schema.org\",\"@graph\":[{\"@type\":\"WebPage\",\"@id\":\"https:\/\/anmp.pt\/municipios-inteligentes\/roadshow-de-divulgacao\/lisboa\/\",\"url\":\"https:\/\/anmp.pt\/municipios-inteligentes\/roadshow-de-divulgacao\/lisboa\/\",\"name\":\"[:pt]Lisboa[:] - Portal Institucional\",\"isPartOf\":{\"@id\":\"https:\/\/anmp.pt\/#website\"},\"datePublished\":\"2020-02-03T16:27:50+00:00\",\"dateModified\":\"2020-09-30T11:09:16+00:00\",\"breadcrumb\":{\"@id\":\"https:\/\/anmp.pt\/municipios-inteligentes\/roadshow-de-divulgacao\/lisboa\/#breadcrumb\"},\"inLanguage\":\"fr-FR\",\"potentialAction\":[{\"@type\":\"ReadAction\",\"target\":[\"https:\/\/anmp.pt\/municipios-inteligentes\/roadshow-de-divulgacao\/lisboa\/\"]}]},{\"@type\":\"BreadcrumbList\",\"@id\":\"https:\/\/anmp.pt\/municipios-inteligentes\/roadshow-de-divulgacao\/lisboa\/#breadcrumb\",\"itemListElement\":[{\"@type\":\"ListItem\",\"position\":1,\"name\":\"In\u00edcio\",\"item\":\"https:\/\/anmp.pt\/\"},{\"@type\":\"ListItem\",\"position\":2,\"name\":\"Munic\u00edpios + inteligentes\",\"item\":\"https:\/\/anmp.pt\/municipios-inteligentes\/\"},{\"@type\":\"ListItem\",\"position\":3,\"name\":\"Roadshow de divulga\u00e7\u00e3o\",\"item\":\"https:\/\/anmp.pt\/municipios-inteligentes\/roadshow-de-divulgacao\/\"},{\"@type\":\"ListItem\",\"position\":4,\"name\":\"Lisboa\"}]},{\"@type\":\"WebSite\",\"@id\":\"https:\/\/anmp.pt\/#website\",\"url\":\"https:\/\/anmp.pt\/\",\"name\":\"Associa\u00e7\u00e3o Nacional de Munic\u00edpios Portugueses\",\"description\":\"Portal Institucional\",\"publisher\":{\"@id\":\"https:\/\/anmp.pt\/#organization\"},\"potentialAction\":[{\"@type\":\"SearchAction\",\"target\":{\"@type\":\"EntryPoint\",\"urlTemplate\":\"https:\/\/anmp.pt\/?s={search_term_string}\"},\"query-input\":{\"@type\":\"PropertyValueSpecification\",\"valueRequired\":true,\"valueName\":\"search_term_string\"}}],\"inLanguage\":\"fr-FR\"},{\"@type\":\"Organization\",\"@id\":\"https:\/\/anmp.pt\/#organization\",\"name\":\"Associa\u00e7\u00e3o Nacional de Munic\u00edpios Portugueses\",\"url\":\"https:\/\/anmp.pt\/\",\"logo\":{\"@type\":\"ImageObject\",\"inLanguage\":\"fr-FR\",\"@id\":\"https:\/\/anmp.pt\/#\/schema\/logo\/image\/\",\"url\":\"https:\/\/anmp.pt\/wp-content\/uploads\/2020\/06\/logo980400.png\",\"contentUrl\":\"https:\/\/anmp.pt\/wp-content\/uploads\/2020\/06\/logo980400.png\",\"width\":980,\"height\":400,\"caption\":\"Associa\u00e7\u00e3o Nacional de Munic\u00edpios Portugueses\"},\"image\":{\"@id\":\"https:\/\/anmp.pt\/#\/schema\/logo\/image\/\"},\"sameAs\":[\"https:\/\/www.facebook.com\/ANMP.PT\"]}]}<\/script>\n<!-- \/ Yoast SEO plugin. -->","yoast_head_json":{"title":"[:pt]Lisboa[:] - Portal Institucional","robots":{"index":"index","follow":"follow","max-snippet":"max-snippet:-1","max-image-preview":"max-image-preview:large","max-video-preview":"max-video-preview:-1"},"canonical":"https:\/\/anmp.pt\/municipios-inteligentes\/roadshow-de-divulgacao\/lisboa\/","og_locale":"fr_FR","og_type":"article","og_title":"[:pt]Lisboa[:] - Portal Institucional","og_description":"D\u00e9sol\u00e9, cet article est seulement disponible en Portugu\u00eas.Sess\u00e3o dedicada aos munic\u00edpios de Lisboa e Vale do Tejo Data: 16 de setembro Local: Sess\u00e3o online :: Programa Apresenta\u00e7\u00f5es :: Miguel de Castro Neto, Nova Cidade :: Carlos Lobo, EY &nbsp;","og_url":"https:\/\/anmp.pt\/municipios-inteligentes\/roadshow-de-divulgacao\/lisboa\/","og_site_name":"Portal Institucional","article_publisher":"https:\/\/www.facebook.com\/ANMP.PT","article_modified_time":"2020-09-30T11:09:16+00:00","twitter_card":"summary_large_image","schema":{"@context":"https:\/\/schema.org","@graph":[{"@type":"WebPage","@id":"https:\/\/anmp.pt\/municipios-inteligentes\/roadshow-de-divulgacao\/lisboa\/","url":"https:\/\/anmp.pt\/municipios-inteligentes\/roadshow-de-divulgacao\/lisboa\/","name":"[:pt]Lisboa[:] - Portal Institucional","isPartOf":{"@id":"https:\/\/anmp.pt\/#website"},"datePublished":"2020-02-03T16:27:50+00:00","dateModified":"2020-09-30T11:09:16+00:00","breadcrumb":{"@id":"https:\/\/anmp.pt\/municipios-inteligentes\/roadshow-de-divulgacao\/lisboa\/#breadcrumb"},"inLanguage":"fr-FR","potentialAction":[{"@type":"ReadAction","target":["https:\/\/anmp.pt\/municipios-inteligentes\/roadshow-de-divulgacao\/lisboa\/"]}]},{"@type":"BreadcrumbList","@id":"https:\/\/anmp.pt\/municipios-inteligentes\/roadshow-de-divulgacao\/lisboa\/#breadcrumb","itemListElement":[{"@type":"ListItem","position":1,"name":"In\u00edcio","item":"https:\/\/anmp.pt\/"},{"@type":"ListItem","position":2,"name":"Munic\u00edpios + inteligentes","item":"https:\/\/anmp.pt\/municipios-inteligentes\/"},{"@type":"ListItem","position":3,"name":"Roadshow de divulga\u00e7\u00e3o","item":"https:\/\/anmp.pt\/municipios-inteligentes\/roadshow-de-divulgacao\/"},{"@type":"ListItem","position":4,"name":"Lisboa"}]},{"@type":"WebSite","@id":"https:\/\/anmp.pt\/#website","url":"https:\/\/anmp.pt\/","name":"Associa\u00e7\u00e3o Nacional de Munic\u00edpios Portugueses","description":"Portal Institucional","publisher":{"@id":"https:\/\/anmp.pt\/#organization"},"potentialAction":[{"@type":"SearchAction","target":{"@type":"EntryPoint","urlTemplate":"https:\/\/anmp.pt\/?s={search_term_string}"},"query-input":{"@type":"PropertyValueSpecification","valueRequired":true,"valueName":"search_term_string"}}],"inLanguage":"fr-FR"},{"@type":"Organization","@id":"https:\/\/anmp.pt\/#organization","name":"Associa\u00e7\u00e3o Nacional de Munic\u00edpios Portugueses","url":"https:\/\/anmp.pt\/","logo":{"@type":"ImageObject","inLanguage":"fr-FR","@id":"https:\/\/anmp.pt\/#\/schema\/logo\/image\/","url":"https:\/\/anmp.pt\/wp-content\/uploads\/2020\/06\/logo980400.png","contentUrl":"https:\/\/anmp.pt\/wp-content\/uploads\/2020\/06\/logo980400.png","width":980,"height":400,"caption":"Associa\u00e7\u00e3o Nacional de Munic\u00edpios Portugueses"},"image":{"@id":"https:\/\/anmp.pt\/#\/schema\/logo\/image\/"},"sameAs":["https:\/\/www.facebook.com\/ANMP.PT"]}]}},"_links":{"self":[{"href":"https:\/\/anmp.pt\/fr\/wp-json\/wp\/v2\/pages\/11016","targetHints":{"allow":["GET"]}}],"collection":[{"href":"https:\/\/anmp.pt\/fr\/wp-json\/wp\/v2\/pages"}],"about":[{"href":"https:\/\/anmp.pt\/fr\/wp-json\/wp\/v2\/types\/page"}],"author":[{"embeddable":true,"href":"https:\/\/anmp.pt\/fr\/wp-json\/wp\/v2\/users\/1"}],"replies":[{"embeddable":true,"href":"https:\/\/anmp.pt\/fr\/wp-json\/wp\/v2\/comments?post=11016"}],"version-history":[{"count":0,"href":"https:\/\/anmp.pt\/fr\/wp-json\/wp\/v2\/pages\/11016\/revisions"}],"up":[{"embeddable":true,"href":"https:\/\/anmp.pt\/fr\/wp-json\/wp\/v2\/pages\/10979"}],"wp:attachment":[{"href":"https:\/\/anmp.pt\/fr\/wp-json\/wp\/v2\/media?parent=11016"}],"curies":[{"name":"wp","href":"https:\/\/api.w.org\/{rel}","templated":true}]}}