{"id":1419,"date":"2019-08-09T12:19:35","date_gmt":"2019-08-09T11:19:35","guid":{"rendered":"https:\/\/anmp.pt\/?page_id=1419"},"modified":"2026-01-22T16:01:53","modified_gmt":"2026-01-22T16:01:53","slug":"politica-de-privacidade","status":"publish","type":"page","link":"https:\/\/anmp.pt\/fr\/politica-de-privacidade\/","title":{"rendered":"Politique de confidentialit\u00e9"},"content":{"rendered":"<p><\/p>\n<p><\/p>\n<p><span class=\"Y2IQFc\" lang=\"fr\">Questions juridiques relatives \u00e0 l&rsquo;utilisation des photos et du contenu du site web L&rsquo;utilisation des photos et du contenu du site web dans des \u0153uvres ou des publications est soumise \u00e0 l&rsquo;autorisation de l&rsquo;ANMP.<\/span><\/p>\n<p><span class=\"Y2IQFc\" lang=\"fr\">Le logo de l&rsquo;ANMP peut \u00eatre utilis\u00e9 par ses membres et d&rsquo;autres entit\u00e9s ou personnes, sous r\u00e9serve d&rsquo;une autorisation expresse de l&rsquo;ANMP.<\/span><\/p>\n<h3><span class=\"Y2IQFc\" lang=\"fr\">Confidentialit\u00e9 et s\u00e9curit\u00e9<\/span><\/h3>\n<p><span class=\"Y2IQFc\" lang=\"fr\">L&rsquo;ANMP, responsable du site web, s&rsquo;engage \u00e0 assurer le traitement rigoureux des donn\u00e9es qu&rsquo;elle collecte ou qui lui sont fournies par des tiers (communes, CIM, associations de communes, paroisses et autres entit\u00e9s).<\/span><\/p>\n<p><span class=\"Y2IQFc\" lang=\"fr\">En r\u00e8gle g\u00e9n\u00e9rale, ce site web n&rsquo;a pas pour objectif de collecter des donn\u00e9es personnelles, mais plut\u00f4t de traiter et de structurer des informations g\u00e9n\u00e9rales que nous jugeons utiles. Les personnes concern\u00e9es par les informations diffus\u00e9es disposent n\u00e9anmoins du droit d&rsquo;apporter les pr\u00e9cisions demand\u00e9es, ainsi que du droit d&rsquo;acc\u00e9der aux donn\u00e9es publi\u00e9es sur ce site, de les rectifier ou de les supprimer.<\/span><\/p>\n<h3><span class=\"Y2IQFc\" lang=\"fr\">Liens<\/span><\/h3>\n<p><span class=\"Y2IQFc\" lang=\"fr\">Notre site web contient des liens vers d&rsquo;autres sites web. L&rsquo;ANMP d\u00e9cline toute responsabilit\u00e9 quant aux politiques de confidentialit\u00e9 et au contenu de ces sites. Les suggestions, r\u00e9clamations et opinions peuvent \u00eatre envoy\u00e9es \u00e0 l&rsquo;adresse de l&rsquo;ANMP : anmp@anmp.pt<\/span><\/p>\n<p><\/p>","protected":false},"excerpt":{"rendered":"<p>Questions juridiques relatives \u00e0 l&rsquo;utilisation des photos et du contenu du site web L&rsquo;utilisation des photos et du contenu du site web dans des \u0153uvres ou des publications est soumise \u00e0 l&rsquo;autorisation de l&rsquo;ANMP. Le logo de l&rsquo;ANMP peut \u00eatre utilis\u00e9 par ses membres et d&rsquo;autres entit\u00e9s ou personnes, sous r\u00e9serve d&rsquo;une autorisation expresse de [&hellip;]<\/p>\n","protected":false},"author":1,"featured_media":0,"parent":0,"menu_order":163,"comment_status":"closed","ping_status":"closed","template":"templates-map\/component-text-layout1.php","meta":{"_acf_changed":false,"_exactmetrics_skip_tracking":false,"_exactmetrics_sitenote_active":false,"_exactmetrics_sitenote_note":"","_exactmetrics_sitenote_category":0,"footnotes":""},"class_list":["post-1419","page","type-page","status-publish","hentry"],"acf":[],"yoast_head":"<!-- This site is optimized with the Yoast SEO plugin v27.5 - https:\/\/yoast.com\/product\/yoast-seo-wordpress\/ -->\n<title>Politique de confidentialit\u00e9 - Portal Institucional<\/title>\n<meta name=\"robots\" content=\"index, follow, max-snippet:-1, max-image-preview:large, max-video-preview:-1\" \/>\n<link rel=\"canonical\" href=\"https:\/\/anmp.pt\/politica-de-privacidade\/\" \/>\n<meta property=\"og:locale\" content=\"fr_FR\" \/>\n<meta property=\"og:type\" content=\"article\" \/>\n<meta property=\"og:title\" content=\"[:pt]Pol\u00edtica de Privacidade[:en]Privacy Policy[:fr]Politique de confidentialit\u00e9[:es]Pol\u00edtica de privacidad[:] - Portal Institucional\" \/>\n<meta property=\"og:description\" content=\"Questions juridiques relatives \u00e0 l&rsquo;utilisation des photos et du contenu du site web L&rsquo;utilisation des photos et du contenu du site web dans des \u0153uvres ou des publications est soumise \u00e0 l&rsquo;autorisation de l&rsquo;ANMP. Le logo de l&rsquo;ANMP peut \u00eatre utilis\u00e9 par ses membres et d&rsquo;autres entit\u00e9s ou personnes, sous r\u00e9serve d&rsquo;une autorisation expresse de [&hellip;]\" \/>\n<meta property=\"og:url\" content=\"https:\/\/anmp.pt\/politica-de-privacidade\/\" \/>\n<meta property=\"og:site_name\" content=\"Portal Institucional\" \/>\n<meta property=\"article:publisher\" content=\"https:\/\/www.facebook.com\/ANMP.PT\" \/>\n<meta property=\"article:modified_time\" content=\"2026-01-22T16:01:53+00:00\" \/>\n<meta name=\"twitter:card\" content=\"summary_large_image\" \/>\n<script type=\"application\/ld+json\" class=\"yoast-schema-graph\">{\"@context\":\"https:\\\/\\\/schema.org\",\"@graph\":[{\"@type\":\"WebPage\",\"@id\":\"https:\\\/\\\/anmp.pt\\\/politica-de-privacidade\\\/\",\"url\":\"https:\\\/\\\/anmp.pt\\\/politica-de-privacidade\\\/\",\"name\":\"[:pt]Pol\u00edtica de Privacidade[:en]Privacy Policy[:fr]Politique de confidentialit\u00e9[:es]Pol\u00edtica de privacidad[:] - Portal Institucional\",\"isPartOf\":{\"@id\":\"https:\\\/\\\/anmp.pt\\\/#website\"},\"datePublished\":\"2019-08-09T11:19:35+00:00\",\"dateModified\":\"2026-01-22T16:01:53+00:00\",\"breadcrumb\":{\"@id\":\"https:\\\/\\\/anmp.pt\\\/politica-de-privacidade\\\/#breadcrumb\"},\"inLanguage\":\"fr-FR\",\"potentialAction\":[{\"@type\":\"ReadAction\",\"target\":[\"https:\\\/\\\/anmp.pt\\\/politica-de-privacidade\\\/\"]}]},{\"@type\":\"BreadcrumbList\",\"@id\":\"https:\\\/\\\/anmp.pt\\\/politica-de-privacidade\\\/#breadcrumb\",\"itemListElement\":[{\"@type\":\"ListItem\",\"position\":1,\"name\":\"In\u00edcio\",\"item\":\"https:\\\/\\\/anmp.pt\\\/\"},{\"@type\":\"ListItem\",\"position\":2,\"name\":\"Pol\u00edtica de Privacidade\"}]},{\"@type\":\"WebSite\",\"@id\":\"https:\\\/\\\/anmp.pt\\\/#website\",\"url\":\"https:\\\/\\\/anmp.pt\\\/\",\"name\":\"Associa\u00e7\u00e3o Nacional de Munic\u00edpios Portugueses\",\"description\":\"Portal Institucional\",\"publisher\":{\"@id\":\"https:\\\/\\\/anmp.pt\\\/#organization\"},\"potentialAction\":[{\"@type\":\"SearchAction\",\"target\":{\"@type\":\"EntryPoint\",\"urlTemplate\":\"https:\\\/\\\/anmp.pt\\\/?s={search_term_string}\"},\"query-input\":{\"@type\":\"PropertyValueSpecification\",\"valueRequired\":true,\"valueName\":\"search_term_string\"}}],\"inLanguage\":\"fr-FR\"},{\"@type\":\"Organization\",\"@id\":\"https:\\\/\\\/anmp.pt\\\/#organization\",\"name\":\"Associa\u00e7\u00e3o Nacional de Munic\u00edpios Portugueses\",\"url\":\"https:\\\/\\\/anmp.pt\\\/\",\"logo\":{\"@type\":\"ImageObject\",\"inLanguage\":\"fr-FR\",\"@id\":\"https:\\\/\\\/anmp.pt\\\/#\\\/schema\\\/logo\\\/image\\\/\",\"url\":\"https:\\\/\\\/anmp.pt\\\/wp-content\\\/uploads\\\/2020\\\/06\\\/logo980400.png\",\"contentUrl\":\"https:\\\/\\\/anmp.pt\\\/wp-content\\\/uploads\\\/2020\\\/06\\\/logo980400.png\",\"width\":980,\"height\":400,\"caption\":\"Associa\u00e7\u00e3o Nacional de Munic\u00edpios Portugueses\"},\"image\":{\"@id\":\"https:\\\/\\\/anmp.pt\\\/#\\\/schema\\\/logo\\\/image\\\/\"},\"sameAs\":[\"https:\\\/\\\/www.facebook.com\\\/ANMP.PT\"]}]}<\/script>\n<!-- \/ Yoast SEO plugin. -->","yoast_head_json":{"title":"[:pt]Pol\u00edtica de Privacidade[:en]Privacy Policy[:fr]Politique de confidentialit\u00e9[:es]Pol\u00edtica de privacidad[:] - Portal Institucional","robots":{"index":"index","follow":"follow","max-snippet":"max-snippet:-1","max-image-preview":"max-image-preview:large","max-video-preview":"max-video-preview:-1"},"canonical":"https:\/\/anmp.pt\/politica-de-privacidade\/","og_locale":"fr_FR","og_type":"article","og_title":"[:pt]Pol\u00edtica de Privacidade[:en]Privacy Policy[:fr]Politique de confidentialit\u00e9[:es]Pol\u00edtica de privacidad[:] - Portal Institucional","og_description":"Questions juridiques relatives \u00e0 l&rsquo;utilisation des photos et du contenu du site web L&rsquo;utilisation des photos et du contenu du site web dans des \u0153uvres ou des publications est soumise \u00e0 l&rsquo;autorisation de l&rsquo;ANMP. Le logo de l&rsquo;ANMP peut \u00eatre utilis\u00e9 par ses membres et d&rsquo;autres entit\u00e9s ou personnes, sous r\u00e9serve d&rsquo;une autorisation expresse de [&hellip;]","og_url":"https:\/\/anmp.pt\/politica-de-privacidade\/","og_site_name":"Portal Institucional","article_publisher":"https:\/\/www.facebook.com\/ANMP.PT","article_modified_time":"2026-01-22T16:01:53+00:00","twitter_card":"summary_large_image","schema":{"@context":"https:\/\/schema.org","@graph":[{"@type":"WebPage","@id":"https:\/\/anmp.pt\/politica-de-privacidade\/","url":"https:\/\/anmp.pt\/politica-de-privacidade\/","name":"[:pt]Pol\u00edtica de Privacidade[:en]Privacy Policy[:fr]Politique de confidentialit\u00e9[:es]Pol\u00edtica de privacidad[:] - Portal Institucional","isPartOf":{"@id":"https:\/\/anmp.pt\/#website"},"datePublished":"2019-08-09T11:19:35+00:00","dateModified":"2026-01-22T16:01:53+00:00","breadcrumb":{"@id":"https:\/\/anmp.pt\/politica-de-privacidade\/#breadcrumb"},"inLanguage":"fr-FR","potentialAction":[{"@type":"ReadAction","target":["https:\/\/anmp.pt\/politica-de-privacidade\/"]}]},{"@type":"BreadcrumbList","@id":"https:\/\/anmp.pt\/politica-de-privacidade\/#breadcrumb","itemListElement":[{"@type":"ListItem","position":1,"name":"In\u00edcio","item":"https:\/\/anmp.pt\/"},{"@type":"ListItem","position":2,"name":"Pol\u00edtica de Privacidade"}]},{"@type":"WebSite","@id":"https:\/\/anmp.pt\/#website","url":"https:\/\/anmp.pt\/","name":"Associa\u00e7\u00e3o Nacional de Munic\u00edpios Portugueses","description":"Portal Institucional","publisher":{"@id":"https:\/\/anmp.pt\/#organization"},"potentialAction":[{"@type":"SearchAction","target":{"@type":"EntryPoint","urlTemplate":"https:\/\/anmp.pt\/?s={search_term_string}"},"query-input":{"@type":"PropertyValueSpecification","valueRequired":true,"valueName":"search_term_string"}}],"inLanguage":"fr-FR"},{"@type":"Organization","@id":"https:\/\/anmp.pt\/#organization","name":"Associa\u00e7\u00e3o Nacional de Munic\u00edpios Portugueses","url":"https:\/\/anmp.pt\/","logo":{"@type":"ImageObject","inLanguage":"fr-FR","@id":"https:\/\/anmp.pt\/#\/schema\/logo\/image\/","url":"https:\/\/anmp.pt\/wp-content\/uploads\/2020\/06\/logo980400.png","contentUrl":"https:\/\/anmp.pt\/wp-content\/uploads\/2020\/06\/logo980400.png","width":980,"height":400,"caption":"Associa\u00e7\u00e3o Nacional de Munic\u00edpios Portugueses"},"image":{"@id":"https:\/\/anmp.pt\/#\/schema\/logo\/image\/"},"sameAs":["https:\/\/www.facebook.com\/ANMP.PT"]}]}},"_links":{"self":[{"href":"https:\/\/anmp.pt\/fr\/wp-json\/wp\/v2\/pages\/1419","targetHints":{"allow":["GET"]}}],"collection":[{"href":"https:\/\/anmp.pt\/fr\/wp-json\/wp\/v2\/pages"}],"about":[{"href":"https:\/\/anmp.pt\/fr\/wp-json\/wp\/v2\/types\/page"}],"author":[{"embeddable":true,"href":"https:\/\/anmp.pt\/fr\/wp-json\/wp\/v2\/users\/1"}],"replies":[{"embeddable":true,"href":"https:\/\/anmp.pt\/fr\/wp-json\/wp\/v2\/comments?post=1419"}],"version-history":[{"count":2,"href":"https:\/\/anmp.pt\/fr\/wp-json\/wp\/v2\/pages\/1419\/revisions"}],"predecessor-version":[{"id":73755,"href":"https:\/\/anmp.pt\/fr\/wp-json\/wp\/v2\/pages\/1419\/revisions\/73755"}],"wp:attachment":[{"href":"https:\/\/anmp.pt\/fr\/wp-json\/wp\/v2\/media?parent=1419"}],"curies":[{"name":"wp","href":"https:\/\/api.w.org\/{rel}","templated":true}]}}