{"id":1598,"date":"2019-09-06T12:38:54","date_gmt":"2019-09-06T11:38:54","guid":{"rendered":"https:\/\/anmp.pt\/?page_id=1598"},"modified":"2026-01-26T12:15:42","modified_gmt":"2026-01-26T12:15:42","slug":"anmport","status":"publish","type":"page","link":"https:\/\/anmp.pt\/fr\/anmport\/","title":{"rendered":"ANMP"},"content":{"rendered":"<p><\/p>\n<p><\/p>\n<p> L&rsquo;Association Nationale des Municipalit\u00e9s Portugaises (ANMP) est une entit\u00e9 de droit priv\u00e9, fond\u00e9e en mai 1984, charg\u00e9e de la promotion, de la d\u00e9fense, de la dignit\u00e9 et de la repr\u00e9sentation des collectivit\u00e9s locales.<\/p>\n<p><\/p>\n<div style=\"width: 1920px;\" class=\"wp-video\"><!--[if lt IE 9]><script>document.createElement('video');<\/script><![endif]-->\n<video class=\"wp-video-shortcode\" id=\"video-1598-1\" width=\"1920\" height=\"1080\" poster=\"https:\/\/www.anmp.pt\/wp-content\/uploads\/2020\/07\/ANMP101.jpg\" preload=\"metadata\" controls=\"controls\"><source type=\"video\/mp4\" src=\"https:\/\/anmp.pt\/wp-content\/uploads\/2020\/01\/ANMP_2019v5_x264.mp4?_=1\" \/><a href=\"https:\/\/anmp.pt\/wp-content\/uploads\/2020\/01\/ANMP_2019v5_x264.mp4\">https:\/\/anmp.pt\/wp-content\/uploads\/2020\/01\/ANMP_2019v5_x264.mp4<\/a><\/video><\/div>\n<p>&nbsp;<\/p>","protected":false},"excerpt":{"rendered":"<p>L&rsquo;Association Nationale des Municipalit\u00e9s Portugaises (ANMP) est une entit\u00e9 de droit priv\u00e9, fond\u00e9e en mai 1984, charg\u00e9e de la promotion, de la d\u00e9fense, de la dignit\u00e9 et de la repr\u00e9sentation des collectivit\u00e9s locales. &nbsp;<\/p>\n","protected":false},"author":1,"featured_media":0,"parent":0,"menu_order":214,"comment_status":"closed","ping_status":"closed","template":"templates-map\/component-text-layout1.php","meta":{"_acf_changed":false,"_exactmetrics_skip_tracking":false,"_exactmetrics_sitenote_active":false,"_exactmetrics_sitenote_note":"","_exactmetrics_sitenote_category":0,"footnotes":""},"class_list":["post-1598","page","type-page","status-publish","hentry"],"acf":[],"yoast_head":"<!-- This site is optimized with the Yoast SEO plugin v23.9 - https:\/\/yoast.com\/wordpress\/plugins\/seo\/ -->\n<title>ANMP - Portal Institucional<\/title>\n<meta name=\"robots\" content=\"index, follow, max-snippet:-1, max-image-preview:large, max-video-preview:-1\" \/>\n<link rel=\"canonical\" href=\"https:\/\/anmp.pt\/anmport\/\" \/>\n<meta property=\"og:locale\" content=\"fr_FR\" \/>\n<meta property=\"og:type\" content=\"article\" \/>\n<meta property=\"og:title\" content=\"ANMP - Portal Institucional\" \/>\n<meta property=\"og:description\" content=\"L&rsquo;Association Nationale des Municipalit\u00e9s Portugaises (ANMP) est une entit\u00e9 de droit priv\u00e9, fond\u00e9e en mai 1984, charg\u00e9e de la promotion, de la d\u00e9fense, de la dignit\u00e9 et de la repr\u00e9sentation des collectivit\u00e9s locales. &nbsp;\" \/>\n<meta property=\"og:url\" content=\"https:\/\/anmp.pt\/anmport\/\" \/>\n<meta property=\"og:site_name\" content=\"Portal Institucional\" \/>\n<meta property=\"article:publisher\" content=\"https:\/\/www.facebook.com\/ANMP.PT\" \/>\n<meta property=\"article:modified_time\" content=\"2026-01-26T12:15:42+00:00\" \/>\n<meta name=\"twitter:card\" content=\"summary_large_image\" \/>\n<script type=\"application\/ld+json\" class=\"yoast-schema-graph\">{\"@context\":\"https:\/\/schema.org\",\"@graph\":[{\"@type\":\"WebPage\",\"@id\":\"https:\/\/anmp.pt\/anmport\/\",\"url\":\"https:\/\/anmp.pt\/anmport\/\",\"name\":\"ANMP - Portal Institucional\",\"isPartOf\":{\"@id\":\"https:\/\/anmp.pt\/#website\"},\"datePublished\":\"2019-09-06T11:38:54+00:00\",\"dateModified\":\"2026-01-26T12:15:42+00:00\",\"breadcrumb\":{\"@id\":\"https:\/\/anmp.pt\/anmport\/#breadcrumb\"},\"inLanguage\":\"fr-FR\",\"potentialAction\":[{\"@type\":\"ReadAction\",\"target\":[\"https:\/\/anmp.pt\/anmport\/\"]}]},{\"@type\":\"BreadcrumbList\",\"@id\":\"https:\/\/anmp.pt\/anmport\/#breadcrumb\",\"itemListElement\":[{\"@type\":\"ListItem\",\"position\":1,\"name\":\"In\u00edcio\",\"item\":\"https:\/\/anmp.pt\/\"},{\"@type\":\"ListItem\",\"position\":2,\"name\":\"ANMP\"}]},{\"@type\":\"WebSite\",\"@id\":\"https:\/\/anmp.pt\/#website\",\"url\":\"https:\/\/anmp.pt\/\",\"name\":\"Associa\u00e7\u00e3o Nacional de Munic\u00edpios Portugueses\",\"description\":\"Portal Institucional\",\"publisher\":{\"@id\":\"https:\/\/anmp.pt\/#organization\"},\"potentialAction\":[{\"@type\":\"SearchAction\",\"target\":{\"@type\":\"EntryPoint\",\"urlTemplate\":\"https:\/\/anmp.pt\/?s={search_term_string}\"},\"query-input\":{\"@type\":\"PropertyValueSpecification\",\"valueRequired\":true,\"valueName\":\"search_term_string\"}}],\"inLanguage\":\"fr-FR\"},{\"@type\":\"Organization\",\"@id\":\"https:\/\/anmp.pt\/#organization\",\"name\":\"Associa\u00e7\u00e3o Nacional de Munic\u00edpios Portugueses\",\"url\":\"https:\/\/anmp.pt\/\",\"logo\":{\"@type\":\"ImageObject\",\"inLanguage\":\"fr-FR\",\"@id\":\"https:\/\/anmp.pt\/#\/schema\/logo\/image\/\",\"url\":\"https:\/\/anmp.pt\/wp-content\/uploads\/2020\/06\/logo980400.png\",\"contentUrl\":\"https:\/\/anmp.pt\/wp-content\/uploads\/2020\/06\/logo980400.png\",\"width\":980,\"height\":400,\"caption\":\"Associa\u00e7\u00e3o Nacional de Munic\u00edpios Portugueses\"},\"image\":{\"@id\":\"https:\/\/anmp.pt\/#\/schema\/logo\/image\/\"},\"sameAs\":[\"https:\/\/www.facebook.com\/ANMP.PT\"]}]}<\/script>\n<!-- \/ Yoast SEO plugin. -->","yoast_head_json":{"title":"ANMP - Portal Institucional","robots":{"index":"index","follow":"follow","max-snippet":"max-snippet:-1","max-image-preview":"max-image-preview:large","max-video-preview":"max-video-preview:-1"},"canonical":"https:\/\/anmp.pt\/anmport\/","og_locale":"fr_FR","og_type":"article","og_title":"ANMP - Portal Institucional","og_description":"L&rsquo;Association Nationale des Municipalit\u00e9s Portugaises (ANMP) est une entit\u00e9 de droit priv\u00e9, fond\u00e9e en mai 1984, charg\u00e9e de la promotion, de la d\u00e9fense, de la dignit\u00e9 et de la repr\u00e9sentation des collectivit\u00e9s locales. &nbsp;","og_url":"https:\/\/anmp.pt\/anmport\/","og_site_name":"Portal Institucional","article_publisher":"https:\/\/www.facebook.com\/ANMP.PT","article_modified_time":"2026-01-26T12:15:42+00:00","twitter_card":"summary_large_image","schema":{"@context":"https:\/\/schema.org","@graph":[{"@type":"WebPage","@id":"https:\/\/anmp.pt\/anmport\/","url":"https:\/\/anmp.pt\/anmport\/","name":"ANMP - Portal Institucional","isPartOf":{"@id":"https:\/\/anmp.pt\/#website"},"datePublished":"2019-09-06T11:38:54+00:00","dateModified":"2026-01-26T12:15:42+00:00","breadcrumb":{"@id":"https:\/\/anmp.pt\/anmport\/#breadcrumb"},"inLanguage":"fr-FR","potentialAction":[{"@type":"ReadAction","target":["https:\/\/anmp.pt\/anmport\/"]}]},{"@type":"BreadcrumbList","@id":"https:\/\/anmp.pt\/anmport\/#breadcrumb","itemListElement":[{"@type":"ListItem","position":1,"name":"In\u00edcio","item":"https:\/\/anmp.pt\/"},{"@type":"ListItem","position":2,"name":"ANMP"}]},{"@type":"WebSite","@id":"https:\/\/anmp.pt\/#website","url":"https:\/\/anmp.pt\/","name":"Associa\u00e7\u00e3o Nacional de Munic\u00edpios Portugueses","description":"Portal Institucional","publisher":{"@id":"https:\/\/anmp.pt\/#organization"},"potentialAction":[{"@type":"SearchAction","target":{"@type":"EntryPoint","urlTemplate":"https:\/\/anmp.pt\/?s={search_term_string}"},"query-input":{"@type":"PropertyValueSpecification","valueRequired":true,"valueName":"search_term_string"}}],"inLanguage":"fr-FR"},{"@type":"Organization","@id":"https:\/\/anmp.pt\/#organization","name":"Associa\u00e7\u00e3o Nacional de Munic\u00edpios Portugueses","url":"https:\/\/anmp.pt\/","logo":{"@type":"ImageObject","inLanguage":"fr-FR","@id":"https:\/\/anmp.pt\/#\/schema\/logo\/image\/","url":"https:\/\/anmp.pt\/wp-content\/uploads\/2020\/06\/logo980400.png","contentUrl":"https:\/\/anmp.pt\/wp-content\/uploads\/2020\/06\/logo980400.png","width":980,"height":400,"caption":"Associa\u00e7\u00e3o Nacional de Munic\u00edpios Portugueses"},"image":{"@id":"https:\/\/anmp.pt\/#\/schema\/logo\/image\/"},"sameAs":["https:\/\/www.facebook.com\/ANMP.PT"]}]}},"_links":{"self":[{"href":"https:\/\/anmp.pt\/fr\/wp-json\/wp\/v2\/pages\/1598","targetHints":{"allow":["GET"]}}],"collection":[{"href":"https:\/\/anmp.pt\/fr\/wp-json\/wp\/v2\/pages"}],"about":[{"href":"https:\/\/anmp.pt\/fr\/wp-json\/wp\/v2\/types\/page"}],"author":[{"embeddable":true,"href":"https:\/\/anmp.pt\/fr\/wp-json\/wp\/v2\/users\/1"}],"replies":[{"embeddable":true,"href":"https:\/\/anmp.pt\/fr\/wp-json\/wp\/v2\/comments?post=1598"}],"version-history":[{"count":3,"href":"https:\/\/anmp.pt\/fr\/wp-json\/wp\/v2\/pages\/1598\/revisions"}],"predecessor-version":[{"id":73879,"href":"https:\/\/anmp.pt\/fr\/wp-json\/wp\/v2\/pages\/1598\/revisions\/73879"}],"wp:attachment":[{"href":"https:\/\/anmp.pt\/fr\/wp-json\/wp\/v2\/media?parent=1598"}],"curies":[{"name":"wp","href":"https:\/\/api.w.org\/{rel}","templated":true}]}}