{"id":1602,"date":"2019-09-06T12:39:41","date_gmt":"2019-09-06T11:39:41","guid":{"rendered":"https:\/\/anmp.pt\/?page_id=1602"},"modified":"2026-01-28T15:15:27","modified_gmt":"2026-01-28T15:15:27","slug":"quem-somos","status":"publish","type":"page","link":"https:\/\/anmp.pt\/fr\/anmport\/apresentacao\/quem-somos\/","title":{"rendered":"Qui nous sommes&#8230;"},"content":{"rendered":"<p><span class=\"Y2IQFc\" lang=\"fr\">L&rsquo;Association nationale des municipalit\u00e9s portugaises (ANMP) est une entit\u00e9 de droit priv\u00e9, fond\u00e9e en mai 1984. Elle est charg\u00e9e de la promotion, de la d\u00e9fense, de la valorisation et de la repr\u00e9sentation des collectivit\u00e9s locales portugaises. Elle regroupe la quasi-totalit\u00e9 des 308 municipalit\u00e9s du Portugal et a notamment pour mission de repr\u00e9senter et de d\u00e9fendre les municipalit\u00e9s aupr\u00e8s des instances de souverainet\u00e9 et de repr\u00e9senter ses membres aupr\u00e8s des organisations nationales et internationales.<\/span><\/p>\n<p><span class=\"Y2IQFc\" lang=\"fr\">Situ\u00e9 \u00e0 Coimbra, ville du centre du Portugal, l&rsquo;ANMP ne poursuit aucun objectif politique, partisan ou lucratif et exerce son activit\u00e9 en toute ind\u00e9pendance vis-\u00e0-vis des entit\u00e9s publiques ou priv\u00e9es. L&rsquo;ANMP se pr\u00e9sente comme une institution multipartite, dont la pratique quotidienne repose sur le dialogue et le consensus entre les diff\u00e9rentes sensibilit\u00e9s qui la composent. Elle \u0153uvre sans rel\u00e2che au renforcement du municipalisme et \u00e0 la d\u00e9centralisation administrative et politique. L&rsquo;ANMP est par excellence la Chambre commune des collectivit\u00e9s locales d\u00e9mocratiques au Portugal.<\/span><\/p>\n<p>&nbsp;<\/p>\n<h3><span class=\"Y2IQFc\" lang=\"fr\">ORGANES DIRECTEURS<\/span><\/h3>\n<p><span class=\"Y2IQFc\" lang=\"fr\"><strong>Le Conseil ex\u00e9cutif<\/strong>, charg\u00e9 de la direction g\u00e9n\u00e9rale de l&rsquo;ANMP, est compos\u00e9 d&rsquo;un pr\u00e9sident, de cinq vice-pr\u00e9sidents et de onze membres. Il met en \u0153uvre les orientations g\u00e9n\u00e9rales d\u00e9finies par le Congr\u00e8s, se conforme aux d\u00e9lib\u00e9rations du Conseil g\u00e9n\u00e9ral et prend position aupr\u00e8s des instances \u00e9tatiques ou des entit\u00e9s publiques sur les questions d&rsquo;int\u00e9r\u00eat pour les collectivit\u00e9s territoriales.<\/span><\/p>\n<p>&nbsp;<\/p>\n<p>&nbsp;<\/p>\n<p>&nbsp;<\/p>\n<p>&nbsp;<\/p>\n<p><img loading=\"lazy\" decoding=\"async\" class=\"wp-image-73642 size-medium aligncenter\" src=\"https:\/\/anmp.pt\/wp-content\/uploads\/2026\/01\/Pedro-Pimpao_2-254x300.jpg\" alt=\"\" width=\"254\" height=\"300\" srcset=\"https:\/\/anmp.pt\/wp-content\/uploads\/2026\/01\/Pedro-Pimpao_2-254x300.jpg 254w, https:\/\/anmp.pt\/wp-content\/uploads\/2026\/01\/Pedro-Pimpao_2-768x906.jpg 768w, https:\/\/anmp.pt\/wp-content\/uploads\/2026\/01\/Pedro-Pimpao_2.jpg 866w\" sizes=\"auto, (max-width: 254px) 100vw, 254px\" \/><\/p>\n<p style=\"text-align: center\"><span class=\"Y2IQFc\" lang=\"fr\"><strong>Le conseil ex\u00e9cutif<\/strong> est actuellement pr\u00e9sid\u00e9 par <strong>le maire de Pombal<\/strong>, <strong>Pedro Pimp\u00e3o<\/strong>.<\/span><\/p>\n<p>&nbsp;<\/p>\n<p>&nbsp;<\/p>\n<p>&nbsp;<\/p>\n<p>&nbsp;<\/p>\n<p><img loading=\"lazy\" decoding=\"async\" class=\"alignnone wp-image-73643 size-medium aligncenter\" src=\"https:\/\/anmp.pt\/wp-content\/uploads\/2026\/01\/Luisa-Salgueiro_2-279x300.jpg\" alt=\"\" width=\"279\" height=\"300\" srcset=\"https:\/\/anmp.pt\/wp-content\/uploads\/2026\/01\/Luisa-Salgueiro_2-279x300.jpg 279w, https:\/\/anmp.pt\/wp-content\/uploads\/2026\/01\/Luisa-Salgueiro_2-768x825.jpg 768w, https:\/\/anmp.pt\/wp-content\/uploads\/2026\/01\/Luisa-Salgueiro_2.jpg 870w\" sizes=\"auto, (max-width: 279px) 100vw, 279px\" \/><\/p>\n<p style=\"text-align: center\"><span class=\"Y2IQFc\" lang=\"fr\"><strong>Congr\u00e8s national<\/strong>, l&rsquo;organe repr\u00e9sentatif le plus \u00e9lev\u00e9 de l&rsquo;ANMP, actuellement pr\u00e9sid\u00e9 par <strong>la maire de Matosinhos<\/strong>, <strong>Lu\u00edsa Salgueiro<\/strong>.<\/span><\/p>\n<p>&nbsp;<\/p>\n<p>&nbsp;<\/p>\n<p>&nbsp;<\/p>\n<p><span class=\"Y2IQFc\" lang=\"fr\">Les organes directeurs de l&rsquo;ANMP comprennent toujours : le <strong>Conseil g\u00e9n\u00e9ral<\/strong>, le <strong>Conseil fiscal<\/strong> et le <strong>Conseil consultatif<\/strong>.<\/span><\/p>\n<p>&nbsp;<\/p>\n<h3 dir=\"ltr\" role=\"text\" data-placeholder=\"Translation\" data-ved=\"2ahUKEwiYq6qEuZySAxUETaQEHRrCAkEQ3ewLegQIERAV\" aria-label=\"Translated text: STRUCTURE ORGANIQUE\"><\/h3>\n<h3 id=\"tw-target-text\" class=\"tw-data-text tw-text-large tw-ta\" dir=\"ltr\" role=\"text\" data-placeholder=\"Translation\" data-ved=\"2ahUKEwiYq6qEuZySAxUETaQEHRrCAkEQ3ewLegQIERAV\" aria-label=\"Translated text: STRUCTURE ORGANIQUE\"><span class=\"Y2IQFc\" lang=\"fr\">STRUCTURE ORGANIQUE<\/span><\/h3>\n<p id=\"tw-target-text\" class=\"tw-data-text tw-text-large tw-ta\" dir=\"ltr\" role=\"text\" data-placeholder=\"Translation\" data-ved=\"2ahUKEwiYq6qEuZySAxUETaQEHRrCAkEQ3ewLegQIERAV\" aria-label=\"Translated text: La structure organique des services de l'ANMP vise \u00e0 concevoir, mettre en \u0153uvre et coordonner un soutien technique, administratif et politique aux organes directeurs respectifs, dans les domaines de la planification, de l'organisation, de la gestion, de l'\u00e9valuation et du contr\u00f4le.\"><span class=\"Y2IQFc\" lang=\"fr\">La structure organique des services de l&rsquo;ANMP vise \u00e0 concevoir, mettre en \u0153uvre et coordonner un soutien technique, administratif et politique aux organes directeurs respectifs, dans les domaines de la planification, de l&rsquo;organisation, de la gestion, de l&rsquo;\u00e9valuation et du contr\u00f4le.<\/span><\/p>\n<p dir=\"ltr\" role=\"text\" data-placeholder=\"Translation\" data-ved=\"2ahUKEwiYq6qEuZySAxUETaQEHRrCAkEQ3ewLegQIERAV\" aria-label=\"Translated text: Le conseil ex\u00e9cutif est actuellement pr\u00e9sid\u00e9 par le maire de Pombal, Pedro Pimp\u00e3o.\"><img loading=\"lazy\" decoding=\"async\" class=\"size-medium wp-image-73651 aligncenter\" src=\"https:\/\/anmp.pt\/wp-content\/uploads\/2026\/01\/Paulo-Braga-218x300.jpg\" alt=\"\" width=\"218\" height=\"300\" srcset=\"https:\/\/anmp.pt\/wp-content\/uploads\/2026\/01\/Paulo-Braga-218x300.jpg 218w, https:\/\/anmp.pt\/wp-content\/uploads\/2026\/01\/Paulo-Braga.jpg 300w\" sizes=\"auto, (max-width: 218px) 100vw, 218px\" \/><\/p>\n<p>It is up to the organic structure of ANMP&rsquo;s services to develop all the support activity for the associative bodies, adequate to the accomplishment of ANMP&rsquo;s attributions, with its operational direction under the responsibility of a <strong>Secretary-General<\/strong>, position currently held by <strong>Paulo Braga<\/strong>.<\/p>\n<p>&nbsp;<\/p>\n<p>&nbsp;<\/p>\n<p>&nbsp;<\/p>\n<p>&nbsp;<\/p>\n<h3 id=\"tw-target-text\" class=\"tw-data-text tw-text-large tw-ta\" dir=\"ltr\" role=\"text\" data-placeholder=\"Translation\" data-ved=\"2ahUKEwiYq6qEuZySAxUETaQEHRrCAkEQ3ewLegQIERAV\" aria-label=\"Translated text: RELATIONS INTERNATIONALES L\u2019ANMP est membre du Conseil des communes et r\u00e9gions d\u2019Europe (CCRE), de Cit\u00e9s et Gouvernements Locaux Unis (CGLU), de l\u2019Organisation ib\u00e9ro-am\u00e9ricaine de coop\u00e9ration intercommunale (OICI) et du Comit\u00e9 permanent du Partenariat euro-m\u00e9diterran\u00e9en des pouvoirs locaux et r\u00e9gionaux (COPPEM). L\u2019ANMP est charg\u00e9e de d\u00e9signer les membres de la d\u00e9l\u00e9gation portugaise aupr\u00e8s du Comit\u00e9 europ\u00e9en des r\u00e9gions (CdR) et du Congr\u00e8s des pouvoirs locaux et r\u00e9gionaux (CPLR), institution du Conseil de l\u2019Europe qui repr\u00e9sente les communes et les r\u00e9gions d\u2019Europe. L\u2019ANMP entretient des relations \u00e9troites et r\u00e9guli\u00e8res avec les associations de collectivit\u00e9s locales du monde entier, favorisant les partenariats et la collaboration. Elle conclut fr\u00e9quemment des accords de coop\u00e9ration avec ces organisations, r\u00e9affirmant ainsi son engagement en faveur de l\u2019\u00e9change de bonnes pratiques et du soutien mutuel. Elle s\u2019attache particuli\u00e8rement \u00e0 renforcer ses liens avec les collectivit\u00e9s locales des pays lusophones, en promouvant le d\u00e9veloppement partag\u00e9 et la coop\u00e9ration institutionnelle.\"><span class=\"Y2IQFc\" lang=\"fr\">RELATIONS INTERNATIONALES<\/span><\/h3>\n<p class=\"tw-data-text tw-text-large tw-ta\" dir=\"ltr\" role=\"text\" data-placeholder=\"Translation\" data-ved=\"2ahUKEwiYq6qEuZySAxUETaQEHRrCAkEQ3ewLegQIERAV\" aria-label=\"Translated text: RELATIONS INTERNATIONALES L\u2019ANMP est membre du Conseil des communes et r\u00e9gions d\u2019Europe (CCRE), de Cit\u00e9s et Gouvernements Locaux Unis (CGLU), de l\u2019Organisation ib\u00e9ro-am\u00e9ricaine de coop\u00e9ration intercommunale (OICI) et du Comit\u00e9 permanent du Partenariat euro-m\u00e9diterran\u00e9en des pouvoirs locaux et r\u00e9gionaux (COPPEM). L\u2019ANMP est charg\u00e9e de d\u00e9signer les membres de la d\u00e9l\u00e9gation portugaise aupr\u00e8s du Comit\u00e9 europ\u00e9en des r\u00e9gions (CdR) et du Congr\u00e8s des pouvoirs locaux et r\u00e9gionaux (CPLR), institution du Conseil de l\u2019Europe qui repr\u00e9sente les communes et les r\u00e9gions d\u2019Europe. L\u2019ANMP entretient des relations \u00e9troites et r\u00e9guli\u00e8res avec les associations de collectivit\u00e9s locales du monde entier, favorisant les partenariats et la collaboration. Elle conclut fr\u00e9quemment des accords de coop\u00e9ration avec ces organisations, r\u00e9affirmant ainsi son engagement en faveur de l\u2019\u00e9change de bonnes pratiques et du soutien mutuel. Elle s\u2019attache particuli\u00e8rement \u00e0 renforcer ses liens avec les collectivit\u00e9s locales des pays lusophones, en promouvant le d\u00e9veloppement partag\u00e9 et la coop\u00e9ration institutionnelle.\"><span class=\"Y2IQFc\" lang=\"fr\">L\u2019ANMP est membre du Conseil des communes et r\u00e9gions d\u2019Europe (<a href=\"https:\/\/ccre-cemr.org\/\">CCRE<\/a>), de Cit\u00e9s et Gouvernements Locaux Unis (<a href=\"https:\/\/uclg.org\/\">CGLU<\/a>), de l\u2019Organisation ib\u00e9ro-am\u00e9ricaine de coop\u00e9ration intercommunale (<a href=\"http:\/\/documentos.femp.es\/files\/11-7180-fichero\/CUADERNOS%20DE%20LA%20OICI%2062.pdf\">OICI<\/a>) et du Comit\u00e9 permanent du Partenariat euro-m\u00e9diterran\u00e9en des pouvoirs locaux et r\u00e9gionaux (<a href=\"https:\/\/www.coppem.org\/\">COPPEM<\/a>). L\u2019ANMP est charg\u00e9e de d\u00e9signer les membres de la d\u00e9l\u00e9gation portugaise aupr\u00e8s du Comit\u00e9 europ\u00e9en des r\u00e9gions (<a href=\"https:\/\/cor.europa.eu\/pt\">CdR<\/a>) et du Congr\u00e8s des pouvoirs locaux et r\u00e9gionaux (<a href=\"https:\/\/www.coe.int\/en\/web\/congress\">CPLR<\/a>), institution du Conseil de l\u2019Europe qui repr\u00e9sente les communes et les r\u00e9gions d\u2019Europe.<\/span><\/p>\n<p class=\"tw-data-text tw-text-large tw-ta\" dir=\"ltr\" role=\"text\" data-placeholder=\"Translation\" data-ved=\"2ahUKEwiYq6qEuZySAxUETaQEHRrCAkEQ3ewLegQIERAV\" aria-label=\"Translated text: RELATIONS INTERNATIONALES L\u2019ANMP est membre du Conseil des communes et r\u00e9gions d\u2019Europe (CCRE), de Cit\u00e9s et Gouvernements Locaux Unis (CGLU), de l\u2019Organisation ib\u00e9ro-am\u00e9ricaine de coop\u00e9ration intercommunale (OICI) et du Comit\u00e9 permanent du Partenariat euro-m\u00e9diterran\u00e9en des pouvoirs locaux et r\u00e9gionaux (COPPEM). L\u2019ANMP est charg\u00e9e de d\u00e9signer les membres de la d\u00e9l\u00e9gation portugaise aupr\u00e8s du Comit\u00e9 europ\u00e9en des r\u00e9gions (CdR) et du Congr\u00e8s des pouvoirs locaux et r\u00e9gionaux (CPLR), institution du Conseil de l\u2019Europe qui repr\u00e9sente les communes et les r\u00e9gions d\u2019Europe. L\u2019ANMP entretient des relations \u00e9troites et r\u00e9guli\u00e8res avec les associations de collectivit\u00e9s locales du monde entier, favorisant les partenariats et la collaboration. Elle conclut fr\u00e9quemment des accords de coop\u00e9ration avec ces organisations, r\u00e9affirmant ainsi son engagement en faveur de l\u2019\u00e9change de bonnes pratiques et du soutien mutuel. Elle s\u2019attache particuli\u00e8rement \u00e0 renforcer ses liens avec les collectivit\u00e9s locales des pays lusophones, en promouvant le d\u00e9veloppement partag\u00e9 et la coop\u00e9ration institutionnelle.\"><span class=\"Y2IQFc\" lang=\"fr\">L\u2019ANMP entretient des relations \u00e9troites et r\u00e9guli\u00e8res avec les associations de collectivit\u00e9s locales du monde entier, favorisant les partenariats et la collaboration. Elle conclut fr\u00e9quemment des accords de coop\u00e9ration avec ces organisations, r\u00e9affirmant ainsi son engagement en faveur de l\u2019\u00e9change de bonnes pratiques et du soutien mutuel. Elle s\u2019attache particuli\u00e8rement \u00e0 renforcer ses liens avec les collectivit\u00e9s locales des pays lusophones, en promouvant le d\u00e9veloppement partag\u00e9 et la coop\u00e9ration institutionnelle.<\/span><\/p>\n<p class=\"tw-data-text tw-text-large tw-ta\" dir=\"ltr\" role=\"text\" data-placeholder=\"Translation\" data-ved=\"2ahUKEwiYq6qEuZySAxUETaQEHRrCAkEQ3ewLegQIERAV\" aria-label=\"Translated text: RELATIONS INTERNATIONALES L\u2019ANMP est membre du Conseil des communes et r\u00e9gions d\u2019Europe (CCRE), de Cit\u00e9s et Gouvernements Locaux Unis (CGLU), de l\u2019Organisation ib\u00e9ro-am\u00e9ricaine de coop\u00e9ration intercommunale (OICI) et du Comit\u00e9 permanent du Partenariat euro-m\u00e9diterran\u00e9en des pouvoirs locaux et r\u00e9gionaux (COPPEM). L\u2019ANMP est charg\u00e9e de d\u00e9signer les membres de la d\u00e9l\u00e9gation portugaise aupr\u00e8s du Comit\u00e9 europ\u00e9en des r\u00e9gions (CdR) et du Congr\u00e8s des pouvoirs locaux et r\u00e9gionaux (CPLR), institution du Conseil de l\u2019Europe qui repr\u00e9sente les communes et les r\u00e9gions d\u2019Europe. L\u2019ANMP entretient des relations \u00e9troites et r\u00e9guli\u00e8res avec les associations de collectivit\u00e9s locales du monde entier, favorisant les partenariats et la collaboration. Elle conclut fr\u00e9quemment des accords de coop\u00e9ration avec ces organisations, r\u00e9affirmant ainsi son engagement en faveur de l\u2019\u00e9change de bonnes pratiques et du soutien mutuel. Elle s\u2019attache particuli\u00e8rement \u00e0 renforcer ses liens avec les collectivit\u00e9s locales des pays lusophones, en promouvant le d\u00e9veloppement partag\u00e9 et la coop\u00e9ration institutionnelle.\">\n<p><\/p>","protected":false},"excerpt":{"rendered":"<p>L&rsquo;Association nationale des municipalit\u00e9s portugaises (ANMP) est une entit\u00e9 de droit priv\u00e9, fond\u00e9e en mai 1984. Elle est charg\u00e9e de la promotion, de la d\u00e9fense, de la valorisation et de la repr\u00e9sentation des collectivit\u00e9s locales portugaises. Elle regroupe la quasi-totalit\u00e9 des 308 municipalit\u00e9s du Portugal et a notamment pour mission de repr\u00e9senter et de d\u00e9fendre [&hellip;]<\/p>\n","protected":false},"author":1,"featured_media":0,"parent":1600,"menu_order":171,"comment_status":"closed","ping_status":"closed","template":"templates-map\/component-text-layout1.php","meta":{"_acf_changed":false,"_exactmetrics_skip_tracking":false,"_exactmetrics_sitenote_active":false,"_exactmetrics_sitenote_note":"","_exactmetrics_sitenote_category":0,"footnotes":""},"class_list":["post-1602","page","type-page","status-publish","hentry"],"acf":[],"yoast_head":"<!-- This site is optimized with the Yoast SEO plugin v23.9 - https:\/\/yoast.com\/wordpress\/plugins\/seo\/ -->\n<title>Qui nous sommes... - Portal Institucional<\/title>\n<meta name=\"robots\" content=\"index, follow, max-snippet:-1, max-image-preview:large, max-video-preview:-1\" \/>\n<link rel=\"canonical\" href=\"https:\/\/anmp.pt\/anmport\/apresentacao\/quem-somos\/\" \/>\n<meta property=\"og:locale\" content=\"fr_FR\" \/>\n<meta property=\"og:type\" content=\"article\" \/>\n<meta property=\"og:title\" content=\"[:pt]Quem somos...[:en]Who we are...[:fr]Qui nous sommes...[:es]Quienes somos...[:] - Portal Institucional\" \/>\n<meta property=\"og:description\" content=\"L&rsquo;Association nationale des municipalit\u00e9s portugaises (ANMP) est une entit\u00e9 de droit priv\u00e9, fond\u00e9e en mai 1984. Elle est charg\u00e9e de la promotion, de la d\u00e9fense, de la valorisation et de la repr\u00e9sentation des collectivit\u00e9s locales portugaises. Elle regroupe la quasi-totalit\u00e9 des 308 municipalit\u00e9s du Portugal et a notamment pour mission de repr\u00e9senter et de d\u00e9fendre [&hellip;]\" \/>\n<meta property=\"og:url\" content=\"https:\/\/anmp.pt\/anmport\/apresentacao\/quem-somos\/\" \/>\n<meta property=\"og:site_name\" content=\"Portal Institucional\" \/>\n<meta property=\"article:publisher\" content=\"https:\/\/www.facebook.com\/ANMP.PT\" \/>\n<meta property=\"article:modified_time\" content=\"2026-01-28T15:15:27+00:00\" \/>\n<meta property=\"og:image\" content=\"https:\/\/anmp.pt\/wp-content\/uploads\/2026\/01\/Pedro-Pimpao_2.jpg\" \/>\n\t<meta property=\"og:image:width\" content=\"866\" \/>\n\t<meta property=\"og:image:height\" content=\"1022\" \/>\n\t<meta property=\"og:image:type\" content=\"image\/jpeg\" \/>\n<meta name=\"twitter:card\" content=\"summary_large_image\" \/>\n<script type=\"application\/ld+json\" class=\"yoast-schema-graph\">{\"@context\":\"https:\/\/schema.org\",\"@graph\":[{\"@type\":\"WebPage\",\"@id\":\"https:\/\/anmp.pt\/anmport\/apresentacao\/quem-somos\/\",\"url\":\"https:\/\/anmp.pt\/anmport\/apresentacao\/quem-somos\/\",\"name\":\"[:pt]Quem somos...[:en]Who we are...[:fr]Qui nous sommes...[:es]Quienes somos...[:] - Portal Institucional\",\"isPartOf\":{\"@id\":\"https:\/\/anmp.pt\/#website\"},\"primaryImageOfPage\":{\"@id\":\"https:\/\/anmp.pt\/anmport\/apresentacao\/quem-somos\/#primaryimage\"},\"image\":{\"@id\":\"https:\/\/anmp.pt\/anmport\/apresentacao\/quem-somos\/#primaryimage\"},\"thumbnailUrl\":\"https:\/\/anmp.pt\/wp-content\/uploads\/2026\/01\/Pedro-Pimpao_2-254x300.jpg\",\"datePublished\":\"2019-09-06T11:39:41+00:00\",\"dateModified\":\"2026-01-28T15:15:27+00:00\",\"breadcrumb\":{\"@id\":\"https:\/\/anmp.pt\/anmport\/apresentacao\/quem-somos\/#breadcrumb\"},\"inLanguage\":\"fr-FR\",\"potentialAction\":[{\"@type\":\"ReadAction\",\"target\":[\"https:\/\/anmp.pt\/anmport\/apresentacao\/quem-somos\/\"]}]},{\"@type\":\"ImageObject\",\"inLanguage\":\"fr-FR\",\"@id\":\"https:\/\/anmp.pt\/anmport\/apresentacao\/quem-somos\/#primaryimage\",\"url\":\"https:\/\/anmp.pt\/wp-content\/uploads\/2026\/01\/Pedro-Pimpao_2-254x300.jpg\",\"contentUrl\":\"https:\/\/anmp.pt\/wp-content\/uploads\/2026\/01\/Pedro-Pimpao_2-254x300.jpg\"},{\"@type\":\"BreadcrumbList\",\"@id\":\"https:\/\/anmp.pt\/anmport\/apresentacao\/quem-somos\/#breadcrumb\",\"itemListElement\":[{\"@type\":\"ListItem\",\"position\":1,\"name\":\"In\u00edcio\",\"item\":\"https:\/\/anmp.pt\/\"},{\"@type\":\"ListItem\",\"position\":2,\"name\":\"ANMP\",\"item\":\"https:\/\/anmp.pt\/anmport\/\"},{\"@type\":\"ListItem\",\"position\":3,\"name\":\"Apresenta\u00e7\u00e3o\",\"item\":\"https:\/\/anmp.pt\/es\/anmport\/apresentacao\/\"},{\"@type\":\"ListItem\",\"position\":4,\"name\":\"Quem somos&#8230;\"}]},{\"@type\":\"WebSite\",\"@id\":\"https:\/\/anmp.pt\/#website\",\"url\":\"https:\/\/anmp.pt\/\",\"name\":\"Associa\u00e7\u00e3o Nacional de Munic\u00edpios Portugueses\",\"description\":\"Portal Institucional\",\"publisher\":{\"@id\":\"https:\/\/anmp.pt\/#organization\"},\"potentialAction\":[{\"@type\":\"SearchAction\",\"target\":{\"@type\":\"EntryPoint\",\"urlTemplate\":\"https:\/\/anmp.pt\/?s={search_term_string}\"},\"query-input\":{\"@type\":\"PropertyValueSpecification\",\"valueRequired\":true,\"valueName\":\"search_term_string\"}}],\"inLanguage\":\"fr-FR\"},{\"@type\":\"Organization\",\"@id\":\"https:\/\/anmp.pt\/#organization\",\"name\":\"Associa\u00e7\u00e3o Nacional de Munic\u00edpios Portugueses\",\"url\":\"https:\/\/anmp.pt\/\",\"logo\":{\"@type\":\"ImageObject\",\"inLanguage\":\"fr-FR\",\"@id\":\"https:\/\/anmp.pt\/#\/schema\/logo\/image\/\",\"url\":\"https:\/\/anmp.pt\/wp-content\/uploads\/2020\/06\/logo980400.png\",\"contentUrl\":\"https:\/\/anmp.pt\/wp-content\/uploads\/2020\/06\/logo980400.png\",\"width\":980,\"height\":400,\"caption\":\"Associa\u00e7\u00e3o Nacional de Munic\u00edpios Portugueses\"},\"image\":{\"@id\":\"https:\/\/anmp.pt\/#\/schema\/logo\/image\/\"},\"sameAs\":[\"https:\/\/www.facebook.com\/ANMP.PT\"]}]}<\/script>\n<!-- \/ Yoast SEO plugin. -->","yoast_head_json":{"title":"[:pt]Quem somos...[:en]Who we are...[:fr]Qui nous sommes...[:es]Quienes somos...[:] - Portal Institucional","robots":{"index":"index","follow":"follow","max-snippet":"max-snippet:-1","max-image-preview":"max-image-preview:large","max-video-preview":"max-video-preview:-1"},"canonical":"https:\/\/anmp.pt\/anmport\/apresentacao\/quem-somos\/","og_locale":"fr_FR","og_type":"article","og_title":"[:pt]Quem somos...[:en]Who we are...[:fr]Qui nous sommes...[:es]Quienes somos...[:] - Portal Institucional","og_description":"L&rsquo;Association nationale des municipalit\u00e9s portugaises (ANMP) est une entit\u00e9 de droit priv\u00e9, fond\u00e9e en mai 1984. Elle est charg\u00e9e de la promotion, de la d\u00e9fense, de la valorisation et de la repr\u00e9sentation des collectivit\u00e9s locales portugaises. Elle regroupe la quasi-totalit\u00e9 des 308 municipalit\u00e9s du Portugal et a notamment pour mission de repr\u00e9senter et de d\u00e9fendre [&hellip;]","og_url":"https:\/\/anmp.pt\/anmport\/apresentacao\/quem-somos\/","og_site_name":"Portal Institucional","article_publisher":"https:\/\/www.facebook.com\/ANMP.PT","article_modified_time":"2026-01-28T15:15:27+00:00","og_image":[{"width":866,"height":1022,"url":"https:\/\/anmp.pt\/wp-content\/uploads\/2026\/01\/Pedro-Pimpao_2.jpg","type":"image\/jpeg"}],"twitter_card":"summary_large_image","schema":{"@context":"https:\/\/schema.org","@graph":[{"@type":"WebPage","@id":"https:\/\/anmp.pt\/anmport\/apresentacao\/quem-somos\/","url":"https:\/\/anmp.pt\/anmport\/apresentacao\/quem-somos\/","name":"[:pt]Quem somos...[:en]Who we are...[:fr]Qui nous sommes...[:es]Quienes somos...[:] - Portal Institucional","isPartOf":{"@id":"https:\/\/anmp.pt\/#website"},"primaryImageOfPage":{"@id":"https:\/\/anmp.pt\/anmport\/apresentacao\/quem-somos\/#primaryimage"},"image":{"@id":"https:\/\/anmp.pt\/anmport\/apresentacao\/quem-somos\/#primaryimage"},"thumbnailUrl":"https:\/\/anmp.pt\/wp-content\/uploads\/2026\/01\/Pedro-Pimpao_2-254x300.jpg","datePublished":"2019-09-06T11:39:41+00:00","dateModified":"2026-01-28T15:15:27+00:00","breadcrumb":{"@id":"https:\/\/anmp.pt\/anmport\/apresentacao\/quem-somos\/#breadcrumb"},"inLanguage":"fr-FR","potentialAction":[{"@type":"ReadAction","target":["https:\/\/anmp.pt\/anmport\/apresentacao\/quem-somos\/"]}]},{"@type":"ImageObject","inLanguage":"fr-FR","@id":"https:\/\/anmp.pt\/anmport\/apresentacao\/quem-somos\/#primaryimage","url":"https:\/\/anmp.pt\/wp-content\/uploads\/2026\/01\/Pedro-Pimpao_2-254x300.jpg","contentUrl":"https:\/\/anmp.pt\/wp-content\/uploads\/2026\/01\/Pedro-Pimpao_2-254x300.jpg"},{"@type":"BreadcrumbList","@id":"https:\/\/anmp.pt\/anmport\/apresentacao\/quem-somos\/#breadcrumb","itemListElement":[{"@type":"ListItem","position":1,"name":"In\u00edcio","item":"https:\/\/anmp.pt\/"},{"@type":"ListItem","position":2,"name":"ANMP","item":"https:\/\/anmp.pt\/anmport\/"},{"@type":"ListItem","position":3,"name":"Apresenta\u00e7\u00e3o","item":"https:\/\/anmp.pt\/es\/anmport\/apresentacao\/"},{"@type":"ListItem","position":4,"name":"Quem somos&#8230;"}]},{"@type":"WebSite","@id":"https:\/\/anmp.pt\/#website","url":"https:\/\/anmp.pt\/","name":"Associa\u00e7\u00e3o Nacional de Munic\u00edpios Portugueses","description":"Portal Institucional","publisher":{"@id":"https:\/\/anmp.pt\/#organization"},"potentialAction":[{"@type":"SearchAction","target":{"@type":"EntryPoint","urlTemplate":"https:\/\/anmp.pt\/?s={search_term_string}"},"query-input":{"@type":"PropertyValueSpecification","valueRequired":true,"valueName":"search_term_string"}}],"inLanguage":"fr-FR"},{"@type":"Organization","@id":"https:\/\/anmp.pt\/#organization","name":"Associa\u00e7\u00e3o Nacional de Munic\u00edpios Portugueses","url":"https:\/\/anmp.pt\/","logo":{"@type":"ImageObject","inLanguage":"fr-FR","@id":"https:\/\/anmp.pt\/#\/schema\/logo\/image\/","url":"https:\/\/anmp.pt\/wp-content\/uploads\/2020\/06\/logo980400.png","contentUrl":"https:\/\/anmp.pt\/wp-content\/uploads\/2020\/06\/logo980400.png","width":980,"height":400,"caption":"Associa\u00e7\u00e3o Nacional de Munic\u00edpios Portugueses"},"image":{"@id":"https:\/\/anmp.pt\/#\/schema\/logo\/image\/"},"sameAs":["https:\/\/www.facebook.com\/ANMP.PT"]}]}},"_links":{"self":[{"href":"https:\/\/anmp.pt\/fr\/wp-json\/wp\/v2\/pages\/1602","targetHints":{"allow":["GET"]}}],"collection":[{"href":"https:\/\/anmp.pt\/fr\/wp-json\/wp\/v2\/pages"}],"about":[{"href":"https:\/\/anmp.pt\/fr\/wp-json\/wp\/v2\/types\/page"}],"author":[{"embeddable":true,"href":"https:\/\/anmp.pt\/fr\/wp-json\/wp\/v2\/users\/1"}],"replies":[{"embeddable":true,"href":"https:\/\/anmp.pt\/fr\/wp-json\/wp\/v2\/comments?post=1602"}],"version-history":[{"count":10,"href":"https:\/\/anmp.pt\/fr\/wp-json\/wp\/v2\/pages\/1602\/revisions"}],"predecessor-version":[{"id":74084,"href":"https:\/\/anmp.pt\/fr\/wp-json\/wp\/v2\/pages\/1602\/revisions\/74084"}],"up":[{"embeddable":true,"href":"https:\/\/anmp.pt\/fr\/wp-json\/wp\/v2\/pages\/1600"}],"wp:attachment":[{"href":"https:\/\/anmp.pt\/fr\/wp-json\/wp\/v2\/media?parent=1602"}],"curies":[{"name":"wp","href":"https:\/\/api.w.org\/{rel}","templated":true}]}}