{"id":1650,"date":"2019-09-06T12:52:24","date_gmt":"2019-09-06T11:52:24","guid":{"rendered":"https:\/\/anmp.pt\/?page_id=1650"},"modified":"2023-02-20T11:05:11","modified_gmt":"2023-02-20T11:05:11","slug":"seccao-de-municipios-com-corpos-de-bombeiros-da-administracao-local","status":"publish","type":"page","link":"https:\/\/anmp.pt\/fr\/anmport\/seccoes-de-municipios\/seccao-de-municipios-com-corpos-de-bombeiros-da-administracao-local\/","title":{"rendered":"Sec\u00e7\u00e3o de Munic\u00edpios com Corpos de Bombeiros da Administra\u00e7\u00e3o Local"},"content":{"rendered":"<p class=\"qtranxs-available-languages-message qtranxs-available-languages-message-fr\">D\u00e9sol\u00e9, cet article est seulement disponible en <a href=\"https:\/\/anmp.pt\/pt\/wp-json\/wp\/v2\/pages\/1650\" class=\"qtranxs-available-language-link qtranxs-available-language-link-pt\" title=\"Portugu\u00eas\">Portugu\u00eas<\/a>.<\/p><p><img loading=\"lazy\" decoding=\"async\" class=\"alignnone wp-image-53411\" src=\"https:\/\/anmp.pt\/wp-content\/uploads\/2023\/02\/SECBOM230201a-300x164.jpg\" alt=\"\" width=\"688\" height=\"376\" srcset=\"https:\/\/anmp.pt\/wp-content\/uploads\/2023\/02\/SECBOM230201a-300x164.jpg 300w, https:\/\/anmp.pt\/wp-content\/uploads\/2023\/02\/SECBOM230201a-1024x560.jpg 1024w, https:\/\/anmp.pt\/wp-content\/uploads\/2023\/02\/SECBOM230201a-768x420.jpg 768w, https:\/\/anmp.pt\/wp-content\/uploads\/2023\/02\/SECBOM230201a.jpg 1280w\" sizes=\"auto, (max-width: 688px) 100vw, 688px\" \/><\/p>","protected":false},"excerpt":{"rendered":"<p>D\u00e9sol\u00e9, cet article est seulement disponible en Portugu\u00eas.<\/p>\n","protected":false},"author":1,"featured_media":0,"parent":1636,"menu_order":301,"comment_status":"closed","ping_status":"closed","template":"templates-map\/component-file-gallery-layout3.php","meta":{"_acf_changed":false,"_exactmetrics_skip_tracking":false,"_exactmetrics_sitenote_active":false,"_exactmetrics_sitenote_note":"","_exactmetrics_sitenote_category":0,"footnotes":""},"class_list":["post-1650","page","type-page","status-publish","hentry"],"acf":[],"yoast_head":"<!-- This site is optimized with the Yoast SEO plugin v23.9 - https:\/\/yoast.com\/wordpress\/plugins\/seo\/ -->\n<title>Sec\u00e7\u00e3o de Munic\u00edpios com Corpos de Bombeiros da Administra\u00e7\u00e3o Local - Portal Institucional<\/title>\n<meta name=\"robots\" content=\"index, follow, max-snippet:-1, max-image-preview:large, max-video-preview:-1\" \/>\n<link rel=\"canonical\" href=\"https:\/\/anmp.pt\/anmport\/seccoes-de-municipios\/seccao-de-municipios-com-corpos-de-bombeiros-da-administracao-local\/\" \/>\n<meta property=\"og:locale\" content=\"fr_FR\" \/>\n<meta property=\"og:type\" content=\"article\" \/>\n<meta property=\"og:title\" content=\"Sec\u00e7\u00e3o de Munic\u00edpios com Corpos de Bombeiros da Administra\u00e7\u00e3o Local - Portal Institucional\" \/>\n<meta property=\"og:description\" content=\"D\u00e9sol\u00e9, cet article est seulement disponible en Portugu\u00eas.\" \/>\n<meta property=\"og:url\" content=\"https:\/\/anmp.pt\/anmport\/seccoes-de-municipios\/seccao-de-municipios-com-corpos-de-bombeiros-da-administracao-local\/\" \/>\n<meta property=\"og:site_name\" content=\"Portal Institucional\" \/>\n<meta property=\"article:publisher\" content=\"https:\/\/www.facebook.com\/ANMP.PT\" \/>\n<meta property=\"article:modified_time\" content=\"2023-02-20T11:05:11+00:00\" \/>\n<meta property=\"og:image\" content=\"https:\/\/anmp.pt\/wp-content\/uploads\/2023\/02\/SECBOM230201a-300x164.jpg\" \/>\n<meta name=\"twitter:card\" content=\"summary_large_image\" \/>\n<script type=\"application\/ld+json\" class=\"yoast-schema-graph\">{\"@context\":\"https:\/\/schema.org\",\"@graph\":[{\"@type\":\"WebPage\",\"@id\":\"https:\/\/anmp.pt\/anmport\/seccoes-de-municipios\/seccao-de-municipios-com-corpos-de-bombeiros-da-administracao-local\/\",\"url\":\"https:\/\/anmp.pt\/anmport\/seccoes-de-municipios\/seccao-de-municipios-com-corpos-de-bombeiros-da-administracao-local\/\",\"name\":\"Sec\u00e7\u00e3o de Munic\u00edpios com Corpos de Bombeiros da Administra\u00e7\u00e3o Local - Portal Institucional\",\"isPartOf\":{\"@id\":\"https:\/\/anmp.pt\/#website\"},\"primaryImageOfPage\":{\"@id\":\"https:\/\/anmp.pt\/anmport\/seccoes-de-municipios\/seccao-de-municipios-com-corpos-de-bombeiros-da-administracao-local\/#primaryimage\"},\"image\":{\"@id\":\"https:\/\/anmp.pt\/anmport\/seccoes-de-municipios\/seccao-de-municipios-com-corpos-de-bombeiros-da-administracao-local\/#primaryimage\"},\"thumbnailUrl\":\"https:\/\/anmp.pt\/wp-content\/uploads\/2023\/02\/SECBOM230201a-300x164.jpg\",\"datePublished\":\"2019-09-06T11:52:24+00:00\",\"dateModified\":\"2023-02-20T11:05:11+00:00\",\"breadcrumb\":{\"@id\":\"https:\/\/anmp.pt\/anmport\/seccoes-de-municipios\/seccao-de-municipios-com-corpos-de-bombeiros-da-administracao-local\/#breadcrumb\"},\"inLanguage\":\"fr-FR\",\"potentialAction\":[{\"@type\":\"ReadAction\",\"target\":[\"https:\/\/anmp.pt\/anmport\/seccoes-de-municipios\/seccao-de-municipios-com-corpos-de-bombeiros-da-administracao-local\/\"]}]},{\"@type\":\"ImageObject\",\"inLanguage\":\"fr-FR\",\"@id\":\"https:\/\/anmp.pt\/anmport\/seccoes-de-municipios\/seccao-de-municipios-com-corpos-de-bombeiros-da-administracao-local\/#primaryimage\",\"url\":\"https:\/\/anmp.pt\/wp-content\/uploads\/2023\/02\/SECBOM230201a-300x164.jpg\",\"contentUrl\":\"https:\/\/anmp.pt\/wp-content\/uploads\/2023\/02\/SECBOM230201a-300x164.jpg\"},{\"@type\":\"BreadcrumbList\",\"@id\":\"https:\/\/anmp.pt\/anmport\/seccoes-de-municipios\/seccao-de-municipios-com-corpos-de-bombeiros-da-administracao-local\/#breadcrumb\",\"itemListElement\":[{\"@type\":\"ListItem\",\"position\":1,\"name\":\"In\u00edcio\",\"item\":\"https:\/\/anmp.pt\/\"},{\"@type\":\"ListItem\",\"position\":2,\"name\":\"ANMP\",\"item\":\"https:\/\/anmp.pt\/anmport\/\"},{\"@type\":\"ListItem\",\"position\":3,\"name\":\"Sec\u00e7\u00f5es de munic\u00edpios\",\"item\":\"https:\/\/anmp.pt\/anmport\/seccoes-de-municipios\/\"},{\"@type\":\"ListItem\",\"position\":4,\"name\":\"Sec\u00e7\u00e3o de Munic\u00edpios com Corpos de Bombeiros da Administra\u00e7\u00e3o Local\"}]},{\"@type\":\"WebSite\",\"@id\":\"https:\/\/anmp.pt\/#website\",\"url\":\"https:\/\/anmp.pt\/\",\"name\":\"Associa\u00e7\u00e3o Nacional de Munic\u00edpios Portugueses\",\"description\":\"Portal Institucional\",\"publisher\":{\"@id\":\"https:\/\/anmp.pt\/#organization\"},\"potentialAction\":[{\"@type\":\"SearchAction\",\"target\":{\"@type\":\"EntryPoint\",\"urlTemplate\":\"https:\/\/anmp.pt\/?s={search_term_string}\"},\"query-input\":{\"@type\":\"PropertyValueSpecification\",\"valueRequired\":true,\"valueName\":\"search_term_string\"}}],\"inLanguage\":\"fr-FR\"},{\"@type\":\"Organization\",\"@id\":\"https:\/\/anmp.pt\/#organization\",\"name\":\"Associa\u00e7\u00e3o Nacional de Munic\u00edpios Portugueses\",\"url\":\"https:\/\/anmp.pt\/\",\"logo\":{\"@type\":\"ImageObject\",\"inLanguage\":\"fr-FR\",\"@id\":\"https:\/\/anmp.pt\/#\/schema\/logo\/image\/\",\"url\":\"https:\/\/anmp.pt\/wp-content\/uploads\/2020\/06\/logo980400.png\",\"contentUrl\":\"https:\/\/anmp.pt\/wp-content\/uploads\/2020\/06\/logo980400.png\",\"width\":980,\"height\":400,\"caption\":\"Associa\u00e7\u00e3o Nacional de Munic\u00edpios Portugueses\"},\"image\":{\"@id\":\"https:\/\/anmp.pt\/#\/schema\/logo\/image\/\"},\"sameAs\":[\"https:\/\/www.facebook.com\/ANMP.PT\"]}]}<\/script>\n<!-- \/ Yoast SEO plugin. -->","yoast_head_json":{"title":"Sec\u00e7\u00e3o de Munic\u00edpios com Corpos de Bombeiros da Administra\u00e7\u00e3o Local - Portal Institucional","robots":{"index":"index","follow":"follow","max-snippet":"max-snippet:-1","max-image-preview":"max-image-preview:large","max-video-preview":"max-video-preview:-1"},"canonical":"https:\/\/anmp.pt\/anmport\/seccoes-de-municipios\/seccao-de-municipios-com-corpos-de-bombeiros-da-administracao-local\/","og_locale":"fr_FR","og_type":"article","og_title":"Sec\u00e7\u00e3o de Munic\u00edpios com Corpos de Bombeiros da Administra\u00e7\u00e3o Local - Portal Institucional","og_description":"D\u00e9sol\u00e9, cet article est seulement disponible en Portugu\u00eas.","og_url":"https:\/\/anmp.pt\/anmport\/seccoes-de-municipios\/seccao-de-municipios-com-corpos-de-bombeiros-da-administracao-local\/","og_site_name":"Portal Institucional","article_publisher":"https:\/\/www.facebook.com\/ANMP.PT","article_modified_time":"2023-02-20T11:05:11+00:00","og_image":[{"url":"https:\/\/anmp.pt\/wp-content\/uploads\/2023\/02\/SECBOM230201a-300x164.jpg"}],"twitter_card":"summary_large_image","schema":{"@context":"https:\/\/schema.org","@graph":[{"@type":"WebPage","@id":"https:\/\/anmp.pt\/anmport\/seccoes-de-municipios\/seccao-de-municipios-com-corpos-de-bombeiros-da-administracao-local\/","url":"https:\/\/anmp.pt\/anmport\/seccoes-de-municipios\/seccao-de-municipios-com-corpos-de-bombeiros-da-administracao-local\/","name":"Sec\u00e7\u00e3o de Munic\u00edpios com Corpos de Bombeiros da Administra\u00e7\u00e3o Local - Portal Institucional","isPartOf":{"@id":"https:\/\/anmp.pt\/#website"},"primaryImageOfPage":{"@id":"https:\/\/anmp.pt\/anmport\/seccoes-de-municipios\/seccao-de-municipios-com-corpos-de-bombeiros-da-administracao-local\/#primaryimage"},"image":{"@id":"https:\/\/anmp.pt\/anmport\/seccoes-de-municipios\/seccao-de-municipios-com-corpos-de-bombeiros-da-administracao-local\/#primaryimage"},"thumbnailUrl":"https:\/\/anmp.pt\/wp-content\/uploads\/2023\/02\/SECBOM230201a-300x164.jpg","datePublished":"2019-09-06T11:52:24+00:00","dateModified":"2023-02-20T11:05:11+00:00","breadcrumb":{"@id":"https:\/\/anmp.pt\/anmport\/seccoes-de-municipios\/seccao-de-municipios-com-corpos-de-bombeiros-da-administracao-local\/#breadcrumb"},"inLanguage":"fr-FR","potentialAction":[{"@type":"ReadAction","target":["https:\/\/anmp.pt\/anmport\/seccoes-de-municipios\/seccao-de-municipios-com-corpos-de-bombeiros-da-administracao-local\/"]}]},{"@type":"ImageObject","inLanguage":"fr-FR","@id":"https:\/\/anmp.pt\/anmport\/seccoes-de-municipios\/seccao-de-municipios-com-corpos-de-bombeiros-da-administracao-local\/#primaryimage","url":"https:\/\/anmp.pt\/wp-content\/uploads\/2023\/02\/SECBOM230201a-300x164.jpg","contentUrl":"https:\/\/anmp.pt\/wp-content\/uploads\/2023\/02\/SECBOM230201a-300x164.jpg"},{"@type":"BreadcrumbList","@id":"https:\/\/anmp.pt\/anmport\/seccoes-de-municipios\/seccao-de-municipios-com-corpos-de-bombeiros-da-administracao-local\/#breadcrumb","itemListElement":[{"@type":"ListItem","position":1,"name":"In\u00edcio","item":"https:\/\/anmp.pt\/"},{"@type":"ListItem","position":2,"name":"ANMP","item":"https:\/\/anmp.pt\/anmport\/"},{"@type":"ListItem","position":3,"name":"Sec\u00e7\u00f5es de munic\u00edpios","item":"https:\/\/anmp.pt\/anmport\/seccoes-de-municipios\/"},{"@type":"ListItem","position":4,"name":"Sec\u00e7\u00e3o de Munic\u00edpios com Corpos de Bombeiros da Administra\u00e7\u00e3o Local"}]},{"@type":"WebSite","@id":"https:\/\/anmp.pt\/#website","url":"https:\/\/anmp.pt\/","name":"Associa\u00e7\u00e3o Nacional de Munic\u00edpios Portugueses","description":"Portal Institucional","publisher":{"@id":"https:\/\/anmp.pt\/#organization"},"potentialAction":[{"@type":"SearchAction","target":{"@type":"EntryPoint","urlTemplate":"https:\/\/anmp.pt\/?s={search_term_string}"},"query-input":{"@type":"PropertyValueSpecification","valueRequired":true,"valueName":"search_term_string"}}],"inLanguage":"fr-FR"},{"@type":"Organization","@id":"https:\/\/anmp.pt\/#organization","name":"Associa\u00e7\u00e3o Nacional de Munic\u00edpios Portugueses","url":"https:\/\/anmp.pt\/","logo":{"@type":"ImageObject","inLanguage":"fr-FR","@id":"https:\/\/anmp.pt\/#\/schema\/logo\/image\/","url":"https:\/\/anmp.pt\/wp-content\/uploads\/2020\/06\/logo980400.png","contentUrl":"https:\/\/anmp.pt\/wp-content\/uploads\/2020\/06\/logo980400.png","width":980,"height":400,"caption":"Associa\u00e7\u00e3o Nacional de Munic\u00edpios Portugueses"},"image":{"@id":"https:\/\/anmp.pt\/#\/schema\/logo\/image\/"},"sameAs":["https:\/\/www.facebook.com\/ANMP.PT"]}]}},"_links":{"self":[{"href":"https:\/\/anmp.pt\/fr\/wp-json\/wp\/v2\/pages\/1650","targetHints":{"allow":["GET"]}}],"collection":[{"href":"https:\/\/anmp.pt\/fr\/wp-json\/wp\/v2\/pages"}],"about":[{"href":"https:\/\/anmp.pt\/fr\/wp-json\/wp\/v2\/types\/page"}],"author":[{"embeddable":true,"href":"https:\/\/anmp.pt\/fr\/wp-json\/wp\/v2\/users\/1"}],"replies":[{"embeddable":true,"href":"https:\/\/anmp.pt\/fr\/wp-json\/wp\/v2\/comments?post=1650"}],"version-history":[{"count":0,"href":"https:\/\/anmp.pt\/fr\/wp-json\/wp\/v2\/pages\/1650\/revisions"}],"up":[{"embeddable":true,"href":"https:\/\/anmp.pt\/fr\/wp-json\/wp\/v2\/pages\/1636"}],"wp:attachment":[{"href":"https:\/\/anmp.pt\/fr\/wp-json\/wp\/v2\/media?parent=1650"}],"curies":[{"name":"wp","href":"https:\/\/api.w.org\/{rel}","templated":true}]}}