{"id":1667,"date":"2019-09-06T14:15:24","date_gmt":"2019-09-06T13:15:24","guid":{"rendered":"https:\/\/anmp.pt\/?page_id=1667"},"modified":"2022-08-30T10:21:21","modified_gmt":"2022-08-30T09:21:21","slug":"estrutura-organica","status":"publish","type":"page","link":"https:\/\/anmp.pt\/fr\/anmport\/estrutura-organica\/","title":{"rendered":"Estrutura org\u00e2nica"},"content":{"rendered":"<p class=\"qtranxs-available-languages-message qtranxs-available-languages-message-fr\">D\u00e9sol\u00e9, cet article est seulement disponible en <a href=\"https:\/\/anmp.pt\/pt\/wp-json\/wp\/v2\/pages\/1667\" class=\"qtranxs-available-language-link qtranxs-available-language-link-pt\" title=\"Portugu\u00eas\">Portugu\u00eas<\/a>.<\/p><p>A estrutura org\u00e2nica dos servi\u00e7os da ANMP tem por objetivo a conce\u00e7\u00e3o, execu\u00e7\u00e3o e coordena\u00e7\u00e3o de apoio t\u00e9cnico, administrativo e pol\u00edtico aos \u00f3rg\u00e3os sociais respetivos, nos dom\u00ednios do planeamento, conce\u00e7\u00e3o, organiza\u00e7\u00e3o, gest\u00e3o, avalia\u00e7\u00e3o e controlo.<\/p>\n<p>Cabe \u00e0 estrutura org\u00e2nica dos servi\u00e7os desenvolver toda a atividade de apoio aos \u00f3rg\u00e3os associativos, adequada \u00e0 realiza\u00e7\u00e3o das atribui\u00e7\u00f5es da ANMP, estando a sua dire\u00e7\u00e3o operacional a cargo do Secret\u00e1rio-geral.<\/p>\n<p>Para a prossecu\u00e7\u00e3o das suas atividades a ANMP disp\u00f5e das seguintes unidades org\u00e2nicas:<br \/>\n:: Secret\u00e1rio-Geral;<br \/>\n:: Gabinete de Apoio ao Secret\u00e1rio-Geral;<br \/>\n:: Secret\u00e1rio Geral Adjunto;<br \/>\n:: Assessoria de Comunica\u00e7\u00e3o e Imagem;<br \/>\n:: Gabinete de Ambiente, Ordenamento e Gest\u00e3o de Recursos Humanos;<br \/>\n:: Gabinete de Financiamento Local;<br \/>\n:: Gabinete Jur\u00eddico,\u00a0 da Descentraliza\u00e7\u00e3o e \u00c1rea Local;<br \/>\n:: Gabinete de Inform\u00e1tica e Digitaliza\u00e7\u00e3o;<br \/>\n:: Gabinete de Rela\u00e7\u00f5es Internacionais, Sec\u00e7\u00f5es e Eventos<\/p>","protected":false},"excerpt":{"rendered":"<p>D\u00e9sol\u00e9, cet article est seulement disponible en Portugu\u00eas.A estrutura org\u00e2nica dos servi\u00e7os da ANMP tem por objetivo a conce\u00e7\u00e3o, execu\u00e7\u00e3o e coordena\u00e7\u00e3o de apoio t\u00e9cnico, administrativo e pol\u00edtico aos \u00f3rg\u00e3os sociais respetivos, nos dom\u00ednios do planeamento, conce\u00e7\u00e3o, organiza\u00e7\u00e3o, gest\u00e3o, avalia\u00e7\u00e3o e controlo. Cabe \u00e0 estrutura org\u00e2nica dos servi\u00e7os desenvolver toda a atividade de apoio aos [&hellip;]<\/p>\n","protected":false},"author":1,"featured_media":0,"parent":1598,"menu_order":242,"comment_status":"closed","ping_status":"closed","template":"templates-map\/component-text-layout1.php","meta":{"_acf_changed":false,"_exactmetrics_skip_tracking":false,"_exactmetrics_sitenote_active":false,"_exactmetrics_sitenote_note":"","_exactmetrics_sitenote_category":0,"footnotes":""},"class_list":["post-1667","page","type-page","status-publish","hentry"],"acf":[],"yoast_head":"<!-- This site is optimized with the Yoast SEO plugin v23.9 - https:\/\/yoast.com\/wordpress\/plugins\/seo\/ -->\n<title>Estrutura org\u00e2nica - Portal Institucional<\/title>\n<meta name=\"robots\" content=\"index, follow, max-snippet:-1, max-image-preview:large, max-video-preview:-1\" \/>\n<link rel=\"canonical\" href=\"https:\/\/anmp.pt\/anmport\/estrutura-organica\/\" \/>\n<meta property=\"og:locale\" content=\"fr_FR\" \/>\n<meta property=\"og:type\" content=\"article\" \/>\n<meta property=\"og:title\" content=\"Estrutura org\u00e2nica - Portal Institucional\" \/>\n<meta property=\"og:description\" content=\"D\u00e9sol\u00e9, cet article est seulement disponible en Portugu\u00eas.A estrutura org\u00e2nica dos servi\u00e7os da ANMP tem por objetivo a conce\u00e7\u00e3o, execu\u00e7\u00e3o e coordena\u00e7\u00e3o de apoio t\u00e9cnico, administrativo e pol\u00edtico aos \u00f3rg\u00e3os sociais respetivos, nos dom\u00ednios do planeamento, conce\u00e7\u00e3o, organiza\u00e7\u00e3o, gest\u00e3o, avalia\u00e7\u00e3o e controlo. Cabe \u00e0 estrutura org\u00e2nica dos servi\u00e7os desenvolver toda a atividade de apoio aos [&hellip;]\" \/>\n<meta property=\"og:url\" content=\"https:\/\/anmp.pt\/anmport\/estrutura-organica\/\" \/>\n<meta property=\"og:site_name\" content=\"Portal Institucional\" \/>\n<meta property=\"article:publisher\" content=\"https:\/\/www.facebook.com\/ANMP.PT\" \/>\n<meta property=\"article:modified_time\" content=\"2022-08-30T09:21:21+00:00\" \/>\n<meta name=\"twitter:card\" content=\"summary_large_image\" \/>\n<script type=\"application\/ld+json\" class=\"yoast-schema-graph\">{\"@context\":\"https:\/\/schema.org\",\"@graph\":[{\"@type\":\"WebPage\",\"@id\":\"https:\/\/anmp.pt\/anmport\/estrutura-organica\/\",\"url\":\"https:\/\/anmp.pt\/anmport\/estrutura-organica\/\",\"name\":\"Estrutura org\u00e2nica - Portal Institucional\",\"isPartOf\":{\"@id\":\"https:\/\/anmp.pt\/#website\"},\"datePublished\":\"2019-09-06T13:15:24+00:00\",\"dateModified\":\"2022-08-30T09:21:21+00:00\",\"breadcrumb\":{\"@id\":\"https:\/\/anmp.pt\/anmport\/estrutura-organica\/#breadcrumb\"},\"inLanguage\":\"fr-FR\",\"potentialAction\":[{\"@type\":\"ReadAction\",\"target\":[\"https:\/\/anmp.pt\/anmport\/estrutura-organica\/\"]}]},{\"@type\":\"BreadcrumbList\",\"@id\":\"https:\/\/anmp.pt\/anmport\/estrutura-organica\/#breadcrumb\",\"itemListElement\":[{\"@type\":\"ListItem\",\"position\":1,\"name\":\"In\u00edcio\",\"item\":\"https:\/\/anmp.pt\/\"},{\"@type\":\"ListItem\",\"position\":2,\"name\":\"ANMP\",\"item\":\"https:\/\/anmp.pt\/anmport\/\"},{\"@type\":\"ListItem\",\"position\":3,\"name\":\"Estrutura org\u00e2nica\"}]},{\"@type\":\"WebSite\",\"@id\":\"https:\/\/anmp.pt\/#website\",\"url\":\"https:\/\/anmp.pt\/\",\"name\":\"Associa\u00e7\u00e3o Nacional de Munic\u00edpios Portugueses\",\"description\":\"Portal Institucional\",\"publisher\":{\"@id\":\"https:\/\/anmp.pt\/#organization\"},\"potentialAction\":[{\"@type\":\"SearchAction\",\"target\":{\"@type\":\"EntryPoint\",\"urlTemplate\":\"https:\/\/anmp.pt\/?s={search_term_string}\"},\"query-input\":{\"@type\":\"PropertyValueSpecification\",\"valueRequired\":true,\"valueName\":\"search_term_string\"}}],\"inLanguage\":\"fr-FR\"},{\"@type\":\"Organization\",\"@id\":\"https:\/\/anmp.pt\/#organization\",\"name\":\"Associa\u00e7\u00e3o Nacional de Munic\u00edpios Portugueses\",\"url\":\"https:\/\/anmp.pt\/\",\"logo\":{\"@type\":\"ImageObject\",\"inLanguage\":\"fr-FR\",\"@id\":\"https:\/\/anmp.pt\/#\/schema\/logo\/image\/\",\"url\":\"https:\/\/anmp.pt\/wp-content\/uploads\/2020\/06\/logo980400.png\",\"contentUrl\":\"https:\/\/anmp.pt\/wp-content\/uploads\/2020\/06\/logo980400.png\",\"width\":980,\"height\":400,\"caption\":\"Associa\u00e7\u00e3o Nacional de Munic\u00edpios Portugueses\"},\"image\":{\"@id\":\"https:\/\/anmp.pt\/#\/schema\/logo\/image\/\"},\"sameAs\":[\"https:\/\/www.facebook.com\/ANMP.PT\"]}]}<\/script>\n<!-- \/ Yoast SEO plugin. -->","yoast_head_json":{"title":"Estrutura org\u00e2nica - Portal Institucional","robots":{"index":"index","follow":"follow","max-snippet":"max-snippet:-1","max-image-preview":"max-image-preview:large","max-video-preview":"max-video-preview:-1"},"canonical":"https:\/\/anmp.pt\/anmport\/estrutura-organica\/","og_locale":"fr_FR","og_type":"article","og_title":"Estrutura org\u00e2nica - Portal Institucional","og_description":"D\u00e9sol\u00e9, cet article est seulement disponible en Portugu\u00eas.A estrutura org\u00e2nica dos servi\u00e7os da ANMP tem por objetivo a conce\u00e7\u00e3o, execu\u00e7\u00e3o e coordena\u00e7\u00e3o de apoio t\u00e9cnico, administrativo e pol\u00edtico aos \u00f3rg\u00e3os sociais respetivos, nos dom\u00ednios do planeamento, conce\u00e7\u00e3o, organiza\u00e7\u00e3o, gest\u00e3o, avalia\u00e7\u00e3o e controlo. Cabe \u00e0 estrutura org\u00e2nica dos servi\u00e7os desenvolver toda a atividade de apoio aos [&hellip;]","og_url":"https:\/\/anmp.pt\/anmport\/estrutura-organica\/","og_site_name":"Portal Institucional","article_publisher":"https:\/\/www.facebook.com\/ANMP.PT","article_modified_time":"2022-08-30T09:21:21+00:00","twitter_card":"summary_large_image","schema":{"@context":"https:\/\/schema.org","@graph":[{"@type":"WebPage","@id":"https:\/\/anmp.pt\/anmport\/estrutura-organica\/","url":"https:\/\/anmp.pt\/anmport\/estrutura-organica\/","name":"Estrutura org\u00e2nica - Portal Institucional","isPartOf":{"@id":"https:\/\/anmp.pt\/#website"},"datePublished":"2019-09-06T13:15:24+00:00","dateModified":"2022-08-30T09:21:21+00:00","breadcrumb":{"@id":"https:\/\/anmp.pt\/anmport\/estrutura-organica\/#breadcrumb"},"inLanguage":"fr-FR","potentialAction":[{"@type":"ReadAction","target":["https:\/\/anmp.pt\/anmport\/estrutura-organica\/"]}]},{"@type":"BreadcrumbList","@id":"https:\/\/anmp.pt\/anmport\/estrutura-organica\/#breadcrumb","itemListElement":[{"@type":"ListItem","position":1,"name":"In\u00edcio","item":"https:\/\/anmp.pt\/"},{"@type":"ListItem","position":2,"name":"ANMP","item":"https:\/\/anmp.pt\/anmport\/"},{"@type":"ListItem","position":3,"name":"Estrutura org\u00e2nica"}]},{"@type":"WebSite","@id":"https:\/\/anmp.pt\/#website","url":"https:\/\/anmp.pt\/","name":"Associa\u00e7\u00e3o Nacional de Munic\u00edpios Portugueses","description":"Portal Institucional","publisher":{"@id":"https:\/\/anmp.pt\/#organization"},"potentialAction":[{"@type":"SearchAction","target":{"@type":"EntryPoint","urlTemplate":"https:\/\/anmp.pt\/?s={search_term_string}"},"query-input":{"@type":"PropertyValueSpecification","valueRequired":true,"valueName":"search_term_string"}}],"inLanguage":"fr-FR"},{"@type":"Organization","@id":"https:\/\/anmp.pt\/#organization","name":"Associa\u00e7\u00e3o Nacional de Munic\u00edpios Portugueses","url":"https:\/\/anmp.pt\/","logo":{"@type":"ImageObject","inLanguage":"fr-FR","@id":"https:\/\/anmp.pt\/#\/schema\/logo\/image\/","url":"https:\/\/anmp.pt\/wp-content\/uploads\/2020\/06\/logo980400.png","contentUrl":"https:\/\/anmp.pt\/wp-content\/uploads\/2020\/06\/logo980400.png","width":980,"height":400,"caption":"Associa\u00e7\u00e3o Nacional de Munic\u00edpios Portugueses"},"image":{"@id":"https:\/\/anmp.pt\/#\/schema\/logo\/image\/"},"sameAs":["https:\/\/www.facebook.com\/ANMP.PT"]}]}},"_links":{"self":[{"href":"https:\/\/anmp.pt\/fr\/wp-json\/wp\/v2\/pages\/1667","targetHints":{"allow":["GET"]}}],"collection":[{"href":"https:\/\/anmp.pt\/fr\/wp-json\/wp\/v2\/pages"}],"about":[{"href":"https:\/\/anmp.pt\/fr\/wp-json\/wp\/v2\/types\/page"}],"author":[{"embeddable":true,"href":"https:\/\/anmp.pt\/fr\/wp-json\/wp\/v2\/users\/1"}],"replies":[{"embeddable":true,"href":"https:\/\/anmp.pt\/fr\/wp-json\/wp\/v2\/comments?post=1667"}],"version-history":[{"count":0,"href":"https:\/\/anmp.pt\/fr\/wp-json\/wp\/v2\/pages\/1667\/revisions"}],"up":[{"embeddable":true,"href":"https:\/\/anmp.pt\/fr\/wp-json\/wp\/v2\/pages\/1598"}],"wp:attachment":[{"href":"https:\/\/anmp.pt\/fr\/wp-json\/wp\/v2\/media?parent=1667"}],"curies":[{"name":"wp","href":"https:\/\/api.w.org\/{rel}","templated":true}]}}