{"id":21810,"date":"2020-06-01T12:30:51","date_gmt":"2020-06-01T11:30:51","guid":{"rendered":"https:\/\/anmp.pt\/?page_id=21810"},"modified":"2020-06-01T12:30:51","modified_gmt":"2020-06-01T11:30:51","slug":"alternativas-aos-herbicidas-em-areas-urbanas-e-outros-espacos-publicos","status":"publish","type":"page","link":"https:\/\/anmp.pt\/fr\/divulgacao\/alternativas-aos-herbicidas-em-areas-urbanas-e-outros-espacos-publicos\/","title":{"rendered":"(Portugu\u00eas) Alternativas aos herbicidas em \u00e1reas urbanas e outros espa\u00e7os p\u00fablicos"},"content":{"rendered":"","protected":false},"excerpt":{"rendered":"","protected":false},"author":1,"featured_media":0,"parent":21752,"menu_order":22,"comment_status":"closed","ping_status":"closed","template":"templates-map\/component-text-layout1.php","meta":{"_acf_changed":false,"_exactmetrics_skip_tracking":false,"_exactmetrics_sitenote_active":false,"_exactmetrics_sitenote_note":"","_exactmetrics_sitenote_category":0,"footnotes":""},"class_list":["post-21810","page","type-page","status-publish","hentry"],"acf":[],"yoast_head":"<!-- This site is optimized with the Yoast SEO plugin v23.9 - https:\/\/yoast.com\/wordpress\/plugins\/seo\/ -->\n<title><\/title>\n<meta name=\"robots\" content=\"index, follow, max-snippet:-1, max-image-preview:large, max-video-preview:-1\" \/>\n<link rel=\"canonical\" href=\"https:\/\/anmp.pt\/divulgacao\/alternativas-aos-herbicidas-em-areas-urbanas-e-outros-espacos-publicos\/\" \/>\n<meta property=\"og:locale\" content=\"fr_FR\" \/>\n<meta property=\"og:type\" content=\"article\" \/>\n<meta property=\"og:title\" content=\"[:pt]Alternativas aos herbicidas em \u00e1reas urbanas e outros espa\u00e7os p\u00fablicos[:] - Portal Institucional\" \/>\n<meta property=\"og:url\" content=\"https:\/\/anmp.pt\/divulgacao\/alternativas-aos-herbicidas-em-areas-urbanas-e-outros-espacos-publicos\/\" \/>\n<meta property=\"og:site_name\" content=\"Portal Institucional\" \/>\n<meta property=\"article:publisher\" content=\"https:\/\/www.facebook.com\/ANMP.PT\" \/>\n<meta name=\"twitter:card\" content=\"summary_large_image\" \/>\n<script type=\"application\/ld+json\" class=\"yoast-schema-graph\">{\"@context\":\"https:\/\/schema.org\",\"@graph\":[{\"@type\":\"WebPage\",\"@id\":\"https:\/\/anmp.pt\/divulgacao\/alternativas-aos-herbicidas-em-areas-urbanas-e-outros-espacos-publicos\/\",\"url\":\"https:\/\/anmp.pt\/divulgacao\/alternativas-aos-herbicidas-em-areas-urbanas-e-outros-espacos-publicos\/\",\"name\":\"[:pt]Alternativas aos herbicidas em \u00e1reas urbanas e outros espa\u00e7os p\u00fablicos[:] - Portal Institucional\",\"isPartOf\":{\"@id\":\"https:\/\/anmp.pt\/#website\"},\"datePublished\":\"2020-06-01T11:30:51+00:00\",\"dateModified\":\"2020-06-01T11:30:51+00:00\",\"breadcrumb\":{\"@id\":\"https:\/\/anmp.pt\/divulgacao\/alternativas-aos-herbicidas-em-areas-urbanas-e-outros-espacos-publicos\/#breadcrumb\"},\"inLanguage\":\"fr-FR\",\"potentialAction\":[{\"@type\":\"ReadAction\",\"target\":[\"https:\/\/anmp.pt\/divulgacao\/alternativas-aos-herbicidas-em-areas-urbanas-e-outros-espacos-publicos\/\"]}]},{\"@type\":\"BreadcrumbList\",\"@id\":\"https:\/\/anmp.pt\/divulgacao\/alternativas-aos-herbicidas-em-areas-urbanas-e-outros-espacos-publicos\/#breadcrumb\",\"itemListElement\":[{\"@type\":\"ListItem\",\"position\":1,\"name\":\"In\u00edcio\",\"item\":\"https:\/\/anmp.pt\/\"},{\"@type\":\"ListItem\",\"position\":2,\"name\":\"Divulga\u00e7\u00e3o\",\"item\":\"https:\/\/anmp.pt\/divulgacao\/\"},{\"@type\":\"ListItem\",\"position\":3,\"name\":\"Alternativas aos herbicidas em \u00e1reas urbanas e outros espa\u00e7os p\u00fablicos\"}]},{\"@type\":\"WebSite\",\"@id\":\"https:\/\/anmp.pt\/#website\",\"url\":\"https:\/\/anmp.pt\/\",\"name\":\"Associa\u00e7\u00e3o Nacional de Munic\u00edpios Portugueses\",\"description\":\"Portal Institucional\",\"publisher\":{\"@id\":\"https:\/\/anmp.pt\/#organization\"},\"potentialAction\":[{\"@type\":\"SearchAction\",\"target\":{\"@type\":\"EntryPoint\",\"urlTemplate\":\"https:\/\/anmp.pt\/?s={search_term_string}\"},\"query-input\":{\"@type\":\"PropertyValueSpecification\",\"valueRequired\":true,\"valueName\":\"search_term_string\"}}],\"inLanguage\":\"fr-FR\"},{\"@type\":\"Organization\",\"@id\":\"https:\/\/anmp.pt\/#organization\",\"name\":\"Associa\u00e7\u00e3o Nacional de Munic\u00edpios Portugueses\",\"url\":\"https:\/\/anmp.pt\/\",\"logo\":{\"@type\":\"ImageObject\",\"inLanguage\":\"fr-FR\",\"@id\":\"https:\/\/anmp.pt\/#\/schema\/logo\/image\/\",\"url\":\"https:\/\/anmp.pt\/wp-content\/uploads\/2020\/06\/logo980400.png\",\"contentUrl\":\"https:\/\/anmp.pt\/wp-content\/uploads\/2020\/06\/logo980400.png\",\"width\":980,\"height\":400,\"caption\":\"Associa\u00e7\u00e3o Nacional de Munic\u00edpios Portugueses\"},\"image\":{\"@id\":\"https:\/\/anmp.pt\/#\/schema\/logo\/image\/\"},\"sameAs\":[\"https:\/\/www.facebook.com\/ANMP.PT\"]}]}<\/script>\n<!-- \/ Yoast SEO plugin. -->","yoast_head_json":{"title":"[:pt]Alternativas aos herbicidas em \u00e1reas urbanas e outros espa\u00e7os p\u00fablicos[:] - Portal Institucional","robots":{"index":"index","follow":"follow","max-snippet":"max-snippet:-1","max-image-preview":"max-image-preview:large","max-video-preview":"max-video-preview:-1"},"canonical":"https:\/\/anmp.pt\/divulgacao\/alternativas-aos-herbicidas-em-areas-urbanas-e-outros-espacos-publicos\/","og_locale":"fr_FR","og_type":"article","og_title":"[:pt]Alternativas aos herbicidas em \u00e1reas urbanas e outros espa\u00e7os p\u00fablicos[:] - Portal Institucional","og_url":"https:\/\/anmp.pt\/divulgacao\/alternativas-aos-herbicidas-em-areas-urbanas-e-outros-espacos-publicos\/","og_site_name":"Portal Institucional","article_publisher":"https:\/\/www.facebook.com\/ANMP.PT","twitter_card":"summary_large_image","schema":{"@context":"https:\/\/schema.org","@graph":[{"@type":"WebPage","@id":"https:\/\/anmp.pt\/divulgacao\/alternativas-aos-herbicidas-em-areas-urbanas-e-outros-espacos-publicos\/","url":"https:\/\/anmp.pt\/divulgacao\/alternativas-aos-herbicidas-em-areas-urbanas-e-outros-espacos-publicos\/","name":"[:pt]Alternativas aos herbicidas em \u00e1reas urbanas e outros espa\u00e7os p\u00fablicos[:] - Portal Institucional","isPartOf":{"@id":"https:\/\/anmp.pt\/#website"},"datePublished":"2020-06-01T11:30:51+00:00","dateModified":"2020-06-01T11:30:51+00:00","breadcrumb":{"@id":"https:\/\/anmp.pt\/divulgacao\/alternativas-aos-herbicidas-em-areas-urbanas-e-outros-espacos-publicos\/#breadcrumb"},"inLanguage":"fr-FR","potentialAction":[{"@type":"ReadAction","target":["https:\/\/anmp.pt\/divulgacao\/alternativas-aos-herbicidas-em-areas-urbanas-e-outros-espacos-publicos\/"]}]},{"@type":"BreadcrumbList","@id":"https:\/\/anmp.pt\/divulgacao\/alternativas-aos-herbicidas-em-areas-urbanas-e-outros-espacos-publicos\/#breadcrumb","itemListElement":[{"@type":"ListItem","position":1,"name":"In\u00edcio","item":"https:\/\/anmp.pt\/"},{"@type":"ListItem","position":2,"name":"Divulga\u00e7\u00e3o","item":"https:\/\/anmp.pt\/divulgacao\/"},{"@type":"ListItem","position":3,"name":"Alternativas aos herbicidas em \u00e1reas urbanas e outros espa\u00e7os p\u00fablicos"}]},{"@type":"WebSite","@id":"https:\/\/anmp.pt\/#website","url":"https:\/\/anmp.pt\/","name":"Associa\u00e7\u00e3o Nacional de Munic\u00edpios Portugueses","description":"Portal Institucional","publisher":{"@id":"https:\/\/anmp.pt\/#organization"},"potentialAction":[{"@type":"SearchAction","target":{"@type":"EntryPoint","urlTemplate":"https:\/\/anmp.pt\/?s={search_term_string}"},"query-input":{"@type":"PropertyValueSpecification","valueRequired":true,"valueName":"search_term_string"}}],"inLanguage":"fr-FR"},{"@type":"Organization","@id":"https:\/\/anmp.pt\/#organization","name":"Associa\u00e7\u00e3o Nacional de Munic\u00edpios Portugueses","url":"https:\/\/anmp.pt\/","logo":{"@type":"ImageObject","inLanguage":"fr-FR","@id":"https:\/\/anmp.pt\/#\/schema\/logo\/image\/","url":"https:\/\/anmp.pt\/wp-content\/uploads\/2020\/06\/logo980400.png","contentUrl":"https:\/\/anmp.pt\/wp-content\/uploads\/2020\/06\/logo980400.png","width":980,"height":400,"caption":"Associa\u00e7\u00e3o Nacional de Munic\u00edpios Portugueses"},"image":{"@id":"https:\/\/anmp.pt\/#\/schema\/logo\/image\/"},"sameAs":["https:\/\/www.facebook.com\/ANMP.PT"]}]}},"_links":{"self":[{"href":"https:\/\/anmp.pt\/fr\/wp-json\/wp\/v2\/pages\/21810","targetHints":{"allow":["GET"]}}],"collection":[{"href":"https:\/\/anmp.pt\/fr\/wp-json\/wp\/v2\/pages"}],"about":[{"href":"https:\/\/anmp.pt\/fr\/wp-json\/wp\/v2\/types\/page"}],"author":[{"embeddable":true,"href":"https:\/\/anmp.pt\/fr\/wp-json\/wp\/v2\/users\/1"}],"replies":[{"embeddable":true,"href":"https:\/\/anmp.pt\/fr\/wp-json\/wp\/v2\/comments?post=21810"}],"version-history":[{"count":0,"href":"https:\/\/anmp.pt\/fr\/wp-json\/wp\/v2\/pages\/21810\/revisions"}],"up":[{"embeddable":true,"href":"https:\/\/anmp.pt\/fr\/wp-json\/wp\/v2\/pages\/21752"}],"wp:attachment":[{"href":"https:\/\/anmp.pt\/fr\/wp-json\/wp\/v2\/media?parent=21810"}],"curies":[{"name":"wp","href":"https:\/\/api.w.org\/{rel}","templated":true}]}}