{"id":25230,"date":"2020-08-24T15:59:46","date_gmt":"2020-08-24T14:59:46","guid":{"rendered":"https:\/\/www.anmp.pt\/?page_id=25230"},"modified":"2024-05-27T09:52:12","modified_gmt":"2024-05-27T08:52:12","slug":"smart-cities-tour","status":"publish","type":"page","link":"https:\/\/anmp.pt\/fr\/anmport\/seccoes-de-municipios\/smart-cities-tour\/","title":{"rendered":"(Portugu\u00eas) Smart Cities Tour"},"content":{"rendered":"<p class=\"qtranxs-available-languages-message qtranxs-available-languages-message-fr\">D\u00e9sol\u00e9, cet article est seulement disponible en <a href=\"https:\/\/anmp.pt\/pt\/wp-json\/wp\/v2\/pages\/25230\" class=\"qtranxs-available-language-link qtranxs-available-language-link-pt\" title=\"Portugu\u00eas\">Portugu\u00eas<\/a>.<\/p><p><\/p>\n<ul>\n<li><strong>Edi\u00e7\u00e3o de 2020<\/strong><br \/>\n<!--\u00a0 Apresenta\u00e7\u00e3o RETIRADA(AFC)<a href=\"https:\/\/www.anmp.pt\/wp-content\/uploads\/2020\/10\/SmartTour2020Apresenta2.pdf\" target=\"_blank\" rel=\"noopener noreferrer\">Apresenta\u00e7\u00e3o<\/a><strong> --><strong>Tem\u00e1ticas<\/strong>: <a href=\"https:\/\/www.anmp.pt\/eventos\/smart-cities-tour-2020-cidade-circular\/\">Cidade Circular<\/a> | <a href=\"https:\/\/www.anmp.pt\/eventos\/smart-cities-tour-2020-mobilidade-sustentavel\/\">Mobilidade Sustent\u00e1vel<\/a> | <a href=\"https:\/\/www.anmp.pt\/eventos\/smart-cities-tour-2020-turismo-inteligente\/\" rel=\"noopener\">Smart Turism<\/a> | <a href=\"https:\/\/www.anmp.pt\/eventos\/smart-cities-tour-2020-inovacao-inteligente\/\">Inova\u00e7\u00e3o Inteligente<\/a> | <a href=\"https:\/\/www.anmp.pt\/eventos\/smart-cities-tour-2020-comunidades-de-energia\/\">Comunidades de Energia<\/a> | <a href=\"https:\/\/www.anmp.pt\/eventos\/smart-cities-tour-2020-smart-cohesion\/\" target=\"_blank\" rel=\"noopener noreferrer\">Smart Cohesion<\/a><\/strong><\/li>\n<li><strong>Edi\u00e7\u00e3o de 2019<\/strong><strong><br \/>\n<\/strong><a href=\"https:\/\/www.anmp.pt\/wp-content\/uploads\/2020\/03\/Apresentageral.pdf\" target=\"_blank\" rel=\"noopener noreferrer\">Apresenta\u00e7\u00e3o<\/a><\/li>\n<li><strong>Tem\u00e1ticas<\/strong>: <a href=\"https:\/\/www.anmp.pt\/eventos\/smart-cities-tour-2019-economia-e-inovacao-tecnologica\/\">Economia e Inova\u00e7\u00e3o tecnol\u00f3gica<\/a> | <a href=\"https:\/\/www.anmp.pt\/eventos\/smart-cities-tour-2019-mobilidade-suave\/\">Mobilidade Suave<\/a> | <a href=\"https:\/\/www.anmp.pt\/eventos\/smart-cities-tour-2019-cidade-como-plataforma\/\">Cidade como Plataforma<\/a> | <a href=\"https:\/\/www.anmp.pt\/eventos\/workshop-cidade-circular-vila-real\/\">Cidade Circular<\/a> | <a href=\"https:\/\/www.anmp.pt\/eventos\/smart-cities-tour-2019-cidade-inclusiva\/\">Cidade Inclusiva<\/a> | <a href=\"https:\/\/www.anmp.pt\/eventos\/smart-cities-tour-2019-alteracoes-climaticas\/\">Altera\u00e7\u00f5es Clim\u00e1ticas<\/a> | <a href=\"https:\/\/www.anmp.pt\/eventos\/smart-cities-tour-2019-happy-islands%e2%80%8b\/\">Happy City<\/a> | <a href=\"https:\/\/www.anmp.pt\/eventos\/smart-cities-tour-2019-cimeira-dos-autarcas\/\" target=\"_blank\" rel=\"noopener noreferrer\">Cimeira dos Autarcas<\/a><\/li>\n<li><strong>Edi\u00e7\u00e3o de 2018<\/strong><br \/>\n<a href=\"https:\/\/www.anmp.pt\/file-viewer\/?pstid=19212\" target=\"_blank\" rel=\"noopener noreferrer\">Apresenta\u00e7\u00e3o<\/a> | <a href=\"https:\/\/www.anmp.pt\/file-viewer\/?pstid=25310\" target=\"_blank\" rel=\"noopener noreferrer\">V\u00eddeo<\/a> | <a href=\"https:\/\/www.anmp.pt\/file-viewer\/?pstid=19206\" target=\"_blank\" rel=\"noopener noreferrer\">Conclus\u00f5es<\/a><br \/>\n<strong>Tem\u00e1ticas<\/strong>: <a href=\"https:\/\/www.anmp.pt\/eventos\/smart-cities-tour-2018-resiliencia\/\">Resili\u00eancia<\/a> | <a href=\"https:\/\/www.anmp.pt\/eventos\/smart-cities-tour-2018-cidade-como-plataforma\/\">Cidade com plataforma<\/a> | <a href=\"https:\/\/www.anmp.pt\/eventos\/smart-cities-tour-2018-mobilidade\/\">Mobilidade<\/a> | <a href=\"https:\/\/www.anmp.pt\/eventos\/smart-cities-tour-2018-sustentabilidade-economica-e-financeira\/\">Sustentabilidade econ\u00f3mica e financeira<\/a> | <a href=\"https:\/\/www.anmp.pt\/eventos\/smart-cities-tour-2018-turismo\/\">Turismo<\/a> | <a href=\"https:\/\/www.anmp.pt\/eventos\/smart-cities-tour-2018-edificado\/\">Edificado<\/a>\u00a0 | <a href=\"https:\/\/www.anmp.pt\/eventos\/smart-cities-tour-2018-inovacao\/\">Inova\u00e7\u00e3o<\/a> | <a href=\"https:\/\/www.anmp.pt\/eventos\/smart-cities-tour-2018-cimeira-dos-autarcas\/\" target=\"_blank\" rel=\"noopener noreferrer\">Cimeira dos Autarcas<\/a><\/li>\n<li><strong>\u00a0\u00a0 Edi\u00e7\u00e3o de 2017<\/strong><br \/>\n<strong>Tem\u00e1ticas<\/strong>: <a href=\"https:\/\/www.anmp.pt\/eventos\/smart-cities-tour-2017-governacao\/\">Governa\u00e7\u00e3o<\/a> | <a href=\"https:\/\/www.anmp.pt\/eventos\/smart-cities-tour-2017-energia-ambiente-e-edificado\/\">Energia, Ambiente e Edificado<\/a> | <a href=\"https:\/\/www.anmp.pt\/eventos\/smart-cities-tour-2017-sociedade-e-qualidade-de-vida\/\">Sociedade e Qualidade de Vida<\/a> | <a href=\"https:\/\/www.anmp.pt\/eventos\/smart-cities-tour-2017-economia-e-inovacao\/\">Economia e Inova\u00e7\u00e3o<\/a> | <a href=\"https:\/\/www.anmp.pt\/eventos\/smart-cities-tour-2017-mobilidade\/\">Mobilidade<\/a> | <a href=\"https:\/\/www.anmp.pt\/eventos\/smart-cities-tour-2017-cimeira-dos-autarcas\/\" target=\"_blank\" rel=\"noopener noreferrer\">Cimeira dos Autarcas<\/a><\/li>\n<\/ul>\n<p><\/p>","protected":false},"excerpt":{"rendered":"<p>D\u00e9sol\u00e9, cet article est seulement disponible en Portugu\u00eas. Edi\u00e7\u00e3o de 2020 Tem\u00e1ticas: Cidade Circular | Mobilidade Sustent\u00e1vel | Smart Turism | Inova\u00e7\u00e3o Inteligente | Comunidades de Energia | Smart Cohesion Edi\u00e7\u00e3o de 2019 Apresenta\u00e7\u00e3o Tem\u00e1ticas: Economia e Inova\u00e7\u00e3o tecnol\u00f3gica | Mobilidade Suave | Cidade como Plataforma | Cidade Circular | Cidade Inclusiva | Altera\u00e7\u00f5es Clim\u00e1ticas [&hellip;]<\/p>\n","protected":false},"author":34,"featured_media":0,"parent":1636,"menu_order":196,"comment_status":"closed","ping_status":"closed","template":"templates-map\/component-text-layout1.php","meta":{"_acf_changed":false,"_exactmetrics_skip_tracking":false,"_exactmetrics_sitenote_active":false,"_exactmetrics_sitenote_note":"","_exactmetrics_sitenote_category":0,"footnotes":""},"class_list":["post-25230","page","type-page","status-publish","hentry"],"acf":[],"yoast_head":"<!-- This site is optimized with the Yoast SEO plugin v23.9 - https:\/\/yoast.com\/wordpress\/plugins\/seo\/ -->\n<title><\/title>\n<meta name=\"robots\" content=\"index, follow, max-snippet:-1, max-image-preview:large, max-video-preview:-1\" \/>\n<link rel=\"canonical\" href=\"https:\/\/anmp.pt\/anmport\/seccoes-de-municipios\/smart-cities-tour\/\" \/>\n<meta property=\"og:locale\" content=\"fr_FR\" \/>\n<meta property=\"og:type\" content=\"article\" \/>\n<meta property=\"og:title\" content=\"[:pt]Smart Cities Tour[:] - Portal Institucional\" \/>\n<meta property=\"og:description\" content=\"D\u00e9sol\u00e9, cet article est seulement disponible en Portugu\u00eas. Edi\u00e7\u00e3o de 2020 Tem\u00e1ticas: Cidade Circular | Mobilidade Sustent\u00e1vel | Smart Turism | Inova\u00e7\u00e3o Inteligente | Comunidades de Energia | Smart Cohesion Edi\u00e7\u00e3o de 2019 Apresenta\u00e7\u00e3o Tem\u00e1ticas: Economia e Inova\u00e7\u00e3o tecnol\u00f3gica | Mobilidade Suave | Cidade como Plataforma | Cidade Circular | Cidade Inclusiva | Altera\u00e7\u00f5es Clim\u00e1ticas [&hellip;]\" \/>\n<meta property=\"og:url\" content=\"https:\/\/anmp.pt\/anmport\/seccoes-de-municipios\/smart-cities-tour\/\" \/>\n<meta property=\"og:site_name\" content=\"Portal Institucional\" \/>\n<meta property=\"article:publisher\" content=\"https:\/\/www.facebook.com\/ANMP.PT\" \/>\n<meta property=\"article:modified_time\" content=\"2024-05-27T08:52:12+00:00\" \/>\n<meta name=\"twitter:card\" content=\"summary_large_image\" \/>\n<script type=\"application\/ld+json\" class=\"yoast-schema-graph\">{\"@context\":\"https:\/\/schema.org\",\"@graph\":[{\"@type\":\"WebPage\",\"@id\":\"https:\/\/anmp.pt\/anmport\/seccoes-de-municipios\/smart-cities-tour\/\",\"url\":\"https:\/\/anmp.pt\/anmport\/seccoes-de-municipios\/smart-cities-tour\/\",\"name\":\"[:pt]Smart Cities Tour[:] - Portal Institucional\",\"isPartOf\":{\"@id\":\"https:\/\/anmp.pt\/#website\"},\"datePublished\":\"2020-08-24T14:59:46+00:00\",\"dateModified\":\"2024-05-27T08:52:12+00:00\",\"breadcrumb\":{\"@id\":\"https:\/\/anmp.pt\/anmport\/seccoes-de-municipios\/smart-cities-tour\/#breadcrumb\"},\"inLanguage\":\"fr-FR\",\"potentialAction\":[{\"@type\":\"ReadAction\",\"target\":[\"https:\/\/anmp.pt\/anmport\/seccoes-de-municipios\/smart-cities-tour\/\"]}]},{\"@type\":\"BreadcrumbList\",\"@id\":\"https:\/\/anmp.pt\/anmport\/seccoes-de-municipios\/smart-cities-tour\/#breadcrumb\",\"itemListElement\":[{\"@type\":\"ListItem\",\"position\":1,\"name\":\"In\u00edcio\",\"item\":\"https:\/\/anmp.pt\/\"},{\"@type\":\"ListItem\",\"position\":2,\"name\":\"ANMP\",\"item\":\"https:\/\/anmp.pt\/anmport\/\"},{\"@type\":\"ListItem\",\"position\":3,\"name\":\"Sec\u00e7\u00f5es de munic\u00edpios\",\"item\":\"https:\/\/anmp.pt\/anmport\/seccoes-de-municipios\/\"},{\"@type\":\"ListItem\",\"position\":4,\"name\":\"Smart Cities Tour\"}]},{\"@type\":\"WebSite\",\"@id\":\"https:\/\/anmp.pt\/#website\",\"url\":\"https:\/\/anmp.pt\/\",\"name\":\"Associa\u00e7\u00e3o Nacional de Munic\u00edpios Portugueses\",\"description\":\"Portal Institucional\",\"publisher\":{\"@id\":\"https:\/\/anmp.pt\/#organization\"},\"potentialAction\":[{\"@type\":\"SearchAction\",\"target\":{\"@type\":\"EntryPoint\",\"urlTemplate\":\"https:\/\/anmp.pt\/?s={search_term_string}\"},\"query-input\":{\"@type\":\"PropertyValueSpecification\",\"valueRequired\":true,\"valueName\":\"search_term_string\"}}],\"inLanguage\":\"fr-FR\"},{\"@type\":\"Organization\",\"@id\":\"https:\/\/anmp.pt\/#organization\",\"name\":\"Associa\u00e7\u00e3o Nacional de Munic\u00edpios Portugueses\",\"url\":\"https:\/\/anmp.pt\/\",\"logo\":{\"@type\":\"ImageObject\",\"inLanguage\":\"fr-FR\",\"@id\":\"https:\/\/anmp.pt\/#\/schema\/logo\/image\/\",\"url\":\"https:\/\/anmp.pt\/wp-content\/uploads\/2020\/06\/logo980400.png\",\"contentUrl\":\"https:\/\/anmp.pt\/wp-content\/uploads\/2020\/06\/logo980400.png\",\"width\":980,\"height\":400,\"caption\":\"Associa\u00e7\u00e3o Nacional de Munic\u00edpios Portugueses\"},\"image\":{\"@id\":\"https:\/\/anmp.pt\/#\/schema\/logo\/image\/\"},\"sameAs\":[\"https:\/\/www.facebook.com\/ANMP.PT\"]}]}<\/script>\n<!-- \/ Yoast SEO plugin. -->","yoast_head_json":{"title":"[:pt]Smart Cities Tour[:] - Portal Institucional","robots":{"index":"index","follow":"follow","max-snippet":"max-snippet:-1","max-image-preview":"max-image-preview:large","max-video-preview":"max-video-preview:-1"},"canonical":"https:\/\/anmp.pt\/anmport\/seccoes-de-municipios\/smart-cities-tour\/","og_locale":"fr_FR","og_type":"article","og_title":"[:pt]Smart Cities Tour[:] - Portal Institucional","og_description":"D\u00e9sol\u00e9, cet article est seulement disponible en Portugu\u00eas. Edi\u00e7\u00e3o de 2020 Tem\u00e1ticas: Cidade Circular | Mobilidade Sustent\u00e1vel | Smart Turism | Inova\u00e7\u00e3o Inteligente | Comunidades de Energia | Smart Cohesion Edi\u00e7\u00e3o de 2019 Apresenta\u00e7\u00e3o Tem\u00e1ticas: Economia e Inova\u00e7\u00e3o tecnol\u00f3gica | Mobilidade Suave | Cidade como Plataforma | Cidade Circular | Cidade Inclusiva | Altera\u00e7\u00f5es Clim\u00e1ticas [&hellip;]","og_url":"https:\/\/anmp.pt\/anmport\/seccoes-de-municipios\/smart-cities-tour\/","og_site_name":"Portal Institucional","article_publisher":"https:\/\/www.facebook.com\/ANMP.PT","article_modified_time":"2024-05-27T08:52:12+00:00","twitter_card":"summary_large_image","schema":{"@context":"https:\/\/schema.org","@graph":[{"@type":"WebPage","@id":"https:\/\/anmp.pt\/anmport\/seccoes-de-municipios\/smart-cities-tour\/","url":"https:\/\/anmp.pt\/anmport\/seccoes-de-municipios\/smart-cities-tour\/","name":"[:pt]Smart Cities Tour[:] - Portal Institucional","isPartOf":{"@id":"https:\/\/anmp.pt\/#website"},"datePublished":"2020-08-24T14:59:46+00:00","dateModified":"2024-05-27T08:52:12+00:00","breadcrumb":{"@id":"https:\/\/anmp.pt\/anmport\/seccoes-de-municipios\/smart-cities-tour\/#breadcrumb"},"inLanguage":"fr-FR","potentialAction":[{"@type":"ReadAction","target":["https:\/\/anmp.pt\/anmport\/seccoes-de-municipios\/smart-cities-tour\/"]}]},{"@type":"BreadcrumbList","@id":"https:\/\/anmp.pt\/anmport\/seccoes-de-municipios\/smart-cities-tour\/#breadcrumb","itemListElement":[{"@type":"ListItem","position":1,"name":"In\u00edcio","item":"https:\/\/anmp.pt\/"},{"@type":"ListItem","position":2,"name":"ANMP","item":"https:\/\/anmp.pt\/anmport\/"},{"@type":"ListItem","position":3,"name":"Sec\u00e7\u00f5es de munic\u00edpios","item":"https:\/\/anmp.pt\/anmport\/seccoes-de-municipios\/"},{"@type":"ListItem","position":4,"name":"Smart Cities Tour"}]},{"@type":"WebSite","@id":"https:\/\/anmp.pt\/#website","url":"https:\/\/anmp.pt\/","name":"Associa\u00e7\u00e3o Nacional de Munic\u00edpios Portugueses","description":"Portal Institucional","publisher":{"@id":"https:\/\/anmp.pt\/#organization"},"potentialAction":[{"@type":"SearchAction","target":{"@type":"EntryPoint","urlTemplate":"https:\/\/anmp.pt\/?s={search_term_string}"},"query-input":{"@type":"PropertyValueSpecification","valueRequired":true,"valueName":"search_term_string"}}],"inLanguage":"fr-FR"},{"@type":"Organization","@id":"https:\/\/anmp.pt\/#organization","name":"Associa\u00e7\u00e3o Nacional de Munic\u00edpios Portugueses","url":"https:\/\/anmp.pt\/","logo":{"@type":"ImageObject","inLanguage":"fr-FR","@id":"https:\/\/anmp.pt\/#\/schema\/logo\/image\/","url":"https:\/\/anmp.pt\/wp-content\/uploads\/2020\/06\/logo980400.png","contentUrl":"https:\/\/anmp.pt\/wp-content\/uploads\/2020\/06\/logo980400.png","width":980,"height":400,"caption":"Associa\u00e7\u00e3o Nacional de Munic\u00edpios Portugueses"},"image":{"@id":"https:\/\/anmp.pt\/#\/schema\/logo\/image\/"},"sameAs":["https:\/\/www.facebook.com\/ANMP.PT"]}]}},"_links":{"self":[{"href":"https:\/\/anmp.pt\/fr\/wp-json\/wp\/v2\/pages\/25230","targetHints":{"allow":["GET"]}}],"collection":[{"href":"https:\/\/anmp.pt\/fr\/wp-json\/wp\/v2\/pages"}],"about":[{"href":"https:\/\/anmp.pt\/fr\/wp-json\/wp\/v2\/types\/page"}],"author":[{"embeddable":true,"href":"https:\/\/anmp.pt\/fr\/wp-json\/wp\/v2\/users\/34"}],"replies":[{"embeddable":true,"href":"https:\/\/anmp.pt\/fr\/wp-json\/wp\/v2\/comments?post=25230"}],"version-history":[{"count":0,"href":"https:\/\/anmp.pt\/fr\/wp-json\/wp\/v2\/pages\/25230\/revisions"}],"up":[{"embeddable":true,"href":"https:\/\/anmp.pt\/fr\/wp-json\/wp\/v2\/pages\/1636"}],"wp:attachment":[{"href":"https:\/\/anmp.pt\/fr\/wp-json\/wp\/v2\/media?parent=25230"}],"curies":[{"name":"wp","href":"https:\/\/api.w.org\/{rel}","templated":true}]}}