{"id":26351,"date":"2020-09-18T11:39:03","date_gmt":"2020-09-18T10:39:03","guid":{"rendered":"https:\/\/www.anmp.pt\/?page_id=26351"},"modified":"2020-09-18T11:40:24","modified_gmt":"2020-09-18T10:40:24","slug":"inquerito2006","status":"publish","type":"page","link":"https:\/\/anmp.pt\/fr\/inquerito\/transferencia-de-competencias\/inquerito2006\/","title":{"rendered":"(Portugu\u00eas) Inqu\u00e9rito \u2013 Acompanhamento do processo de transfer\u00eancia de compet\u00eancias para os munic\u00edpios | 06"},"content":{"rendered":"<p class=\"qtranxs-available-languages-message qtranxs-available-languages-message-fr\">D\u00e9sol\u00e9, cet article est seulement disponible en <a href=\"https:\/\/anmp.pt\/pt\/wp-json\/wp\/v2\/pages\/26351\" class=\"qtranxs-available-language-link qtranxs-available-language-link-pt\" title=\"Portugu\u00eas\">Portugu\u00eas<\/a>.<\/p><p><\/p>\n<h2>CULTURA (DL 22\/2019, de 30\/01)<\/h2>\n<h4>Inqu\u00e9rito on line \u2013 setembro 2020<\/h4>\n<p>&nbsp;<\/p>","protected":false},"excerpt":{"rendered":"<p>D\u00e9sol\u00e9, cet article est seulement disponible en Portugu\u00eas. CULTURA (DL 22\/2019, de 30\/01) Inqu\u00e9rito on line \u2013 setembro 2020 &nbsp;<\/p>\n","protected":false},"author":34,"featured_media":0,"parent":26306,"menu_order":94,"comment_status":"closed","ping_status":"closed","template":"templates-map\/component-form-layout1.php","meta":{"_acf_changed":false,"_exactmetrics_skip_tracking":false,"_exactmetrics_sitenote_active":false,"_exactmetrics_sitenote_note":"","_exactmetrics_sitenote_category":0,"footnotes":""},"class_list":["post-26351","page","type-page","status-publish","hentry"],"acf":[],"yoast_head":"<!-- This site is optimized with the Yoast SEO plugin v23.9 - https:\/\/yoast.com\/wordpress\/plugins\/seo\/ -->\n<title><\/title>\n<meta name=\"robots\" content=\"index, follow, max-snippet:-1, max-image-preview:large, max-video-preview:-1\" \/>\n<link rel=\"canonical\" href=\"https:\/\/anmp.pt\/inquerito\/transferencia-de-competencias\/inquerito2006\/\" \/>\n<meta property=\"og:locale\" content=\"fr_FR\" \/>\n<meta property=\"og:type\" content=\"article\" \/>\n<meta property=\"og:title\" content=\"[:pt]Inqu\u00e9rito \u2013 Acompanhamento do processo de transfer\u00eancia de compet\u00eancias para os munic\u00edpios | 06[:] - Portal Institucional\" \/>\n<meta property=\"og:description\" content=\"D\u00e9sol\u00e9, cet article est seulement disponible en Portugu\u00eas. CULTURA (DL 22\/2019, de 30\/01) Inqu\u00e9rito on line \u2013 setembro 2020 &nbsp;\" \/>\n<meta property=\"og:url\" content=\"https:\/\/anmp.pt\/inquerito\/transferencia-de-competencias\/inquerito2006\/\" \/>\n<meta property=\"og:site_name\" content=\"Portal Institucional\" \/>\n<meta property=\"article:publisher\" content=\"https:\/\/www.facebook.com\/ANMP.PT\" \/>\n<meta property=\"article:modified_time\" content=\"2020-09-18T10:40:24+00:00\" \/>\n<meta name=\"twitter:card\" content=\"summary_large_image\" \/>\n<script type=\"application\/ld+json\" class=\"yoast-schema-graph\">{\"@context\":\"https:\/\/schema.org\",\"@graph\":[{\"@type\":\"WebPage\",\"@id\":\"https:\/\/anmp.pt\/inquerito\/transferencia-de-competencias\/inquerito2006\/\",\"url\":\"https:\/\/anmp.pt\/inquerito\/transferencia-de-competencias\/inquerito2006\/\",\"name\":\"[:pt]Inqu\u00e9rito \u2013 Acompanhamento do processo de transfer\u00eancia de compet\u00eancias para os munic\u00edpios | 06[:] - Portal Institucional\",\"isPartOf\":{\"@id\":\"https:\/\/anmp.pt\/#website\"},\"datePublished\":\"2020-09-18T10:39:03+00:00\",\"dateModified\":\"2020-09-18T10:40:24+00:00\",\"breadcrumb\":{\"@id\":\"https:\/\/anmp.pt\/inquerito\/transferencia-de-competencias\/inquerito2006\/#breadcrumb\"},\"inLanguage\":\"fr-FR\",\"potentialAction\":[{\"@type\":\"ReadAction\",\"target\":[\"https:\/\/anmp.pt\/inquerito\/transferencia-de-competencias\/inquerito2006\/\"]}]},{\"@type\":\"BreadcrumbList\",\"@id\":\"https:\/\/anmp.pt\/inquerito\/transferencia-de-competencias\/inquerito2006\/#breadcrumb\",\"itemListElement\":[{\"@type\":\"ListItem\",\"position\":1,\"name\":\"In\u00edcio\",\"item\":\"https:\/\/anmp.pt\/\"},{\"@type\":\"ListItem\",\"position\":2,\"name\":\"Inquerito\",\"item\":\"https:\/\/anmp.pt\/inquerito\/\"},{\"@type\":\"ListItem\",\"position\":3,\"name\":\"Transfer\u00eancia de compet\u00eancias\",\"item\":\"https:\/\/anmp.pt\/inquerito\/transferencia-de-competencias\/\"},{\"@type\":\"ListItem\",\"position\":4,\"name\":\"Inqu\u00e9rito \u2013 Acompanhamento do processo de transfer\u00eancia de compet\u00eancias para os munic\u00edpios | 06\"}]},{\"@type\":\"WebSite\",\"@id\":\"https:\/\/anmp.pt\/#website\",\"url\":\"https:\/\/anmp.pt\/\",\"name\":\"Associa\u00e7\u00e3o Nacional de Munic\u00edpios Portugueses\",\"description\":\"Portal Institucional\",\"publisher\":{\"@id\":\"https:\/\/anmp.pt\/#organization\"},\"potentialAction\":[{\"@type\":\"SearchAction\",\"target\":{\"@type\":\"EntryPoint\",\"urlTemplate\":\"https:\/\/anmp.pt\/?s={search_term_string}\"},\"query-input\":{\"@type\":\"PropertyValueSpecification\",\"valueRequired\":true,\"valueName\":\"search_term_string\"}}],\"inLanguage\":\"fr-FR\"},{\"@type\":\"Organization\",\"@id\":\"https:\/\/anmp.pt\/#organization\",\"name\":\"Associa\u00e7\u00e3o Nacional de Munic\u00edpios Portugueses\",\"url\":\"https:\/\/anmp.pt\/\",\"logo\":{\"@type\":\"ImageObject\",\"inLanguage\":\"fr-FR\",\"@id\":\"https:\/\/anmp.pt\/#\/schema\/logo\/image\/\",\"url\":\"https:\/\/anmp.pt\/wp-content\/uploads\/2020\/06\/logo980400.png\",\"contentUrl\":\"https:\/\/anmp.pt\/wp-content\/uploads\/2020\/06\/logo980400.png\",\"width\":980,\"height\":400,\"caption\":\"Associa\u00e7\u00e3o Nacional de Munic\u00edpios Portugueses\"},\"image\":{\"@id\":\"https:\/\/anmp.pt\/#\/schema\/logo\/image\/\"},\"sameAs\":[\"https:\/\/www.facebook.com\/ANMP.PT\"]}]}<\/script>\n<!-- \/ Yoast SEO plugin. -->","yoast_head_json":{"title":"[:pt]Inqu\u00e9rito \u2013 Acompanhamento do processo de transfer\u00eancia de compet\u00eancias para os munic\u00edpios | 06[:] - Portal Institucional","robots":{"index":"index","follow":"follow","max-snippet":"max-snippet:-1","max-image-preview":"max-image-preview:large","max-video-preview":"max-video-preview:-1"},"canonical":"https:\/\/anmp.pt\/inquerito\/transferencia-de-competencias\/inquerito2006\/","og_locale":"fr_FR","og_type":"article","og_title":"[:pt]Inqu\u00e9rito \u2013 Acompanhamento do processo de transfer\u00eancia de compet\u00eancias para os munic\u00edpios | 06[:] - Portal Institucional","og_description":"D\u00e9sol\u00e9, cet article est seulement disponible en Portugu\u00eas. CULTURA (DL 22\/2019, de 30\/01) Inqu\u00e9rito on line \u2013 setembro 2020 &nbsp;","og_url":"https:\/\/anmp.pt\/inquerito\/transferencia-de-competencias\/inquerito2006\/","og_site_name":"Portal Institucional","article_publisher":"https:\/\/www.facebook.com\/ANMP.PT","article_modified_time":"2020-09-18T10:40:24+00:00","twitter_card":"summary_large_image","schema":{"@context":"https:\/\/schema.org","@graph":[{"@type":"WebPage","@id":"https:\/\/anmp.pt\/inquerito\/transferencia-de-competencias\/inquerito2006\/","url":"https:\/\/anmp.pt\/inquerito\/transferencia-de-competencias\/inquerito2006\/","name":"[:pt]Inqu\u00e9rito \u2013 Acompanhamento do processo de transfer\u00eancia de compet\u00eancias para os munic\u00edpios | 06[:] - Portal Institucional","isPartOf":{"@id":"https:\/\/anmp.pt\/#website"},"datePublished":"2020-09-18T10:39:03+00:00","dateModified":"2020-09-18T10:40:24+00:00","breadcrumb":{"@id":"https:\/\/anmp.pt\/inquerito\/transferencia-de-competencias\/inquerito2006\/#breadcrumb"},"inLanguage":"fr-FR","potentialAction":[{"@type":"ReadAction","target":["https:\/\/anmp.pt\/inquerito\/transferencia-de-competencias\/inquerito2006\/"]}]},{"@type":"BreadcrumbList","@id":"https:\/\/anmp.pt\/inquerito\/transferencia-de-competencias\/inquerito2006\/#breadcrumb","itemListElement":[{"@type":"ListItem","position":1,"name":"In\u00edcio","item":"https:\/\/anmp.pt\/"},{"@type":"ListItem","position":2,"name":"Inquerito","item":"https:\/\/anmp.pt\/inquerito\/"},{"@type":"ListItem","position":3,"name":"Transfer\u00eancia de compet\u00eancias","item":"https:\/\/anmp.pt\/inquerito\/transferencia-de-competencias\/"},{"@type":"ListItem","position":4,"name":"Inqu\u00e9rito \u2013 Acompanhamento do processo de transfer\u00eancia de compet\u00eancias para os munic\u00edpios | 06"}]},{"@type":"WebSite","@id":"https:\/\/anmp.pt\/#website","url":"https:\/\/anmp.pt\/","name":"Associa\u00e7\u00e3o Nacional de Munic\u00edpios Portugueses","description":"Portal Institucional","publisher":{"@id":"https:\/\/anmp.pt\/#organization"},"potentialAction":[{"@type":"SearchAction","target":{"@type":"EntryPoint","urlTemplate":"https:\/\/anmp.pt\/?s={search_term_string}"},"query-input":{"@type":"PropertyValueSpecification","valueRequired":true,"valueName":"search_term_string"}}],"inLanguage":"fr-FR"},{"@type":"Organization","@id":"https:\/\/anmp.pt\/#organization","name":"Associa\u00e7\u00e3o Nacional de Munic\u00edpios Portugueses","url":"https:\/\/anmp.pt\/","logo":{"@type":"ImageObject","inLanguage":"fr-FR","@id":"https:\/\/anmp.pt\/#\/schema\/logo\/image\/","url":"https:\/\/anmp.pt\/wp-content\/uploads\/2020\/06\/logo980400.png","contentUrl":"https:\/\/anmp.pt\/wp-content\/uploads\/2020\/06\/logo980400.png","width":980,"height":400,"caption":"Associa\u00e7\u00e3o Nacional de Munic\u00edpios Portugueses"},"image":{"@id":"https:\/\/anmp.pt\/#\/schema\/logo\/image\/"},"sameAs":["https:\/\/www.facebook.com\/ANMP.PT"]}]}},"_links":{"self":[{"href":"https:\/\/anmp.pt\/fr\/wp-json\/wp\/v2\/pages\/26351","targetHints":{"allow":["GET"]}}],"collection":[{"href":"https:\/\/anmp.pt\/fr\/wp-json\/wp\/v2\/pages"}],"about":[{"href":"https:\/\/anmp.pt\/fr\/wp-json\/wp\/v2\/types\/page"}],"author":[{"embeddable":true,"href":"https:\/\/anmp.pt\/fr\/wp-json\/wp\/v2\/users\/34"}],"replies":[{"embeddable":true,"href":"https:\/\/anmp.pt\/fr\/wp-json\/wp\/v2\/comments?post=26351"}],"version-history":[{"count":0,"href":"https:\/\/anmp.pt\/fr\/wp-json\/wp\/v2\/pages\/26351\/revisions"}],"up":[{"embeddable":true,"href":"https:\/\/anmp.pt\/fr\/wp-json\/wp\/v2\/pages\/26306"}],"wp:attachment":[{"href":"https:\/\/anmp.pt\/fr\/wp-json\/wp\/v2\/media?parent=26351"}],"curies":[{"name":"wp","href":"https:\/\/api.w.org\/{rel}","templated":true}]}}