{"id":3945,"date":"2019-11-19T17:29:04","date_gmt":"2019-11-19T17:29:04","guid":{"rendered":"https:\/\/anmp.pt\/?page_id=3945"},"modified":"2020-09-01T17:43:48","modified_gmt":"2020-09-01T16:43:48","slug":"regulamentacao","status":"publish","type":"page","link":"https:\/\/anmp.pt\/fr\/areas-tematicas\/governacao-e-gestao-autarquica\/contratacao-publica\/legislacao-nacional\/regulamentacao\/","title":{"rendered":"(Portugu\u00eas) Regulamenta\u00e7\u00e3o"},"content":{"rendered":"<p class=\"qtranxs-available-languages-message qtranxs-available-languages-message-fr\">D\u00e9sol\u00e9, cet article est seulement disponible en <a href=\"https:\/\/anmp.pt\/pt\/wp-json\/wp\/v2\/pages\/3945\" class=\"qtranxs-available-language-link qtranxs-available-language-link-pt\" title=\"Portugu\u00eas\">Portugu\u00eas<\/a>.<\/p><p><\/p>\n<p style=\"text-align: justify\"><a href=\"https:\/\/www.anmp.pt\/wp-content\/uploads\/2019\/11\/PRT_72_2018.pdf\" target=\"_blank\" rel=\"noopener\">Portaria n\u00ba. 72\/2018,<\/a> de 12 de setembro: define os termos em que a entidade adjudicante pode exigir r\u00f3tulos e relat\u00f3rios de ensaio, certifica\u00e7\u00e3o e outros meios de prova;<\/p>\n<p style=\"text-align: justify\"><a href=\"https:\/\/www.anmp.pt\/wp-content\/uploads\/2019\/11\/PRT_57_2018.pdf\" target=\"_blank\" rel=\"noopener\">Portaria n\u00ba. 57\/2018<\/a>, de 26 de fevereiro: regras de funcionamento e de gest\u00e3o do portal dos contratos p\u00fablicos \/ <a href=\"https:\/\/www.anmp.pt\/wp-content\/uploads\/2019\/11\/Dec_Retf_14_2018.pdf\" target=\"_blank\" rel=\"noopener\">Declara\u00e7\u00e3o de Retifica\u00e7\u00e3o n\u00ba. 14\/2018<\/a>, de 29 de mar\u00e7o \/ <a href=\"https:\/\/www.anmp.pt\/wp-content\/uploads\/2019\/11\/PRT_284_2019.pdf\" target=\"_blank\" rel=\"noopener\">Portaria n\u00ba. 284\/2019<\/a>, de 02 de setembro, altera as regras de funcionamento e de gest\u00e3o do portal dos contratos p\u00fablicos;<\/p>\n<p style=\"text-align: justify\"><a href=\"https:\/\/www.anmp.pt\/wp-content\/uploads\/2019\/11\/PRT_372_2017.pdf\" target=\"_blank\" rel=\"noopener\">Portaria n\u00ba. 372\/2017<\/a>, de 14 de dezembro: define as regras e os termos de apresenta\u00e7\u00e3o dos documentos de habilita\u00e7\u00e3o do adjudicat\u00e1rio no \u00e2mbito de procedimentos de forma\u00e7\u00e3o de contratos p\u00fablicos;<\/p>\n<p style=\"text-align: justify\"><a href=\"https:\/\/www.anmp.pt\/wp-content\/uploads\/2019\/11\/PRT_371_2017.pdf\" target=\"_blank\" rel=\"noopener\">Portaria n\u00ba. 371\/2017<\/a>, de 14 de dezembro: estabelece os modelos de an\u00fancio aplic\u00e1veis aos procedimentos pr\u00e9-contratuais previstos no C\u00f3digo dos Contratos P\u00fablicos;<\/p>\n<p style=\"text-align: justify\"><a href=\"https:\/\/www.anmp.pt\/wp-content\/uploads\/2019\/11\/Lei96_2015_PlaEletrContr.pdf\" target=\"_blank\" rel=\"noopener\">Lei n\u00ba. 96\/2015<\/a>, de 17 de agosto: Regula a disponibiliza\u00e7\u00e3o e a utiliza\u00e7\u00e3o das plataformas eletr\u00f3nicas de contrata\u00e7\u00e3o p\u00fablica e transp\u00f5e o artigo 29.\u00ba da Diretiva 2014\/23\/UE, o artigo 22.\u00ba e o anexo IV da Diretiva 2014\/24\/UE e o artigo 40.\u00ba e o anexo V da Diretiva 2014\/25\/CE, do Parlamento Europeu e do Conselho, de 26 de fevereiro de 2014, revogando o Decreto -Lei n.\u00ba 143 -A\/2008, de 25 de julho;<\/p>\n<p style=\"text-align: justify\"><a href=\"https:\/\/www.anmp.pt\/wp-content\/uploads\/2019\/11\/PRT701-A-2008.pdf\" target=\"_blank\" rel=\"noopener\">Portaria n\u00ba. 701-A-2008<\/a>, de 29 de Julho: Estabelece os modelos de an\u00fancio de procedimentos pr\u00e9-contratuais previstos no C\u00f3digo dos Contratos P\u00fablicos a publicitar no Di\u00e1rio da Rep\u00fablica;<\/p>\n<p style=\"text-align: justify\"><a href=\"https:\/\/www.anmp.pt\/wp-content\/uploads\/2019\/11\/PRT701-B-2008.pdf\" target=\"_blank\" rel=\"noopener\">Portaria n\u00ba. 701-B\/2008<\/a>, de 29 de Julho: Nomeia a comiss\u00e3o de acompanhamento do C\u00f3digo dos Contratos P\u00fablicos e fixa a sua composi\u00e7\u00e3o \/ <a href=\"https:\/\/www.anmp.pt\/wp-content\/uploads\/2019\/11\/PRT_1265_2009.pdf\" target=\"_blank\" rel=\"noopener\">Portaria n\u00ba. 1265\/2009<\/a>, de 16 de Outubro: Primeira altera\u00e7\u00e3o \u00e0 Portaria n.\u00ba 701-B\/2008, de 29 de Julho;<\/p>\n<p><a href=\"https:\/\/www.anmp.pt\/wp-content\/uploads\/2019\/11\/PRT701-D-2008.pdf\" target=\"_blank\" rel=\"noopener\">Portaria n\u00ba. 701-D-2008<\/a>, de 29 de Julho: Aprova o modelo de dados estat\u00edsticos;<\/p>\n<p style=\"text-align: justify\"><a href=\"https:\/\/www.anmp.pt\/wp-content\/uploads\/2019\/11\/PRT701-E-2008.pdf\" target=\"_blank\" rel=\"noopener\">Portaria n\u00ba. 701-E-2008<\/a>, de 29 de Julho: Aprova os modelos do bloco t\u00e9cnico de dados, do relat\u00f3rio de forma\u00e7\u00e3o do contrato, do relat\u00f3rio anual, do relat\u00f3rio de execu\u00e7\u00e3o do contrato, do relat\u00f3rio de contrata\u00e7\u00e3o e do relat\u00f3rio final de obra;<\/p>\n<p style=\"text-align: justify\"><a href=\"https:\/\/www.anmp.pt\/wp-content\/uploads\/2019\/11\/PRT701-F-2008.pdf\" target=\"_blank\" rel=\"noopener\">Portaria n\u00ba. 701-F\/2008<\/a>, de 29 de Julho: Regula a constitui\u00e7\u00e3o, funcionamento e gest\u00e3o do portal \u00fanico da Internet dedicado aos contratos p\u00fablicos <a href=\"http:\/\/www.base.gov.pt\/Base\/pt\/Homepage\" target=\"_blank\" rel=\"noopener\">(Portal dos Contratos P\u00fablicos )<\/a><\/p>\n<p style=\"text-align: justify\"><a href=\"https:\/\/www.anmp.pt\/wp-content\/uploads\/2019\/11\/PRT-85_2013.pdf\" target=\"_blank\" rel=\"noopener\">Portaria n\u00ba. 85\/2013<\/a>, de 27 de Fevereiro: Primeira altera\u00e7\u00e3o \u00e0 Portaria 701-F\/2008, de 29 de julho que regula a constitui\u00e7\u00e3o, funcionamento e gest\u00e3o do portal \u00fanico da Internet dedicado aos contratos p\u00fablicos (<a href=\"http:\/\/www.base.gov.pt\/Base\/pt\/Homepage\" target=\"_blank\" rel=\"noopener\">Portal dos Contratos P\u00fablicos<\/a>)<\/p>\n<p style=\"text-align: justify\"><a href=\"https:\/\/www.anmp.pt\/wp-content\/uploads\/2019\/11\/PRT701-G-2008.pdf\" target=\"_blank\" rel=\"noopener\">Portaria n\u00ba. 701-G\/2008<\/a>, de 29 de Julho: Define os requisitos e condi\u00e7\u00f5es a que deve obedecer a utiliza\u00e7\u00e3o de plataformas electr\u00f3nicas pelas entidades adjudicantes, na fase de forma\u00e7\u00e3o dos contratos p\u00fablicos, e estabelece as regras de funcionamento daquelas plataformas<\/p>\n<p style=\"text-align: justify\"><a href=\"https:\/\/www.anmp.pt\/wp-content\/uploads\/2020\/08\/Despacho32639-A.pdf\" target=\"_blank\" rel=\"noopener\">Despacho n\u00ba. 32639-A\/2008<\/a>, de 26 de Dezembro: Atribui as fun\u00e7\u00f5es de entidade supervisora das plataformas electr\u00f3nicas previstas no C\u00f3digo dos Contratos P\u00fablicos ao Centro de Gest\u00e3o da Rede Inform\u00e1tica do Governo (<a href=\"https:\/\/www.ceger.gov.pt\/\" target=\"_blank\" rel=\"noopener\">CEGER<\/a>)<\/p>\n<p style=\"text-align: justify\"><a href=\"https:\/\/www.anmp.pt\/wp-content\/uploads\/2019\/11\/despacho_10563_2014_-Plataformas.pdf\" target=\"_blank\" rel=\"noopener\">Despacho n\u00ba. 10563\/2014<\/a> D.R. n.\u00ba 156, S\u00e9rie II de 2014-08-14: Determina que as plataformas eletr\u00f3nicas a operarem no mercado nacional de contrata\u00e7\u00e3o p\u00fablica e certificadas para o acesso e exerc\u00edcio da atividade sejam obrigadas a aceitar os certificados de valida\u00e7\u00e3o cronol\u00f3gica que sejam emitidos por qualquer entidade de certifica\u00e7\u00e3o eletr\u00f3nica;<\/p>\n<p style=\"text-align: justify\"><a href=\"https:\/\/www.anmp.pt\/wp-content\/uploads\/2019\/11\/PRT701-H-2008.pdf\" target=\"_blank\" rel=\"noopener\">Portaria n\u00ba. 701-H\/2008<\/a>, de 29 de Julho: Aprova o conte\u00fado obrigat\u00f3rio do programa e do projecto de execu\u00e7\u00e3o, bem como os procedimentos e normas a adoptar na elabora\u00e7\u00e3o e faseamento de projectos de obras p\u00fablicas, designados \u00abInstru\u00e7\u00f5es para a elabora\u00e7\u00e3o de projectos de obras\u00bb, e a classifica\u00e7\u00e3o de obras por categorias;<\/p>\n<p style=\"text-align: justify\"><a href=\"https:\/\/www.anmp.pt\/wp-content\/uploads\/2019\/11\/DespNormativo_9_2014_397CCP.pdf\" target=\"_blank\" rel=\"noopener\">Despacho Normativo n\u00ba. 9\/2014<\/a> D.R. n.\u00ba 146, S\u00e9rie II de 2014-07-31 &#8211; Interpreta\u00e7\u00e3o do n.\u00ba 2 do artigo 397.\u00ba do CCP;<\/p>\n<p style=\"text-align: justify\"><a href=\"https:\/\/www.anmp.pt\/wp-content\/uploads\/2019\/11\/PRT701-I-2008.pdf\" target=\"_blank\" rel=\"noopener\">Portaria n\u00ba. 701-I\/2008<\/a>, de 29 de Julho: Constitui e define as regras de funcionamento do sistema de informa\u00e7\u00e3o designado por Observat\u00f3rio das Obras P\u00fablicas | portal \u00fanico da Internet dedicado aos contratos p\u00fablicos (<a href=\"http:\/\/www.base.gov.pt\/Base\/pt\/Homepage\" target=\"_blank\" rel=\"noopener\">Portal dos Contratos P\u00fablicos<\/a>)<\/p>\n<p style=\"text-align: justify\"><a href=\"https:\/\/www.anmp.pt\/wp-content\/uploads\/2019\/11\/PRT701-J-2008.pdf\" target=\"_blank\" rel=\"noopener\">Portaria n\u00ba. 701-J\/2008<\/a>:: Portaria n.\u00ba 701-J\/2008, de 29 de Julho: Define o regime de acompanhamento e fiscaliza\u00e7\u00e3o da execu\u00e7\u00e3o dos projectos de investiga\u00e7\u00e3o e desenvolvimento e cria a respectiva comiss\u00e3o | <a href=\"http:\/\/www.caf.gov.pt\/ACAF\/Paginas\/default.aspx\" target=\"_blank\" rel=\"noopener\">CAF<\/a><\/p>\n<p><\/p>","protected":false},"excerpt":{"rendered":"<p>D\u00e9sol\u00e9, cet article est seulement disponible en Portugu\u00eas. Portaria n\u00ba. 72\/2018, de 12 de setembro: define os termos em que a entidade adjudicante pode exigir r\u00f3tulos e relat\u00f3rios de ensaio, certifica\u00e7\u00e3o e outros meios de prova; Portaria n\u00ba. 57\/2018, de 26 de fevereiro: regras de funcionamento e de gest\u00e3o do portal dos contratos p\u00fablicos \/ [&hellip;]<\/p>\n","protected":false},"author":1,"featured_media":0,"parent":3201,"menu_order":181,"comment_status":"closed","ping_status":"closed","template":"templates-map\/component-file-gallery-layout1.php","meta":{"_acf_changed":false,"_exactmetrics_skip_tracking":false,"_exactmetrics_sitenote_active":false,"_exactmetrics_sitenote_note":"","_exactmetrics_sitenote_category":0,"footnotes":""},"class_list":["post-3945","page","type-page","status-publish","hentry"],"acf":[],"yoast_head":"<!-- This site is optimized with the Yoast SEO plugin v23.9 - https:\/\/yoast.com\/wordpress\/plugins\/seo\/ -->\n<title><\/title>\n<meta name=\"robots\" content=\"index, follow, max-snippet:-1, max-image-preview:large, max-video-preview:-1\" \/>\n<link rel=\"canonical\" href=\"https:\/\/anmp.pt\/areas-tematicas\/governacao-e-gestao-autarquica\/contratacao-publica\/legislacao-nacional\/regulamentacao\/\" \/>\n<meta property=\"og:locale\" content=\"fr_FR\" \/>\n<meta property=\"og:type\" content=\"article\" \/>\n<meta property=\"og:title\" content=\"[:pt]Regulamenta\u00e7\u00e3o[:] - Portal Institucional\" \/>\n<meta property=\"og:description\" content=\"D\u00e9sol\u00e9, cet article est seulement disponible en Portugu\u00eas. Portaria n\u00ba. 72\/2018, de 12 de setembro: define os termos em que a entidade adjudicante pode exigir r\u00f3tulos e relat\u00f3rios de ensaio, certifica\u00e7\u00e3o e outros meios de prova; Portaria n\u00ba. 57\/2018, de 26 de fevereiro: regras de funcionamento e de gest\u00e3o do portal dos contratos p\u00fablicos \/ [&hellip;]\" \/>\n<meta property=\"og:url\" content=\"https:\/\/anmp.pt\/areas-tematicas\/governacao-e-gestao-autarquica\/contratacao-publica\/legislacao-nacional\/regulamentacao\/\" \/>\n<meta property=\"og:site_name\" content=\"Portal Institucional\" \/>\n<meta property=\"article:publisher\" content=\"https:\/\/www.facebook.com\/ANMP.PT\" \/>\n<meta property=\"article:modified_time\" content=\"2020-09-01T16:43:48+00:00\" \/>\n<meta name=\"twitter:card\" content=\"summary_large_image\" \/>\n<script type=\"application\/ld+json\" class=\"yoast-schema-graph\">{\"@context\":\"https:\/\/schema.org\",\"@graph\":[{\"@type\":\"WebPage\",\"@id\":\"https:\/\/anmp.pt\/areas-tematicas\/governacao-e-gestao-autarquica\/contratacao-publica\/legislacao-nacional\/regulamentacao\/\",\"url\":\"https:\/\/anmp.pt\/areas-tematicas\/governacao-e-gestao-autarquica\/contratacao-publica\/legislacao-nacional\/regulamentacao\/\",\"name\":\"[:pt]Regulamenta\u00e7\u00e3o[:] - Portal Institucional\",\"isPartOf\":{\"@id\":\"https:\/\/anmp.pt\/#website\"},\"datePublished\":\"2019-11-19T17:29:04+00:00\",\"dateModified\":\"2020-09-01T16:43:48+00:00\",\"breadcrumb\":{\"@id\":\"https:\/\/anmp.pt\/areas-tematicas\/governacao-e-gestao-autarquica\/contratacao-publica\/legislacao-nacional\/regulamentacao\/#breadcrumb\"},\"inLanguage\":\"fr-FR\",\"potentialAction\":[{\"@type\":\"ReadAction\",\"target\":[\"https:\/\/anmp.pt\/areas-tematicas\/governacao-e-gestao-autarquica\/contratacao-publica\/legislacao-nacional\/regulamentacao\/\"]}]},{\"@type\":\"BreadcrumbList\",\"@id\":\"https:\/\/anmp.pt\/areas-tematicas\/governacao-e-gestao-autarquica\/contratacao-publica\/legislacao-nacional\/regulamentacao\/#breadcrumb\",\"itemListElement\":[{\"@type\":\"ListItem\",\"position\":1,\"name\":\"In\u00edcio\",\"item\":\"https:\/\/anmp.pt\/\"},{\"@type\":\"ListItem\",\"position\":2,\"name\":\"\u00c1reas Tem\u00e1ticas\",\"item\":\"https:\/\/anmp.pt\/areas-tematicas\/\"},{\"@type\":\"ListItem\",\"position\":3,\"name\":\"Governa\u00e7\u00e3o e gest\u00e3o aut\u00e1rquica\",\"item\":\"https:\/\/anmp.pt\/areas-tematicas\/governacao-e-gestao-autarquica\/\"},{\"@type\":\"ListItem\",\"position\":4,\"name\":\"Contrata\u00e7\u00e3o p\u00fablica\",\"item\":\"https:\/\/anmp.pt\/areas-tematicas\/governacao-e-gestao-autarquica\/contratacao-publica\/\"},{\"@type\":\"ListItem\",\"position\":5,\"name\":\"Legisla\u00e7\u00e3o Nacional\",\"item\":\"https:\/\/anmp.pt\/areas-tematicas\/governacao-e-gestao-autarquica\/contratacao-publica\/legislacao-nacional\/\"},{\"@type\":\"ListItem\",\"position\":6,\"name\":\"Regulamenta\u00e7\u00e3o\"}]},{\"@type\":\"WebSite\",\"@id\":\"https:\/\/anmp.pt\/#website\",\"url\":\"https:\/\/anmp.pt\/\",\"name\":\"Associa\u00e7\u00e3o Nacional de Munic\u00edpios Portugueses\",\"description\":\"Portal Institucional\",\"publisher\":{\"@id\":\"https:\/\/anmp.pt\/#organization\"},\"potentialAction\":[{\"@type\":\"SearchAction\",\"target\":{\"@type\":\"EntryPoint\",\"urlTemplate\":\"https:\/\/anmp.pt\/?s={search_term_string}\"},\"query-input\":{\"@type\":\"PropertyValueSpecification\",\"valueRequired\":true,\"valueName\":\"search_term_string\"}}],\"inLanguage\":\"fr-FR\"},{\"@type\":\"Organization\",\"@id\":\"https:\/\/anmp.pt\/#organization\",\"name\":\"Associa\u00e7\u00e3o Nacional de Munic\u00edpios Portugueses\",\"url\":\"https:\/\/anmp.pt\/\",\"logo\":{\"@type\":\"ImageObject\",\"inLanguage\":\"fr-FR\",\"@id\":\"https:\/\/anmp.pt\/#\/schema\/logo\/image\/\",\"url\":\"https:\/\/anmp.pt\/wp-content\/uploads\/2020\/06\/logo980400.png\",\"contentUrl\":\"https:\/\/anmp.pt\/wp-content\/uploads\/2020\/06\/logo980400.png\",\"width\":980,\"height\":400,\"caption\":\"Associa\u00e7\u00e3o Nacional de Munic\u00edpios Portugueses\"},\"image\":{\"@id\":\"https:\/\/anmp.pt\/#\/schema\/logo\/image\/\"},\"sameAs\":[\"https:\/\/www.facebook.com\/ANMP.PT\"]}]}<\/script>\n<!-- \/ Yoast SEO plugin. -->","yoast_head_json":{"title":"[:pt]Regulamenta\u00e7\u00e3o[:] - Portal Institucional","robots":{"index":"index","follow":"follow","max-snippet":"max-snippet:-1","max-image-preview":"max-image-preview:large","max-video-preview":"max-video-preview:-1"},"canonical":"https:\/\/anmp.pt\/areas-tematicas\/governacao-e-gestao-autarquica\/contratacao-publica\/legislacao-nacional\/regulamentacao\/","og_locale":"fr_FR","og_type":"article","og_title":"[:pt]Regulamenta\u00e7\u00e3o[:] - Portal Institucional","og_description":"D\u00e9sol\u00e9, cet article est seulement disponible en Portugu\u00eas. Portaria n\u00ba. 72\/2018, de 12 de setembro: define os termos em que a entidade adjudicante pode exigir r\u00f3tulos e relat\u00f3rios de ensaio, certifica\u00e7\u00e3o e outros meios de prova; Portaria n\u00ba. 57\/2018, de 26 de fevereiro: regras de funcionamento e de gest\u00e3o do portal dos contratos p\u00fablicos \/ [&hellip;]","og_url":"https:\/\/anmp.pt\/areas-tematicas\/governacao-e-gestao-autarquica\/contratacao-publica\/legislacao-nacional\/regulamentacao\/","og_site_name":"Portal Institucional","article_publisher":"https:\/\/www.facebook.com\/ANMP.PT","article_modified_time":"2020-09-01T16:43:48+00:00","twitter_card":"summary_large_image","schema":{"@context":"https:\/\/schema.org","@graph":[{"@type":"WebPage","@id":"https:\/\/anmp.pt\/areas-tematicas\/governacao-e-gestao-autarquica\/contratacao-publica\/legislacao-nacional\/regulamentacao\/","url":"https:\/\/anmp.pt\/areas-tematicas\/governacao-e-gestao-autarquica\/contratacao-publica\/legislacao-nacional\/regulamentacao\/","name":"[:pt]Regulamenta\u00e7\u00e3o[:] - Portal Institucional","isPartOf":{"@id":"https:\/\/anmp.pt\/#website"},"datePublished":"2019-11-19T17:29:04+00:00","dateModified":"2020-09-01T16:43:48+00:00","breadcrumb":{"@id":"https:\/\/anmp.pt\/areas-tematicas\/governacao-e-gestao-autarquica\/contratacao-publica\/legislacao-nacional\/regulamentacao\/#breadcrumb"},"inLanguage":"fr-FR","potentialAction":[{"@type":"ReadAction","target":["https:\/\/anmp.pt\/areas-tematicas\/governacao-e-gestao-autarquica\/contratacao-publica\/legislacao-nacional\/regulamentacao\/"]}]},{"@type":"BreadcrumbList","@id":"https:\/\/anmp.pt\/areas-tematicas\/governacao-e-gestao-autarquica\/contratacao-publica\/legislacao-nacional\/regulamentacao\/#breadcrumb","itemListElement":[{"@type":"ListItem","position":1,"name":"In\u00edcio","item":"https:\/\/anmp.pt\/"},{"@type":"ListItem","position":2,"name":"\u00c1reas Tem\u00e1ticas","item":"https:\/\/anmp.pt\/areas-tematicas\/"},{"@type":"ListItem","position":3,"name":"Governa\u00e7\u00e3o e gest\u00e3o aut\u00e1rquica","item":"https:\/\/anmp.pt\/areas-tematicas\/governacao-e-gestao-autarquica\/"},{"@type":"ListItem","position":4,"name":"Contrata\u00e7\u00e3o p\u00fablica","item":"https:\/\/anmp.pt\/areas-tematicas\/governacao-e-gestao-autarquica\/contratacao-publica\/"},{"@type":"ListItem","position":5,"name":"Legisla\u00e7\u00e3o Nacional","item":"https:\/\/anmp.pt\/areas-tematicas\/governacao-e-gestao-autarquica\/contratacao-publica\/legislacao-nacional\/"},{"@type":"ListItem","position":6,"name":"Regulamenta\u00e7\u00e3o"}]},{"@type":"WebSite","@id":"https:\/\/anmp.pt\/#website","url":"https:\/\/anmp.pt\/","name":"Associa\u00e7\u00e3o Nacional de Munic\u00edpios Portugueses","description":"Portal Institucional","publisher":{"@id":"https:\/\/anmp.pt\/#organization"},"potentialAction":[{"@type":"SearchAction","target":{"@type":"EntryPoint","urlTemplate":"https:\/\/anmp.pt\/?s={search_term_string}"},"query-input":{"@type":"PropertyValueSpecification","valueRequired":true,"valueName":"search_term_string"}}],"inLanguage":"fr-FR"},{"@type":"Organization","@id":"https:\/\/anmp.pt\/#organization","name":"Associa\u00e7\u00e3o Nacional de Munic\u00edpios Portugueses","url":"https:\/\/anmp.pt\/","logo":{"@type":"ImageObject","inLanguage":"fr-FR","@id":"https:\/\/anmp.pt\/#\/schema\/logo\/image\/","url":"https:\/\/anmp.pt\/wp-content\/uploads\/2020\/06\/logo980400.png","contentUrl":"https:\/\/anmp.pt\/wp-content\/uploads\/2020\/06\/logo980400.png","width":980,"height":400,"caption":"Associa\u00e7\u00e3o Nacional de Munic\u00edpios Portugueses"},"image":{"@id":"https:\/\/anmp.pt\/#\/schema\/logo\/image\/"},"sameAs":["https:\/\/www.facebook.com\/ANMP.PT"]}]}},"_links":{"self":[{"href":"https:\/\/anmp.pt\/fr\/wp-json\/wp\/v2\/pages\/3945","targetHints":{"allow":["GET"]}}],"collection":[{"href":"https:\/\/anmp.pt\/fr\/wp-json\/wp\/v2\/pages"}],"about":[{"href":"https:\/\/anmp.pt\/fr\/wp-json\/wp\/v2\/types\/page"}],"author":[{"embeddable":true,"href":"https:\/\/anmp.pt\/fr\/wp-json\/wp\/v2\/users\/1"}],"replies":[{"embeddable":true,"href":"https:\/\/anmp.pt\/fr\/wp-json\/wp\/v2\/comments?post=3945"}],"version-history":[{"count":0,"href":"https:\/\/anmp.pt\/fr\/wp-json\/wp\/v2\/pages\/3945\/revisions"}],"up":[{"embeddable":true,"href":"https:\/\/anmp.pt\/fr\/wp-json\/wp\/v2\/pages\/3201"}],"wp:attachment":[{"href":"https:\/\/anmp.pt\/fr\/wp-json\/wp\/v2\/media?parent=3945"}],"curies":[{"name":"wp","href":"https:\/\/api.w.org\/{rel}","templated":true}]}}