{"id":3947,"date":"2019-11-19T17:29:54","date_gmt":"2019-11-19T17:29:54","guid":{"rendered":"https:\/\/anmp.pt\/?page_id=3947"},"modified":"2019-11-20T09:45:38","modified_gmt":"2019-11-20T09:45:38","slug":"outros-diplomas","status":"publish","type":"page","link":"https:\/\/anmp.pt\/fr\/areas-tematicas\/governacao-e-gestao-autarquica\/contratacao-publica\/legislacao-nacional\/outros-diplomas\/","title":{"rendered":"(Portugu\u00eas) Outros diplomas"},"content":{"rendered":"","protected":false},"excerpt":{"rendered":"","protected":false},"author":1,"featured_media":0,"parent":3201,"menu_order":153,"comment_status":"closed","ping_status":"closed","template":"templates-map\/component-text-list-layout2.php","meta":{"_acf_changed":false,"_exactmetrics_skip_tracking":false,"_exactmetrics_sitenote_active":false,"_exactmetrics_sitenote_note":"","_exactmetrics_sitenote_category":0,"footnotes":""},"class_list":["post-3947","page","type-page","status-publish","hentry"],"acf":[],"yoast_head":"<!-- This site is optimized with the Yoast SEO plugin v23.9 - https:\/\/yoast.com\/wordpress\/plugins\/seo\/ -->\n<title><\/title>\n<meta name=\"robots\" content=\"index, follow, max-snippet:-1, max-image-preview:large, max-video-preview:-1\" \/>\n<link rel=\"canonical\" href=\"https:\/\/anmp.pt\/areas-tematicas\/governacao-e-gestao-autarquica\/contratacao-publica\/legislacao-nacional\/outros-diplomas\/\" \/>\n<meta property=\"og:locale\" content=\"fr_FR\" \/>\n<meta property=\"og:type\" content=\"article\" \/>\n<meta property=\"og:title\" content=\"[:pt]Outros diplomas[:] - Portal Institucional\" \/>\n<meta property=\"og:url\" content=\"https:\/\/anmp.pt\/areas-tematicas\/governacao-e-gestao-autarquica\/contratacao-publica\/legislacao-nacional\/outros-diplomas\/\" \/>\n<meta property=\"og:site_name\" content=\"Portal Institucional\" \/>\n<meta property=\"article:publisher\" content=\"https:\/\/www.facebook.com\/ANMP.PT\" \/>\n<meta property=\"article:modified_time\" content=\"2019-11-20T09:45:38+00:00\" \/>\n<meta name=\"twitter:card\" content=\"summary_large_image\" \/>\n<script type=\"application\/ld+json\" class=\"yoast-schema-graph\">{\"@context\":\"https:\/\/schema.org\",\"@graph\":[{\"@type\":\"WebPage\",\"@id\":\"https:\/\/anmp.pt\/areas-tematicas\/governacao-e-gestao-autarquica\/contratacao-publica\/legislacao-nacional\/outros-diplomas\/\",\"url\":\"https:\/\/anmp.pt\/areas-tematicas\/governacao-e-gestao-autarquica\/contratacao-publica\/legislacao-nacional\/outros-diplomas\/\",\"name\":\"[:pt]Outros diplomas[:] - Portal Institucional\",\"isPartOf\":{\"@id\":\"https:\/\/anmp.pt\/#website\"},\"datePublished\":\"2019-11-19T17:29:54+00:00\",\"dateModified\":\"2019-11-20T09:45:38+00:00\",\"breadcrumb\":{\"@id\":\"https:\/\/anmp.pt\/areas-tematicas\/governacao-e-gestao-autarquica\/contratacao-publica\/legislacao-nacional\/outros-diplomas\/#breadcrumb\"},\"inLanguage\":\"fr-FR\",\"potentialAction\":[{\"@type\":\"ReadAction\",\"target\":[\"https:\/\/anmp.pt\/areas-tematicas\/governacao-e-gestao-autarquica\/contratacao-publica\/legislacao-nacional\/outros-diplomas\/\"]}]},{\"@type\":\"BreadcrumbList\",\"@id\":\"https:\/\/anmp.pt\/areas-tematicas\/governacao-e-gestao-autarquica\/contratacao-publica\/legislacao-nacional\/outros-diplomas\/#breadcrumb\",\"itemListElement\":[{\"@type\":\"ListItem\",\"position\":1,\"name\":\"In\u00edcio\",\"item\":\"https:\/\/anmp.pt\/\"},{\"@type\":\"ListItem\",\"position\":2,\"name\":\"\u00c1reas Tem\u00e1ticas\",\"item\":\"https:\/\/anmp.pt\/areas-tematicas\/\"},{\"@type\":\"ListItem\",\"position\":3,\"name\":\"Governa\u00e7\u00e3o e gest\u00e3o aut\u00e1rquica\",\"item\":\"https:\/\/anmp.pt\/areas-tematicas\/governacao-e-gestao-autarquica\/\"},{\"@type\":\"ListItem\",\"position\":4,\"name\":\"Contrata\u00e7\u00e3o p\u00fablica\",\"item\":\"https:\/\/anmp.pt\/areas-tematicas\/governacao-e-gestao-autarquica\/contratacao-publica\/\"},{\"@type\":\"ListItem\",\"position\":5,\"name\":\"Legisla\u00e7\u00e3o Nacional\",\"item\":\"https:\/\/anmp.pt\/areas-tematicas\/governacao-e-gestao-autarquica\/contratacao-publica\/legislacao-nacional\/\"},{\"@type\":\"ListItem\",\"position\":6,\"name\":\"Outros diplomas\"}]},{\"@type\":\"WebSite\",\"@id\":\"https:\/\/anmp.pt\/#website\",\"url\":\"https:\/\/anmp.pt\/\",\"name\":\"Associa\u00e7\u00e3o Nacional de Munic\u00edpios Portugueses\",\"description\":\"Portal Institucional\",\"publisher\":{\"@id\":\"https:\/\/anmp.pt\/#organization\"},\"potentialAction\":[{\"@type\":\"SearchAction\",\"target\":{\"@type\":\"EntryPoint\",\"urlTemplate\":\"https:\/\/anmp.pt\/?s={search_term_string}\"},\"query-input\":{\"@type\":\"PropertyValueSpecification\",\"valueRequired\":true,\"valueName\":\"search_term_string\"}}],\"inLanguage\":\"fr-FR\"},{\"@type\":\"Organization\",\"@id\":\"https:\/\/anmp.pt\/#organization\",\"name\":\"Associa\u00e7\u00e3o Nacional de Munic\u00edpios Portugueses\",\"url\":\"https:\/\/anmp.pt\/\",\"logo\":{\"@type\":\"ImageObject\",\"inLanguage\":\"fr-FR\",\"@id\":\"https:\/\/anmp.pt\/#\/schema\/logo\/image\/\",\"url\":\"https:\/\/anmp.pt\/wp-content\/uploads\/2020\/06\/logo980400.png\",\"contentUrl\":\"https:\/\/anmp.pt\/wp-content\/uploads\/2020\/06\/logo980400.png\",\"width\":980,\"height\":400,\"caption\":\"Associa\u00e7\u00e3o Nacional de Munic\u00edpios Portugueses\"},\"image\":{\"@id\":\"https:\/\/anmp.pt\/#\/schema\/logo\/image\/\"},\"sameAs\":[\"https:\/\/www.facebook.com\/ANMP.PT\"]}]}<\/script>\n<!-- \/ Yoast SEO plugin. -->","yoast_head_json":{"title":"[:pt]Outros diplomas[:] - Portal Institucional","robots":{"index":"index","follow":"follow","max-snippet":"max-snippet:-1","max-image-preview":"max-image-preview:large","max-video-preview":"max-video-preview:-1"},"canonical":"https:\/\/anmp.pt\/areas-tematicas\/governacao-e-gestao-autarquica\/contratacao-publica\/legislacao-nacional\/outros-diplomas\/","og_locale":"fr_FR","og_type":"article","og_title":"[:pt]Outros diplomas[:] - Portal Institucional","og_url":"https:\/\/anmp.pt\/areas-tematicas\/governacao-e-gestao-autarquica\/contratacao-publica\/legislacao-nacional\/outros-diplomas\/","og_site_name":"Portal Institucional","article_publisher":"https:\/\/www.facebook.com\/ANMP.PT","article_modified_time":"2019-11-20T09:45:38+00:00","twitter_card":"summary_large_image","schema":{"@context":"https:\/\/schema.org","@graph":[{"@type":"WebPage","@id":"https:\/\/anmp.pt\/areas-tematicas\/governacao-e-gestao-autarquica\/contratacao-publica\/legislacao-nacional\/outros-diplomas\/","url":"https:\/\/anmp.pt\/areas-tematicas\/governacao-e-gestao-autarquica\/contratacao-publica\/legislacao-nacional\/outros-diplomas\/","name":"[:pt]Outros diplomas[:] - Portal Institucional","isPartOf":{"@id":"https:\/\/anmp.pt\/#website"},"datePublished":"2019-11-19T17:29:54+00:00","dateModified":"2019-11-20T09:45:38+00:00","breadcrumb":{"@id":"https:\/\/anmp.pt\/areas-tematicas\/governacao-e-gestao-autarquica\/contratacao-publica\/legislacao-nacional\/outros-diplomas\/#breadcrumb"},"inLanguage":"fr-FR","potentialAction":[{"@type":"ReadAction","target":["https:\/\/anmp.pt\/areas-tematicas\/governacao-e-gestao-autarquica\/contratacao-publica\/legislacao-nacional\/outros-diplomas\/"]}]},{"@type":"BreadcrumbList","@id":"https:\/\/anmp.pt\/areas-tematicas\/governacao-e-gestao-autarquica\/contratacao-publica\/legislacao-nacional\/outros-diplomas\/#breadcrumb","itemListElement":[{"@type":"ListItem","position":1,"name":"In\u00edcio","item":"https:\/\/anmp.pt\/"},{"@type":"ListItem","position":2,"name":"\u00c1reas Tem\u00e1ticas","item":"https:\/\/anmp.pt\/areas-tematicas\/"},{"@type":"ListItem","position":3,"name":"Governa\u00e7\u00e3o e gest\u00e3o aut\u00e1rquica","item":"https:\/\/anmp.pt\/areas-tematicas\/governacao-e-gestao-autarquica\/"},{"@type":"ListItem","position":4,"name":"Contrata\u00e7\u00e3o p\u00fablica","item":"https:\/\/anmp.pt\/areas-tematicas\/governacao-e-gestao-autarquica\/contratacao-publica\/"},{"@type":"ListItem","position":5,"name":"Legisla\u00e7\u00e3o Nacional","item":"https:\/\/anmp.pt\/areas-tematicas\/governacao-e-gestao-autarquica\/contratacao-publica\/legislacao-nacional\/"},{"@type":"ListItem","position":6,"name":"Outros diplomas"}]},{"@type":"WebSite","@id":"https:\/\/anmp.pt\/#website","url":"https:\/\/anmp.pt\/","name":"Associa\u00e7\u00e3o Nacional de Munic\u00edpios Portugueses","description":"Portal Institucional","publisher":{"@id":"https:\/\/anmp.pt\/#organization"},"potentialAction":[{"@type":"SearchAction","target":{"@type":"EntryPoint","urlTemplate":"https:\/\/anmp.pt\/?s={search_term_string}"},"query-input":{"@type":"PropertyValueSpecification","valueRequired":true,"valueName":"search_term_string"}}],"inLanguage":"fr-FR"},{"@type":"Organization","@id":"https:\/\/anmp.pt\/#organization","name":"Associa\u00e7\u00e3o Nacional de Munic\u00edpios Portugueses","url":"https:\/\/anmp.pt\/","logo":{"@type":"ImageObject","inLanguage":"fr-FR","@id":"https:\/\/anmp.pt\/#\/schema\/logo\/image\/","url":"https:\/\/anmp.pt\/wp-content\/uploads\/2020\/06\/logo980400.png","contentUrl":"https:\/\/anmp.pt\/wp-content\/uploads\/2020\/06\/logo980400.png","width":980,"height":400,"caption":"Associa\u00e7\u00e3o Nacional de Munic\u00edpios Portugueses"},"image":{"@id":"https:\/\/anmp.pt\/#\/schema\/logo\/image\/"},"sameAs":["https:\/\/www.facebook.com\/ANMP.PT"]}]}},"_links":{"self":[{"href":"https:\/\/anmp.pt\/fr\/wp-json\/wp\/v2\/pages\/3947","targetHints":{"allow":["GET"]}}],"collection":[{"href":"https:\/\/anmp.pt\/fr\/wp-json\/wp\/v2\/pages"}],"about":[{"href":"https:\/\/anmp.pt\/fr\/wp-json\/wp\/v2\/types\/page"}],"author":[{"embeddable":true,"href":"https:\/\/anmp.pt\/fr\/wp-json\/wp\/v2\/users\/1"}],"replies":[{"embeddable":true,"href":"https:\/\/anmp.pt\/fr\/wp-json\/wp\/v2\/comments?post=3947"}],"version-history":[{"count":0,"href":"https:\/\/anmp.pt\/fr\/wp-json\/wp\/v2\/pages\/3947\/revisions"}],"up":[{"embeddable":true,"href":"https:\/\/anmp.pt\/fr\/wp-json\/wp\/v2\/pages\/3201"}],"wp:attachment":[{"href":"https:\/\/anmp.pt\/fr\/wp-json\/wp\/v2\/media?parent=3947"}],"curies":[{"name":"wp","href":"https:\/\/api.w.org\/{rel}","templated":true}]}}