{"id":4023,"date":"2019-11-20T14:34:44","date_gmt":"2019-11-20T14:34:44","guid":{"rendered":"https:\/\/anmp.pt\/?page_id=4023"},"modified":"2024-04-09T10:27:12","modified_gmt":"2024-04-09T09:27:12","slug":"regime-juridico-de-urbanizacao-e-edificacao-rjue","status":"publish","type":"page","link":"https:\/\/anmp.pt\/fr\/areas-tematicas\/ordenamento-do-territorio\/urbanismo\/regime-juridico-de-urbanizacao-e-edificacao-rjue\/","title":{"rendered":"(Portugu\u00eas) Regime Jur\u00eddico de Urbaniza\u00e7\u00e3o e Edifica\u00e7\u00e3o (RJUE) (em atualiza\u00e7\u00e3o)"},"content":{"rendered":"<p class=\"qtranxs-available-languages-message qtranxs-available-languages-message-fr\">D\u00e9sol\u00e9, cet article est seulement disponible en <a href=\"https:\/\/anmp.pt\/pt\/wp-json\/wp\/v2\/pages\/4023\" class=\"qtranxs-available-language-link qtranxs-available-language-link-pt\" title=\"Portugu\u00eas\">Portugu\u00eas<\/a>.<\/p><p>Decreto-Lei n.\u00ba 555\/99, de 16 de Dezembro, alterado e republicado pelo Decreto-Lei n.\u00ba 136\/2014, de 9 de Setembro.<\/p>\n<p><strong>Qualifica\u00e7\u00e3o de T\u00e9cnicos<\/strong><br \/>\n:: Lei N.\u00ba 31\/2009, de 3 de Julho: Aprova o regime jur\u00eddico que estabelece a qualifica\u00e7\u00e3o profissional exig\u00edvel aos t\u00e9cnicos respons\u00e1veis pela elabora\u00e7\u00e3o e subscri\u00e7\u00e3o de projectos, pela fiscaliza\u00e7\u00e3o de obra e pela direc\u00e7\u00e3o de obra, que n\u00e3o esteja sujeita a legisla\u00e7\u00e3o especial, e os deveres que lhes s\u00e3o aplic\u00e1veis e revoga o Decreto n.\u00ba 73\/73, de 28 de Fevereiro<br \/>\n:: Portaria N.\u00ba 1379\/2009, de 30 de Outubro: Regulamenta as qualifica\u00e7\u00f5es espec\u00edficas profissionais m\u00ednimas exig\u00edveis aos t\u00e9cnicos respons\u00e1veis pela elabora\u00e7\u00e3o de projectos, pela direc\u00e7\u00e3o de obras e pela fiscaliza\u00e7\u00e3o de obras.<\/p>","protected":false},"excerpt":{"rendered":"<p>D\u00e9sol\u00e9, cet article est seulement disponible en Portugu\u00eas.Decreto-Lei n.\u00ba 555\/99, de 16 de Dezembro, alterado e republicado pelo Decreto-Lei n.\u00ba 136\/2014, de 9 de Setembro. Qualifica\u00e7\u00e3o de T\u00e9cnicos :: Lei N.\u00ba 31\/2009, de 3 de Julho: Aprova o regime jur\u00eddico que estabelece a qualifica\u00e7\u00e3o profissional exig\u00edvel aos t\u00e9cnicos respons\u00e1veis pela elabora\u00e7\u00e3o e subscri\u00e7\u00e3o de projectos, [&hellip;]<\/p>\n","protected":false},"author":1,"featured_media":0,"parent":1872,"menu_order":178,"comment_status":"closed","ping_status":"closed","template":"templates-map\/component-file-gallery-layout1.php","meta":{"_acf_changed":false,"_exactmetrics_skip_tracking":false,"_exactmetrics_sitenote_active":false,"_exactmetrics_sitenote_note":"","_exactmetrics_sitenote_category":0,"footnotes":""},"class_list":["post-4023","page","type-page","status-publish","hentry"],"acf":[],"yoast_head":"<!-- This site is optimized with the Yoast SEO plugin v23.9 - https:\/\/yoast.com\/wordpress\/plugins\/seo\/ -->\n<title><\/title>\n<meta name=\"robots\" content=\"index, follow, max-snippet:-1, max-image-preview:large, max-video-preview:-1\" \/>\n<link rel=\"canonical\" href=\"https:\/\/anmp.pt\/areas-tematicas\/ordenamento-do-territorio\/urbanismo\/regime-juridico-de-urbanizacao-e-edificacao-rjue\/\" \/>\n<meta property=\"og:locale\" content=\"fr_FR\" \/>\n<meta property=\"og:type\" content=\"article\" \/>\n<meta property=\"og:title\" content=\"[:pt]Regime Jur\u00eddico de Urbaniza\u00e7\u00e3o e Edifica\u00e7\u00e3o (RJUE) (em atualiza\u00e7\u00e3o)[:] - Portal Institucional\" \/>\n<meta property=\"og:description\" content=\"D\u00e9sol\u00e9, cet article est seulement disponible en Portugu\u00eas.Decreto-Lei n.\u00ba 555\/99, de 16 de Dezembro, alterado e republicado pelo Decreto-Lei n.\u00ba 136\/2014, de 9 de Setembro. Qualifica\u00e7\u00e3o de T\u00e9cnicos :: Lei N.\u00ba 31\/2009, de 3 de Julho: Aprova o regime jur\u00eddico que estabelece a qualifica\u00e7\u00e3o profissional exig\u00edvel aos t\u00e9cnicos respons\u00e1veis pela elabora\u00e7\u00e3o e subscri\u00e7\u00e3o de projectos, [&hellip;]\" \/>\n<meta property=\"og:url\" content=\"https:\/\/anmp.pt\/areas-tematicas\/ordenamento-do-territorio\/urbanismo\/regime-juridico-de-urbanizacao-e-edificacao-rjue\/\" \/>\n<meta property=\"og:site_name\" content=\"Portal Institucional\" \/>\n<meta property=\"article:publisher\" content=\"https:\/\/www.facebook.com\/ANMP.PT\" \/>\n<meta property=\"article:modified_time\" content=\"2024-04-09T09:27:12+00:00\" \/>\n<meta name=\"twitter:card\" content=\"summary_large_image\" \/>\n<script type=\"application\/ld+json\" class=\"yoast-schema-graph\">{\"@context\":\"https:\/\/schema.org\",\"@graph\":[{\"@type\":\"WebPage\",\"@id\":\"https:\/\/anmp.pt\/areas-tematicas\/ordenamento-do-territorio\/urbanismo\/regime-juridico-de-urbanizacao-e-edificacao-rjue\/\",\"url\":\"https:\/\/anmp.pt\/areas-tematicas\/ordenamento-do-territorio\/urbanismo\/regime-juridico-de-urbanizacao-e-edificacao-rjue\/\",\"name\":\"[:pt]Regime Jur\u00eddico de Urbaniza\u00e7\u00e3o e Edifica\u00e7\u00e3o (RJUE) (em atualiza\u00e7\u00e3o)[:] - Portal Institucional\",\"isPartOf\":{\"@id\":\"https:\/\/anmp.pt\/#website\"},\"datePublished\":\"2019-11-20T14:34:44+00:00\",\"dateModified\":\"2024-04-09T09:27:12+00:00\",\"breadcrumb\":{\"@id\":\"https:\/\/anmp.pt\/areas-tematicas\/ordenamento-do-territorio\/urbanismo\/regime-juridico-de-urbanizacao-e-edificacao-rjue\/#breadcrumb\"},\"inLanguage\":\"fr-FR\",\"potentialAction\":[{\"@type\":\"ReadAction\",\"target\":[\"https:\/\/anmp.pt\/areas-tematicas\/ordenamento-do-territorio\/urbanismo\/regime-juridico-de-urbanizacao-e-edificacao-rjue\/\"]}]},{\"@type\":\"BreadcrumbList\",\"@id\":\"https:\/\/anmp.pt\/areas-tematicas\/ordenamento-do-territorio\/urbanismo\/regime-juridico-de-urbanizacao-e-edificacao-rjue\/#breadcrumb\",\"itemListElement\":[{\"@type\":\"ListItem\",\"position\":1,\"name\":\"In\u00edcio\",\"item\":\"https:\/\/anmp.pt\/\"},{\"@type\":\"ListItem\",\"position\":2,\"name\":\"\u00c1reas Tem\u00e1ticas\",\"item\":\"https:\/\/anmp.pt\/areas-tematicas\/\"},{\"@type\":\"ListItem\",\"position\":3,\"name\":\"Ordenamento do Territ\u00f3rio\",\"item\":\"https:\/\/anmp.pt\/areas-tematicas\/ordenamento-do-territorio\/\"},{\"@type\":\"ListItem\",\"position\":4,\"name\":\"Urbanismo\",\"item\":\"https:\/\/anmp.pt\/areas-tematicas\/ordenamento-do-territorio\/urbanismo\/\"},{\"@type\":\"ListItem\",\"position\":5,\"name\":\"Regime Jur\u00eddico de Urbaniza\u00e7\u00e3o e Edifica\u00e7\u00e3o (RJUE) (em atualiza\u00e7\u00e3o)\"}]},{\"@type\":\"WebSite\",\"@id\":\"https:\/\/anmp.pt\/#website\",\"url\":\"https:\/\/anmp.pt\/\",\"name\":\"Associa\u00e7\u00e3o Nacional de Munic\u00edpios Portugueses\",\"description\":\"Portal Institucional\",\"publisher\":{\"@id\":\"https:\/\/anmp.pt\/#organization\"},\"potentialAction\":[{\"@type\":\"SearchAction\",\"target\":{\"@type\":\"EntryPoint\",\"urlTemplate\":\"https:\/\/anmp.pt\/?s={search_term_string}\"},\"query-input\":{\"@type\":\"PropertyValueSpecification\",\"valueRequired\":true,\"valueName\":\"search_term_string\"}}],\"inLanguage\":\"fr-FR\"},{\"@type\":\"Organization\",\"@id\":\"https:\/\/anmp.pt\/#organization\",\"name\":\"Associa\u00e7\u00e3o Nacional de Munic\u00edpios Portugueses\",\"url\":\"https:\/\/anmp.pt\/\",\"logo\":{\"@type\":\"ImageObject\",\"inLanguage\":\"fr-FR\",\"@id\":\"https:\/\/anmp.pt\/#\/schema\/logo\/image\/\",\"url\":\"https:\/\/anmp.pt\/wp-content\/uploads\/2020\/06\/logo980400.png\",\"contentUrl\":\"https:\/\/anmp.pt\/wp-content\/uploads\/2020\/06\/logo980400.png\",\"width\":980,\"height\":400,\"caption\":\"Associa\u00e7\u00e3o Nacional de Munic\u00edpios Portugueses\"},\"image\":{\"@id\":\"https:\/\/anmp.pt\/#\/schema\/logo\/image\/\"},\"sameAs\":[\"https:\/\/www.facebook.com\/ANMP.PT\"]}]}<\/script>\n<!-- \/ Yoast SEO plugin. -->","yoast_head_json":{"title":"[:pt]Regime Jur\u00eddico de Urbaniza\u00e7\u00e3o e Edifica\u00e7\u00e3o (RJUE) (em atualiza\u00e7\u00e3o)[:] - Portal Institucional","robots":{"index":"index","follow":"follow","max-snippet":"max-snippet:-1","max-image-preview":"max-image-preview:large","max-video-preview":"max-video-preview:-1"},"canonical":"https:\/\/anmp.pt\/areas-tematicas\/ordenamento-do-territorio\/urbanismo\/regime-juridico-de-urbanizacao-e-edificacao-rjue\/","og_locale":"fr_FR","og_type":"article","og_title":"[:pt]Regime Jur\u00eddico de Urbaniza\u00e7\u00e3o e Edifica\u00e7\u00e3o (RJUE) (em atualiza\u00e7\u00e3o)[:] - Portal Institucional","og_description":"D\u00e9sol\u00e9, cet article est seulement disponible en Portugu\u00eas.Decreto-Lei n.\u00ba 555\/99, de 16 de Dezembro, alterado e republicado pelo Decreto-Lei n.\u00ba 136\/2014, de 9 de Setembro. Qualifica\u00e7\u00e3o de T\u00e9cnicos :: Lei N.\u00ba 31\/2009, de 3 de Julho: Aprova o regime jur\u00eddico que estabelece a qualifica\u00e7\u00e3o profissional exig\u00edvel aos t\u00e9cnicos respons\u00e1veis pela elabora\u00e7\u00e3o e subscri\u00e7\u00e3o de projectos, [&hellip;]","og_url":"https:\/\/anmp.pt\/areas-tematicas\/ordenamento-do-territorio\/urbanismo\/regime-juridico-de-urbanizacao-e-edificacao-rjue\/","og_site_name":"Portal Institucional","article_publisher":"https:\/\/www.facebook.com\/ANMP.PT","article_modified_time":"2024-04-09T09:27:12+00:00","twitter_card":"summary_large_image","schema":{"@context":"https:\/\/schema.org","@graph":[{"@type":"WebPage","@id":"https:\/\/anmp.pt\/areas-tematicas\/ordenamento-do-territorio\/urbanismo\/regime-juridico-de-urbanizacao-e-edificacao-rjue\/","url":"https:\/\/anmp.pt\/areas-tematicas\/ordenamento-do-territorio\/urbanismo\/regime-juridico-de-urbanizacao-e-edificacao-rjue\/","name":"[:pt]Regime Jur\u00eddico de Urbaniza\u00e7\u00e3o e Edifica\u00e7\u00e3o (RJUE) (em atualiza\u00e7\u00e3o)[:] - Portal Institucional","isPartOf":{"@id":"https:\/\/anmp.pt\/#website"},"datePublished":"2019-11-20T14:34:44+00:00","dateModified":"2024-04-09T09:27:12+00:00","breadcrumb":{"@id":"https:\/\/anmp.pt\/areas-tematicas\/ordenamento-do-territorio\/urbanismo\/regime-juridico-de-urbanizacao-e-edificacao-rjue\/#breadcrumb"},"inLanguage":"fr-FR","potentialAction":[{"@type":"ReadAction","target":["https:\/\/anmp.pt\/areas-tematicas\/ordenamento-do-territorio\/urbanismo\/regime-juridico-de-urbanizacao-e-edificacao-rjue\/"]}]},{"@type":"BreadcrumbList","@id":"https:\/\/anmp.pt\/areas-tematicas\/ordenamento-do-territorio\/urbanismo\/regime-juridico-de-urbanizacao-e-edificacao-rjue\/#breadcrumb","itemListElement":[{"@type":"ListItem","position":1,"name":"In\u00edcio","item":"https:\/\/anmp.pt\/"},{"@type":"ListItem","position":2,"name":"\u00c1reas Tem\u00e1ticas","item":"https:\/\/anmp.pt\/areas-tematicas\/"},{"@type":"ListItem","position":3,"name":"Ordenamento do Territ\u00f3rio","item":"https:\/\/anmp.pt\/areas-tematicas\/ordenamento-do-territorio\/"},{"@type":"ListItem","position":4,"name":"Urbanismo","item":"https:\/\/anmp.pt\/areas-tematicas\/ordenamento-do-territorio\/urbanismo\/"},{"@type":"ListItem","position":5,"name":"Regime Jur\u00eddico de Urbaniza\u00e7\u00e3o e Edifica\u00e7\u00e3o (RJUE) (em atualiza\u00e7\u00e3o)"}]},{"@type":"WebSite","@id":"https:\/\/anmp.pt\/#website","url":"https:\/\/anmp.pt\/","name":"Associa\u00e7\u00e3o Nacional de Munic\u00edpios Portugueses","description":"Portal Institucional","publisher":{"@id":"https:\/\/anmp.pt\/#organization"},"potentialAction":[{"@type":"SearchAction","target":{"@type":"EntryPoint","urlTemplate":"https:\/\/anmp.pt\/?s={search_term_string}"},"query-input":{"@type":"PropertyValueSpecification","valueRequired":true,"valueName":"search_term_string"}}],"inLanguage":"fr-FR"},{"@type":"Organization","@id":"https:\/\/anmp.pt\/#organization","name":"Associa\u00e7\u00e3o Nacional de Munic\u00edpios Portugueses","url":"https:\/\/anmp.pt\/","logo":{"@type":"ImageObject","inLanguage":"fr-FR","@id":"https:\/\/anmp.pt\/#\/schema\/logo\/image\/","url":"https:\/\/anmp.pt\/wp-content\/uploads\/2020\/06\/logo980400.png","contentUrl":"https:\/\/anmp.pt\/wp-content\/uploads\/2020\/06\/logo980400.png","width":980,"height":400,"caption":"Associa\u00e7\u00e3o Nacional de Munic\u00edpios Portugueses"},"image":{"@id":"https:\/\/anmp.pt\/#\/schema\/logo\/image\/"},"sameAs":["https:\/\/www.facebook.com\/ANMP.PT"]}]}},"_links":{"self":[{"href":"https:\/\/anmp.pt\/fr\/wp-json\/wp\/v2\/pages\/4023","targetHints":{"allow":["GET"]}}],"collection":[{"href":"https:\/\/anmp.pt\/fr\/wp-json\/wp\/v2\/pages"}],"about":[{"href":"https:\/\/anmp.pt\/fr\/wp-json\/wp\/v2\/types\/page"}],"author":[{"embeddable":true,"href":"https:\/\/anmp.pt\/fr\/wp-json\/wp\/v2\/users\/1"}],"replies":[{"embeddable":true,"href":"https:\/\/anmp.pt\/fr\/wp-json\/wp\/v2\/comments?post=4023"}],"version-history":[{"count":0,"href":"https:\/\/anmp.pt\/fr\/wp-json\/wp\/v2\/pages\/4023\/revisions"}],"up":[{"embeddable":true,"href":"https:\/\/anmp.pt\/fr\/wp-json\/wp\/v2\/pages\/1872"}],"wp:attachment":[{"href":"https:\/\/anmp.pt\/fr\/wp-json\/wp\/v2\/media?parent=4023"}],"curies":[{"name":"wp","href":"https:\/\/api.w.org\/{rel}","templated":true}]}}