{"id":4042,"date":"2019-11-20T14:56:52","date_gmt":"2019-11-20T14:56:52","guid":{"rendered":"https:\/\/anmp.pt\/?page_id=4042"},"modified":"2020-07-29T11:19:53","modified_gmt":"2020-07-29T10:19:53","slug":"ifrru-2020","status":"publish","type":"page","link":"https:\/\/anmp.pt\/fr\/areas-tematicas\/fundos-comunitarios\/ifrru-2020\/","title":{"rendered":"(Portugu\u00eas) IFRRU 2020"},"content":{"rendered":"<p class=\"qtranxs-available-languages-message qtranxs-available-languages-message-fr\">D\u00e9sol\u00e9, cet article est seulement disponible en <a href=\"https:\/\/anmp.pt\/pt\/wp-json\/wp\/v2\/pages\/4042\" class=\"qtranxs-available-language-link qtranxs-available-language-link-pt\" title=\"Portugu\u00eas\">Portugu\u00eas<\/a>.<\/p><p>Em julho de 2016, a Associa\u00e7\u00e3o Nacional de Munic\u00edpios Portugueses (ANMP) e a Estrutura de Gest\u00e3o do Instrumento Financeiro para a Reabilita\u00e7\u00e3o e Revitaliza\u00e7\u00e3o Urbanas (IFRRU) assinaram um Protocolo de Colabora\u00e7\u00e3o, cujo principal objetivo \u00e9 promover uma maior articula\u00e7\u00e3o entre as autarquias e o IFRRU, no que se refere \u00e0 implementa\u00e7\u00e3o pr\u00e1tica deste instrumento financeiro.<\/p>\n<p>A assinatura deste protocolo decorre, em grande medida, da presen\u00e7a da ANMP no Comit\u00e9 de Investimento do IFRRU, onde s\u00e3o tomadas as principais decis\u00f5es estrat\u00e9gicas relacionadas com este instrumento financeiro.<\/p>\n<p>Desde o in\u00edcio do processo de constru\u00e7\u00e3o do IFRRU, a ANMP tem tido uma participa\u00e7\u00e3o ativa, ajudando a garantir que os munic\u00edpios s\u00e3o envolvidos no processo de implementa\u00e7\u00e3o e que a utiliza\u00e7\u00e3o das verbas disponibilizadas pelo IFRRU respeitam as estrat\u00e9gias locais de desenvolvimento urbano. Entre outras coisas, a ANMP deu o seu contributo atrav\u00e9s de:<\/p>\n<ul>\n<li>Apoio na delimita\u00e7\u00e3o da interven\u00e7\u00e3o do munic\u00edpio e na clarifica\u00e7\u00e3o do seu papel;<\/li>\n<li>Apoio na elabora\u00e7\u00e3o de modelos de parecer vinculativo, a utilizar pelos munic\u00edpios;<\/li>\n<li>Apoio na identifica\u00e7\u00e3o de um ponto focal em cada munic\u00edpio, respons\u00e1vel pela articula\u00e7\u00e3o entre os potenciais interessados e o IFRRU;<\/li>\n<li>Apoio na prepara\u00e7\u00e3o de 7 sess\u00f5es de articula\u00e7\u00e3o com os pontos focais dos munic\u00edpios, realizadas por NUTS II;<\/li>\n<li>Apoio na prepara\u00e7\u00e3o de 15 sess\u00f5es p\u00fablicas de apresenta\u00e7\u00e3o do IFRRU.<\/li>\n<\/ul>\n<p>Mais informa\u00e7\u00f5es sobre o IFRRU podem ser consultadas na p\u00e1gina do <strong>IFRRU<\/strong> <em>(<u><a href=\"https:\/\/ifrru.ihru.pt\" target=\"_blank\" rel=\"noopener\">https:\/\/ifrru.ihru.pt<\/a>)<\/u><\/em><\/p>","protected":false},"excerpt":{"rendered":"<p>D\u00e9sol\u00e9, cet article est seulement disponible en Portugu\u00eas.Em julho de 2016, a Associa\u00e7\u00e3o Nacional de Munic\u00edpios Portugueses (ANMP) e a Estrutura de Gest\u00e3o do Instrumento Financeiro para a Reabilita\u00e7\u00e3o e Revitaliza\u00e7\u00e3o Urbanas (IFRRU) assinaram um Protocolo de Colabora\u00e7\u00e3o, cujo principal objetivo \u00e9 promover uma maior articula\u00e7\u00e3o entre as autarquias e o IFRRU, no que se [&hellip;]<\/p>\n","protected":false},"author":1,"featured_media":0,"parent":1781,"menu_order":89,"comment_status":"closed","ping_status":"closed","template":"templates-map\/component-file-gallery-layout3.php","meta":{"_acf_changed":false,"_exactmetrics_skip_tracking":false,"_exactmetrics_sitenote_active":false,"_exactmetrics_sitenote_note":"","_exactmetrics_sitenote_category":0,"footnotes":""},"class_list":["post-4042","page","type-page","status-publish","hentry"],"acf":[],"yoast_head":"<!-- This site is optimized with the Yoast SEO plugin v23.9 - https:\/\/yoast.com\/wordpress\/plugins\/seo\/ -->\n<title><\/title>\n<meta name=\"robots\" content=\"index, follow, max-snippet:-1, max-image-preview:large, max-video-preview:-1\" \/>\n<link rel=\"canonical\" href=\"https:\/\/anmp.pt\/areas-tematicas\/fundos-comunitarios\/ifrru-2020\/\" \/>\n<meta property=\"og:locale\" content=\"fr_FR\" \/>\n<meta property=\"og:type\" content=\"article\" \/>\n<meta property=\"og:title\" content=\"[:pt]IFRRU 2020[:] - Portal Institucional\" \/>\n<meta property=\"og:description\" content=\"D\u00e9sol\u00e9, cet article est seulement disponible en Portugu\u00eas.Em julho de 2016, a Associa\u00e7\u00e3o Nacional de Munic\u00edpios Portugueses (ANMP) e a Estrutura de Gest\u00e3o do Instrumento Financeiro para a Reabilita\u00e7\u00e3o e Revitaliza\u00e7\u00e3o Urbanas (IFRRU) assinaram um Protocolo de Colabora\u00e7\u00e3o, cujo principal objetivo \u00e9 promover uma maior articula\u00e7\u00e3o entre as autarquias e o IFRRU, no que se [&hellip;]\" \/>\n<meta property=\"og:url\" content=\"https:\/\/anmp.pt\/areas-tematicas\/fundos-comunitarios\/ifrru-2020\/\" \/>\n<meta property=\"og:site_name\" content=\"Portal Institucional\" \/>\n<meta property=\"article:publisher\" content=\"https:\/\/www.facebook.com\/ANMP.PT\" \/>\n<meta property=\"article:modified_time\" content=\"2020-07-29T10:19:53+00:00\" \/>\n<meta name=\"twitter:card\" content=\"summary_large_image\" \/>\n<script type=\"application\/ld+json\" class=\"yoast-schema-graph\">{\"@context\":\"https:\/\/schema.org\",\"@graph\":[{\"@type\":\"WebPage\",\"@id\":\"https:\/\/anmp.pt\/areas-tematicas\/fundos-comunitarios\/ifrru-2020\/\",\"url\":\"https:\/\/anmp.pt\/areas-tematicas\/fundos-comunitarios\/ifrru-2020\/\",\"name\":\"[:pt]IFRRU 2020[:] - Portal Institucional\",\"isPartOf\":{\"@id\":\"https:\/\/anmp.pt\/#website\"},\"datePublished\":\"2019-11-20T14:56:52+00:00\",\"dateModified\":\"2020-07-29T10:19:53+00:00\",\"breadcrumb\":{\"@id\":\"https:\/\/anmp.pt\/areas-tematicas\/fundos-comunitarios\/ifrru-2020\/#breadcrumb\"},\"inLanguage\":\"fr-FR\",\"potentialAction\":[{\"@type\":\"ReadAction\",\"target\":[\"https:\/\/anmp.pt\/areas-tematicas\/fundos-comunitarios\/ifrru-2020\/\"]}]},{\"@type\":\"BreadcrumbList\",\"@id\":\"https:\/\/anmp.pt\/areas-tematicas\/fundos-comunitarios\/ifrru-2020\/#breadcrumb\",\"itemListElement\":[{\"@type\":\"ListItem\",\"position\":1,\"name\":\"In\u00edcio\",\"item\":\"https:\/\/anmp.pt\/\"},{\"@type\":\"ListItem\",\"position\":2,\"name\":\"\u00c1reas Tem\u00e1ticas\",\"item\":\"https:\/\/anmp.pt\/areas-tematicas\/\"},{\"@type\":\"ListItem\",\"position\":3,\"name\":\"Fundos Comunit\u00e1rios\",\"item\":\"https:\/\/anmp.pt\/areas-tematicas\/fundos-comunitarios\/\"},{\"@type\":\"ListItem\",\"position\":4,\"name\":\"IFRRU 2020\"}]},{\"@type\":\"WebSite\",\"@id\":\"https:\/\/anmp.pt\/#website\",\"url\":\"https:\/\/anmp.pt\/\",\"name\":\"Associa\u00e7\u00e3o Nacional de Munic\u00edpios Portugueses\",\"description\":\"Portal Institucional\",\"publisher\":{\"@id\":\"https:\/\/anmp.pt\/#organization\"},\"potentialAction\":[{\"@type\":\"SearchAction\",\"target\":{\"@type\":\"EntryPoint\",\"urlTemplate\":\"https:\/\/anmp.pt\/?s={search_term_string}\"},\"query-input\":{\"@type\":\"PropertyValueSpecification\",\"valueRequired\":true,\"valueName\":\"search_term_string\"}}],\"inLanguage\":\"fr-FR\"},{\"@type\":\"Organization\",\"@id\":\"https:\/\/anmp.pt\/#organization\",\"name\":\"Associa\u00e7\u00e3o Nacional de Munic\u00edpios Portugueses\",\"url\":\"https:\/\/anmp.pt\/\",\"logo\":{\"@type\":\"ImageObject\",\"inLanguage\":\"fr-FR\",\"@id\":\"https:\/\/anmp.pt\/#\/schema\/logo\/image\/\",\"url\":\"https:\/\/anmp.pt\/wp-content\/uploads\/2020\/06\/logo980400.png\",\"contentUrl\":\"https:\/\/anmp.pt\/wp-content\/uploads\/2020\/06\/logo980400.png\",\"width\":980,\"height\":400,\"caption\":\"Associa\u00e7\u00e3o Nacional de Munic\u00edpios Portugueses\"},\"image\":{\"@id\":\"https:\/\/anmp.pt\/#\/schema\/logo\/image\/\"},\"sameAs\":[\"https:\/\/www.facebook.com\/ANMP.PT\"]}]}<\/script>\n<!-- \/ Yoast SEO plugin. -->","yoast_head_json":{"title":"[:pt]IFRRU 2020[:] - Portal Institucional","robots":{"index":"index","follow":"follow","max-snippet":"max-snippet:-1","max-image-preview":"max-image-preview:large","max-video-preview":"max-video-preview:-1"},"canonical":"https:\/\/anmp.pt\/areas-tematicas\/fundos-comunitarios\/ifrru-2020\/","og_locale":"fr_FR","og_type":"article","og_title":"[:pt]IFRRU 2020[:] - Portal Institucional","og_description":"D\u00e9sol\u00e9, cet article est seulement disponible en Portugu\u00eas.Em julho de 2016, a Associa\u00e7\u00e3o Nacional de Munic\u00edpios Portugueses (ANMP) e a Estrutura de Gest\u00e3o do Instrumento Financeiro para a Reabilita\u00e7\u00e3o e Revitaliza\u00e7\u00e3o Urbanas (IFRRU) assinaram um Protocolo de Colabora\u00e7\u00e3o, cujo principal objetivo \u00e9 promover uma maior articula\u00e7\u00e3o entre as autarquias e o IFRRU, no que se [&hellip;]","og_url":"https:\/\/anmp.pt\/areas-tematicas\/fundos-comunitarios\/ifrru-2020\/","og_site_name":"Portal Institucional","article_publisher":"https:\/\/www.facebook.com\/ANMP.PT","article_modified_time":"2020-07-29T10:19:53+00:00","twitter_card":"summary_large_image","schema":{"@context":"https:\/\/schema.org","@graph":[{"@type":"WebPage","@id":"https:\/\/anmp.pt\/areas-tematicas\/fundos-comunitarios\/ifrru-2020\/","url":"https:\/\/anmp.pt\/areas-tematicas\/fundos-comunitarios\/ifrru-2020\/","name":"[:pt]IFRRU 2020[:] - Portal Institucional","isPartOf":{"@id":"https:\/\/anmp.pt\/#website"},"datePublished":"2019-11-20T14:56:52+00:00","dateModified":"2020-07-29T10:19:53+00:00","breadcrumb":{"@id":"https:\/\/anmp.pt\/areas-tematicas\/fundos-comunitarios\/ifrru-2020\/#breadcrumb"},"inLanguage":"fr-FR","potentialAction":[{"@type":"ReadAction","target":["https:\/\/anmp.pt\/areas-tematicas\/fundos-comunitarios\/ifrru-2020\/"]}]},{"@type":"BreadcrumbList","@id":"https:\/\/anmp.pt\/areas-tematicas\/fundos-comunitarios\/ifrru-2020\/#breadcrumb","itemListElement":[{"@type":"ListItem","position":1,"name":"In\u00edcio","item":"https:\/\/anmp.pt\/"},{"@type":"ListItem","position":2,"name":"\u00c1reas Tem\u00e1ticas","item":"https:\/\/anmp.pt\/areas-tematicas\/"},{"@type":"ListItem","position":3,"name":"Fundos Comunit\u00e1rios","item":"https:\/\/anmp.pt\/areas-tematicas\/fundos-comunitarios\/"},{"@type":"ListItem","position":4,"name":"IFRRU 2020"}]},{"@type":"WebSite","@id":"https:\/\/anmp.pt\/#website","url":"https:\/\/anmp.pt\/","name":"Associa\u00e7\u00e3o Nacional de Munic\u00edpios Portugueses","description":"Portal Institucional","publisher":{"@id":"https:\/\/anmp.pt\/#organization"},"potentialAction":[{"@type":"SearchAction","target":{"@type":"EntryPoint","urlTemplate":"https:\/\/anmp.pt\/?s={search_term_string}"},"query-input":{"@type":"PropertyValueSpecification","valueRequired":true,"valueName":"search_term_string"}}],"inLanguage":"fr-FR"},{"@type":"Organization","@id":"https:\/\/anmp.pt\/#organization","name":"Associa\u00e7\u00e3o Nacional de Munic\u00edpios Portugueses","url":"https:\/\/anmp.pt\/","logo":{"@type":"ImageObject","inLanguage":"fr-FR","@id":"https:\/\/anmp.pt\/#\/schema\/logo\/image\/","url":"https:\/\/anmp.pt\/wp-content\/uploads\/2020\/06\/logo980400.png","contentUrl":"https:\/\/anmp.pt\/wp-content\/uploads\/2020\/06\/logo980400.png","width":980,"height":400,"caption":"Associa\u00e7\u00e3o Nacional de Munic\u00edpios Portugueses"},"image":{"@id":"https:\/\/anmp.pt\/#\/schema\/logo\/image\/"},"sameAs":["https:\/\/www.facebook.com\/ANMP.PT"]}]}},"_links":{"self":[{"href":"https:\/\/anmp.pt\/fr\/wp-json\/wp\/v2\/pages\/4042","targetHints":{"allow":["GET"]}}],"collection":[{"href":"https:\/\/anmp.pt\/fr\/wp-json\/wp\/v2\/pages"}],"about":[{"href":"https:\/\/anmp.pt\/fr\/wp-json\/wp\/v2\/types\/page"}],"author":[{"embeddable":true,"href":"https:\/\/anmp.pt\/fr\/wp-json\/wp\/v2\/users\/1"}],"replies":[{"embeddable":true,"href":"https:\/\/anmp.pt\/fr\/wp-json\/wp\/v2\/comments?post=4042"}],"version-history":[{"count":0,"href":"https:\/\/anmp.pt\/fr\/wp-json\/wp\/v2\/pages\/4042\/revisions"}],"up":[{"embeddable":true,"href":"https:\/\/anmp.pt\/fr\/wp-json\/wp\/v2\/pages\/1781"}],"wp:attachment":[{"href":"https:\/\/anmp.pt\/fr\/wp-json\/wp\/v2\/media?parent=4042"}],"curies":[{"name":"wp","href":"https:\/\/api.w.org\/{rel}","templated":true}]}}