{"id":4181,"date":"2019-11-21T15:13:55","date_gmt":"2019-11-21T15:13:55","guid":{"rendered":"https:\/\/anmp.pt\/?page_id=4181"},"modified":"2020-07-13T12:34:55","modified_gmt":"2020-07-13T11:34:55","slug":"referencial-de-educacao-rodoviaria-para-a-educacao-pre-escolar-e-o-ensino-basico","status":"publish","type":"page","link":"https:\/\/anmp.pt\/fr\/areas-tematicas\/politicas-sociais\/educacao\/referencial-de-educacao-rodoviaria-para-a-educacao-pre-escolar-e-o-ensino-basico\/","title":{"rendered":"(Portugu\u00eas) Referencial de Educa\u00e7\u00e3o Rodovi\u00e1ria para a Educa\u00e7\u00e3o Pr\u00e9-Escolar e o Ensino B\u00e1sico"},"content":{"rendered":"<p class=\"qtranxs-available-languages-message qtranxs-available-languages-message-fr\">D\u00e9sol\u00e9, cet article est seulement disponible en <a href=\"https:\/\/anmp.pt\/pt\/wp-json\/wp\/v2\/pages\/4181\" class=\"qtranxs-available-language-link qtranxs-available-language-link-pt\" title=\"Portugu\u00eas\">Portugu\u00eas<\/a>.<\/p><p>O Referencial de Educa\u00e7\u00e3o Rodovi\u00e1ria para a Educa\u00e7\u00e3o Pr\u00e9-Escolar e o Ensino B\u00e1sico visa enquadrar a Educa\u00e7\u00e3o Rodovi\u00e1ria no \u00e2mbito da Educa\u00e7\u00e3o para a Cidadania, constituindo-se como um documento orientador e um instrumento de apoio \u00e0 pr\u00e1tica educativa.<\/p>\n<p>No quadro da revis\u00e3o da estrutura curricular do ensino b\u00e1sico e secund\u00e1rio, consagrada no Decreto-Lei n.\u00ba 139\/2012, de 5 de julho, o Referencial de Educa\u00e7\u00e3o Rodovi\u00e1ria para a Educa\u00e7\u00e3o Pr\u00e9-Escolar e o Ensino B\u00e1sico (RER) prop\u00f5e-se contribuir para:<\/p>\n<p>:: O \u00ab\u00a0refor\u00e7o do car\u00e1ter transversal da educa\u00e7\u00e3o para a cidadania, estabelecendo conre\u00fados e orienta\u00e7\u00f5es program\u00e1ticas\u00a0\u00bb (al\u00ednea m) do Artigo 3.\u00ba);<br \/>\n:: A oferta de \u00ab\u00a0componentes curriculares complementares com carga hor\u00e1ria flex\u00edvel\u00a0\u00bb (Artigo 12.\u00ba);<br \/>\n:: O desenvolvimento de \u00ab\u00a0projetos e atividades que contribuam para a forma\u00e7\u00e3o pessoal e social dos alunos, designadamente (&#8230;) educa\u00e7\u00e3o rodovi\u00e1ria (&#8230;)\u00a0\u00bb (Artigo 15.\u00ba).<\/p>\n<p>O Referencial de Educa\u00e7\u00e3o Rodovi\u00e1ria para a Educa\u00e7\u00e3o Pr\u00e9-Escolar e o Ensino B\u00e1sico foi aprovado por despacho da Secret\u00e1ria de Estado do Ensino B\u00e1sico e Secund\u00e1rio, de 26 de Junho de 2012.<\/p>","protected":false},"excerpt":{"rendered":"<p>D\u00e9sol\u00e9, cet article est seulement disponible en Portugu\u00eas.O Referencial de Educa\u00e7\u00e3o Rodovi\u00e1ria para a Educa\u00e7\u00e3o Pr\u00e9-Escolar e o Ensino B\u00e1sico visa enquadrar a Educa\u00e7\u00e3o Rodovi\u00e1ria no \u00e2mbito da Educa\u00e7\u00e3o para a Cidadania, constituindo-se como um documento orientador e um instrumento de apoio \u00e0 pr\u00e1tica educativa. No quadro da revis\u00e3o da estrutura curricular do ensino b\u00e1sico [&hellip;]<\/p>\n","protected":false},"author":1,"featured_media":0,"parent":1761,"menu_order":176,"comment_status":"closed","ping_status":"closed","template":"templates-map\/component-text-layout1.php","meta":{"_acf_changed":false,"_exactmetrics_skip_tracking":false,"_exactmetrics_sitenote_active":false,"_exactmetrics_sitenote_note":"","_exactmetrics_sitenote_category":0,"footnotes":""},"class_list":["post-4181","page","type-page","status-publish","hentry"],"acf":[],"yoast_head":"<!-- This site is optimized with the Yoast SEO plugin v23.9 - https:\/\/yoast.com\/wordpress\/plugins\/seo\/ -->\n<title><\/title>\n<meta name=\"robots\" content=\"index, follow, max-snippet:-1, max-image-preview:large, max-video-preview:-1\" \/>\n<link rel=\"canonical\" href=\"https:\/\/anmp.pt\/areas-tematicas\/politicas-sociais\/educacao\/referencial-de-educacao-rodoviaria-para-a-educacao-pre-escolar-e-o-ensino-basico\/\" \/>\n<meta property=\"og:locale\" content=\"fr_FR\" \/>\n<meta property=\"og:type\" content=\"article\" \/>\n<meta property=\"og:title\" content=\"[:pt]Referencial de Educa\u00e7\u00e3o Rodovi\u00e1ria para a Educa\u00e7\u00e3o Pr\u00e9-Escolar e o Ensino B\u00e1sico[:] - Portal Institucional\" \/>\n<meta property=\"og:description\" content=\"D\u00e9sol\u00e9, cet article est seulement disponible en Portugu\u00eas.O Referencial de Educa\u00e7\u00e3o Rodovi\u00e1ria para a Educa\u00e7\u00e3o Pr\u00e9-Escolar e o Ensino B\u00e1sico visa enquadrar a Educa\u00e7\u00e3o Rodovi\u00e1ria no \u00e2mbito da Educa\u00e7\u00e3o para a Cidadania, constituindo-se como um documento orientador e um instrumento de apoio \u00e0 pr\u00e1tica educativa. No quadro da revis\u00e3o da estrutura curricular do ensino b\u00e1sico [&hellip;]\" \/>\n<meta property=\"og:url\" content=\"https:\/\/anmp.pt\/areas-tematicas\/politicas-sociais\/educacao\/referencial-de-educacao-rodoviaria-para-a-educacao-pre-escolar-e-o-ensino-basico\/\" \/>\n<meta property=\"og:site_name\" content=\"Portal Institucional\" \/>\n<meta property=\"article:publisher\" content=\"https:\/\/www.facebook.com\/ANMP.PT\" \/>\n<meta property=\"article:modified_time\" content=\"2020-07-13T11:34:55+00:00\" \/>\n<meta name=\"twitter:card\" content=\"summary_large_image\" \/>\n<script type=\"application\/ld+json\" class=\"yoast-schema-graph\">{\"@context\":\"https:\/\/schema.org\",\"@graph\":[{\"@type\":\"WebPage\",\"@id\":\"https:\/\/anmp.pt\/areas-tematicas\/politicas-sociais\/educacao\/referencial-de-educacao-rodoviaria-para-a-educacao-pre-escolar-e-o-ensino-basico\/\",\"url\":\"https:\/\/anmp.pt\/areas-tematicas\/politicas-sociais\/educacao\/referencial-de-educacao-rodoviaria-para-a-educacao-pre-escolar-e-o-ensino-basico\/\",\"name\":\"[:pt]Referencial de Educa\u00e7\u00e3o Rodovi\u00e1ria para a Educa\u00e7\u00e3o Pr\u00e9-Escolar e o Ensino B\u00e1sico[:] - Portal Institucional\",\"isPartOf\":{\"@id\":\"https:\/\/anmp.pt\/#website\"},\"datePublished\":\"2019-11-21T15:13:55+00:00\",\"dateModified\":\"2020-07-13T11:34:55+00:00\",\"breadcrumb\":{\"@id\":\"https:\/\/anmp.pt\/areas-tematicas\/politicas-sociais\/educacao\/referencial-de-educacao-rodoviaria-para-a-educacao-pre-escolar-e-o-ensino-basico\/#breadcrumb\"},\"inLanguage\":\"fr-FR\",\"potentialAction\":[{\"@type\":\"ReadAction\",\"target\":[\"https:\/\/anmp.pt\/areas-tematicas\/politicas-sociais\/educacao\/referencial-de-educacao-rodoviaria-para-a-educacao-pre-escolar-e-o-ensino-basico\/\"]}]},{\"@type\":\"BreadcrumbList\",\"@id\":\"https:\/\/anmp.pt\/areas-tematicas\/politicas-sociais\/educacao\/referencial-de-educacao-rodoviaria-para-a-educacao-pre-escolar-e-o-ensino-basico\/#breadcrumb\",\"itemListElement\":[{\"@type\":\"ListItem\",\"position\":1,\"name\":\"In\u00edcio\",\"item\":\"https:\/\/anmp.pt\/\"},{\"@type\":\"ListItem\",\"position\":2,\"name\":\"\u00c1reas Tem\u00e1ticas\",\"item\":\"https:\/\/anmp.pt\/areas-tematicas\/\"},{\"@type\":\"ListItem\",\"position\":3,\"name\":\"Pol\u00edticas Sociais\",\"item\":\"https:\/\/anmp.pt\/areas-tematicas\/politicas-sociais\/\"},{\"@type\":\"ListItem\",\"position\":4,\"name\":\"Educa\u00e7\u00e3o\",\"item\":\"https:\/\/anmp.pt\/areas-tematicas\/politicas-sociais\/educacao\/\"},{\"@type\":\"ListItem\",\"position\":5,\"name\":\"Referencial de Educa\u00e7\u00e3o Rodovi\u00e1ria para a Educa\u00e7\u00e3o Pr\u00e9-Escolar e o Ensino B\u00e1sico\"}]},{\"@type\":\"WebSite\",\"@id\":\"https:\/\/anmp.pt\/#website\",\"url\":\"https:\/\/anmp.pt\/\",\"name\":\"Associa\u00e7\u00e3o Nacional de Munic\u00edpios Portugueses\",\"description\":\"Portal Institucional\",\"publisher\":{\"@id\":\"https:\/\/anmp.pt\/#organization\"},\"potentialAction\":[{\"@type\":\"SearchAction\",\"target\":{\"@type\":\"EntryPoint\",\"urlTemplate\":\"https:\/\/anmp.pt\/?s={search_term_string}\"},\"query-input\":{\"@type\":\"PropertyValueSpecification\",\"valueRequired\":true,\"valueName\":\"search_term_string\"}}],\"inLanguage\":\"fr-FR\"},{\"@type\":\"Organization\",\"@id\":\"https:\/\/anmp.pt\/#organization\",\"name\":\"Associa\u00e7\u00e3o Nacional de Munic\u00edpios Portugueses\",\"url\":\"https:\/\/anmp.pt\/\",\"logo\":{\"@type\":\"ImageObject\",\"inLanguage\":\"fr-FR\",\"@id\":\"https:\/\/anmp.pt\/#\/schema\/logo\/image\/\",\"url\":\"https:\/\/anmp.pt\/wp-content\/uploads\/2020\/06\/logo980400.png\",\"contentUrl\":\"https:\/\/anmp.pt\/wp-content\/uploads\/2020\/06\/logo980400.png\",\"width\":980,\"height\":400,\"caption\":\"Associa\u00e7\u00e3o Nacional de Munic\u00edpios Portugueses\"},\"image\":{\"@id\":\"https:\/\/anmp.pt\/#\/schema\/logo\/image\/\"},\"sameAs\":[\"https:\/\/www.facebook.com\/ANMP.PT\"]}]}<\/script>\n<!-- \/ Yoast SEO plugin. -->","yoast_head_json":{"title":"[:pt]Referencial de Educa\u00e7\u00e3o Rodovi\u00e1ria para a Educa\u00e7\u00e3o Pr\u00e9-Escolar e o Ensino B\u00e1sico[:] - Portal Institucional","robots":{"index":"index","follow":"follow","max-snippet":"max-snippet:-1","max-image-preview":"max-image-preview:large","max-video-preview":"max-video-preview:-1"},"canonical":"https:\/\/anmp.pt\/areas-tematicas\/politicas-sociais\/educacao\/referencial-de-educacao-rodoviaria-para-a-educacao-pre-escolar-e-o-ensino-basico\/","og_locale":"fr_FR","og_type":"article","og_title":"[:pt]Referencial de Educa\u00e7\u00e3o Rodovi\u00e1ria para a Educa\u00e7\u00e3o Pr\u00e9-Escolar e o Ensino B\u00e1sico[:] - Portal Institucional","og_description":"D\u00e9sol\u00e9, cet article est seulement disponible en Portugu\u00eas.O Referencial de Educa\u00e7\u00e3o Rodovi\u00e1ria para a Educa\u00e7\u00e3o Pr\u00e9-Escolar e o Ensino B\u00e1sico visa enquadrar a Educa\u00e7\u00e3o Rodovi\u00e1ria no \u00e2mbito da Educa\u00e7\u00e3o para a Cidadania, constituindo-se como um documento orientador e um instrumento de apoio \u00e0 pr\u00e1tica educativa. No quadro da revis\u00e3o da estrutura curricular do ensino b\u00e1sico [&hellip;]","og_url":"https:\/\/anmp.pt\/areas-tematicas\/politicas-sociais\/educacao\/referencial-de-educacao-rodoviaria-para-a-educacao-pre-escolar-e-o-ensino-basico\/","og_site_name":"Portal Institucional","article_publisher":"https:\/\/www.facebook.com\/ANMP.PT","article_modified_time":"2020-07-13T11:34:55+00:00","twitter_card":"summary_large_image","schema":{"@context":"https:\/\/schema.org","@graph":[{"@type":"WebPage","@id":"https:\/\/anmp.pt\/areas-tematicas\/politicas-sociais\/educacao\/referencial-de-educacao-rodoviaria-para-a-educacao-pre-escolar-e-o-ensino-basico\/","url":"https:\/\/anmp.pt\/areas-tematicas\/politicas-sociais\/educacao\/referencial-de-educacao-rodoviaria-para-a-educacao-pre-escolar-e-o-ensino-basico\/","name":"[:pt]Referencial de Educa\u00e7\u00e3o Rodovi\u00e1ria para a Educa\u00e7\u00e3o Pr\u00e9-Escolar e o Ensino B\u00e1sico[:] - Portal Institucional","isPartOf":{"@id":"https:\/\/anmp.pt\/#website"},"datePublished":"2019-11-21T15:13:55+00:00","dateModified":"2020-07-13T11:34:55+00:00","breadcrumb":{"@id":"https:\/\/anmp.pt\/areas-tematicas\/politicas-sociais\/educacao\/referencial-de-educacao-rodoviaria-para-a-educacao-pre-escolar-e-o-ensino-basico\/#breadcrumb"},"inLanguage":"fr-FR","potentialAction":[{"@type":"ReadAction","target":["https:\/\/anmp.pt\/areas-tematicas\/politicas-sociais\/educacao\/referencial-de-educacao-rodoviaria-para-a-educacao-pre-escolar-e-o-ensino-basico\/"]}]},{"@type":"BreadcrumbList","@id":"https:\/\/anmp.pt\/areas-tematicas\/politicas-sociais\/educacao\/referencial-de-educacao-rodoviaria-para-a-educacao-pre-escolar-e-o-ensino-basico\/#breadcrumb","itemListElement":[{"@type":"ListItem","position":1,"name":"In\u00edcio","item":"https:\/\/anmp.pt\/"},{"@type":"ListItem","position":2,"name":"\u00c1reas Tem\u00e1ticas","item":"https:\/\/anmp.pt\/areas-tematicas\/"},{"@type":"ListItem","position":3,"name":"Pol\u00edticas Sociais","item":"https:\/\/anmp.pt\/areas-tematicas\/politicas-sociais\/"},{"@type":"ListItem","position":4,"name":"Educa\u00e7\u00e3o","item":"https:\/\/anmp.pt\/areas-tematicas\/politicas-sociais\/educacao\/"},{"@type":"ListItem","position":5,"name":"Referencial de Educa\u00e7\u00e3o Rodovi\u00e1ria para a Educa\u00e7\u00e3o Pr\u00e9-Escolar e o Ensino B\u00e1sico"}]},{"@type":"WebSite","@id":"https:\/\/anmp.pt\/#website","url":"https:\/\/anmp.pt\/","name":"Associa\u00e7\u00e3o Nacional de Munic\u00edpios Portugueses","description":"Portal Institucional","publisher":{"@id":"https:\/\/anmp.pt\/#organization"},"potentialAction":[{"@type":"SearchAction","target":{"@type":"EntryPoint","urlTemplate":"https:\/\/anmp.pt\/?s={search_term_string}"},"query-input":{"@type":"PropertyValueSpecification","valueRequired":true,"valueName":"search_term_string"}}],"inLanguage":"fr-FR"},{"@type":"Organization","@id":"https:\/\/anmp.pt\/#organization","name":"Associa\u00e7\u00e3o Nacional de Munic\u00edpios Portugueses","url":"https:\/\/anmp.pt\/","logo":{"@type":"ImageObject","inLanguage":"fr-FR","@id":"https:\/\/anmp.pt\/#\/schema\/logo\/image\/","url":"https:\/\/anmp.pt\/wp-content\/uploads\/2020\/06\/logo980400.png","contentUrl":"https:\/\/anmp.pt\/wp-content\/uploads\/2020\/06\/logo980400.png","width":980,"height":400,"caption":"Associa\u00e7\u00e3o Nacional de Munic\u00edpios Portugueses"},"image":{"@id":"https:\/\/anmp.pt\/#\/schema\/logo\/image\/"},"sameAs":["https:\/\/www.facebook.com\/ANMP.PT"]}]}},"_links":{"self":[{"href":"https:\/\/anmp.pt\/fr\/wp-json\/wp\/v2\/pages\/4181","targetHints":{"allow":["GET"]}}],"collection":[{"href":"https:\/\/anmp.pt\/fr\/wp-json\/wp\/v2\/pages"}],"about":[{"href":"https:\/\/anmp.pt\/fr\/wp-json\/wp\/v2\/types\/page"}],"author":[{"embeddable":true,"href":"https:\/\/anmp.pt\/fr\/wp-json\/wp\/v2\/users\/1"}],"replies":[{"embeddable":true,"href":"https:\/\/anmp.pt\/fr\/wp-json\/wp\/v2\/comments?post=4181"}],"version-history":[{"count":0,"href":"https:\/\/anmp.pt\/fr\/wp-json\/wp\/v2\/pages\/4181\/revisions"}],"up":[{"embeddable":true,"href":"https:\/\/anmp.pt\/fr\/wp-json\/wp\/v2\/pages\/1761"}],"wp:attachment":[{"href":"https:\/\/anmp.pt\/fr\/wp-json\/wp\/v2\/media?parent=4181"}],"curies":[{"name":"wp","href":"https:\/\/api.w.org\/{rel}","templated":true}]}}