{"id":62289,"date":"2024-02-06T16:14:24","date_gmt":"2024-02-06T16:14:24","guid":{"rendered":"https:\/\/anmp.pt\/?page_id=62289"},"modified":"2025-02-05T17:47:13","modified_gmt":"2025-02-05T17:47:13","slug":"orientacoes-tecnicas-e-recomendacoes","status":"publish","type":"page","link":"https:\/\/anmp.pt\/fr\/areas-tematicas\/governacao-e-gestao-autarquica\/contratacao-publica\/orientacoes-tecnicas-e-recomendacoes\/","title":{"rendered":"(Portugu\u00eas) Orienta\u00e7\u00f5es T\u00e9cnicas e Recomenda\u00e7\u00f5es"},"content":{"rendered":"<p class=\"qtranxs-available-languages-message qtranxs-available-languages-message-fr\">D\u00e9sol\u00e9, cet article est seulement disponible en <a href=\"https:\/\/anmp.pt\/pt\/wp-json\/wp\/v2\/pages\/62289\" class=\"qtranxs-available-language-link qtranxs-available-language-link-pt\" title=\"Portugu\u00eas\">Portugu\u00eas<\/a>.<\/p><h3><strong>ORIENTA\u00c7\u00d5ES T\u00c9CNICAS<\/strong><\/h3>\n<ul>\n<li style=\"text-align: justify;\"><a href=\"https:\/\/anmp.pt\/wp-content\/uploads\/2024\/09\/orientacao-tecnica-rcbe.pdf\" target=\"_blank\" rel=\"noopener\">CCP 08\/2024: Registo Central do Benefici\u00e1rio Efetivo (RCBE)<\/a><\/li>\n<li style=\"text-align: justify;\"><a href=\"https:\/\/www.anmp.pt\/wp-content\/uploads\/2023\/01\/OrientacaoTecnicaIMPIC_07CCP.pdf\" target=\"_blank\" rel=\"noopener\">07-CCP: Medidas especiais de contrata\u00e7\u00e3o p\u00fablica criadas pela Lei n.\u00ba 30\/2021, de 21 de maio.<\/a><\/li>\n<li style=\"text-align: justify;\"><a href=\"https:\/\/www.anmp.pt\/wp-content\/uploads\/2023\/01\/OrientacaoTecnicaIMPIC_06CCP2020.pdf\" target=\"_blank\" rel=\"noopener\">06\/CCP\/2020: Medidas excepcionais e tempor\u00e1rias de resposta \u00e0 situa\u00e7\u00e3o epidemiol\u00f3gica provocada pelo coronav\u00edrus SARS-CoV-2 e da doen\u00e7a COVID-19<\/a><\/li>\n<li style=\"text-align: justify;\"><a href=\"https:\/\/www.anmp.pt\/wp-content\/uploads\/2023\/01\/OrientacaoTecnicaIMPIC_05CCP2019.pdf\" target=\"_blank\" rel=\"noopener\">05\/CCP\/2019: Gestor do Contrato.<\/a><\/li>\n<li style=\"text-align: justify;\"><a href=\"https:\/\/www.anmp.pt\/wp-content\/uploads\/2023\/01\/OrientacaoTecnicaIMPIC_04CCP2019.pdf\" target=\"_blank\" rel=\"noopener\">04\/CCP\/2019: Consulta preliminar ao mercado.<\/a><\/li>\n<li style=\"text-align: justify;\"><a href=\"https:\/\/www.anmp.pt\/wp-content\/uploads\/2023\/01\/OrientacaoTecnicaIMPIC_03CCP2019.pdf\" target=\"_blank\" rel=\"noopener\">03\/CCP\/2019: Adjudica\u00e7\u00e3o por lotes.<\/a><\/li>\n<li style=\"text-align: justify;\"><a href=\"https:\/\/www.anmp.pt\/wp-content\/uploads\/2023\/01\/OrientacaoTecnicaIMPIC_02CCP2019.pdf\" target=\"_blank\" rel=\"noopener\">02\/CCP\/2019: Pre\u00e7o base.<\/a><\/li>\n<li style=\"text-align: justify;\"><a href=\"https:\/\/www.anmp.pt\/wp-content\/uploads\/2023\/01\/OrientacaoTecnicaIMPIC_01CCP2018.pdf\" target=\"_blank\" rel=\"noopener\">01\/CCP\/2018: Escolha das entidades a convidar nos procedimentos de ajuste direto e de consulta pr\u00e9via (artigo 113.\u00ba do CCP).<\/a><\/li>\n<li><a href=\"https:\/\/www.anmp.pt\/wp-content\/uploads\/2023\/01\/Orientacao_Tecnica_IMPIC_GNS_2_2016.pdf\" target=\"_blank\" rel=\"noopener\">N\u00ba02\/IMPIC-GNS\/2016: Procedimentos a adotar pelas entidades adjudicantes em caso de cancelamento de atividade de plataforma eletr\u00f3nica de contrata\u00e7\u00e3o p\u00fablica.<\/a><\/li>\n<li style=\"text-align: justify;\"><a href=\"https:\/\/www.anmp.pt\/wp-content\/uploads\/2023\/01\/Orientacao_Tecnica_GNS_IMPIC__2016.pdf\" target=\"_blank\" rel=\"noopener\">N\u00ba1\/GNS &#8211; IMPIC\/2016: Utiliza\u00e7\u00e3o, pelos operadores econ\u00f3micos, dos servi\u00e7os disponibilizados pelas plataformas eletr\u00f3nicas de contrata\u00e7\u00e3o p\u00fablica.<\/a><\/li>\n<li><a href=\"https:\/\/www.anmp.pt\/wp-content\/uploads\/2023\/01\/orientacaotecnicagns_impic1_2015.pdf\" target=\"_blank\" rel=\"noopener\">N\u00ba1\/GNS &#8211; IMPIC\/2015: Utiliza\u00e7\u00e3o de selos de valida\u00e7\u00e3o cronol\u00f3gica (timestamps) nas plataformas eletr\u00f3nicas de contrata\u00e7\u00e3o p\u00fablica.<\/a><\/li>\n<\/ul>\n<p>&nbsp;<\/p>\n<h3><strong>RECOMENDA\u00c7\u00d5ES DE BOAS PR\u00c1TICAS<br \/>\n<\/strong><\/h3>\n<h4>IMPIC<\/h4>\n<ul>\n<li><a href=\"https:\/\/anmp.pt\/wp-content\/uploads\/2024\/02\/recomendacao-02-2023.pdf\" target=\"_blank\" rel=\"noopener\">N.\u00ba 02\/2023 \u2013 CCP &#8211; Tramita\u00e7\u00e3o (simplificada) em plataformas eletr\u00f3nicas de contrata\u00e7\u00e3o p\u00fablica dos procedimentos de ajuste direto e de consulta p\u00fablica<\/a><\/li>\n<li style=\"text-align: justify;\"><a href=\"https:\/\/anmp.pt\/wp-content\/uploads\/2024\/02\/recomendacao-01-2022.pdf\" target=\"_blank\" rel=\"noopener\">N.\u00ba 01\/2022 \u2013 CCP &#8211; Boas pr\u00e1ticas para fazer face ao aumento de pre\u00e7os de mat\u00e9rias-primas, materiais, e de m\u00e3o-de-obra com impactos nas empreitadas de obras p\u00fablicas<\/a><\/li>\n<\/ul>\n<p>&nbsp;<\/p>\n<h4>CIMEC<\/h4>\n<ul>\n<li><a href=\"https:\/\/anmp.pt\/wp-content\/uploads\/2025\/02\/Recomendacao1-CIMEC.pdf\">Recomendacao1-CIMEC<\/a><\/li>\n<li><a href=\"https:\/\/anmp.pt\/wp-content\/uploads\/2025\/02\/Recomendacao2-CIMEC.pdf\">Recomendacao2-CIMEC<\/a><\/li>\n<li><a href=\"https:\/\/anmp.pt\/wp-content\/uploads\/2025\/02\/Recomendacao3-CIMEC.pdf\">Recomendacao3-CIMEC<\/a><\/li>\n<\/ul>\n<p><\/p>","protected":false},"excerpt":{"rendered":"<p>D\u00e9sol\u00e9, cet article est seulement disponible en Portugu\u00eas.ORIENTA\u00c7\u00d5ES T\u00c9CNICAS CCP 08\/2024: Registo Central do Benefici\u00e1rio Efetivo (RCBE) 07-CCP: Medidas especiais de contrata\u00e7\u00e3o p\u00fablica criadas pela Lei n.\u00ba 30\/2021, de 21 de maio. 06\/CCP\/2020: Medidas excepcionais e tempor\u00e1rias de resposta \u00e0 situa\u00e7\u00e3o epidemiol\u00f3gica provocada pelo coronav\u00edrus SARS-CoV-2 e da doen\u00e7a COVID-19 05\/CCP\/2019: Gestor do Contrato. 04\/CCP\/2019: [&hellip;]<\/p>\n","protected":false},"author":37,"featured_media":0,"parent":1887,"menu_order":150,"comment_status":"closed","ping_status":"closed","template":"templates-map\/component-file-gallery-layout1.php","meta":{"_acf_changed":false,"_exactmetrics_skip_tracking":false,"_exactmetrics_sitenote_active":false,"_exactmetrics_sitenote_note":"","_exactmetrics_sitenote_category":0,"footnotes":""},"class_list":["post-62289","page","type-page","status-publish","hentry"],"acf":[],"yoast_head":"<!-- This site is optimized with the Yoast SEO plugin v23.9 - https:\/\/yoast.com\/wordpress\/plugins\/seo\/ -->\n<title><\/title>\n<meta name=\"robots\" content=\"index, follow, max-snippet:-1, max-image-preview:large, max-video-preview:-1\" \/>\n<link rel=\"canonical\" href=\"https:\/\/anmp.pt\/areas-tematicas\/governacao-e-gestao-autarquica\/contratacao-publica\/orientacoes-tecnicas-e-recomendacoes\/\" \/>\n<meta property=\"og:locale\" content=\"fr_FR\" \/>\n<meta property=\"og:type\" content=\"article\" \/>\n<meta property=\"og:title\" content=\"[:pt]Orienta\u00e7\u00f5es T\u00e9cnicas e Recomenda\u00e7\u00f5es[:] - Portal Institucional\" \/>\n<meta property=\"og:description\" content=\"D\u00e9sol\u00e9, cet article est seulement disponible en Portugu\u00eas.ORIENTA\u00c7\u00d5ES T\u00c9CNICAS CCP 08\/2024: Registo Central do Benefici\u00e1rio Efetivo (RCBE) 07-CCP: Medidas especiais de contrata\u00e7\u00e3o p\u00fablica criadas pela Lei n.\u00ba 30\/2021, de 21 de maio. 06\/CCP\/2020: Medidas excepcionais e tempor\u00e1rias de resposta \u00e0 situa\u00e7\u00e3o epidemiol\u00f3gica provocada pelo coronav\u00edrus SARS-CoV-2 e da doen\u00e7a COVID-19 05\/CCP\/2019: Gestor do Contrato. 04\/CCP\/2019: [&hellip;]\" \/>\n<meta property=\"og:url\" content=\"https:\/\/anmp.pt\/areas-tematicas\/governacao-e-gestao-autarquica\/contratacao-publica\/orientacoes-tecnicas-e-recomendacoes\/\" \/>\n<meta property=\"og:site_name\" content=\"Portal Institucional\" \/>\n<meta property=\"article:publisher\" content=\"https:\/\/www.facebook.com\/ANMP.PT\" \/>\n<meta property=\"article:modified_time\" content=\"2025-02-05T17:47:13+00:00\" \/>\n<meta name=\"twitter:card\" content=\"summary_large_image\" \/>\n<script type=\"application\/ld+json\" class=\"yoast-schema-graph\">{\"@context\":\"https:\/\/schema.org\",\"@graph\":[{\"@type\":\"WebPage\",\"@id\":\"https:\/\/anmp.pt\/areas-tematicas\/governacao-e-gestao-autarquica\/contratacao-publica\/orientacoes-tecnicas-e-recomendacoes\/\",\"url\":\"https:\/\/anmp.pt\/areas-tematicas\/governacao-e-gestao-autarquica\/contratacao-publica\/orientacoes-tecnicas-e-recomendacoes\/\",\"name\":\"[:pt]Orienta\u00e7\u00f5es T\u00e9cnicas e Recomenda\u00e7\u00f5es[:] - Portal Institucional\",\"isPartOf\":{\"@id\":\"https:\/\/anmp.pt\/#website\"},\"datePublished\":\"2024-02-06T16:14:24+00:00\",\"dateModified\":\"2025-02-05T17:47:13+00:00\",\"breadcrumb\":{\"@id\":\"https:\/\/anmp.pt\/areas-tematicas\/governacao-e-gestao-autarquica\/contratacao-publica\/orientacoes-tecnicas-e-recomendacoes\/#breadcrumb\"},\"inLanguage\":\"fr-FR\",\"potentialAction\":[{\"@type\":\"ReadAction\",\"target\":[\"https:\/\/anmp.pt\/areas-tematicas\/governacao-e-gestao-autarquica\/contratacao-publica\/orientacoes-tecnicas-e-recomendacoes\/\"]}]},{\"@type\":\"BreadcrumbList\",\"@id\":\"https:\/\/anmp.pt\/areas-tematicas\/governacao-e-gestao-autarquica\/contratacao-publica\/orientacoes-tecnicas-e-recomendacoes\/#breadcrumb\",\"itemListElement\":[{\"@type\":\"ListItem\",\"position\":1,\"name\":\"In\u00edcio\",\"item\":\"https:\/\/anmp.pt\/\"},{\"@type\":\"ListItem\",\"position\":2,\"name\":\"\u00c1reas Tem\u00e1ticas\",\"item\":\"https:\/\/anmp.pt\/areas-tematicas\/\"},{\"@type\":\"ListItem\",\"position\":3,\"name\":\"Governa\u00e7\u00e3o e gest\u00e3o aut\u00e1rquica\",\"item\":\"https:\/\/anmp.pt\/areas-tematicas\/governacao-e-gestao-autarquica\/\"},{\"@type\":\"ListItem\",\"position\":4,\"name\":\"Contrata\u00e7\u00e3o p\u00fablica\",\"item\":\"https:\/\/anmp.pt\/areas-tematicas\/governacao-e-gestao-autarquica\/contratacao-publica\/\"},{\"@type\":\"ListItem\",\"position\":5,\"name\":\"Orienta\u00e7\u00f5es T\u00e9cnicas e Recomenda\u00e7\u00f5es\"}]},{\"@type\":\"WebSite\",\"@id\":\"https:\/\/anmp.pt\/#website\",\"url\":\"https:\/\/anmp.pt\/\",\"name\":\"Associa\u00e7\u00e3o Nacional de Munic\u00edpios Portugueses\",\"description\":\"Portal Institucional\",\"publisher\":{\"@id\":\"https:\/\/anmp.pt\/#organization\"},\"potentialAction\":[{\"@type\":\"SearchAction\",\"target\":{\"@type\":\"EntryPoint\",\"urlTemplate\":\"https:\/\/anmp.pt\/?s={search_term_string}\"},\"query-input\":{\"@type\":\"PropertyValueSpecification\",\"valueRequired\":true,\"valueName\":\"search_term_string\"}}],\"inLanguage\":\"fr-FR\"},{\"@type\":\"Organization\",\"@id\":\"https:\/\/anmp.pt\/#organization\",\"name\":\"Associa\u00e7\u00e3o Nacional de Munic\u00edpios Portugueses\",\"url\":\"https:\/\/anmp.pt\/\",\"logo\":{\"@type\":\"ImageObject\",\"inLanguage\":\"fr-FR\",\"@id\":\"https:\/\/anmp.pt\/#\/schema\/logo\/image\/\",\"url\":\"https:\/\/anmp.pt\/wp-content\/uploads\/2020\/06\/logo980400.png\",\"contentUrl\":\"https:\/\/anmp.pt\/wp-content\/uploads\/2020\/06\/logo980400.png\",\"width\":980,\"height\":400,\"caption\":\"Associa\u00e7\u00e3o Nacional de Munic\u00edpios Portugueses\"},\"image\":{\"@id\":\"https:\/\/anmp.pt\/#\/schema\/logo\/image\/\"},\"sameAs\":[\"https:\/\/www.facebook.com\/ANMP.PT\"]}]}<\/script>\n<!-- \/ Yoast SEO plugin. -->","yoast_head_json":{"title":"[:pt]Orienta\u00e7\u00f5es T\u00e9cnicas e Recomenda\u00e7\u00f5es[:] - Portal Institucional","robots":{"index":"index","follow":"follow","max-snippet":"max-snippet:-1","max-image-preview":"max-image-preview:large","max-video-preview":"max-video-preview:-1"},"canonical":"https:\/\/anmp.pt\/areas-tematicas\/governacao-e-gestao-autarquica\/contratacao-publica\/orientacoes-tecnicas-e-recomendacoes\/","og_locale":"fr_FR","og_type":"article","og_title":"[:pt]Orienta\u00e7\u00f5es T\u00e9cnicas e Recomenda\u00e7\u00f5es[:] - Portal Institucional","og_description":"D\u00e9sol\u00e9, cet article est seulement disponible en Portugu\u00eas.ORIENTA\u00c7\u00d5ES T\u00c9CNICAS CCP 08\/2024: Registo Central do Benefici\u00e1rio Efetivo (RCBE) 07-CCP: Medidas especiais de contrata\u00e7\u00e3o p\u00fablica criadas pela Lei n.\u00ba 30\/2021, de 21 de maio. 06\/CCP\/2020: Medidas excepcionais e tempor\u00e1rias de resposta \u00e0 situa\u00e7\u00e3o epidemiol\u00f3gica provocada pelo coronav\u00edrus SARS-CoV-2 e da doen\u00e7a COVID-19 05\/CCP\/2019: Gestor do Contrato. 04\/CCP\/2019: [&hellip;]","og_url":"https:\/\/anmp.pt\/areas-tematicas\/governacao-e-gestao-autarquica\/contratacao-publica\/orientacoes-tecnicas-e-recomendacoes\/","og_site_name":"Portal Institucional","article_publisher":"https:\/\/www.facebook.com\/ANMP.PT","article_modified_time":"2025-02-05T17:47:13+00:00","twitter_card":"summary_large_image","schema":{"@context":"https:\/\/schema.org","@graph":[{"@type":"WebPage","@id":"https:\/\/anmp.pt\/areas-tematicas\/governacao-e-gestao-autarquica\/contratacao-publica\/orientacoes-tecnicas-e-recomendacoes\/","url":"https:\/\/anmp.pt\/areas-tematicas\/governacao-e-gestao-autarquica\/contratacao-publica\/orientacoes-tecnicas-e-recomendacoes\/","name":"[:pt]Orienta\u00e7\u00f5es T\u00e9cnicas e Recomenda\u00e7\u00f5es[:] - Portal Institucional","isPartOf":{"@id":"https:\/\/anmp.pt\/#website"},"datePublished":"2024-02-06T16:14:24+00:00","dateModified":"2025-02-05T17:47:13+00:00","breadcrumb":{"@id":"https:\/\/anmp.pt\/areas-tematicas\/governacao-e-gestao-autarquica\/contratacao-publica\/orientacoes-tecnicas-e-recomendacoes\/#breadcrumb"},"inLanguage":"fr-FR","potentialAction":[{"@type":"ReadAction","target":["https:\/\/anmp.pt\/areas-tematicas\/governacao-e-gestao-autarquica\/contratacao-publica\/orientacoes-tecnicas-e-recomendacoes\/"]}]},{"@type":"BreadcrumbList","@id":"https:\/\/anmp.pt\/areas-tematicas\/governacao-e-gestao-autarquica\/contratacao-publica\/orientacoes-tecnicas-e-recomendacoes\/#breadcrumb","itemListElement":[{"@type":"ListItem","position":1,"name":"In\u00edcio","item":"https:\/\/anmp.pt\/"},{"@type":"ListItem","position":2,"name":"\u00c1reas Tem\u00e1ticas","item":"https:\/\/anmp.pt\/areas-tematicas\/"},{"@type":"ListItem","position":3,"name":"Governa\u00e7\u00e3o e gest\u00e3o aut\u00e1rquica","item":"https:\/\/anmp.pt\/areas-tematicas\/governacao-e-gestao-autarquica\/"},{"@type":"ListItem","position":4,"name":"Contrata\u00e7\u00e3o p\u00fablica","item":"https:\/\/anmp.pt\/areas-tematicas\/governacao-e-gestao-autarquica\/contratacao-publica\/"},{"@type":"ListItem","position":5,"name":"Orienta\u00e7\u00f5es T\u00e9cnicas e Recomenda\u00e7\u00f5es"}]},{"@type":"WebSite","@id":"https:\/\/anmp.pt\/#website","url":"https:\/\/anmp.pt\/","name":"Associa\u00e7\u00e3o Nacional de Munic\u00edpios Portugueses","description":"Portal Institucional","publisher":{"@id":"https:\/\/anmp.pt\/#organization"},"potentialAction":[{"@type":"SearchAction","target":{"@type":"EntryPoint","urlTemplate":"https:\/\/anmp.pt\/?s={search_term_string}"},"query-input":{"@type":"PropertyValueSpecification","valueRequired":true,"valueName":"search_term_string"}}],"inLanguage":"fr-FR"},{"@type":"Organization","@id":"https:\/\/anmp.pt\/#organization","name":"Associa\u00e7\u00e3o Nacional de Munic\u00edpios Portugueses","url":"https:\/\/anmp.pt\/","logo":{"@type":"ImageObject","inLanguage":"fr-FR","@id":"https:\/\/anmp.pt\/#\/schema\/logo\/image\/","url":"https:\/\/anmp.pt\/wp-content\/uploads\/2020\/06\/logo980400.png","contentUrl":"https:\/\/anmp.pt\/wp-content\/uploads\/2020\/06\/logo980400.png","width":980,"height":400,"caption":"Associa\u00e7\u00e3o Nacional de Munic\u00edpios Portugueses"},"image":{"@id":"https:\/\/anmp.pt\/#\/schema\/logo\/image\/"},"sameAs":["https:\/\/www.facebook.com\/ANMP.PT"]}]}},"_links":{"self":[{"href":"https:\/\/anmp.pt\/fr\/wp-json\/wp\/v2\/pages\/62289","targetHints":{"allow":["GET"]}}],"collection":[{"href":"https:\/\/anmp.pt\/fr\/wp-json\/wp\/v2\/pages"}],"about":[{"href":"https:\/\/anmp.pt\/fr\/wp-json\/wp\/v2\/types\/page"}],"author":[{"embeddable":true,"href":"https:\/\/anmp.pt\/fr\/wp-json\/wp\/v2\/users\/37"}],"replies":[{"embeddable":true,"href":"https:\/\/anmp.pt\/fr\/wp-json\/wp\/v2\/comments?post=62289"}],"version-history":[{"count":0,"href":"https:\/\/anmp.pt\/fr\/wp-json\/wp\/v2\/pages\/62289\/revisions"}],"up":[{"embeddable":true,"href":"https:\/\/anmp.pt\/fr\/wp-json\/wp\/v2\/pages\/1887"}],"wp:attachment":[{"href":"https:\/\/anmp.pt\/fr\/wp-json\/wp\/v2\/media?parent=62289"}],"curies":[{"name":"wp","href":"https:\/\/api.w.org\/{rel}","templated":true}]}}